{"id":966,"date":"2019-01-05T19:28:02","date_gmt":"2019-01-05T18:28:02","guid":{"rendered":"http:\/\/www.tmg-musin.de\/?page_id=966"},"modified":"2019-01-05T19:28:02","modified_gmt":"2019-01-05T18:28:02","slug":"theaterklasse","status":"publish","type":"page","link":"https:\/\/tmg.m-bildung.de\/?page_id=966","title":{"rendered":"Theaterklasse"},"content":{"rendered":"\n<p><strong>Theaterarbeit im Klassenverband\u00a0T<\/strong><\/p>\n<p><strong>Theater = Klasse<\/strong><\/p>\n<p><strong>Was ist eine Theaterklasse?<\/strong><\/p>\n<p>In einer Theaterklasse haben die Sch\u00fclerinnen und Sch\u00fcler in der 5. und 6. Jahrgangsstufe an zwei Stunden in der Woche Unterricht im Fach Theater. Hierbei setzen sich die Sch\u00fclerinnen und Sch\u00fcler theoretisch sowie praktisch mit der Darstellenden Kunst auseinander. Im Mittelpunkt steht allerdings die praktische Arbeit, das Theaterspiel.<\/p>\n<p>In der 6. Klasse wird erg\u00e4nzend zum Unterricht die Theaterfahrt nach Burghausen durchgef\u00fchrt. Hier proben die Kinder in einer \u00e4sthetischen und inspirierenden Umgebung intensiv die St\u00fccke ein, die sie am Ende des Schuljahres w\u00e4hrend des Kulturfestivals auff\u00fchren werden.<\/p>\n<p><strong><a href=\"https:\/\/tmg.m-bildung.de\/theaterklasse\/theater-7\/\" rel=\"attachment wp-att-4902\"><img loading=\"lazy\" decoding=\"async\" class=\"alignnone size-medium wp-image-4902\" src=\"https:\/\/tmg.m-bildung.de\/wp-content\/uploads\/2025\/02\/Theater-7-300x225.jpg\" alt=\"\" width=\"300\" height=\"225\" \/><\/a> <\/strong><\/p>\n<p><strong>Wie wirkt sich der Besuch der Theaterklasse auf die Entwicklung des Kindes aus?<\/strong><\/p>\n<p>Durch das Theaterspielen erlernt ein Kind viele wesentliche Kompetenzen, die die Pers\u00f6nlichkeitsbildung entscheidend beeinflussen k\u00f6nnen. Es ist eine M\u00f6glichkeit, das eigene Ich mit seinen M\u00f6glichkeiten und Grenzen bewusst wahrzunehmen. Neben der Entwicklung von Kreativit\u00e4t wird auch die Konzentrationsf\u00e4higkeit trainiert und das Selbstwertgef\u00fchl gest\u00e4rkt.<\/p>\n<p>Ein zentraler Baustein der Arbeit ist die Sprecherziehung, die die Kinder bef\u00e4higen soll, eine belastungsf\u00e4hige Stimme zu entwickeln, die ausdrucksvoll und angemessen eingesetzt werden kann.<\/p>\n<p>Zudem werden bei der Theaterarbeit Schl\u00fcsselkompetenzen wie Teamgeist, Verantwortungsbewusstsein, Durchhalteverm\u00f6gen und Kritikf\u00e4higkeit gef\u00f6rdert.<\/p>\n<p>Die Kinder entwickeln durch die Theaterarbeit Sensibilit\u00e4t f\u00fcr die K\u00fcnste und ein \u00e4sthetisches Urteilsverm\u00f6gen.<\/p>\n<p><strong><a href=\"https:\/\/tmg.m-bildung.de\/theaterklasse\/theater-3\/\" rel=\"attachment wp-att-4903\"><img loading=\"lazy\" decoding=\"async\" class=\"alignnone size-medium wp-image-4903\" src=\"https:\/\/tmg.m-bildung.de\/wp-content\/uploads\/2025\/02\/Theater-3-300x169.jpg\" alt=\"\" width=\"300\" height=\"169\" \/><\/a><\/strong><\/p>\n<p><strong>Wie wirkt sich die Theaterklasse auf die anderen F\u00e4cher aus?<\/strong><\/p>\n<p>Durch das gemeinschaftliche Miteinander beim Theaterspielen werden das Klassenklima und die Klassengemeinschaft entscheidend gest\u00e4rkt, wodurch wiederum die Lern- und Leistungsbereitschaft der Sch\u00fclerinnen und Sch\u00fcler in anderen Unterrichtsf\u00e4chern gesteigert wird.<\/p>\n<p><strong>Wie gestaltet sich der Unterricht in einer Theaterklasse?<\/strong><\/p>\n<p>Freiarbeit, Partner- und Gruppenarbeit stehen im Vordergrund. Ausprobieren, Experimentieren und kritisches Reflektieren sind zentrale Unterrichtsprinzipien des Faches. Der Unterricht ist projektorientiert und f\u00e4cher\u00fcbergreifend. Die Arbeitsergebnisse werden pr\u00e4sentiert, wodurch die Sch\u00fclerinnen und Sch\u00fcler Anerkennung f\u00fcr den Erfolg ihrer Bem\u00fchungen ernten k\u00f6nnen. Theaterauff\u00fchrungen k\u00f6nnen Erlebnisse sein, die sowohl die Kinder als auch deren Eltern ein Leben lang nicht vergessen werden.<\/p>\n<p><strong>Wer ist f\u00fcr eine Theaterklasse geeignet?<\/strong><\/p>\n<p>Geeignet f\u00fcr die Theaterklasse ist jedes Kind, das Freude und Spa\u00df an gemeinsamen Projekten hat und Aufgeschlossenheit f\u00fcr gemeinsames Improvisieren und Theaterspielen besitzt.<\/p>\n<p><strong>Wie wird in einer Theaterklasse die Leistung bewertet?<\/strong><\/p>\n<p>Die Sch\u00fclerinnen und Sch\u00fcler, die in der Theaterklasse unterrichtet werden, erhalten im Zeugnis eine zus\u00e4tzliche Bemerkung \u00fcber die Teilnahme an der Theaterklasse. Die Bewertung setzt sich zusammen aus praktischen Leistungen und m\u00fcndlichen Beitr\u00e4gen. Es gibt also keine weiteren schriftlichen Leistungsnachweise.<\/p>\n<p><strong>Wie geht es nach der 6. Klasse weiter?<\/strong><\/p>\n<p>Bei Interesse k\u00f6nnen die Sch\u00fclerinnen und Sch\u00fcler anschlie\u00dfend das Wahlfach Schulspiel besuchen. In der Oberstufe wird das Profilfach Theater und Film angeboten.<\/p>\n<p>Wir hoffen, wir haben Ihr Interesse geweckt. F\u00fcr weitere Fragen stehen wir Ihnen gerne zur Verf\u00fcgung:<\/p>\n<p>Akim Akodad<\/p>\n<p>e-mail:\u00a0<a href=\"mailto:akodad.tmg@web.de\">akodad.tmg@web.de<\/a><\/p>\n<p>Alexandra Helmrich<\/p>\n<p>e-mail:\u00a0<a href=\"mailto:alexandrahelmrich@gmx.net\">alexandrahelmrich@gmx.net<\/a><\/p>\n<p><strong>Anmeldung f\u00fcr die Theaterklasse:<\/strong><\/p>\n<p>Die Anmeldung f\u00fcr die Theaterklasse erfolgt bei der Schuleinschreibung am Thomas-Mann-Gymnasium und ist verbindlich f\u00fcr die Jahrgangsstufen 5 und 6.<\/p>\n<p>&nbsp;<\/p>\n","protected":false},"excerpt":{"rendered":"<p>Theaterarbeit im Klassenverband\u00a0T Theater = Klasse Was ist eine Theaterklasse? In einer Theaterklasse haben die Sch\u00fclerinnen und Sch\u00fcler in der 5. und 6. Jahrgangsstufe an zwei Stunden in der Woche Unterricht im Fach Theater. Hierbei setzen sich die Sch\u00fclerinnen und &hellip; <a href=\"https:\/\/tmg.m-bildung.de\/?page_id=966\">Weiterlesen <span class=\"meta-nav\">&rarr;<\/span><\/a><\/p>\n","protected":false},"author":1,"featured_media":0,"parent":0,"menu_order":0,"comment_status":"closed","ping_status":"closed","template":"sidebar-page.php","meta":{"footnotes":""},"class_list":["post-966","page","type-page","status-publish","hentry"],"_links":{"self":[{"href":"https:\/\/tmg.m-bildung.de\/index.php?rest_route=\/wp\/v2\/pages\/966","targetHints":{"allow":["GET"]}}],"collection":[{"href":"https:\/\/tmg.m-bildung.de\/index.php?rest_route=\/wp\/v2\/pages"}],"about":[{"href":"https:\/\/tmg.m-bildung.de\/index.php?rest_route=\/wp\/v2\/types\/page"}],"author":[{"embeddable":true,"href":"https:\/\/tmg.m-bildung.de\/index.php?rest_route=\/wp\/v2\/users\/1"}],"replies":[{"embeddable":true,"href":"https:\/\/tmg.m-bildung.de\/index.php?rest_route=%2Fwp%2Fv2%2Fcomments&post=966"}],"version-history":[{"count":0,"href":"https:\/\/tmg.m-bildung.de\/index.php?rest_route=\/wp\/v2\/pages\/966\/revisions"}],"wp:attachment":[{"href":"https:\/\/tmg.m-bildung.de\/index.php?rest_route=%2Fwp%2Fv2%2Fmedia&parent=966"}],"curies":[{"name":"wp","href":"https:\/\/api.w.org\/{rel}","templated":true}]}}