{"id":959,"date":"2019-01-05T19:12:38","date_gmt":"2019-01-05T18:12:38","guid":{"rendered":"http:\/\/www.tmg-musin.de\/?page_id=959"},"modified":"2026-01-24T13:51:01","modified_gmt":"2026-01-24T13:51:01","slug":"blaeserklasse","status":"publish","type":"page","link":"https:\/\/tmg.m-bildung.de\/?page_id=959","title":{"rendered":"Bl\u00e4serklasse"},"content":{"rendered":"<h2 style=\"text-align: center;\">Das Projekt Bl\u00e4ser-Rhythmusklasse am TMG<\/h2>\n<p>&nbsp;<\/p>\n<p style=\"text-align: center;\">Hinweis: Die Bl\u00e4serklasse wird wieder zum Schuljahr 2026\/27 angeboten!<\/p>\n<h3><img loading=\"lazy\" decoding=\"async\" class=\"alignnone size-full wp-image-5693\" src=\"http:\/\/tmg.m-bildung.de\/wp-content\/uploads\/2026\/01\/Blaeserklasse.jpg\" alt=\"\" width=\"768\" height=\"928\" srcset=\"https:\/\/tmg.m-bildung.de\/wp-content\/uploads\/2026\/01\/Blaeserklasse.jpg 768w, https:\/\/tmg.m-bildung.de\/wp-content\/uploads\/2026\/01\/Blaeserklasse-248x300.jpg 248w\" sizes=\"auto, (max-width: 768px) 100vw, 768px\" \/><br \/>\nWas ist eine Bl\u00e4ser-Rhythmusklasse?<\/h3>\n<p>Als besonderes Unterrichtsangebot musizieren die Sch\u00fcler*innen unserer Bl\u00e4serklasse mit Orchesterblas- und Rhythmusinstrumenten im Klassenverband. Dabei arbeiten wir mit qualifizierten Instrumentalp\u00e4dagogen zusammen. Jede Sch\u00fclerin und jeder Sch\u00fcler der Bl\u00e4serklasse erlernt und spielt \u00fcber zwei Jahre hinweg in den regul\u00e4r vorgesehenen zwei Musikstunden der Jahrgangsstufen 5 und 6 ein Holz- oder Blechblas- bzw. Rhythmusinstrument. Zus\u00e4tzlich zu den zwei Musikstunden im Klassenverband erhalten die Kinder eine Wochenstunde Instrumentalunterricht in Kleingruppen bei der jeweiligen Instrumentallehrkraft.<\/p>\n<h3>Was sind die Ziele der Bl\u00e4ser-Rhythmusklasse?<\/h3>\n<p>Die Bl\u00e4serklasse versteht sich als eine handlungsorientierte Unterrichtsform des Musikunterrichts, die \u201espielend\u201c einen kognitiven und emotionalen Lernzuwachs entwickelt.<br \/>\nSie soll den Kindern erm\u00f6glichen, Verantwortung zu \u00fcbernehmen, Gemeinschaft zu erfahren und dabei soziale Kompetenzen zu erwerben, denn Orchesterarbeit erfordert R\u00fccksicht, Toleranz und Teamf\u00e4higkeit.<br \/>\nErfolgreich ist dieses spezielle musikdidaktische und methodische Konzept, da vom ersten erlernten Ton auf dem Instrument zusammen im Klassenverband musiziert wird. Das gemeinsame Musizieren ist besonders dazu geeignet, bei jungen Menschen die Freude an der Musik zu wecken und sie f\u00fcr das Instrumentalspiel zu begeistern.<br \/>\nWie eine Reihe von Studien zeigt, wirkt sich die fr\u00fche F\u00f6rderung der Kinder im praktischen Musizieren au\u00dferdem auf die positive Entwicklung von Intelligenz, Leistungsbereitschaft und Konzentration aus.<br \/>\nLast not least st\u00e4rken die gemeinsamen Auftritte das Selbstbewusstsein und f\u00f6rdern die Pers\u00f6nlichkeitsentwicklung, gerade auch im Sinne von allgemeiner Sucht- und Gewaltpr\u00e4vention.<\/p>\n<h3>Gibt es bestimmte Voraussetzungen f\u00fcr die Teilnahme<\/h3>\n<p>F\u00fcr die Teilnahme an der Bl\u00e4serklasse gibt es keine bestimmten Voraussetzungen. Notenkenntnisse der Sch\u00fclerinnen und Sch\u00fcler sind w\u00fcnschenswert, aber nicht notwendig, da diese durch das Instrumentalspiel gemeinsam erworben werden.<\/p>\n<h3>Was kostet die Bl\u00e4ser-Rhythmusklasse<\/h3>\n<p>Der Bl\u00e4serklassenbeitrag in H\u00f6he von ca. 40 Euro im Monat setzt sich anteilig aus Beitr\u00e4gen f\u00fcr den Instrumentalunterricht und f\u00fcr die Mietkosten (+Versicherung) der Instrumente zusammen, d.h. es muss kein eigenes Instrument angeschafft werden.<\/p>\n<h3>Wovon profitieren die Kinder in der Bl\u00e4ser-Rhythmusklasse<\/h3>\n<p>\u2022 Von einer besonderen Klassengemeinschaft<br \/>\n\u2022 Von einem abwechslungsreichen Musikunterricht, der Erg\u00e4nzung, Ausgleich und\u00a0Vorbereitung f\u00fcr die Anforderungen des Gymnasiums darstellt.<br \/>\n\u2022 Von qualifiziertem, kosteng\u00fcnstigem Instrumentalunterricht ohne zus\u00e4tzliche Wege,\u00a0Wartelisten oder Vorqualifikationen<br \/>\n\u2022 Von unvergesslichen Erlebnissen bei Musikfreizeiten und Konzerten<\/p>\n<h3>Welche Instrumente gibt es und wie findet jedes Kind das \u201erichtige\u201c Instrument?<\/h3>\n<p>Die Bl\u00e4serklasse setzt sich aus verschiedenen Instrumenten zusammen (Querfl\u00f6ten, Klarinetten, Saxofone, Trompeten, H\u00f6rner, Posaunen, Tuba sowie Schlaginstrumentarium \u2013 Bassdrum, Snaredrum, Becken, Cajon und Xylophon). Diese Zusammensetzung gew\u00e4hrleistet einen angemessenen Klangapparat f\u00fcr das gemeinsame Musizieren verschiedener Musikstile.<br \/>\nDie Zuweisung der Instrumente erfolgt auf Wunsch der Sch\u00fclerinnen und Sch\u00fcler erst nach der Schuleinschreibung zu Beginn des neuen Schuljahres im September nach Kennenlernen und Ausprobieren aller Instrumente. Die Instrumentalp\u00e4dagogen stehen bei dieser Erprobungsphase beratend zur Verf\u00fcgung.<br \/>\nEs k\u00f6nnen anschlie\u00dfend bei der Wahl der Instrumente drei W\u00fcnsche angegeben werden. Die Vergabe der Instrumente erfolgt dann Anfang Oktober.<\/p>\n<h3>Weitere Informationen<\/h3>\n<p>Bei weiteren Fragen k\u00f6nnen Sie sich direkt an die Fachschaftsleitung Musik\/Bl\u00e4ser- Rhythmusklasse wenden:<\/p>\n<p><strong>Harriet Elger<\/strong><\/p>\n<p>e-mail: <strong>harriet.elger.tmg@online.de<\/strong><\/p>\n<p>Folgende Filme des Rundfunkorchesters des BR informieren au\u00dferdem \u00fcber die Klangeigenschaften und Spielweise der Blas- und Rhythmusinstrumente:<\/p>\n<p>https:\/\/www.youtube.com\/watch?v=3ghhITKgunM<\/p>\n<p><iframe loading=\"lazy\" hcb-fetch-image-from=\"https:\/\/www.youtube.com\/watch?v=RlDH7XLajbw\" title=\"Mitten im RO: Das Schlagwerk | M\u00fcnchner Rundfunkorchester | BR KLASSIK\" width=\"584\" height=\"329\" src=\"https:\/\/www.youtube.com\/embed\/RlDH7XLajbw?feature=oembed\" frameborder=\"0\" allow=\"accelerometer; autoplay; clipboard-write; encrypted-media; gyroscope; picture-in-picture; web-share\" referrerpolicy=\"strict-origin-when-cross-origin\" allowfullscreen><\/iframe><\/p>\n<p><iframe loading=\"lazy\" hcb-fetch-image-from=\"https:\/\/www.youtube.com\/watch?v=acElgtyYd6c\" title=\"Mitten im RO: Die Blechbl\u00e4ser | M\u00fcnchner Rundfunkorchester | BR KLASSIK\" width=\"584\" height=\"329\" src=\"https:\/\/www.youtube.com\/embed\/acElgtyYd6c?feature=oembed\" frameborder=\"0\" allow=\"accelerometer; autoplay; clipboard-write; encrypted-media; gyroscope; picture-in-picture; web-share\" referrerpolicy=\"strict-origin-when-cross-origin\" allowfullscreen><\/iframe><\/p>\n<p>Und in unserem Film \u201eDas Bl\u00e4serprojekt\u201c kann man erfahren wie es ab der 7. Klasse weitergehen kann&#8230;<\/p>\n<p><iframe loading=\"lazy\" hcb-fetch-image-from=\"https:\/\/youtu.be\/bowDS1geMIE\" title=\"Bl\u00e4serprojekt 2020\" width=\"584\" height=\"329\" src=\"https:\/\/www.youtube.com\/embed\/bowDS1geMIE?feature=oembed\" frameborder=\"0\" allow=\"accelerometer; autoplay; clipboard-write; encrypted-media; gyroscope; picture-in-picture; web-share\" referrerpolicy=\"strict-origin-when-cross-origin\" allowfullscreen><\/iframe><\/p>\n<p style=\"text-align: center;\">Unsere Bl\u00e4serklasse 5c erspielt sich den 5. Platz beim bayerischen Bl\u00e4serklassenwettbewerb<\/p>\n<p>&nbsp;<\/p>\n","protected":false},"excerpt":{"rendered":"<p>Das Projekt Bl\u00e4ser-Rhythmusklasse am TMG &nbsp; Hinweis: Die Bl\u00e4serklasse wird wieder zum Schuljahr 2026\/27 angeboten! Was ist eine Bl\u00e4ser-Rhythmusklasse? Als besonderes Unterrichtsangebot musizieren die Sch\u00fcler*innen unserer Bl\u00e4serklasse mit Orchesterblas- und Rhythmusinstrumenten im Klassenverband. Dabei arbeiten wir mit qualifizierten Instrumentalp\u00e4dagogen zusammen. &hellip; <a href=\"https:\/\/tmg.m-bildung.de\/?page_id=959\">Weiterlesen <span class=\"meta-nav\">&rarr;<\/span><\/a><\/p>\n","protected":false},"author":1,"featured_media":0,"parent":0,"menu_order":1,"comment_status":"closed","ping_status":"closed","template":"sidebar-page.php","meta":{"footnotes":""},"class_list":["post-959","page","type-page","status-publish","hentry"],"_links":{"self":[{"href":"https:\/\/tmg.m-bildung.de\/index.php?rest_route=\/wp\/v2\/pages\/959","targetHints":{"allow":["GET"]}}],"collection":[{"href":"https:\/\/tmg.m-bildung.de\/index.php?rest_route=\/wp\/v2\/pages"}],"about":[{"href":"https:\/\/tmg.m-bildung.de\/index.php?rest_route=\/wp\/v2\/types\/page"}],"author":[{"embeddable":true,"href":"https:\/\/tmg.m-bildung.de\/index.php?rest_route=\/wp\/v2\/users\/1"}],"replies":[{"embeddable":true,"href":"https:\/\/tmg.m-bildung.de\/index.php?rest_route=%2Fwp%2Fv2%2Fcomments&post=959"}],"version-history":[{"count":2,"href":"https:\/\/tmg.m-bildung.de\/index.php?rest_route=\/wp\/v2\/pages\/959\/revisions"}],"predecessor-version":[{"id":5695,"href":"https:\/\/tmg.m-bildung.de\/index.php?rest_route=\/wp\/v2\/pages\/959\/revisions\/5695"}],"wp:attachment":[{"href":"https:\/\/tmg.m-bildung.de\/index.php?rest_route=%2Fwp%2Fv2%2Fmedia&parent=959"}],"curies":[{"name":"wp","href":"https:\/\/api.w.org\/{rel}","templated":true}]}}