{"id":951,"date":"2019-01-05T19:05:39","date_gmt":"2019-01-05T18:05:39","guid":{"rendered":"http:\/\/www.tmg-musin.de\/?page_id=951"},"modified":"2019-01-05T19:05:39","modified_gmt":"2019-01-05T18:05:39","slug":"franzoesisch-als-3-fremdsprache","status":"publish","type":"page","link":"https:\/\/tmg.m-bildung.de\/?page_id=951","title":{"rendered":"Franz\u00f6sisch als 3. Fremdsprache"},"content":{"rendered":"\n<h4 class=\"wp-block-heading\">Le fran\u00e7ais comme troisi\u00e8me langue \u00e9trang\u00e8re <\/h4>\n\n\n\n<p>Franz\u00f6sisch wird am St\u00e4dtischen Thomas-Mann-Gymnasium auch als&nbsp;<strong>dritte Fremdsprache<\/strong>&nbsp;angeboten. Die Erfahrung hat gezeigt, dass Franz\u00f6sisch f\u00fcr Sch\u00fclerinnen und Sch\u00fcler mit Vorkenntnissen in Latein besonders leicht zu erlernen ist. Mit vier Wochen Franz\u00f6sischunterricht erreichen sie bis zum Ende der 10. Jahrgangsstufe das Niveau B1+ des&nbsp;<em>gemeinsamen europ\u00e4ischen Referenzrahmens<\/em>&nbsp;und sind so f\u00fcr die Qualifikationsphase der Oberstufe bestens ger\u00fcstet. Franz\u00f6sisch ist daher eine&nbsp;<strong>sehr gute Wahl als Fach f\u00fcr die Abiturpr\u00fcfung in der Fremdsprache<\/strong>. In den letzten Jahren liegt uns die F\u00f6rderung des m\u00fcndlichen Sprachgebrauchs besonders am Herzen. So werden die kleinen Leistungsnachweise (z.B. m\u00fcndliche Unterrichtsbeitr\u00e4ge, Referate, Stegreifaufgaben) und gro\u00dfen Leistungsnachweise (Schulaufgaben) in allen Jahrgangsstufen im Verh\u00e4ltnis 1:1 verrechnet. Hat man Franz\u00f6sisch als 3. Fremdsprache, kommt in der 9. Jahrgangsstufe noch eine rein m\u00fcndliche Schulaufgabe hinzu.<\/p>\n\n\n\n<p>Wir arbeiten mit dem Lehrwerk&nbsp;<em>D\u00e9couvertes \u2013 Cours intensif<\/em>&nbsp;(Klett). Im Unterricht kommen&nbsp; aber auch immer authentische Materialien zum Einsatz. Exkursionen zum&nbsp;<em>Institut fran\u00e7ais<\/em>&nbsp;oder in franz\u00f6sische Kinofilme sollen die landeskundlichen Kenntnisse unserer Sch\u00fclerinnen und Sch\u00fcler vertiefen und ihre Begeisterung f\u00fcr unser wichtigstes Nachbarland wecken. H\u00e4ufig finden auch in der Oberstufe Fahrten nach Frankreich statt.<\/p>\n\n\n\n<h4 class=\"wp-block-heading\">Insgesamt m\u00f6chten wir durch unseren Unterricht folgendes vermitteln:<\/h4>\n\n\n\n<ul class=\"wp-block-list\"><li>Freude an der Kommunikation in der franz\u00f6sischen Sprache<\/li><li>Interesse an der Kultur und den L\u00e4ndern der franz\u00f6sischsprachigen Welt<\/li><li>Einblicke in die Landeskunde und interkulturelle Kompetenz<\/li><li>Bereitschaft kontinuierlich zu abreiten<\/li><li>Systematisches Erlernen der Fremdsprache und ihrer Grammatik<\/li><\/ul>\n\n\n\n<p><strong>Franz\u00f6sisch \u2013 eine echte Alternative auch als 3. Fremdsprache!!<\/strong><\/p>\n","protected":false},"excerpt":{"rendered":"<p>Le fran\u00e7ais comme troisi\u00e8me langue \u00e9trang\u00e8re Franz\u00f6sisch wird am St\u00e4dtischen Thomas-Mann-Gymnasium auch als&nbsp;dritte Fremdsprache&nbsp;angeboten. Die Erfahrung hat gezeigt, dass Franz\u00f6sisch f\u00fcr Sch\u00fclerinnen und Sch\u00fcler mit Vorkenntnissen in Latein besonders leicht zu erlernen ist. Mit vier Wochen Franz\u00f6sischunterricht erreichen sie bis &hellip; <a href=\"https:\/\/tmg.m-bildung.de\/?page_id=951\">Weiterlesen <span class=\"meta-nav\">&rarr;<\/span><\/a><\/p>\n","protected":false},"author":1,"featured_media":0,"parent":0,"menu_order":0,"comment_status":"closed","ping_status":"closed","template":"sidebar-page.php","meta":{"footnotes":""},"class_list":["post-951","page","type-page","status-publish","hentry"],"_links":{"self":[{"href":"https:\/\/tmg.m-bildung.de\/index.php?rest_route=\/wp\/v2\/pages\/951","targetHints":{"allow":["GET"]}}],"collection":[{"href":"https:\/\/tmg.m-bildung.de\/index.php?rest_route=\/wp\/v2\/pages"}],"about":[{"href":"https:\/\/tmg.m-bildung.de\/index.php?rest_route=\/wp\/v2\/types\/page"}],"author":[{"embeddable":true,"href":"https:\/\/tmg.m-bildung.de\/index.php?rest_route=\/wp\/v2\/users\/1"}],"replies":[{"embeddable":true,"href":"https:\/\/tmg.m-bildung.de\/index.php?rest_route=%2Fwp%2Fv2%2Fcomments&post=951"}],"version-history":[{"count":0,"href":"https:\/\/tmg.m-bildung.de\/index.php?rest_route=\/wp\/v2\/pages\/951\/revisions"}],"wp:attachment":[{"href":"https:\/\/tmg.m-bildung.de\/index.php?rest_route=%2Fwp%2Fv2%2Fmedia&parent=951"}],"curies":[{"name":"wp","href":"https:\/\/api.w.org\/{rel}","templated":true}]}}