{"id":903,"date":"2019-01-05T18:15:54","date_gmt":"2019-01-05T17:15:54","guid":{"rendered":"http:\/\/www.tmg-musin.de\/?page_id=903"},"modified":"2019-01-05T18:15:54","modified_gmt":"2019-01-05T17:15:54","slug":"sport","status":"publish","type":"page","link":"https:\/\/tmg.m-bildung.de\/?page_id=903","title":{"rendered":"Sport"},"content":{"rendered":"\n<p class=\"is-layout-flow wp-block-quote-is-layout-flow\"><em>&#8222;Vogel muss fliegen, Fisch muss schwimmen,\u00a0Mensch muss laufen.&#8220; &#8211;<\/em><cite><em>Emil Zatopek<\/em><\/cite><\/p>\n\n\n\n<figure class=\"wp-block-image is-resized\"><img loading=\"lazy\" decoding=\"async\" class=\"wp-image-904\" src=\"https:\/\/tmg.m-bildung.de\/wp-content\/uploads\/2019\/01\/Baelle_klein.jpg\" alt=\"\" width=\"588\" height=\"419\" \/><\/figure>\n\n\n\n<h3 class=\"wp-block-heading\">\u00a0<\/h3>\n<h3>Fachprofil<\/h3>\n\n\n\n<p>Im Fach Sport wird der nat\u00fcrliche Bewegungsdrang der Kinder und Jugendlichen, sowie die Freude an der Bewegung erhalten und gef\u00f6rdert. Neben der gesundheitsrelevanten sportlichen\u00a0 Aktivit\u00e4t soll ein verantwortungsvoller Umgang mit dem eigenen K\u00f6rper, der eigenen Leistungsf\u00e4higkeit auch ein von Fairness gepr\u00e4gtes Sozialverhalten sowie Sensibilit\u00e4t gegen\u00fcber Mitmenschen und der Umwelt\u00a0 vermittelt werden.<\/p>\n\n\n\n<p>Die Gesundheitsf\u00f6rderung im Sportunterricht zielt dabei auf einen reflektierenden Umgang mit dem eigenen K\u00f6rper. Die Sch\u00fclerinnen und Sch\u00fcler entwickeln eine positive Grundeinstellung zum eigenen K\u00f6rper und gew\u00f6hnen sich an eine gesundheits- und fitnessorientierte Lebensweise mit der M\u00f6glichkeit, dadurch die eigene Lebensqualit\u00e4t zu steigern.<\/p>\n\n\n\n<p>Auf Grund seiner Werteerziehung, Fairplay und geregelten Handlungsmerkmalen erscheint der Sport als gleichsam modellhafte Lebenswelt, in der positive Werteeinstellungen und konfliktl\u00f6sende Handlungsformen reflektiert und ge\u00fcbt werden k\u00f6nnen. Die erlernten Sozialkompetenzen, Teamf\u00e4higkeit und M\u00f6glichkeit des Spielens im Sport besitzen hohes pr\u00e4ventives Potential gegen Vereinsamung, Kommunikations- und Orientierungsproblemen. Somit kann der Sportunterricht durch die vielfachen interaktiven Handlungs-, Spiel-, Bewegungs- und Kommunikationsm\u00f6glichkeiten einen wichtigen Beitrag zur Gemeinschaftserziehung leisten.<\/p>\n\n\n\n<p>Im Sport lernen die Sch\u00fclerinnen und Sch\u00fcler etwas zu wagen, sich etwas zuzutrauen, mit Misserfolgen umzugehen und Ziele \u00fcber einen l\u00e4ngeren Zeitraum zu verfolgen. Kreative Gestaltungsm\u00f6glichkeiten f\u00f6rdern dabei individuelle Ausdrucks- und nonverbale Kommunikationsf\u00e4higkeit.<\/p>\n\n\n\n<p>In anderen F\u00e4chern erworbene Kenntnisse und F\u00e4higkeiten k\u00f6nnen im Zusammenhang mit Sport angewendet und vertieft werden. Beispielsweise \u00fcberall dort<\/p>\n\n\n\n<ul class=\"wp-block-list\">\n<li>Wo Sich Sportpraxis, Bewegungslehre, Gestik, Sprache und Musik begegnen,<\/li>\n<li>Wo Datenerhebungen strukturiert und aufbereitet werden,<\/li>\n<li>Wo mit Hilfe der verwandten F\u00e4cher und Wissenschaften Biologie, Chemie und Physik Kausalzusammenh\u00e4nge verdeutlicht werden,<\/li>\n<li>Wo psychologische, soziologische und ethnische Probleme\u00a0 in Sport und Gesellschaft thematisiert werden.<\/li>\n<\/ul>\n\n\n\n<p>Die sportliche Grundbildung und sportliche Handlungsfelder bestehen in den Jahrgangsstufen 5-10 aus dem \u201eBasissportunterricht\u201c beziehungsweise in den Jahrgangsstufen, in denen die Stundentafel 3 Unterrichtsstunden Sport vorsieht, auch aus dem \u201eDifferenzierten Sportunterricht\u201c.<\/p>\n\n\n\n<h3 class=\"wp-block-heading\">Aktivit\u00e4ten und Projekte der Fachschaft Sport (in Auswahl)<\/h3>\n<p>Angebote:\u00a0<\/p>\n<ul>\n<li>Leistungsfach Sport f\u00fcr den G9-Jahrgang<\/li>\n<li>W- und P-Seminare<\/li>\n<\/ul>\n\n\n\n<p>Aktivit\u00e4ten:<\/p>\n\n\n\n<ul class=\"wp-block-list\">\n<li><em>Skilager in Jahrgangsstufe 7 (St. Johann in Pongau)\u00a0<\/em><\/li>\n<li><em>Bundesjugendspiele Leichtathletik in den Jahrgangstufen 5-7<\/em><\/li>\n<li><em>Schwimmunterricht in Klasse 6<\/em><\/li>\n<li><em>Schwimmf\u00f6rderunterricht in der Klasse 5<\/em><\/li>\n<li><em>Ausrichten von Sportturnieren in unterschiedlichen Sportarten und Jahrgangsstufen<\/em><\/li>\n<li><em>Wahlunterricht: Volleyball; Fu\u00dfball, Sport in den Bergen (Unterricht drau\u00dfen), Tanz<\/em><\/li>\n<li><em>Mitwirken bei Choreografien im Musical<\/em><\/li>\n<li><em>Besuche von Kletterg\u00e4rten, Hochseilg\u00e4rten etc.<\/em><\/li>\n<li><em>&#8230;.<\/em><\/li>\n<\/ul>\n\n\n\n<p>Teilnahme an den Wettk\u00e4mpfen:<\/p>\n\n\n\n<ul class=\"wp-block-list\">\n<li><em>Jugend trainiert f\u00fcr Olympia in den Disziplinen: Fu\u00dfball (weiblich\/m\u00e4nnlich), Basketball, Tischtennis, &#8230;\u00a0<\/em><\/li>\n<li><i>Bundesjugendspiele f\u00fcr die 5. und 6. Jahrgangsstufe<\/i><\/li>\n<li><em>&#8230;<\/em><\/li>\n<\/ul>\n<p>Begeistertes Sportkollegium:\u00a0<\/p>\n<ul>\n<li>3. Sieger des Oberbayerischen Volleyballturniers f\u00fcr Lehrermannschaften\u00a0<\/li>\n<li>&#8230;<\/li>\n<\/ul>\n\n\n\n<p>Bisher angebotene Seminare:<\/p>\n\n\n\n<ul class=\"wp-block-list\">\n<li>W-Seminare:\n<ul>\n<li>Sportverletzungen (2012\/14)<\/li>\n<li>Sportmedizin und ideales Training (2014\/2016)<\/li>\n<\/ul>\n<\/li>\n<\/ul>\n\n\n\n<ul class=\"wp-block-list\">\n<li>P-Seminare:\n<ul>\n<li>Volleyball\/Beachvolleyball (2009\/10)<\/li>\n<li>Wintersportevents: Planung und Durchf\u00fchrung eines Wintersporttages f\u00fcr die 5. Klassen (2010\/11)<\/li>\n<li>Wintersportevents: Planung und Durchf\u00fchrung eines Skitages f\u00fcr die Jahrgansstufe 11 (2010\/2011)<\/li>\n<li>Erlebnisp\u00e4dagogik \u2013 City Bound\u00a0 (2010\/2011)<\/li>\n<li><em>TMG goes sport<\/em>: Organisation und Durchf\u00fchrung eines Sporttages am Thomas-Mann-Gymnasium (2011\/2012)\u00a0<\/li>\n<li>Planung einer Alpen\u00fcberquerung (2013\/2014)<\/li>\n<\/ul>\n<\/li>\n<\/ul>\n\n\n\n<p>Grundkurse Sport derzeit in den Disziplinen: Volleyball, Basketball, Fu\u00dfball, Schwimmen, Leichtathletik, Gymnastik Tanz, Ger\u00e4teturnen, Tischtennis, Klettern<\/p>\n\n\n\n<p>Linkliste Sport:<\/p>\n\n\n\n<p>Regeln der Hauptsportarten, FIS Regeln (f\u00fcr das Skilager) etc.:<\/p>\n\n\n\n<ul class=\"wp-block-list\">\n<li><a href=\"http:\/\/www.volleyball-verband.de\/index.php?dvv=webpart.pages.DVVDynamicPage&amp;navid=5531&amp;coid=5531&amp;cid=1\">http:\/\/www.volleyball-verband.de\/index.php?dvv=webpart.pages.DVVDynamicPage&amp;navid=5531&amp;coid=5531&amp;cid=1<\/a><\/li>\n<li><a href=\"http:\/\/www.basketball-bund.de\/wp-content\/uploads\/vereinfachte-basketballregeln-fuer-schule-und-verein.pdf\">http:\/\/www.basketball-bund.de\/wp-content\/uploads\/vereinfachte-basketballregeln-fuer-schule-und-verein.pdf<\/a><\/li>\n<li><a href=\"http:\/\/fussballtraining.com\/blaetterfunktion\/regelheft\/\">http:\/\/fussballtraining.com\/blaetterfunktion\/regelheft\/<\/a><\/li>\n<li><a href=\"http:\/\/www.bhv-online.de\/Spielbetrieb\/Spielregeln\/tabid\/237\/Default.aspx\">http:\/\/www.bhv-online.de\/Spielbetrieb\/Spielregeln\/tabid\/237\/Default.aspx<\/a><\/li>\n<li><a href=\"http:\/\/www.dsv.de\/fileadmin\/dsv\/images\/schwimmen\/News\/Amtliches\/WB_SWI_2013_12_18.pdf\">http:\/\/www.dsv.de\/fileadmin\/dsv\/images\/schwimmen\/News\/Amtliches\/WB_SWI_2013_12_18.pdf<\/a><\/li>\n<li><a href=\"https:\/\/www.leichtathletik.de\/verband\/anti-doping\/regelwerke\/\">https:\/\/www.leichtathletik.de\/verband\/anti-doping\/regelwerke\/<\/a><\/li>\n<li><a href=\"http:\/\/www.ski-online.de\/stiftung-sicherheit\/fis-verhaltensregeln\/fis-regeln-alpin.html\">http:\/\/www.ski-online.de\/stiftung-sicherheit\/fis-verhaltensregeln\/fis-regeln-alpin.html<\/a><\/li>\n<li><a href=\"http:\/\/www.muenchen.de\/rathaus\/Stadtverwaltung\/Referat-fuer-Bildung-und-Sport\/schulsport.htmlhttp:\/\/www.schulsport.muc.kobis.de\/\">http:\/\/www.muenchen.de\/rathaus\/Stadtverwaltung\/Referat-fuer-Bildung-und-Sport\/schulsport.htmlhttp:\/\/www.schulsport.muc.kobis.de\/<\/a><\/li>\n<\/ul>\n\n\n\n<p><a href=\"http:\/\/www.isb-gym8-lehrplan.de\/contentserv\/3.1.neu\/g8.de\/index.php?StoryID=26206\">Lehrplan Sport<\/a><\/p>\n","protected":false},"excerpt":{"rendered":"<p>&#8222;Vogel muss fliegen, Fisch muss schwimmen,\u00a0Mensch muss laufen.&#8220; &#8211;Emil Zatopek \u00a0 Fachprofil Im Fach Sport wird der nat\u00fcrliche Bewegungsdrang der Kinder und Jugendlichen, sowie die Freude an der Bewegung erhalten und gef\u00f6rdert. Neben der gesundheitsrelevanten sportlichen\u00a0 Aktivit\u00e4t soll ein verantwortungsvoller &hellip; <a href=\"https:\/\/tmg.m-bildung.de\/?page_id=903\">Weiterlesen <span class=\"meta-nav\">&rarr;<\/span><\/a><\/p>\n","protected":false},"author":1,"featured_media":0,"parent":0,"menu_order":0,"comment_status":"closed","ping_status":"closed","template":"sidebar-page.php","meta":{"footnotes":""},"class_list":["post-903","page","type-page","status-publish","hentry"],"_links":{"self":[{"href":"https:\/\/tmg.m-bildung.de\/index.php?rest_route=\/wp\/v2\/pages\/903","targetHints":{"allow":["GET"]}}],"collection":[{"href":"https:\/\/tmg.m-bildung.de\/index.php?rest_route=\/wp\/v2\/pages"}],"about":[{"href":"https:\/\/tmg.m-bildung.de\/index.php?rest_route=\/wp\/v2\/types\/page"}],"author":[{"embeddable":true,"href":"https:\/\/tmg.m-bildung.de\/index.php?rest_route=\/wp\/v2\/users\/1"}],"replies":[{"embeddable":true,"href":"https:\/\/tmg.m-bildung.de\/index.php?rest_route=%2Fwp%2Fv2%2Fcomments&post=903"}],"version-history":[{"count":0,"href":"https:\/\/tmg.m-bildung.de\/index.php?rest_route=\/wp\/v2\/pages\/903\/revisions"}],"wp:attachment":[{"href":"https:\/\/tmg.m-bildung.de\/index.php?rest_route=%2Fwp%2Fv2%2Fmedia&parent=903"}],"curies":[{"name":"wp","href":"https:\/\/api.w.org\/{rel}","templated":true}]}}