{"id":897,"date":"2019-01-05T18:12:16","date_gmt":"2019-01-05T17:12:16","guid":{"rendered":"http:\/\/www.tmg-musin.de\/?page_id=897"},"modified":"2019-01-05T18:12:16","modified_gmt":"2019-01-05T17:12:16","slug":"spanisch","status":"publish","type":"page","link":"https:\/\/tmg.m-bildung.de\/?page_id=897","title":{"rendered":"Spanisch"},"content":{"rendered":"\n<p><em>\u201eToda aventura empieza con un s\u00ed.\u201c<\/em><\/p>\n\n\n\n<p><em>\u201eJedes Abenteuer beginnt mit einem \u201eJa.\u201c<\/em><\/p>\n\n\n\n<p><em>(Spanisches Sprichwort)&nbsp;<\/em><\/p>\n\n\n\n<figure class=\"wp-block-image size-large\"><img decoding=\"async\" src=\"https:\/\/tmg.m-bildung.de\/wp-content\/uploads\/2022\/02\/Alicante_Homepage_FS_Spanisch-1024x683.jpg\" alt=\"\" class=\"wp-image-2928\"\/><figcaption>Alicante<\/figcaption><\/figure>\n\n\n\n<h3 class=\"wp-block-heading\">Fachprofil Spanisch <\/h3>\n\n\n\n<p>Am St\u00e4dtischen Thomas-Mann-Gymnasium k\u00f6nnen bis zu drei Fremdsprachen erlernt werden. Die Sch\u00fcler haben die Wahl zwischen folgenden Sprachenfolgen:<\/p>\n\n\n\n<ul class=\"wp-block-list\"><li>Englisch\/ Franz\u00f6sisch\/&nbsp;<strong>Spanisch<\/strong><\/li><\/ul>\n\n\n\n<p>oder<\/p>\n\n\n\n<ul class=\"wp-block-list\"><li>Englisch\/ Latein\/<strong>&nbsp;Spanisch<\/strong><\/li><\/ul>\n\n\n\n<p>Demzufolge kann man am TMG Spanisch als dritte Fremdsprache&nbsp;<strong>ab Klasse 8&nbsp;<\/strong>erlernen.&nbsp;<\/p>\n\n\n\n<p><strong>Warum Spanisch lernen?<\/strong><\/p>\n\n\n\n<ul class=\"wp-block-list\"><li><strong>Spanisch ist Weltspreche:&nbsp;<\/strong>Ca. 400 Millionen Menschen sprechen Spanisch, davon leben ca. 45 Millionen in den USA; in 21 L\u00e4ndern ist Spanisch offizielle Amtssprache<\/li><li><strong>Spanisch liegt im Trend:<\/strong>&nbsp;Spanisch ist die zweitwichtigste Sprache im Netz (Musik, Film, Tanz)<\/li><li><strong>Spanisch ist eine lebendige Sprache:&nbsp;<\/strong>Spanisch ist<strong>&nbsp;<\/strong>Reisesprache f\u00fcr die Erkundung zahlreicher L\u00e4nder. Im Sch\u00fcleraustausch kn\u00fcpfen wir Kontakte mit jungen spanischsprachigen Sch\u00fclern; immer wieder erreichen uns Anfragen f\u00fcr l\u00e4ngere Austauschprogramme mit Gastsch\u00fclern aus Spanien oder Lateinamerika.<\/li><li><strong>Spanisch ist Kommunikationssprache:&nbsp;<\/strong>Spanisch gewinnt in Politik und Wirtschaft immer mehr an Bedeutung aufgrund des wirtschaftlichen Aufschwungs und der \u00d6ffnung spanischsprachiger L\u00e4nder, weshalb Spanischkenntnisse auch in Bewerbungen eine vorteilhafte berufliche Qualifikation sind.&nbsp;<\/li><\/ul>\n\n\n\n<p><strong><u><a href=\"https:\/\/tmg.m-bildung.de\/mitglieder-der-fachschaft-spanisch\/\">M<\/a><\/u><\/strong><u><span style=\"text-decoration: underline;\"><a href=\"https:\/\/tmg.m-bildung.de\/mitglieder-der-fachschaft-spanisch\/\"><strong>itglieder der Fachschaft Spanisch<\/strong><\/a><\/span><\/u><\/p>\n\n\n\n<p><strong><u><a href=\"https:\/\/tmg.m-bildung.de\/schulaufgabenuebersicht-und-lehrwerke-3\/\">Schulaufgaben\u00fcbersicht und Lehrwerke<\/a><\/u><\/strong><\/p>\n\n\n\n<p><strong><u><a href=\"https:\/\/tmg.m-bildung.de\/uebungsmaterialliste-und-literaturtipps-3\/\">\u00dcbungsmaterialliste und Literaturtipps<\/a><\/u><\/strong><\/p>\n\n\n\n<p><strong><u><a href=\"https:\/\/tmg.m-bildung.de\/grundwissen-und-lehrplanuebersicht\/\">Grundwissen und Lehrplan\u00fcbersicht<\/a><\/u><\/strong><\/p>\n\n\n\n<p><strong><u><a href=\"https:\/\/tmg.m-bildung.de\/auslandsfahrten-3\/\">Auslandsfahrten<\/a><\/u><\/strong><\/p>\n\n\n\n<p><strong><a href=\"https:\/\/tmg.m-bildung.de\/weitere-aktionen-und-angebote-der-fachschaft-spanisch\/\">Weitere Aktionen und Angebote der Fachschaft Spanisch<\/a><\/strong><\/p>\n","protected":false},"excerpt":{"rendered":"<p>\u201eToda aventura empieza con un s\u00ed.\u201c \u201eJedes Abenteuer beginnt mit einem \u201eJa.\u201c (Spanisches Sprichwort)&nbsp; Fachprofil Spanisch Am St\u00e4dtischen Thomas-Mann-Gymnasium k\u00f6nnen bis zu drei Fremdsprachen erlernt werden. Die Sch\u00fcler haben die Wahl zwischen folgenden Sprachenfolgen: Englisch\/ Franz\u00f6sisch\/&nbsp;Spanisch oder Englisch\/ Latein\/&nbsp;Spanisch Demzufolge &hellip; <a href=\"https:\/\/tmg.m-bildung.de\/?page_id=897\">Weiterlesen <span class=\"meta-nav\">&rarr;<\/span><\/a><\/p>\n","protected":false},"author":1,"featured_media":0,"parent":0,"menu_order":0,"comment_status":"closed","ping_status":"closed","template":"sidebar-page.php","meta":{"footnotes":""},"class_list":["post-897","page","type-page","status-publish","hentry"],"_links":{"self":[{"href":"https:\/\/tmg.m-bildung.de\/index.php?rest_route=\/wp\/v2\/pages\/897","targetHints":{"allow":["GET"]}}],"collection":[{"href":"https:\/\/tmg.m-bildung.de\/index.php?rest_route=\/wp\/v2\/pages"}],"about":[{"href":"https:\/\/tmg.m-bildung.de\/index.php?rest_route=\/wp\/v2\/types\/page"}],"author":[{"embeddable":true,"href":"https:\/\/tmg.m-bildung.de\/index.php?rest_route=\/wp\/v2\/users\/1"}],"replies":[{"embeddable":true,"href":"https:\/\/tmg.m-bildung.de\/index.php?rest_route=%2Fwp%2Fv2%2Fcomments&post=897"}],"version-history":[{"count":0,"href":"https:\/\/tmg.m-bildung.de\/index.php?rest_route=\/wp\/v2\/pages\/897\/revisions"}],"wp:attachment":[{"href":"https:\/\/tmg.m-bildung.de\/index.php?rest_route=%2Fwp%2Fv2%2Fmedia&parent=897"}],"curies":[{"name":"wp","href":"https:\/\/api.w.org\/{rel}","templated":true}]}}