{"id":807,"date":"2019-01-05T16:28:54","date_gmt":"2019-01-05T15:28:54","guid":{"rendered":"http:\/\/www.tmg-musin.de\/?page_id=807"},"modified":"2019-01-05T16:28:54","modified_gmt":"2019-01-05T15:28:54","slug":"kunst","status":"publish","type":"page","link":"https:\/\/tmg.m-bildung.de\/?page_id=807","title":{"rendered":"Kunst"},"content":{"rendered":"\n<blockquote class=\"wp-block-quote is-layout-flow wp-block-quote-is-layout-flow\">\n<p>&#8222;<em>Das sch\u00f6nste aller\u00a0Geheimnisse ist: Ein Genie zu sein<br \/>und es als einziger zu wissen.<\/em>&#8222;<\/p>\n<cite>(Mark Twain) <\/cite><\/blockquote>\n\n\n\n<figure class=\"wp-block-image\"><img decoding=\"async\" class=\"wp-image-808\" src=\"https:\/\/tmg.m-bildung.de\/wp-content\/uploads\/2019\/01\/HomepageKunst.jpg\" alt=\"\" \/><\/figure>\n\n\n\n<h3 class=\"wp-block-heading\">Fachprofil<\/h3>\n\n\n\n<p>Das Fach Kunst soll die Vielfalt\u00a0individueller\u00a0und bildnerischer Ausdrucksm\u00f6glichkeiten\u00a0f\u00f6rdern,\u00a0Freude am\u00a0k\u00fcnstlerischen Schaffen\u00a0wecken\u00a0und das Fach in schulischem und\u00a0au\u00dferschulischem Bereich pr\u00e4sentieren.<\/p>\n\n\n\n<h3 class=\"wp-block-heading\">Galerie<\/h3>\n\n<p>[gdgallery_gallery id_gallery=&#8220;2&#8243;]<\/p>\n\n<h3 class=\"wp-block-heading\">Projekte und Aktivit\u00e4ten im Fach Kunst (Auswahl)<\/h3>\n\n\n\n<ul class=\"wp-block-list\">\n<li>Kulturempfang M\u00fcnchner Schulen, Rathaussaal M\u00fcnchen, 2013<\/li>\n<li>Kunstfestival M\u00fcnchner Schulen in der Pasinger Fabrik, 2014<\/li>\n<li>Ausstellung im Qiddezentrum M\u00fcnchen, 2014<\/li>\n<li>Ausstellung im Referat f\u00fcr Bildung und Sport, 2014<\/li>\n<li>Schulinterner Cartoon- Wettbewerb \u201e Schulleben\u201c, 2015<\/li>\n<li><em>Beton Art Award<\/em> Wettbewerb; 2015<\/li>\n<\/ul>\n\n\n\n<p>Bisher angebotene Seminare im Fach Kunst<\/p>\n\n\n\n<ul class=\"wp-block-list\">\n<li><strong>W-Seminare:<\/strong>\n<ul>\n<li>Buchillustration<\/li>\n<li>Plastisches Gestalten<\/li>\n<li>Kunst und Mode, Mode in der Kunst?<\/li>\n<li>Au\u00dfereurop\u00e4ische Einfl\u00fcsse in der Kunst der Moderne<\/li>\n<\/ul>\n<\/li>\n<li><strong>P-Seminare:<\/strong>\n<ul>\n<li>Film und Filmschnitt<\/li>\n<li>Farbe und Raum<\/li>\n<li>Mosaiken<\/li>\n<li>B\u00fchnenbild und Farbgestaltung<\/li>\n<li>Experimenteller Dokumentarfilm<\/li>\n<\/ul>\n<\/li>\n<\/ul>\n\n\n\n\n\n\n\n<p>Lehrb\u00fccher Kunst am Thomas-Mann-Gymnasium<\/p>\n\n\n\n<table class=\"wp-block-table\">\n<tbody>\n<tr>\n<td><strong>Jahrgangsstufe<\/strong><\/td>\n<td><strong>Titel<\/strong><\/td>\n<td><strong>ISBN<\/strong><\/td>\n<\/tr>\n<tr>\n<td>11<\/td>\n<td>Kammerlohr Band 4, Epochen der Kunst<\/td>\n<td>3-486-87524-8<\/td>\n<\/tr>\n<tr>\n<td>12<\/td>\n<td><br \/>Kammerlohr Bd. 5, Epochen der Kunst<\/td>\n<td><br \/>978-3-637-87525-8<\/td>\n<\/tr>\n<tr>\n<td>11<\/td>\n<td>Design, Kammerlohr, Themen der Kunst<\/td>\n<td>978-3637-00420-7<\/td>\n<\/tr>\n<tr>\n<td>12<\/td>\n<td>Grundkurs Kunst, Bd. 3, Architektur<\/td>\n<td>978-3-507-10012-1<\/td>\n<\/tr>\n<\/tbody>\n<\/table>\n\n\n\n<p>&nbsp;<\/p>\n","protected":false},"excerpt":{"rendered":"<p>&#8222;Das sch\u00f6nste aller\u00a0Geheimnisse ist: Ein Genie zu seinund es als einziger zu wissen.&#8222; (Mark Twain) Fachprofil Das Fach Kunst soll die Vielfalt\u00a0individueller\u00a0und bildnerischer Ausdrucksm\u00f6glichkeiten\u00a0f\u00f6rdern,\u00a0Freude am\u00a0k\u00fcnstlerischen Schaffen\u00a0wecken\u00a0und das Fach in schulischem und\u00a0au\u00dferschulischem Bereich pr\u00e4sentieren. Galerie [gdgallery_gallery id_gallery=&#8220;2&#8243;] Projekte und Aktivit\u00e4ten im &hellip; <a href=\"https:\/\/tmg.m-bildung.de\/?page_id=807\">Weiterlesen <span class=\"meta-nav\">&rarr;<\/span><\/a><\/p>\n","protected":false},"author":1,"featured_media":0,"parent":0,"menu_order":0,"comment_status":"closed","ping_status":"closed","template":"sidebar-page.php","meta":{"footnotes":""},"class_list":["post-807","page","type-page","status-publish","hentry"],"_links":{"self":[{"href":"https:\/\/tmg.m-bildung.de\/index.php?rest_route=\/wp\/v2\/pages\/807","targetHints":{"allow":["GET"]}}],"collection":[{"href":"https:\/\/tmg.m-bildung.de\/index.php?rest_route=\/wp\/v2\/pages"}],"about":[{"href":"https:\/\/tmg.m-bildung.de\/index.php?rest_route=\/wp\/v2\/types\/page"}],"author":[{"embeddable":true,"href":"https:\/\/tmg.m-bildung.de\/index.php?rest_route=\/wp\/v2\/users\/1"}],"replies":[{"embeddable":true,"href":"https:\/\/tmg.m-bildung.de\/index.php?rest_route=%2Fwp%2Fv2%2Fcomments&post=807"}],"version-history":[{"count":0,"href":"https:\/\/tmg.m-bildung.de\/index.php?rest_route=\/wp\/v2\/pages\/807\/revisions"}],"wp:attachment":[{"href":"https:\/\/tmg.m-bildung.de\/index.php?rest_route=%2Fwp%2Fv2%2Fmedia&parent=807"}],"curies":[{"name":"wp","href":"https:\/\/api.w.org\/{rel}","templated":true}]}}