{"id":786,"date":"2019-01-05T16:02:21","date_gmt":"2019-01-05T15:02:21","guid":{"rendered":"http:\/\/www.tmg-musin.de\/?page_id=786"},"modified":"2019-01-05T16:02:21","modified_gmt":"2019-01-05T15:02:21","slug":"franzoesisch","status":"publish","type":"page","link":"https:\/\/tmg.m-bildung.de\/?page_id=786","title":{"rendered":"Franz\u00f6sisch"},"content":{"rendered":"\n<blockquote class=\"wp-block-quote is-layout-flow wp-block-quote-is-layout-flow\">\n<p><em>\u00ab\u202fUn jour viendra o\u00f9 vous France, vous Russie, vous Italie, vous Angleterre, vous Allemagne, voustoutes, nations du continent, sans perdre vos qualit\u00e9s distinctes et votre glorieuse individualit\u00e9, vous vous fondrez \u00e9troitement dans une unit\u00e9 sup\u00e9rieure, et vous constituerez la fraternit\u00e9 europ\u00e9enne\u202f!\u202f<\/em><\/p>\n<p><em>\u00bb\u201eDer Tag wird kommen, an dem Frankreich, [&#8230;] Russland, [&#8230;] England, [&#8230;] Deutschland, [&#8230;] alleNationen dieses\u00a0Kontinents, ohne ihre speziellen Qualit\u00e4ten und ihre ruhmreiche Einzigartigkeit zuverlieren, vollst\u00e4ndig in einem h\u00f6heren Ganzen aufgehen und die europ\u00e4ische\u00a0Gemeinschaft\u00a0bilden werden!\u201c<\/em><\/p>\n<cite>Victor Hugo (franz\u00f6sischer Autor 1802 \u2013 1885)\u00a0<\/cite><\/blockquote>\n\n\n\n<p>Am st\u00e4dt. Thomas-Mann-Gymnasium sind wir vom\u202feurop\u00e4ischen Gedanken\u202f\u00fcberzeugt. Daher hat Franz\u00f6sisch innerhalb des F\u00e4cherkanons einen sehr hohen Stellenwert. Es wird sowohl im sprachlichen Zweig als auch im naturwissenschaftlich-technologischen Zweig als zweite Fremdsprache ab der 6. Klasse unterrichtet und bei Bedarf auch als dritte Fremdsprache ab der 8. Klasse im sprachlichen Zweig angeboten.<em>\u202f\u00a0<\/em>\u00a0<\/p>\n\n\n\n<p>Wir unterrichten Franz\u00f6sisch so abwechslungsreich wie m\u00f6glich, um den Sch\u00fclerinnen und Sch\u00fcler die Freude am m\u00fcndlichen Sprachgebrauch zu vermitteln. Daher kommen neben dem Lehrwerk auch eine F\u00fclle an authentischen Materialien zum Einsatz. In der 7., 10.\u00a0 und 12. Jahrgangsstufe ist eine Schulaufgabe rein m\u00fcndlich. Au\u00dferdem\u00a0werden die kleinen Leistungsnachweise (z.B. m\u00fcndliche Unterrichtsbeitr\u00e4ge, Referate, Stegreifaufgaben) und gro\u00dfen Leistungsnachweise (Schulaufgaben) in allen Jahrgangsstufen im Verh\u00e4ltnis 1:1 gewertet.<\/p>\n<p>AKTUELLES zum Elterninformationsabend: Hier finden Sie die Pr\u00e4sentation zur Wahl der 2. Fremdsprache Franz\u00f6sisch<\/p>\n\n\n\n<p><strong><a href=\"https:\/\/tmg.m-bildung.de\/mitglieder-der-fachschaft-franzoesisch\/\" data-type=\"page\" data-id=\"2718\">Mitglieder der Fachschaft\u00a0Franz\u00f6sisch<\/a><\/strong><\/p>\n<p><a href=\"https:\/\/tmg.m-bildung.de\/wp-content\/uploads\/2023\/02\/Sprachenwahl_Franzo%CC%88sisch_2023-1.pdf\">Franz\u00f6sisch ab der 6. Klasse<\/a><\/p>\n\n\n\n<p><a href=\"https:\/\/tmg.m-bildung.de\/schulaufgabenuebersicht-und-lehrwerke-2\/\" data-type=\"page\" data-id=\"2720\"><strong>Schulaufgaben\u00fcbersicht und Lehrwerke<\/strong>\u00a0<\/a><\/p>\n\n\n\n<p><strong><a href=\"https:\/\/tmg.m-bildung.de\/uebungsmaterialliste-und-literaturtipps-2\/\" data-type=\"page\" data-id=\"2723\">\u00dcbungsmaterialliste und Literaturtipps<\/a><\/strong><\/p>\n\n\n\n<p><strong><a href=\"https:\/\/tmg.m-bildung.de\/grundwissen-lehrplan\/\" data-type=\"page\" data-id=\"2725\">Grundwissen und Lehrplan\u00fcbersicht<\/a><\/strong><\/p>\n\n\n\n<p><a href=\"https:\/\/tmg.m-bildung.de\/delf-diplome-detudes-en-langue-francaise\/\" data-type=\"page\" data-id=\"2727\"><strong>DELF<\/strong><\/a><\/p>\n\n\n\n<p><strong><a href=\"https:\/\/tmg.m-bildung.de\/auslandsfahrten-2\/\" data-type=\"page\" data-id=\"2729\">Auslandsfahrten<\/a><\/strong><\/p>\n\n\n\n<p><strong><a href=\"https:\/\/tmg.m-bildung.de\/weitere-aktionen-und-angebote-der-fachschaft-franzoesisch\/\" data-type=\"page\" data-id=\"2731\">Weitere Aktionen und Angebote der\u00a0Fachschaft Franz\u00f6sisch<\/a><\/strong><\/p>\n","protected":false},"excerpt":{"rendered":"<p>\u00ab\u202fUn jour viendra o\u00f9 vous France, vous Russie, vous Italie, vous Angleterre, vous Allemagne, voustoutes, nations du continent, sans perdre vos qualit\u00e9s distinctes et votre glorieuse individualit\u00e9, vous vous fondrez \u00e9troitement dans une unit\u00e9 sup\u00e9rieure, et vous constituerez la fraternit\u00e9 &hellip; <a href=\"https:\/\/tmg.m-bildung.de\/?page_id=786\">Weiterlesen <span class=\"meta-nav\">&rarr;<\/span><\/a><\/p>\n","protected":false},"author":1,"featured_media":0,"parent":0,"menu_order":0,"comment_status":"closed","ping_status":"closed","template":"sidebar-page.php","meta":{"footnotes":""},"class_list":["post-786","page","type-page","status-publish","hentry"],"_links":{"self":[{"href":"https:\/\/tmg.m-bildung.de\/index.php?rest_route=\/wp\/v2\/pages\/786","targetHints":{"allow":["GET"]}}],"collection":[{"href":"https:\/\/tmg.m-bildung.de\/index.php?rest_route=\/wp\/v2\/pages"}],"about":[{"href":"https:\/\/tmg.m-bildung.de\/index.php?rest_route=\/wp\/v2\/types\/page"}],"author":[{"embeddable":true,"href":"https:\/\/tmg.m-bildung.de\/index.php?rest_route=\/wp\/v2\/users\/1"}],"replies":[{"embeddable":true,"href":"https:\/\/tmg.m-bildung.de\/index.php?rest_route=%2Fwp%2Fv2%2Fcomments&post=786"}],"version-history":[{"count":0,"href":"https:\/\/tmg.m-bildung.de\/index.php?rest_route=\/wp\/v2\/pages\/786\/revisions"}],"wp:attachment":[{"href":"https:\/\/tmg.m-bildung.de\/index.php?rest_route=%2Fwp%2Fv2%2Fmedia&parent=786"}],"curies":[{"name":"wp","href":"https:\/\/api.w.org\/{rel}","templated":true}]}}