{"id":783,"date":"2019-01-05T15:45:16","date_gmt":"2019-01-05T14:45:16","guid":{"rendered":"http:\/\/www.tmg-musin.de\/?page_id=783"},"modified":"2019-01-05T15:45:16","modified_gmt":"2019-01-05T14:45:16","slug":"evangelische-religion","status":"publish","type":"page","link":"https:\/\/tmg.m-bildung.de\/?page_id=783","title":{"rendered":"Evangelische Religion"},"content":{"rendered":"\n<blockquote class=\"wp-block-quote is-layout-flow wp-block-quote-is-layout-flow\">\n<p><br \/><em>\u201eGott? Jener Gro\u00dfe, Verr\u00fcckte, der noch immer an Menschen glaubt.\u201c<\/em><\/p>\n<p>&nbsp;<\/p>\n<cite><br \/>(Kurt Marti) <\/cite><\/blockquote>\n\n\n\n<p>In einer Zeit, in der in vielen Lebensentw\u00fcrfen junger Menschen \u201eder Glaube an Gott\u201c kaum noch vorkommt, ja f\u00fcr manche sogar zum Stein des Ansto\u00dfes geworden ist, l\u00e4sst das obige Zitat aufhorchen:<\/p>\n\n\n\n<p>Wer glaubt da eigentlich an wen: \u201e<strong>wir<\/strong>\u00a0an Gott\u201c oder \u201e<strong>Gott<\/strong>\u00a0an uns\u201c?<\/p>\n\n\n\n<p>Es mag Sie \u00fcberraschen, aber nach evangelischer \u00dcberzeugung ist es tats\u00e4chlich seit Anbeginn der Zeit\u00a0<em>immer wieder Gott, der an uns glaubt<\/em>!<\/p>\n\n\n\n<p>Vor eine besondere Pr\u00fcfung wurde freilich sein Glaube gestellt, als er in der Person Jesu von Nazareth menschliche Gestalt annahm, um sich uns auf Augenh\u00f6he zu n\u00e4hern, unsere Begrenztheit zu sp\u00fcren und sich uns schlie\u00dflich als Opfer hinzugegeben.<\/p>\n\n\n\n<p>So kann unser Glaube aussichtreich sein:\u00a0<em>als Annahme seiner liebevollen Einladung an uns<\/em>!<\/p>\n\n\n\n<p>Ist es Zufall, dass die Sch\u00fclerinnen und Sch\u00fclern unseres Abiturkurses gerade diese unkonventionelle Zitat von Kurt Marti mit klarer Mehrheit f\u00fcr unsere Homepage ausw\u00e4hlten? Die Sch\u00fclerschaft diese Kurses, mit ihrem schier unstillbaren \u201eDiskussionsdurst\u201c, der uns ein ums andere Mal bis an die Grenze der Ersch\u00f6pfung f\u00fchrte, vor Augen (spreche ich): ein klares NEIN!<\/p>\n\n\n\n<h3 class=\"wp-block-heading\">Fachprofil<\/h3>\n\n\n\n<p>Der F\u00e4cherkanon der Schulen ist heute stark an den Erfordernissen der Berufswelt und der Wirtschaft ausgerichtet. Der Religionsunterricht (=RU) dagegen hat st\u00e4rker den Menschen selbst im Blick und spricht das Individuum in seiner Verantwortung vor Gott an.<\/p>\n\n\n\n<p>Dabei sieht sich die Religionslehrkraft in der heutigen Unterrichtssituation einer pluralistischen Vielfalt gegen\u00fcber, die nach stets neuen Formen der Vermittlung des christlichen Glaubens, seines Gottes- und Menschenbildes und seiner moralisch-ethischen Vorstellungen verlangt.<\/p>\n\n\n\n<p>Das Bem\u00fchen, diese ganzheitlichen Inhalte des evangelischen RUs einerseits in konfessioneller Deutlichkeit, andererseits in \u00f6kumenischer Offenheit sowie Toleranz gegen\u00fcber anderen Weltanschauungen, zu vermitteln, ist zugleich Aufgabe und Herausforderung f\u00fcr die Religionslehrkr\u00e4fte.<\/p>\n\n\n\n<p>Die Vermittlung christlicher Glaubensinhalte seitens der Religionslehrkr\u00e4fte versteht sich dabei als \u201eechtes\u201c Angebot &#8211; ohne verpflichtenden oder einengenden Charakter.<\/p>\n\n\n\n<h3 class=\"wp-block-heading\">Ziele der Fachschaft evangelische Religionslehre:<\/h3>\n\n\n\n<ul class=\"wp-block-list\">\n<li>Der RU<strong>\u00a0informiert \u00fcber den christlichen Glauben<\/strong>\u00a0und \u00fcber das christliche Menschen- und Gottesbild. Dabei kommen die christlichen Traditionen sowie ihre j\u00fcdischen Wurzeln zur Sprache. Die Sch\u00fclerinnen und Sch\u00fcler werden zu einem lebensbezogenen Umgang mit der Bibel angeleitet.<\/li>\n<li>Der RU lehrt die Ereignisse der Kirchengeschichte und ihre Auswirkungen auf die Kirche, wie die Sch\u00fclerinnen und Sch\u00fcler sie heute erleben. Er informiert \u00fcber\u00a0<strong>Fragen der \u00d6kumene und des interreligi\u00f6sen Dialogs<\/strong>\u00a0und \u00fcber philosophische und au\u00dferchristliche Deutungen von Mensch und Welt. Er er\u00f6ffnet den Sch\u00fclerinnen und Sch\u00fclern das\u00a0<strong>Erkennen der Rolle christlicher Traditionen in der Gesellschaft<\/strong>\u00a0und ihren Niederschlag etwa in der bildenden Kunst und in der Musik.<\/li>\n<li>Der RU\u00a0<strong>f\u00f6rdert das selbst\u00e4ndige Denken\u00a0<\/strong>der Sch\u00fclerinnen und Sch\u00fcler und will sie hinf\u00fchren zu einem achtsamen Umgang mit Mitmenschen und Umwelt in Verantwortung vor Gott. Durch Er\u00f6rterung von Glaubens- und Sinnfragen werden den Sch\u00fclerinnen und Sch\u00fclern\u00a0<strong>Anregungen zur Auseinandersetzung mit dem christlichen Glauben\u00a0<\/strong>gegeben.<\/li>\n<li>Der RU bringt die\u00a0<strong>biblische Botschaft<\/strong>\u00a0nicht nur als historische Gegebenheit zur Sprache sondern versteht sie\u00a0<strong>als pers\u00f6nliche Anrede Gottes<\/strong>\u00a0an den Menschen.<\/li>\n<li>Deshalb legt die Fachschaft evangelische Religionslehre Wert auf eine\u00a0<strong>lebendige Vermittlung des Glaubens<\/strong>, in der wichtige Formen evangelischer Fr\u00f6mmigkeit wie Gebet und gemeinsames Singen nicht zu kurz kommen sollen und Raum zum Innehalten und Stillwerden im Stress des Schulalltags geschaffen wird. Besondere Verantwortung versp\u00fcren die Mitglieder der Fachschaft bez\u00fcglich der mehrmals j\u00e4hrlich stattfindenden\u00a0<strong>Schulgottesdienste<\/strong>: sie werden als wichtige und zentrale Ereignisse gefeiert, bei denen Lehrerkr\u00e4fte und Sch\u00fclerschaft sich im Glauben vor Gott versammeln.<\/li>\n<\/ul>\n\n\n\n<h3 class=\"wp-block-heading\"><strong>Aktivit\u00e4ten und Projekte der Fachschaft<\/strong><\/h3>\n\n\n\n<ul class=\"wp-block-list\">\n<li><strong>Vielf\u00e4ltige Gottesdienste<\/strong>\n<ul>\n<li>Schulgottesdienst vor Weihnachten <\/li>\n<li>Schulgottesdienst vor Ostern<\/li>\n<li>Abiturgottesdienst <\/li>\n<li>Abschlussgottesdienst <\/li>\n<\/ul>\n<\/li>\n<li><strong>Exkursionen<\/strong>\n<ul>\n<li>Besuch einer Moschee<\/li>\n<li>F\u00fchrung im J\u00fcdischen Museum<\/li>\n<\/ul>\n<\/li>\n<\/ul>\n\n\n\n<p>&nbsp;<\/p>\n\n\n\n<figure class=\"wp-block-table\"><\/figure>\n\n\n","protected":false},"excerpt":{"rendered":"<p>\u201eGott? Jener Gro\u00dfe, Verr\u00fcckte, der noch immer an Menschen glaubt.\u201c &nbsp; (Kurt Marti) In einer Zeit, in der in vielen Lebensentw\u00fcrfen junger Menschen \u201eder Glaube an Gott\u201c kaum noch vorkommt, ja f\u00fcr manche sogar zum Stein des Ansto\u00dfes geworden ist, &hellip; <a href=\"https:\/\/tmg.m-bildung.de\/?page_id=783\">Weiterlesen <span class=\"meta-nav\">&rarr;<\/span><\/a><\/p>\n","protected":false},"author":1,"featured_media":0,"parent":0,"menu_order":0,"comment_status":"closed","ping_status":"closed","template":"sidebar-page.php","meta":{"footnotes":""},"class_list":["post-783","page","type-page","status-publish","hentry"],"_links":{"self":[{"href":"https:\/\/tmg.m-bildung.de\/index.php?rest_route=\/wp\/v2\/pages\/783","targetHints":{"allow":["GET"]}}],"collection":[{"href":"https:\/\/tmg.m-bildung.de\/index.php?rest_route=\/wp\/v2\/pages"}],"about":[{"href":"https:\/\/tmg.m-bildung.de\/index.php?rest_route=\/wp\/v2\/types\/page"}],"author":[{"embeddable":true,"href":"https:\/\/tmg.m-bildung.de\/index.php?rest_route=\/wp\/v2\/users\/1"}],"replies":[{"embeddable":true,"href":"https:\/\/tmg.m-bildung.de\/index.php?rest_route=%2Fwp%2Fv2%2Fcomments&post=783"}],"version-history":[{"count":0,"href":"https:\/\/tmg.m-bildung.de\/index.php?rest_route=\/wp\/v2\/pages\/783\/revisions"}],"wp:attachment":[{"href":"https:\/\/tmg.m-bildung.de\/index.php?rest_route=%2Fwp%2Fv2%2Fmedia&parent=783"}],"curies":[{"name":"wp","href":"https:\/\/api.w.org\/{rel}","templated":true}]}}