{"id":776,"date":"2019-01-05T15:37:02","date_gmt":"2019-01-05T14:37:02","guid":{"rendered":"http:\/\/www.tmg-musin.de\/?page_id=776"},"modified":"2019-01-05T15:37:02","modified_gmt":"2019-01-05T14:37:02","slug":"ethik","status":"publish","type":"page","link":"https:\/\/tmg.m-bildung.de\/?page_id=776","title":{"rendered":"Ethik"},"content":{"rendered":"\n<h3 class=\"wp-block-heading\">Fachprofil<\/h3>\n\n\n\n<p><strong>Selbstverst\u00e4ndnis des Faches<\/strong><\/p>\n\n\n\n<p>Das Fach Ethik unterst\u00fctzt die Suche junger Menschen nach einer verl\u00e4sslichen moralischen Orientierung in der Welt von heute. Es basiert auf der Grundsituation, dass Menschen f\u00fcr ihr Handeln auch eine ethische Entscheidungskompetenz ben\u00f6tigen. Ethik greift dabei auf Entw\u00fcrfe zur\u00fcck, in denen bew\u00e4hrte lebenspraktische Einsichten in einer langen Entwicklungslinie mit Hilfe philosophischer Denkweisen eine neue Deutung und Legitimierung erfahren haben. Die Jugendlichen k\u00f6nnen diese Entw\u00fcrfe und Theorien mit den von ihnen selbst entwickelten Vorstellungen vergleichen und dabei entdecken, dass auch ihre eigenen Gedanken sich im Ansatz mit bestimmten Denktraditionen ber\u00fchren. \u00dcberlegungen zu Moralprinzipien,&nbsp;die andere Menschen angestellt haben, k\u00f6nnen so zum Ma\u00dfstab f\u00fcr eigene \u00dcberlegungen und damit zu einer Orientierungshilfe f\u00fcr das eigene Leben werden.&nbsp;<\/p>\n\n\n\n<p>Der Bildungs- und Erziehungsauftrag des Gymnasiums besteht in der Vermittlung einer vertieften allgemeinen Bildung, die f\u00fcr ein Hochschulstudium vorausgesetzt wird. Diese wird im Fach Ethik durch eine systematische Besch\u00e4ftigung mit den f\u00fcr die heutige Zeit relevanten Themen der Ethik angestrebt. Das Fach Ethik f\u00f6rdert insbesondere den reflektierten Zugang zu den sittlich bedeutsamen Gegebenheiten der Welt, vermittelt eine vertiefte Sprachkompetenz im ethischen Argumentieren und unterst\u00fctzt die Bereitschaft zur \u00dcbernahme von Verantwortung in Entscheidungs- und Handlungssituationen. Dazu geh\u00f6ren vor allem auch Weltoffenheit und Aufgeschlossensein f\u00fcr alles Wahre, Gute und Sch\u00f6ne.<\/p>\n\n\n\n<p>Das Ethische ist in diesem Sinn traditionell Teil des gymnasialen Bildungsauftrages. Die Schule thematisiert im Ethikunterricht die Frage nach dem guten Leben&nbsp;vor dem Hintergrund&nbsp;sittlicher Einsichten, sofern&nbsp;diese sich als vern\u00fcnftig begr\u00fcndbar erweisen. Zur Voraussetzung f\u00fcr vern\u00fcnftiges Urteilen geh\u00f6rt die wirklichkeitsgem\u00e4\u00dfe Wahrnehmung der den Menschen umgebenden Welt, da Vernunft ihre sprachliche Wurzel im Vernehmen der Realit\u00e4t hat.&nbsp;<\/p>\n\n\n\n<p>Der Ethikunterricht strebt ein werteinsichtiges Urteilen und Handeln der Sch\u00fcler&nbsp;an und will auf diese Weise ihre personale Entwicklung f\u00f6rdern. Die Achtung vor der W\u00fcrde des Menschen ist deshalb unverzichtbare Grundlage des Ethikunterrichts. Er will in den einzelnen Jugendlichen das Bewusstsein st\u00e4rken, dass sie als Person zu einer eigenverantwortlichen Lebensgestaltung bef\u00e4higt und aufgerufen sind. Die Erziehung zur Toleranz, zur Selbstbeherrschung, zur Achtung der \u00dcberzeugungen Andersdenkender sowie zur \u00dcbernahme von Verantwortung sind weitere Beispiele dieser Orientierung.<\/p>\n\n\n\n<p>Im Ethikunterricht werden Situationen und Probleme aus dem unmittelbaren Erfahrungsbereich der Sch\u00fcler in Alltag, Familie und Schule thematisiert, Handlungsalternativen gepr\u00fcft und gemeinsam mit den Sch\u00fclern Vorschl\u00e4ge zum rationalen Umgang mit Konflikten entwickelt.<\/p>\n\n\n\n<p>Der Ethikunterricht st\u00fctzt sich vielfach inhaltlich auf einen interdisziplin\u00e4ren und f\u00e4cherverbindenden Ansatz und greift bei der Entwicklung von Fragen und Antworten zum guten Leben auf Aussagen der Anthropologie, der Psychologie, der Philosophie, der Theologie, der Biologie und anderer wissenschaftlicher Disziplinen zur\u00fcck. Er stellt somit die Fragen nach dem Menschen und seinem Leben im Sinn eines ganzheitlichen Verst\u00e4ndnisses. Gerade die interdisziplin\u00e4ren Fragen geben Gelegenheit zu einem f\u00e4cher\u00fcbergreifenden Lernen im Ethikunterricht. Aus dieser F\u00fclle von Vorstellungen und Erkenntnissen ergeben sich, wenn die Sch\u00fcler im Unterricht ihre eigenen Gedanken und Erfahrungen einbringen,&nbsp;verschiedene M\u00f6glichkeiten der Verarbeitung: von der Wahrnehmung sprachlicher und bildlicher Mitteilungen \u00fcber das Verstehen und Interpretieren von Texten bis zur Anbahnung eines philosophischen Dialogs.<\/p>\n\n\n\n<p>Stundentafel Ethik<\/p>\n\n\n\n<table class=\"wp-block-table\"><tbody><tr><td><strong>Jahrgangsstufe<\/strong><\/td><td><strong>Wochenstunden<\/strong><\/td><\/tr><tr><td>5<\/td><td>2<\/td><\/tr><tr><td>6<\/td><td>2<\/td><\/tr><tr><td>7<\/td><td>2<\/td><\/tr><tr><td>8<\/td><td>2<\/td><\/tr><tr><td>9<\/td><td>2<\/td><\/tr><tr><td>10<\/td><td>2<\/td><\/tr><tr><td>11<\/td><td>2<\/td><\/tr><tr><td>12<\/td><td>2<\/td><\/tr><\/tbody><\/table>\n\n\n\n<p>Lehrb\u00fccher Ethik am Thomas-Mann-Gymnasium<\/p>\n\n\n\n<table class=\"wp-block-table\"><tbody><tr><td><strong>Jahrgangsstufe<\/strong><\/td><td><strong>Titel<\/strong><\/td><td><strong>ISBN<\/strong><\/td><td><strong>Auflage<\/strong><\/td><\/tr><tr><td>5<\/td><td><strong>Forum Ethik 5,<\/strong><strong>hrsg. v. H\u00e4u\u00dfler\/ Euringer<\/strong><\/td><td>978-3-12-004063-7<\/td><td><strong>1. Aufl. 05<\/strong><\/td><\/tr><tr><td>6<\/td><td><strong>Forum Ethik 6,<\/strong><strong>hrsg. v. H\u00e4u\u00dfler\/ Euringer<\/strong><\/td><td>978-3-12-004380-5<\/td><td><strong>1. Aufl. 07<\/strong><\/td><\/tr><tr><td>7<\/td><td><strong>Forum Ethik 7,<\/strong><strong>hrsg. v. H\u00e4u\u00dfler\/ Euringer<\/strong><\/td><td>978-3-12-004910-4<\/td><td><strong>1. Aufl. 08<\/strong><\/td><\/tr><tr><td>8<\/td><td><strong>Forum Ethik 8,<\/strong><strong>hrsg. v. H\u00e4u\u00dfler\/ Euringer<\/strong><\/td><td>978-3-12-004911-1<\/td><td><strong>1. Aufl. 09<\/strong><\/td><\/tr><tr><td>9<\/td><td><strong>Forum Ethik 9,<\/strong><strong>hrsg. v. H\u00e4u\u00dfler\/ Euringer<\/strong><\/td><td>978-3-12-006198-4<\/td><td><strong>1. Aufl. 10<\/strong><\/td><\/tr><tr><td>10<\/td><td><strong>Forum Ethik 10,<\/strong><strong>hrsg. v. H\u00e4u\u00dfler\/ Euringer<\/strong><\/td><td>978-3-12-006251-6<\/td><td><strong>1. Aufl. 11<\/strong><\/td><\/tr><tr><td>Q 11<\/td><td><strong>ethikos 11<\/strong>, Arbeitsbuch f\u00fcr den Ethikunterricht in der Oberstufe, v. Applis u.a.<\/td><td>978-3-637-00705-5<\/td><td><strong>1. Aufl. 09<\/strong><\/td><\/tr><tr><td>Q 11<\/td><td> <br><strong>Kolleg Ethik 1<\/strong>, Bayern, hrsg. v. S\u00e4nger <\/td><td> <br>978-3-7661-6691-3 <\/td><td> <br><strong>\ufeff1. Aufl. 09<\/strong> <\/td><\/tr><tr><td>Q 12<\/td><td><strong>ethikos 12<\/strong>, Arbeitsbuch f\u00fcr den Ethikunterricht in der Oberstufe,v. Applis u.a.<\/td><td>978-3-637-00706-2<\/td><td><strong>1. Aufl. 10<\/strong><\/td><\/tr><tr><td>Q 12<\/td><td> <br><strong>Kolleg Ethik 2<\/strong>, Bayern, hrsg. v. S\u00e4nger <\/td><td> <br>978-3-7661-6692-0 <\/td><td> <br><strong>1. Aufl. 10\ufeff<\/strong> <\/td><\/tr><\/tbody><\/table>\n\n\n\n<p><a href=\"http:\/\/www.isb-gym8-lehrplan.de\/contentserv\/3.1.neu\/g8.de\/index.php?StoryID=26356\">Lehrplan Ethik<\/a><\/p>\n","protected":false},"excerpt":{"rendered":"<p>Fachprofil Selbstverst\u00e4ndnis des Faches Das Fach Ethik unterst\u00fctzt die Suche junger Menschen nach einer verl\u00e4sslichen moralischen Orientierung in der Welt von heute. Es basiert auf der Grundsituation, dass Menschen f\u00fcr ihr Handeln auch eine ethische Entscheidungskompetenz ben\u00f6tigen. Ethik greift dabei &hellip; <a href=\"https:\/\/tmg.m-bildung.de\/?page_id=776\">Weiterlesen <span class=\"meta-nav\">&rarr;<\/span><\/a><\/p>\n","protected":false},"author":1,"featured_media":0,"parent":0,"menu_order":0,"comment_status":"closed","ping_status":"closed","template":"sidebar-page.php","meta":{"footnotes":""},"class_list":["post-776","page","type-page","status-publish","hentry"],"_links":{"self":[{"href":"https:\/\/tmg.m-bildung.de\/index.php?rest_route=\/wp\/v2\/pages\/776","targetHints":{"allow":["GET"]}}],"collection":[{"href":"https:\/\/tmg.m-bildung.de\/index.php?rest_route=\/wp\/v2\/pages"}],"about":[{"href":"https:\/\/tmg.m-bildung.de\/index.php?rest_route=\/wp\/v2\/types\/page"}],"author":[{"embeddable":true,"href":"https:\/\/tmg.m-bildung.de\/index.php?rest_route=\/wp\/v2\/users\/1"}],"replies":[{"embeddable":true,"href":"https:\/\/tmg.m-bildung.de\/index.php?rest_route=%2Fwp%2Fv2%2Fcomments&post=776"}],"version-history":[{"count":0,"href":"https:\/\/tmg.m-bildung.de\/index.php?rest_route=\/wp\/v2\/pages\/776\/revisions"}],"wp:attachment":[{"href":"https:\/\/tmg.m-bildung.de\/index.php?rest_route=%2Fwp%2Fv2%2Fmedia&parent=776"}],"curies":[{"name":"wp","href":"https:\/\/api.w.org\/{rel}","templated":true}]}}