{"id":770,"date":"2019-01-05T15:27:13","date_gmt":"2019-01-05T14:27:13","guid":{"rendered":"http:\/\/www.tmg-musin.de\/?page_id=770"},"modified":"2026-01-13T16:54:27","modified_gmt":"2026-01-13T16:54:27","slug":"englisch","status":"publish","type":"page","link":"https:\/\/tmg.m-bildung.de\/?page_id=770","title":{"rendered":"Englisch"},"content":{"rendered":"\n<blockquote class=\"wp-block-quote is-layout-flow wp-block-quote-is-layout-flow\">\n<p><br><em>\u201cThe ability to read, write and analyze; the confidence to stand up and demand justice and equality[&#8230;]&nbsp;\u2013 all of that starts with education.\u201d<\/em><\/p>\n<cite><br>(Michelle Obama) <\/cite><\/blockquote>\n\n\n\n<figure class=\"wp-block-image size-full\"><img loading=\"lazy\" decoding=\"async\" width=\"1024\" height=\"626\" src=\"https:\/\/tmg.m-bildung.de\/wp-content\/uploads\/2026\/01\/ENGLISCH.jpg\" alt=\"\" class=\"wp-image-5590\" srcset=\"https:\/\/tmg.m-bildung.de\/wp-content\/uploads\/2026\/01\/ENGLISCH.jpg 1024w, https:\/\/tmg.m-bildung.de\/wp-content\/uploads\/2026\/01\/ENGLISCH-300x183.jpg 300w, https:\/\/tmg.m-bildung.de\/wp-content\/uploads\/2026\/01\/ENGLISCH-768x470.jpg 768w, https:\/\/tmg.m-bildung.de\/wp-content\/uploads\/2026\/01\/ENGLISCH-491x300.jpg 491w\" sizes=\"auto, (max-width: 1024px) 100vw, 1024px\" \/><\/figure>\n\n\n\n<p><em>App,&nbsp;Bagel, Cupcake,&nbsp;Fashion,&nbsp;Hotdog,&nbsp;Internet,&nbsp;Make-Up,&nbsp;Provider,&nbsp;Streaming, Router, Trend, Update, Work-Life-Balance, YouTube, Zoom&nbsp;<\/em>\u2013 and the list goes on.&nbsp;<\/p>\n\n\n\n<p><p>Egal in welchem Lebensbereich \u2013 die englische Sprache begleitet uns auf Schritt und Tritt. Nicht zuletzt deshalb ist&nbsp;Englisch am TMG f\u00fcr alle&nbsp;Sch\u00fclerinnen und Sch\u00fcler&nbsp;ab Klasse 5&nbsp;Hauptfach.&nbsp;In der Qualifikationsphase haben sie dann&nbsp;zus\u00e4tzlich&nbsp;die M\u00f6glichkeit, im Rahmen der P- und W-Seminare&nbsp;ihr Wissen zu einem speziellen Thema aus der englisch-sprachigen Welt zu vertiefen. So wurden&nbsp;bereits Seminare&nbsp;zu&nbsp;verschiedensten&nbsp;Themen&nbsp;wie etwa&nbsp;\u201c<em>Introducing&nbsp;American Sports\u201d, \u201cEnglisch in der&nbsp;Grundschule\u201d&nbsp;<\/em>oder auch \u201c<em>Ecocriticism\u201d&nbsp;<\/em>angeboten.&nbsp;&nbsp;<\/p>\n<p>Die Schwellenwerte in den einzelnen Jahrgangsstufen verteilen sich wie folgt:<\/p>\n<p>5.-10. Jahrgangsstufe&nbsp;&nbsp;&nbsp; &nbsp;&nbsp;&nbsp;&nbsp;&nbsp;&nbsp;&nbsp;&nbsp;&nbsp;&nbsp;&nbsp; ab 33% Note 6<\/p>\n<p>&nbsp;&nbsp;&nbsp;&nbsp;&nbsp;&nbsp;&nbsp;&nbsp;&nbsp;&nbsp;&nbsp;&nbsp;&nbsp;&nbsp;&nbsp;&nbsp;&nbsp;&nbsp;&nbsp;&nbsp;&nbsp;&nbsp;&nbsp;&nbsp;&nbsp;&nbsp;&nbsp;&nbsp;&nbsp;&nbsp;&nbsp;&nbsp;&nbsp;&nbsp;&nbsp;&nbsp;&nbsp;&nbsp;&nbsp;&nbsp;&nbsp;&nbsp;&nbsp;&nbsp;&nbsp;&nbsp; ab 50-60% Note 5<\/p>\n<p>Q11\/12 &nbsp;&nbsp;&nbsp;&nbsp;&nbsp;&nbsp;&nbsp;&nbsp;&nbsp;&nbsp;&nbsp;&nbsp;&nbsp;&nbsp;&nbsp;&nbsp;&nbsp;&nbsp;&nbsp;&nbsp;&nbsp;&nbsp;&nbsp;&nbsp;&nbsp;&nbsp;&nbsp;&nbsp;&nbsp;&nbsp;&nbsp;&nbsp;&nbsp;&nbsp; bis 20%&nbsp;&nbsp;&nbsp; 1 Punkte<\/p>\n<p>&nbsp;&nbsp;&nbsp;&nbsp;&nbsp;&nbsp;&nbsp;&nbsp;&nbsp;&nbsp;&nbsp;&nbsp;&nbsp;&nbsp;&nbsp;&nbsp;&nbsp;&nbsp;&nbsp;&nbsp;&nbsp;&nbsp;&nbsp;&nbsp;&nbsp;&nbsp;&nbsp;&nbsp;&nbsp;&nbsp;&nbsp;&nbsp;&nbsp;&nbsp;&nbsp;&nbsp;&nbsp;&nbsp;&nbsp;&nbsp;&nbsp;&nbsp;&nbsp;&nbsp;&nbsp;&nbsp; bis 40%&nbsp;&nbsp;&nbsp; 4 Punkte<\/p>\n<p>Die neue Jgst. 11 (G9)&nbsp;&nbsp;&nbsp;&nbsp;&nbsp;&nbsp;&nbsp;&nbsp;&nbsp;&nbsp;&nbsp;&nbsp; ab 33% Note 6<\/p>\n<p>&nbsp;&nbsp;&nbsp;&nbsp;&nbsp;&nbsp;&nbsp;&nbsp;&nbsp;&nbsp;&nbsp;&nbsp;&nbsp;&nbsp;&nbsp;&nbsp;&nbsp;&nbsp;&nbsp;&nbsp;&nbsp;&nbsp;&nbsp;&nbsp;&nbsp;&nbsp;&nbsp;&nbsp;&nbsp;&nbsp;&nbsp;&nbsp;&nbsp;&nbsp;&nbsp;&nbsp;&nbsp;&nbsp;&nbsp;&nbsp;&nbsp;&nbsp;&nbsp;&nbsp;&nbsp;&nbsp; ab 50-60% Note 5<\/p><\/p>\n\n\n\n<ul class=\"wp-block-list\">\n<li><strong><a href=\"https:\/\/tmg.m-bildung.de\/?page_id=2623\" data-type=\"page\" data-id=\"2623\">Mitglieder der Fachschaft Englisch<\/a><\/strong><a href=\"https:\/\/tmg.m-bildung.de\/mitglieder-der-fachschaft-englisch\/\">&nbsp;<\/a><\/li>\n\n\n\n<li><strong><a href=\"https:\/\/tmg.m-bildung.de\/?page_id=2625\" data-type=\"page\" data-id=\"2625\">Schulaufgaben\u00fcbersicht und Lehrwerke<\/a>&nbsp;<\/strong>&nbsp;<\/li>\n\n\n\n<li><strong><a href=\"https:\/\/tmg.m-bildung.de\/?page_id=2627\" data-type=\"page\" data-id=\"2627\">\u00dcbungsmaterialliste und Literaturtipps<\/a><\/strong><a href=\"https:\/\/tmg.m-bildung.de\/uebungsmaterialliste-und-literaturtipps\/\">&nbsp;<\/a><\/li>\n\n\n\n<li><strong><a href=\"https:\/\/tmg.m-bildung.de\/?page_id=2630\" data-type=\"page\" data-id=\"2630\">Grundwissenskatalog und Lehrplan\u00fcbersicht<\/a><\/strong><a href=\"https:\/\/tmg.m-bildung.de\/grundwissenskatalog-und-lehrplanuebersicht\/\">&nbsp;<\/a><\/li>\n\n\n\n<li><strong><a href=\"https:\/\/tmg.m-bildung.de\/?page_id=2632\" data-type=\"page\" data-id=\"2632\">Auslandsfahrten<\/a><\/strong>\u00a0<\/li>\n\n\n\n<li><strong><a href=\"https:\/\/tmg.m-bildung.de\/?page_id=2635\" data-type=\"page\" data-id=\"2635\">Weitere Aktionen und Angebote der Englischfachschaft<\/a><\/strong><a href=\"https:\/\/tmg.m-bildung.de\/weitere-aktionen-und-angebote-der-englischfachschaft\/\">\u00a0<\/a><\/li>\n<\/ul>\n","protected":false},"excerpt":{"rendered":"<p>\u201cThe ability to read, write and analyze; the confidence to stand up and demand justice and equality[&#8230;]&nbsp;\u2013 all of that starts with education.\u201d (Michelle Obama) App,&nbsp;Bagel, Cupcake,&nbsp;Fashion,&nbsp;Hotdog,&nbsp;Internet,&nbsp;Make-Up,&nbsp;Provider,&nbsp;Streaming, Router, Trend, Update, Work-Life-Balance, YouTube, Zoom&nbsp;\u2013 and the list goes on.&nbsp; Egal in &hellip; <a href=\"https:\/\/tmg.m-bildung.de\/?page_id=770\">Weiterlesen <span class=\"meta-nav\">&rarr;<\/span><\/a><\/p>\n","protected":false},"author":1,"featured_media":0,"parent":0,"menu_order":0,"comment_status":"closed","ping_status":"closed","template":"sidebar-page.php","meta":{"footnotes":""},"class_list":["post-770","page","type-page","status-publish","hentry"],"_links":{"self":[{"href":"https:\/\/tmg.m-bildung.de\/index.php?rest_route=\/wp\/v2\/pages\/770","targetHints":{"allow":["GET"]}}],"collection":[{"href":"https:\/\/tmg.m-bildung.de\/index.php?rest_route=\/wp\/v2\/pages"}],"about":[{"href":"https:\/\/tmg.m-bildung.de\/index.php?rest_route=\/wp\/v2\/types\/page"}],"author":[{"embeddable":true,"href":"https:\/\/tmg.m-bildung.de\/index.php?rest_route=\/wp\/v2\/users\/1"}],"replies":[{"embeddable":true,"href":"https:\/\/tmg.m-bildung.de\/index.php?rest_route=%2Fwp%2Fv2%2Fcomments&post=770"}],"version-history":[{"count":4,"href":"https:\/\/tmg.m-bildung.de\/index.php?rest_route=\/wp\/v2\/pages\/770\/revisions"}],"predecessor-version":[{"id":5595,"href":"https:\/\/tmg.m-bildung.de\/index.php?rest_route=\/wp\/v2\/pages\/770\/revisions\/5595"}],"wp:attachment":[{"href":"https:\/\/tmg.m-bildung.de\/index.php?rest_route=%2Fwp%2Fv2%2Fmedia&parent=770"}],"curies":[{"name":"wp","href":"https:\/\/api.w.org\/{rel}","templated":true}]}}