{"id":605,"date":"2019-01-05T11:26:26","date_gmt":"2019-01-05T10:26:26","guid":{"rendered":"http:\/\/www.tmg-musin.de\/?page_id=605"},"modified":"2026-01-11T14:02:26","modified_gmt":"2026-01-11T14:02:26","slug":"deutsch","status":"publish","type":"page","link":"https:\/\/tmg.m-bildung.de\/?page_id=605","title":{"rendered":"Deutsch"},"content":{"rendered":"\n<blockquote class=\"wp-block-quote is-layout-flow wp-block-quote-is-layout-flow\">\n<p><br><em>Die Grenzen meiner Sprache bedeuten die Grenzen meiner Welt. <\/em><\/p>\n<cite> Ludwig Wittgenstein <\/cite><\/blockquote>\n\n\n<div class=\"wp-block-image\">\n<figure class=\"aligncenter size-full\"><img loading=\"lazy\" decoding=\"async\" width=\"448\" height=\"336\" src=\"http:\/\/tmg.m-bildung.de\/wp-content\/uploads\/2025\/12\/Deutsch.jpg\" alt=\"\" class=\"wp-image-5502\" srcset=\"https:\/\/tmg.m-bildung.de\/wp-content\/uploads\/2025\/12\/Deutsch.jpg 448w, https:\/\/tmg.m-bildung.de\/wp-content\/uploads\/2025\/12\/Deutsch-300x225.jpg 300w, https:\/\/tmg.m-bildung.de\/wp-content\/uploads\/2025\/12\/Deutsch-400x300.jpg 400w\" sizes=\"auto, (max-width: 448px) 100vw, 448px\" \/><\/figure>\n<\/div>\n\n\n<h3 class=\"wp-block-heading\">Fachprofil<\/h3>\n\n\n\n<p>Das Fach Deutsch vermittelt sprachlich-kommunikative Kompetenzen, die f\u00fcr Schule, Studium und Beruf grundlegend sind. Deshalb steht im Deutschunterricht die&nbsp; Entwicklung von m\u00fcndlicher und schriftlicher Sprachf\u00e4higkeit im Zentrum, dar\u00fcber hinaus werden die Kinder und Jugendlichen dazu angeleitet, sich mit literarischen Werken der Vergangenheit und Gegenwart auseinanderzusetzen.<\/p>\n\n\n\n<p>Das Fach Deutsch hat aufgrund seiner f\u00e4cher\u00fcbergreifenden Ausrichtung herausragende Bedeutung innerhalb des gymnasialen F\u00e4cherkanons und tr\u00e4gt ganz wesentlich zum Lernerfolg in anderen F\u00e4chern bei. Doch sprachliche Kompetenzen er\u00f6ffnen nicht nur den Zugang zu Schule, Studium und Beruf, sondern sind auch grundlegend f\u00fcr das menschliche Zusammenleben. Daher ist es uns ein gro\u00dfes Anliegen, die kommunikativen Kompetenzen unserer Sch\u00fclerinnen und Sch\u00fcler zu f\u00f6rdern.<\/p>\n\n\n\n<p><p>Die Kinder und Jugendlichen setzen sich am TMG mit anspruchsvollen Sach- und Gebrauchstexten auseinander. Besonders wichtig ist uns auch die intensive Besch\u00e4ftigung mit literarischen Werken der Vergangenheit und Gegenwart, da dies die Pers\u00f6nlichkeitsbildung wesentlich unterst\u00fctzt, die Entwicklung von Empathie f\u00f6rdert, zu selbstst\u00e4ndigem Denken, einer kulturellen Identifikation sowie Verantwortungsbereitschaft f\u00fcr Mensch und Welt f\u00fchrt. Selbstverst\u00e4ndlich leiten wir die Heranwachsenden auch zu einem selbstbestimmten und kreativen Umgang mit Medien an. Einen Schwerpunkt an unserer Schule bildet die Theaterarbeit, die eine ganz andere Art darstellt, sich selbst und die Welt erfahrbar zu machen. Ebenso liegt uns die individuelle F\u00f6rderung der Sch\u00fclerinnen und Sch\u00fcler am Herzen. Dabei ist uns als Fachschaft Deutsch bewusst:<\/p>\n<p><em>Niemand kann andere gut f\u00fchren, wenn er sich nicht ehrlich an deren Erfolgen zu freuen vermag. <\/em><span style=\"font-style: italic;\">Thomas Mann<\/span><\/p><\/p>\n\n\n\n<ul class=\"wp-block-list\">\n<li><a href=\"https:\/\/tmg.m-bildung.de\/?page_id=2316\" data-type=\"link\" data-id=\"https:\/\/tmg.m-bildung.de\/?page_id=2316\">Fachschaft Deutsch<\/a><\/li>\n\n\n\n<li><a href=\"https:\/\/tmg.m-bildung.de\/?page_id=2318\">Deutschunterricht <\/a><\/li>\n\n\n\n<li><a href=\"https:\/\/tmg.m-bildung.de\/?page_id=2320\" data-type=\"link\" data-id=\"https:\/\/tmg.m-bildung.de\/?page_id=2320\">Zusatzangebote\/Projekte<\/a><\/li>\n\n\n\n<li><a href=\"https:\/\/tmg.m-bildung.de\/?page_id=2322\">Weiterf\u00fchrende Links<\/a><\/li>\n<\/ul>\n\n\n\n<p><\/p>\n","protected":false},"excerpt":{"rendered":"<p>Die Grenzen meiner Sprache bedeuten die Grenzen meiner Welt. Ludwig Wittgenstein Fachprofil Das Fach Deutsch vermittelt sprachlich-kommunikative Kompetenzen, die f\u00fcr Schule, Studium und Beruf grundlegend sind. Deshalb steht im Deutschunterricht die&nbsp; Entwicklung von m\u00fcndlicher und schriftlicher Sprachf\u00e4higkeit im Zentrum, dar\u00fcber &hellip; <a href=\"https:\/\/tmg.m-bildung.de\/?page_id=605\">Weiterlesen <span class=\"meta-nav\">&rarr;<\/span><\/a><\/p>\n","protected":false},"author":1,"featured_media":0,"parent":0,"menu_order":0,"comment_status":"closed","ping_status":"closed","template":"sidebar-page.php","meta":{"footnotes":""},"class_list":["post-605","page","type-page","status-publish","hentry"],"_links":{"self":[{"href":"https:\/\/tmg.m-bildung.de\/index.php?rest_route=\/wp\/v2\/pages\/605","targetHints":{"allow":["GET"]}}],"collection":[{"href":"https:\/\/tmg.m-bildung.de\/index.php?rest_route=\/wp\/v2\/pages"}],"about":[{"href":"https:\/\/tmg.m-bildung.de\/index.php?rest_route=\/wp\/v2\/types\/page"}],"author":[{"embeddable":true,"href":"https:\/\/tmg.m-bildung.de\/index.php?rest_route=\/wp\/v2\/users\/1"}],"replies":[{"embeddable":true,"href":"https:\/\/tmg.m-bildung.de\/index.php?rest_route=%2Fwp%2Fv2%2Fcomments&post=605"}],"version-history":[{"count":5,"href":"https:\/\/tmg.m-bildung.de\/index.php?rest_route=\/wp\/v2\/pages\/605\/revisions"}],"predecessor-version":[{"id":5534,"href":"https:\/\/tmg.m-bildung.de\/index.php?rest_route=\/wp\/v2\/pages\/605\/revisions\/5534"}],"wp:attachment":[{"href":"https:\/\/tmg.m-bildung.de\/index.php?rest_route=%2Fwp%2Fv2%2Fmedia&parent=605"}],"curies":[{"name":"wp","href":"https:\/\/api.w.org\/{rel}","templated":true}]}}