{"id":603,"date":"2019-01-05T11:26:07","date_gmt":"2019-01-05T10:26:07","guid":{"rendered":"http:\/\/www.tmg-musin.de\/?page_id=603"},"modified":"2019-01-05T11:26:07","modified_gmt":"2019-01-05T10:26:07","slug":"chemie","status":"publish","type":"page","link":"https:\/\/tmg.m-bildung.de\/?page_id=603","title":{"rendered":"Chemie"},"content":{"rendered":"\n<p class=\"is-layout-flow wp-block-quote-is-layout-flow\"><em>\u201eNichts im Leben sollte gef\u00fcrchtet werden \u2013 es sollte nur verstanden werden.\u201c \u2013 Marie Curie<\/em><\/p>\n<p><strong><em>Entdecke am Thomas-Mann-Gymnasium die Faszination der Chemie!<\/em><\/strong><\/p>\n<p>Am Thomas Mann Gymnasium haben die Sch\u00fclerinnen und Sch\u00fcler die M\u00f6glichkeit, in die spannende Welt der Chemie einzutauchen. Durch Experimente und theoretische Studien lernen sie die grundlegenden Konzepte und Prinzipien der faszinierenden Wissenschaft kennen, um die Welt um uns herum auch auf submikroskopischer Ebene zu verstehen. Sie entdecken, wie verschiedene Elemente miteinander reagieren, wie einfache Molek\u00fcle unsere Luft bilden, organische Verbindungen gebildet werden, die das Leben erm\u00f6glichen und wie Energie in chemischen Reaktionen umgewandelt wird.<\/p>\n<p>Durch die Auseinandersetzung mit der Chemie entwickeln Sch\u00fclerinnen und Sch\u00fcler nicht nur ein tieferes Verst\u00e4ndnis f\u00fcr die Naturgesetze, sondern auch wichtige F\u00e4higkeiten wie kritisches Denken, Probleml\u00f6sung und Experimentieren. Durch gut ausgestattete Labore, engagierte Lehrkr\u00e4fte und vielf\u00e4ltige Unterrichtsmethoden m\u00f6chten wir das Interesse an der Chemie wecken und die Begeisterung f\u00fcr diese faszinierende Wissenschaft f\u00f6rdern.<\/p>\n<p><strong>Projekte und Wahlkurse im Fach Chemie:<\/strong><\/p>\n<ul>\n<li>Regelm\u00e4\u00dfige Ausfl\u00fcge zum Sch\u00fclerInnen Labor der LMU und andere naturwissenschaftliche Einrichtungen<\/li>\n<li>M\u00f6gliche Teilnahme an renommierten Wettbewerben mit spannenden Experimenten und Preisen (Internationale Junior-Science-Olympiade, Jugend forscht, Internationale Chemie Olympiade, Bundesweiter DECHEMAX, u.v.m.)<\/li>\n<li>Plus-Kurs f\u00fcr interessierte Sch\u00fcler und Sch\u00fclerinnen<\/li>\n<\/ul>\n<p><strong>Auszug vergangener W- und P-Seminare:<\/strong><\/p>\n<ul>\n<li>Atommodelle aus dem SJ 17\/18<\/li>\n<li>Hausmittel vs. Industrieprodukte (W-Seminar aus dem SJ 22\/24<\/li>\n<li>Chemie im neuen Schulhaus aus dem SJ 23\/24<\/li>\n<\/ul>\n","protected":false},"excerpt":{"rendered":"<p>\u201eNichts im Leben sollte gef\u00fcrchtet werden \u2013 es sollte nur verstanden werden.\u201c \u2013 Marie Curie Entdecke am Thomas-Mann-Gymnasium die Faszination der Chemie! Am Thomas Mann Gymnasium haben die Sch\u00fclerinnen und Sch\u00fcler die M\u00f6glichkeit, in die spannende Welt der Chemie einzutauchen. &hellip; <a href=\"https:\/\/tmg.m-bildung.de\/?page_id=603\">Weiterlesen <span class=\"meta-nav\">&rarr;<\/span><\/a><\/p>\n","protected":false},"author":1,"featured_media":0,"parent":0,"menu_order":0,"comment_status":"closed","ping_status":"closed","template":"sidebar-page.php","meta":{"footnotes":""},"class_list":["post-603","page","type-page","status-publish","hentry"],"_links":{"self":[{"href":"https:\/\/tmg.m-bildung.de\/index.php?rest_route=\/wp\/v2\/pages\/603","targetHints":{"allow":["GET"]}}],"collection":[{"href":"https:\/\/tmg.m-bildung.de\/index.php?rest_route=\/wp\/v2\/pages"}],"about":[{"href":"https:\/\/tmg.m-bildung.de\/index.php?rest_route=\/wp\/v2\/types\/page"}],"author":[{"embeddable":true,"href":"https:\/\/tmg.m-bildung.de\/index.php?rest_route=\/wp\/v2\/users\/1"}],"replies":[{"embeddable":true,"href":"https:\/\/tmg.m-bildung.de\/index.php?rest_route=%2Fwp%2Fv2%2Fcomments&post=603"}],"version-history":[{"count":0,"href":"https:\/\/tmg.m-bildung.de\/index.php?rest_route=\/wp\/v2\/pages\/603\/revisions"}],"wp:attachment":[{"href":"https:\/\/tmg.m-bildung.de\/index.php?rest_route=%2Fwp%2Fv2%2Fmedia&parent=603"}],"curies":[{"name":"wp","href":"https:\/\/api.w.org\/{rel}","templated":true}]}}