{"id":5754,"date":"2026-02-26T19:34:03","date_gmt":"2026-02-26T19:34:03","guid":{"rendered":"https:\/\/tmg.m-bildung.de\/?page_id=5754"},"modified":"2026-02-26T19:38:11","modified_gmt":"2026-02-26T19:38:11","slug":"sozialarbeit","status":"publish","type":"page","link":"https:\/\/tmg.m-bildung.de\/?page_id=5754","title":{"rendered":"Sozialarbeit"},"content":{"rendered":"\n<figure class=\"wp-block-image size-full\"><img loading=\"lazy\" decoding=\"async\" width=\"400\" height=\"436\" src=\"http:\/\/tmg.m-bildung.de\/wp-content\/uploads\/2026\/02\/cef0dc44-1ba1-4480-91d4-1499e0eba27a2-1-e1772134668716.jpg\" alt=\"\" class=\"wp-image-5759\"\/><\/figure>\n\n\n\n<p>Ansprechperson: <br><br>Alena Belahur ( Sozialp\u00e4dagogin)<\/p>\n\n\n\n<p>Raum 216,&nbsp; Tel. 089745030954<\/p>\n\n\n\n<p><a href=\"mailto:Email:a.belahur@muenchen\" target=\"_blank\" rel=\"noreferrer noopener\">Email:a.belahur@muenchen.de<\/a><\/p>\n\n\n\n<p>Termin nach Vereinbarung per Telefon oder Mail.&nbsp;<br><\/p>\n\n\n\n<p><strong>Themen der Schulsozialarbeit<\/strong><\/p>\n\n\n\n<p>Erziehungsgewalt: Leichte Formen von k\u00f6rperlicher oder psychischer Gewalt, die erzieherisch motiviert sind, aber zu kurzfristigem Schmerz f\u00fchren k\u00f6nnen. &nbsp;<\/p>\n\n\n\n<p>Sexueller Missbrauch:dazu geh\u00f6ren anz\u00fcgliche Bemerkungen, die Verbreitung von Pornografie oder \u00fcberzogene sexuelle Gespr\u00e4che. &nbsp;<\/p>\n\n\n\n<p>Beratung und Unterst\u00fctzung bei pers\u00f6nlichen Problemen (Stress, \u00c4ngste, Selbstwertprobleme)<br>Konflikte innerhalb der Familie oder mit Freunden<br>Umgang mit Mobbing und Ausgrenzung<\/p>\n\n\n\n<p>Konfliktmanagement und Mediation<br>Vermittlung bei Streitigkeiten zwischen Sch\u00fcler:innen<br>Unterst\u00fctzung bei Konflikten mit Lehrkr\u00e4ften und\/oder Erziehungsberechtigten&nbsp;<\/p>\n\n\n\n<p>Aufkl\u00e4rung zu Themen wie Sucht (Alkohol, Drogen, Medien)<br>Sexualp\u00e4dagogik<\/p>\n\n\n\n<p>Schulische Integration und Inklusion<br>Unterst\u00fctzung von Sch\u00fcler:innen mit besonderem F\u00f6rderbedarf<br>Hilfe bei Lernschwierigkeiten oder Motivationstiefs<\/p>\n\n\n\n<p>Vernetzung mit au\u00dferschulischen Hilfen, sowie Vermittlung an Beratungsstellen, Einrichtungen der Jugendhilfe, Psychologen etc.<\/p>\n","protected":false},"excerpt":{"rendered":"<p>Ansprechperson: Alena Belahur ( Sozialp\u00e4dagogin) Raum 216,&nbsp; Tel. 089745030954 Email:a.belahur@muenchen.de Termin nach Vereinbarung per Telefon oder Mail.&nbsp; Themen der Schulsozialarbeit Erziehungsgewalt: Leichte Formen von k\u00f6rperlicher oder psychischer Gewalt, die erzieherisch motiviert sind, aber zu kurzfristigem Schmerz f\u00fchren k\u00f6nnen. &nbsp; Sexueller &hellip; <a href=\"https:\/\/tmg.m-bildung.de\/?page_id=5754\">Weiterlesen <span class=\"meta-nav\">&rarr;<\/span><\/a><\/p>\n","protected":false},"author":1,"featured_media":0,"parent":0,"menu_order":0,"comment_status":"closed","ping_status":"closed","template":"","meta":{"footnotes":""},"class_list":["post-5754","page","type-page","status-publish","hentry"],"_links":{"self":[{"href":"https:\/\/tmg.m-bildung.de\/index.php?rest_route=\/wp\/v2\/pages\/5754","targetHints":{"allow":["GET"]}}],"collection":[{"href":"https:\/\/tmg.m-bildung.de\/index.php?rest_route=\/wp\/v2\/pages"}],"about":[{"href":"https:\/\/tmg.m-bildung.de\/index.php?rest_route=\/wp\/v2\/types\/page"}],"author":[{"embeddable":true,"href":"https:\/\/tmg.m-bildung.de\/index.php?rest_route=\/wp\/v2\/users\/1"}],"replies":[{"embeddable":true,"href":"https:\/\/tmg.m-bildung.de\/index.php?rest_route=%2Fwp%2Fv2%2Fcomments&post=5754"}],"version-history":[{"count":4,"href":"https:\/\/tmg.m-bildung.de\/index.php?rest_route=\/wp\/v2\/pages\/5754\/revisions"}],"predecessor-version":[{"id":5762,"href":"https:\/\/tmg.m-bildung.de\/index.php?rest_route=\/wp\/v2\/pages\/5754\/revisions\/5762"}],"wp:attachment":[{"href":"https:\/\/tmg.m-bildung.de\/index.php?rest_route=%2Fwp%2Fv2%2Fmedia&parent=5754"}],"curies":[{"name":"wp","href":"https:\/\/api.w.org\/{rel}","templated":true}]}}