{"id":4880,"date":"2025-01-30T17:10:59","date_gmt":"2025-01-30T16:10:59","guid":{"rendered":"https:\/\/tmg.musin.de\/?page_id=4880"},"modified":"2026-01-24T13:59:53","modified_gmt":"2026-01-24T13:59:53","slug":"kunstklasse","status":"publish","type":"page","link":"https:\/\/tmg.m-bildung.de\/?page_id=4880","title":{"rendered":"Kunstklasse"},"content":{"rendered":"<p><a href=\"https:\/\/tmg.m-bildung.de\/kunstklasse\/bildschirmfoto-2025-01-30-um-17-10-35\/\" rel=\"attachment wp-att-4887\"><img loading=\"lazy\" decoding=\"async\" class=\"alignnone size-full wp-image-5699\" src=\"http:\/\/tmg.m-bildung.de\/wp-content\/uploads\/2026\/01\/Kunstklasse.jpg\" alt=\"\" width=\"540\" height=\"406\" srcset=\"https:\/\/tmg.m-bildung.de\/wp-content\/uploads\/2026\/01\/Kunstklasse.jpg 540w, https:\/\/tmg.m-bildung.de\/wp-content\/uploads\/2026\/01\/Kunstklasse-300x226.jpg 300w, https:\/\/tmg.m-bildung.de\/wp-content\/uploads\/2026\/01\/Kunstklasse-399x300.jpg 399w\" sizes=\"auto, (max-width: 540px) 100vw, 540px\" \/><\/a><\/p>\n<p><a href=\"https:\/\/tmg.m-bildung.de\/kunstklasse\/unbenannt1-4\/\" rel=\"attachment wp-att-4884\"><img loading=\"lazy\" decoding=\"async\" class=\"alignnone size-full wp-image-5700\" src=\"http:\/\/tmg.m-bildung.de\/wp-content\/uploads\/2026\/01\/Kunstklasse1.jpg\" alt=\"\" width=\"440\" height=\"531\" srcset=\"https:\/\/tmg.m-bildung.de\/wp-content\/uploads\/2026\/01\/Kunstklasse1.jpg 440w, https:\/\/tmg.m-bildung.de\/wp-content\/uploads\/2026\/01\/Kunstklasse1-249x300.jpg 249w\" sizes=\"auto, (max-width: 440px) 100vw, 440px\" \/><img loading=\"lazy\" decoding=\"async\" class=\"alignnone size-full wp-image-5701\" src=\"http:\/\/tmg.m-bildung.de\/wp-content\/uploads\/2026\/01\/Kunstklasse2.jpg\" alt=\"\" width=\"500\" height=\"300\" srcset=\"https:\/\/tmg.m-bildung.de\/wp-content\/uploads\/2026\/01\/Kunstklasse2.jpg 500w, https:\/\/tmg.m-bildung.de\/wp-content\/uploads\/2026\/01\/Kunstklasse2-300x180.jpg 300w\" sizes=\"auto, (max-width: 500px) 100vw, 500px\" \/><\/a><\/p>\n<p>In der Kunstklasse lernen die Kinder, ihre Sinne zu sch\u00e4rfen und herauszufinden, was sie pers\u00f6nlich interessiert. Dabei wird bewusst der Unterrichtsalltag aller F\u00e4cher in die Suche mit einbezogen. Auf Grundlage ihrer Beobachtungen begleiten wir die Kinder dabei, ein eigenes Forschungsthema zu finden und zu benennen. Die Kinder sammeln ihre Beobachtungen und Erkenntnisse in einem Forschertagebuch und verdichten sie in einem eigenen Kunstwerk. Am Ende der f\u00fcnften Klasse wird die Kunstklasse eine gemeinsame Ausstellung machen. Als Ergebnis der sechsten Klasse werden die Kinder einen k\u00fcnstlerischen Vortrag halten und mit der Klasse gemeinsam einen Comic produzieren.<\/p>\n<p>Ausgehend von den Alltagserfahrungen der einzelnen Kinder, nutzen wir verschiedene vorwissenschaftliche Verfahren wie das Sammeln, Systematisieren, Experimentieren und Ausstellen, um unterschiedlichste Ph\u00e4nomene des jeweiligen Forschungsthemas mit \u00e4sthetischen Mitteln zu dokumentieren, zu analysieren und auszuwerten.<\/p>\n<p>P\u00e4dagogisches Denk- und Handlungs-gel\u00e4nder bietet uns das Konzept der \u201e\u00c4sthetischen Forschung\u201c nach Helga K\u00e4mpf-Jan\u00dfen. In der Kunstklasse wird sch\u00fclerorientiert, prozessorientiert und ergebnisoffen gearbeitet. Nichtsdestotrotz ist das oberste Ziel jeden Schuljahres ein k\u00fcnstlerisches Produkt.<\/p>\n<p>In den vergangenen drei Jahren konnte eine nachhaltige Kooperationspartnerschaft zwischen dem Lehrstuhl f\u00fcr Kunstp\u00e4dagogik an der Akademie der bildenden K\u00fcnste M\u00fcnchen und der Fachschaft Kunst des TMGs aufgebaut werden. Die Projektklasse wird dadurch von zus\u00e4tzlichen personellen Ressourcen in der Betreuung profitieren. Die gesammelten Erfahrungen mit Projektunterricht und das in diesem Netzwerk entstandene Know-How werden in die erste Kunstklasse am TMG einflie\u00dfen.<\/p>\n<p><strong>Wer ist f\u00fcr eine Kunstklasse geeignet?<\/strong><\/p>\n<p>Geeignet ist jedes Kind, das neugierig ist und gerne zeichnet, malt, filmt oder fotografiert. Kinder, die nicht nur mit dem Kopf, sondern auch mit H\u00e4nden, Augen, Ohren, F\u00fc\u00dfen und dem ganzen K\u00f6rper lernen m\u00f6chten und in einer inspirierenden Lerngemeinschaft ihrer Neugier nachgehen und sich k\u00fcnstlerisch ausdr\u00fccken m\u00f6chten.<\/p>\n<p><strong>Davon wird Ihr Kind \u00fcber die Kunstklasse hinaus profitieren:<\/strong><\/p>\n<ul>\n<li>Einblicke in kreative und k\u00fcnstlerische Berufe und direkte Hilfestellungen von externen Kunstschaffenden<\/li>\n<li>Lernerfahrungen und Bildungsmomente direkt vor Ort<\/li>\n<li>sinnliche, handwerkliche und praktische Zug\u00e4nge zur Welt als wertvolles Gegengewicht zu der Benutzung digitaler Endger\u00e4te<\/li>\n<li>Kompetenzen in der Verwendung kreativer Apps<\/li>\n<li>F\u00e4higkeit, intrinsisch motiviert, selbst regulativ und mit dem n\u00f6tigen Durchhalteverm\u00f6gen einem Interesse nachzugehen und eine Idee umzusetzen.<\/li>\n<li>F\u00f6rderung von Kreativit\u00e4t und fluider Intelligenz<\/li>\n<li>breites Spektrum an k\u00fcnstlerischen Ausdrucksmitteln<\/li>\n<li>greifbare Selbstwirksamkeitserfahrungen<\/li>\n<li>Selbstvertrauen und dem Mut das Ergebnis der eigenen Arbeit der \u00d6ffentlichkeit zu pr\u00e4sentieren<\/li>\n<li>F\u00e4higkeit zu improvisatorischem Handeln und assoziativem Denken<\/li>\n<li>Erkennen f\u00e4cher\u00fcbergreifender Zusammenh\u00e4nge<\/li>\n<li>wachsamer Blick f\u00fcrs Detail und einem Verst\u00e4ndnis f\u00fcr das Sch\u00f6ne in der Welt<\/li>\n<\/ul>\n<p><img loading=\"lazy\" decoding=\"async\" class=\"alignnone size-full wp-image-5702\" src=\"http:\/\/tmg.m-bildung.de\/wp-content\/uploads\/2026\/01\/Kunstklasse14.jpg\" alt=\"\" width=\"302\" height=\"400\" srcset=\"https:\/\/tmg.m-bildung.de\/wp-content\/uploads\/2026\/01\/Kunstklasse14.jpg 302w, https:\/\/tmg.m-bildung.de\/wp-content\/uploads\/2026\/01\/Kunstklasse14-227x300.jpg 227w\" sizes=\"auto, (max-width: 302px) 100vw, 302px\" \/><\/p>\n","protected":false},"excerpt":{"rendered":"<p>In der Kunstklasse lernen die Kinder, ihre Sinne zu sch\u00e4rfen und herauszufinden, was sie pers\u00f6nlich interessiert. Dabei wird bewusst der Unterrichtsalltag aller F\u00e4cher in die Suche mit einbezogen. Auf Grundlage ihrer Beobachtungen begleiten wir die Kinder dabei, ein eigenes Forschungsthema &hellip; <a href=\"https:\/\/tmg.m-bildung.de\/?page_id=4880\">Weiterlesen <span class=\"meta-nav\">&rarr;<\/span><\/a><\/p>\n","protected":false},"author":1,"featured_media":0,"parent":0,"menu_order":0,"comment_status":"closed","ping_status":"closed","template":"","meta":{"footnotes":""},"class_list":["post-4880","page","type-page","status-publish","hentry"],"_links":{"self":[{"href":"https:\/\/tmg.m-bildung.de\/index.php?rest_route=\/wp\/v2\/pages\/4880","targetHints":{"allow":["GET"]}}],"collection":[{"href":"https:\/\/tmg.m-bildung.de\/index.php?rest_route=\/wp\/v2\/pages"}],"about":[{"href":"https:\/\/tmg.m-bildung.de\/index.php?rest_route=\/wp\/v2\/types\/page"}],"author":[{"embeddable":true,"href":"https:\/\/tmg.m-bildung.de\/index.php?rest_route=\/wp\/v2\/users\/1"}],"replies":[{"embeddable":true,"href":"https:\/\/tmg.m-bildung.de\/index.php?rest_route=%2Fwp%2Fv2%2Fcomments&post=4880"}],"version-history":[{"count":1,"href":"https:\/\/tmg.m-bildung.de\/index.php?rest_route=\/wp\/v2\/pages\/4880\/revisions"}],"predecessor-version":[{"id":5703,"href":"https:\/\/tmg.m-bildung.de\/index.php?rest_route=\/wp\/v2\/pages\/4880\/revisions\/5703"}],"wp:attachment":[{"href":"https:\/\/tmg.m-bildung.de\/index.php?rest_route=%2Fwp%2Fv2%2Fmedia&parent=4880"}],"curies":[{"name":"wp","href":"https:\/\/api.w.org\/{rel}","templated":true}]}}