{"id":4249,"date":"2023-09-06T13:11:34","date_gmt":"2023-09-06T11:11:34","guid":{"rendered":"https:\/\/tmg.musin.de\/?page_id=4249"},"modified":"2025-12-28T19:15:13","modified_gmt":"2025-12-28T19:15:13","slug":"lerncoaching","status":"publish","type":"page","link":"https:\/\/tmg.m-bildung.de\/?page_id=4249","title":{"rendered":"Lerncoaching"},"content":{"rendered":"<p>Im Schuljahr 23\/24 f\u00fchren engagierte Lehrkr\u00e4fte das \u201eLerncoaching\u201c am TMG zun\u00e4chst f\u00fcr die Jahrgangsstufen 5-7 ein. Dieses soll die Sch\u00fcler*innen &#8211; unabh\u00e4ngig von der jeweiligen Leistung &#8211; unterst\u00fctzen und dabei helfen, ihre F\u00e4higkeiten zu nutzen, weiterzuentwickeln und eigenverantwortlich zu handeln, um somit (wieder) Erfolgserlebnisse zu haben.<\/p>\n<p>Die Lerncoaches bieten individuelle Unterst\u00fctzung an. Hierbei werden beispielweise Themen wie Lernblockaden, Motivations- und Konzentrationsprobleme, Ressourcennutzung etc. angegangen.<\/p>\n<p>Wie l\u00e4uft das Lerncoaching ab?<\/p>\n<ul>\n<li>Vorschlag f\u00fcr das Lerncoaching durch die Klassenleitung oder eigenst\u00e4ndige Bewerbung \u00fcber das Direktorat bei Frau Mittenzwei<\/li>\n<li>Ausf\u00fcllen des \u201eBewerbungsformular f\u00fcr das Lerncoaching\u201c<\/li>\n<li>Warteliste<\/li>\n<li>Zuweisung eines Lerncoaches und gemeinsame Terminfindung<\/li>\n<li>Erstgespr\u00e4ch zur Zielvereinbarung (Fokus auf pers\u00f6nliches Potential und die derzeitige schulische und private Situation)<\/li>\n<li>Folgegespr\u00e4che zur Begleitung und Weiterentwicklung der formulierten Ziele in 4-6 Einheiten (ca. 20 Minuten je Einheit)<\/li>\n<li>abschlie\u00dfendes Reflexionsgespr\u00e4ch<\/li>\n<\/ul>\n<p>Das Lernchoaching-Team im Schuljahr 23\/24:<\/p>\n<ul>\n<li>Susanna Dorffmeister<\/li>\n<li>Stephan Merkle<\/li>\n<li>Jutta Neum\u00e4rker<\/li>\n<li>Sebastian Schott<\/li>\n<li>Daniel Schunk<\/li>\n<\/ul>\n<p><em>\u201eAlle wollen immer nur den Kopf in die Schule schicken, aber immer kommt das ganze Kind.\u201c (Ursula Forster)<\/em><\/p>\n<p>Wir freuen uns auf eine gute Zusammenarbeit!<\/p>\n<p>Hier geht es zum Bewerbungsformular:<\/p>\n<p><img loading=\"lazy\" decoding=\"async\" class=\"alignnone size-full wp-image-5487\" src=\"http:\/\/tmg.m-bildung.de\/wp-content\/uploads\/2025\/12\/Download.png\" alt=\"\" width=\"1120\" height=\"1585\" srcset=\"https:\/\/tmg.m-bildung.de\/wp-content\/uploads\/2025\/12\/Download.png 1120w, https:\/\/tmg.m-bildung.de\/wp-content\/uploads\/2025\/12\/Download-212x300.png 212w, https:\/\/tmg.m-bildung.de\/wp-content\/uploads\/2025\/12\/Download-724x1024.png 724w, https:\/\/tmg.m-bildung.de\/wp-content\/uploads\/2025\/12\/Download-768x1087.png 768w, https:\/\/tmg.m-bildung.de\/wp-content\/uploads\/2025\/12\/Download-1085x1536.png 1085w\" sizes=\"auto, (max-width: 1120px) 100vw, 1120px\" \/><\/p>\n","protected":false},"excerpt":{"rendered":"<p>Im Schuljahr 23\/24 f\u00fchren engagierte Lehrkr\u00e4fte das \u201eLerncoaching\u201c am TMG zun\u00e4chst f\u00fcr die Jahrgangsstufen 5-7 ein. Dieses soll die Sch\u00fcler*innen &#8211; unabh\u00e4ngig von der jeweiligen Leistung &#8211; unterst\u00fctzen und dabei helfen, ihre F\u00e4higkeiten zu nutzen, weiterzuentwickeln und eigenverantwortlich zu handeln, &hellip; <a href=\"https:\/\/tmg.m-bildung.de\/?page_id=4249\">Weiterlesen <span class=\"meta-nav\">&rarr;<\/span><\/a><\/p>\n","protected":false},"author":1,"featured_media":0,"parent":0,"menu_order":0,"comment_status":"closed","ping_status":"closed","template":"sidebar-page.php","meta":{"footnotes":""},"class_list":["post-4249","page","type-page","status-publish","hentry"],"_links":{"self":[{"href":"https:\/\/tmg.m-bildung.de\/index.php?rest_route=\/wp\/v2\/pages\/4249","targetHints":{"allow":["GET"]}}],"collection":[{"href":"https:\/\/tmg.m-bildung.de\/index.php?rest_route=\/wp\/v2\/pages"}],"about":[{"href":"https:\/\/tmg.m-bildung.de\/index.php?rest_route=\/wp\/v2\/types\/page"}],"author":[{"embeddable":true,"href":"https:\/\/tmg.m-bildung.de\/index.php?rest_route=\/wp\/v2\/users\/1"}],"replies":[{"embeddable":true,"href":"https:\/\/tmg.m-bildung.de\/index.php?rest_route=%2Fwp%2Fv2%2Fcomments&post=4249"}],"version-history":[{"count":2,"href":"https:\/\/tmg.m-bildung.de\/index.php?rest_route=\/wp\/v2\/pages\/4249\/revisions"}],"predecessor-version":[{"id":5488,"href":"https:\/\/tmg.m-bildung.de\/index.php?rest_route=\/wp\/v2\/pages\/4249\/revisions\/5488"}],"wp:attachment":[{"href":"https:\/\/tmg.m-bildung.de\/index.php?rest_route=%2Fwp%2Fv2%2Fmedia&parent=4249"}],"curies":[{"name":"wp","href":"https:\/\/api.w.org\/{rel}","templated":true}]}}