{"id":415,"date":"2018-03-30T17:44:03","date_gmt":"2018-03-30T15:44:03","guid":{"rendered":"http:\/\/schule.prinzessin-auf-abenteuerurlaub.de\/?page_id=415"},"modified":"2025-12-29T09:31:08","modified_gmt":"2025-12-29T09:31:08","slug":"einraummuseum","status":"publish","type":"page","link":"https:\/\/tmg.m-bildung.de\/?page_id=415","title":{"rendered":"Thomas-Mann-Museum"},"content":{"rendered":"\n<figure class=\"wp-block-image size-full\"><img loading=\"lazy\" decoding=\"async\" width=\"1024\" height=\"577\" src=\"http:\/\/tmg.m-bildung.de\/wp-content\/uploads\/2025\/12\/TMG-Museum-1024x577-1.jpg\" alt=\"\" class=\"wp-image-5498\" srcset=\"https:\/\/tmg.m-bildung.de\/wp-content\/uploads\/2025\/12\/TMG-Museum-1024x577-1.jpg 1024w, https:\/\/tmg.m-bildung.de\/wp-content\/uploads\/2025\/12\/TMG-Museum-1024x577-1-300x169.jpg 300w, https:\/\/tmg.m-bildung.de\/wp-content\/uploads\/2025\/12\/TMG-Museum-1024x577-1-768x433.jpg 768w, https:\/\/tmg.m-bildung.de\/wp-content\/uploads\/2025\/12\/TMG-Museum-1024x577-1-500x282.jpg 500w\" sizes=\"auto, (max-width: 1024px) 100vw, 1024px\" \/><\/figure>\n\n\n\n<p>Bereits zum vierzigj\u00e4hrigen Jubil\u00e4um hat man sich intensiv mit Leben und Werk von Thomas Mann auseinander gesetzt. Und nun erneut nach zehn Jahren zum f\u00fcnfzigj\u00e4hrigen Jubil\u00e4um. Es entstand die Idee, ein kleines Museum an unserer Schule einzurichten, damit diese Auseinandersetzung kontinuierlicher, nachhaltiger und m\u00f6glichst ein Sch\u00fclerleben lang erfolgen kann. Das kleine Museum ist wie ein begehbares Fotoalbum, das einen mit auf die Reise nimmt zu den vielen Stationen des ereignisreichen Lebens unseres Namenspatrons. Thomas Mann soll als Mensch, Schriftsteller, aktiver Gegner des Nationalsozialismus und Exilant erfahrbar werden. Einen Schwerpunkt stellt freilich das Leben der Familie Mann in M\u00fcnchen dar. Neben Sch\u00fclerarbeiten, Bildern und Textdokumenten gibt es auch ein Grammophon, mit dem man &#8211; ganz wie Thomas Mann zu seiner Zeit &#8211; den Kl\u00e4ngen von Musik lauschen kann.<br>Sehr unterst\u00fctzt wurden wir bei der Gestaltung des Museums vom Thomas-Mann-Forum M\u00fcnchen, dabei besonders durch den Vorsitzenden Dr. Dirk Hei\u00dferer, den S. Fischer Verlag, dem Buddenbrookhaus L\u00fcbeck, dem Thomas-Mann-Archiv Z\u00fcrich und der Monacensia. Nicht zuletzt konnte das Museum erst Realit\u00e4t werden durch die gro\u00dfz\u00fcgige finanzielle Unterst\u00fctzung unseres F\u00f6rdervereins und unserer Schule.<br>Idealerweise sollen Sch\u00fclerinnen und Sch\u00fcler mit dem kommenden Schuljahr einmal pro Schuljahr das Museum unter einem bestimmten thematischen Schwerpunkt besuchen und so mit den Jahren eine facettenreiche Vorstellung von Leben und Werk unseres Namensgebers entwickeln. Ferner soll das Museum auch offen sein f\u00fcr externe Besucher sowie Sch\u00fclerinnen und Sch\u00fclern anderer Schulen.<\/p>\n\n\n\n<blockquote class=\"wp-block-quote is-layout-flow wp-block-quote-is-layout-flow\">\n<p>Man soll machen, was einem Freude verhei\u00dft. Es besteht die gr\u00f6\u00dfte Wahrscheinlichkeit, dass es auch der Welt eine Freude machen wird.<\/p>\n<cite>(Thomas Mann)<\/cite><\/blockquote>\n","protected":false},"excerpt":{"rendered":"<p>Bereits zum vierzigj\u00e4hrigen Jubil\u00e4um hat man sich intensiv mit Leben und Werk von Thomas Mann auseinander gesetzt. Und nun erneut nach zehn Jahren zum f\u00fcnfzigj\u00e4hrigen Jubil\u00e4um. Es entstand die Idee, ein kleines Museum an unserer Schule einzurichten, damit diese Auseinandersetzung &hellip; <a href=\"https:\/\/tmg.m-bildung.de\/?page_id=415\">Weiterlesen <span class=\"meta-nav\">&rarr;<\/span><\/a><\/p>\n","protected":false},"author":1,"featured_media":0,"parent":0,"menu_order":0,"comment_status":"closed","ping_status":"closed","template":"sidebar-page.php","meta":{"footnotes":""},"class_list":["post-415","page","type-page","status-publish","hentry"],"_links":{"self":[{"href":"https:\/\/tmg.m-bildung.de\/index.php?rest_route=\/wp\/v2\/pages\/415","targetHints":{"allow":["GET"]}}],"collection":[{"href":"https:\/\/tmg.m-bildung.de\/index.php?rest_route=\/wp\/v2\/pages"}],"about":[{"href":"https:\/\/tmg.m-bildung.de\/index.php?rest_route=\/wp\/v2\/types\/page"}],"author":[{"embeddable":true,"href":"https:\/\/tmg.m-bildung.de\/index.php?rest_route=\/wp\/v2\/users\/1"}],"replies":[{"embeddable":true,"href":"https:\/\/tmg.m-bildung.de\/index.php?rest_route=%2Fwp%2Fv2%2Fcomments&post=415"}],"version-history":[{"count":1,"href":"https:\/\/tmg.m-bildung.de\/index.php?rest_route=\/wp\/v2\/pages\/415\/revisions"}],"predecessor-version":[{"id":5501,"href":"https:\/\/tmg.m-bildung.de\/index.php?rest_route=\/wp\/v2\/pages\/415\/revisions\/5501"}],"wp:attachment":[{"href":"https:\/\/tmg.m-bildung.de\/index.php?rest_route=%2Fwp%2Fv2%2Fmedia&parent=415"}],"curies":[{"name":"wp","href":"https:\/\/api.w.org\/{rel}","templated":true}]}}