{"id":3750,"date":"2023-01-12T15:43:30","date_gmt":"2023-01-12T14:43:30","guid":{"rendered":"https:\/\/tmg.musin.de\/?page_id=3750"},"modified":"2023-01-12T15:43:30","modified_gmt":"2023-01-12T14:43:30","slug":"qualitaetssicherung-und-entwicklung","status":"publish","type":"page","link":"https:\/\/tmg.m-bildung.de\/?page_id=3750","title":{"rendered":"Qualit\u00e4tssicherung und Entwicklung"},"content":{"rendered":"<p>Im Rahmen der\u00a0<strong>Q<\/strong>ualit\u00e4ts<strong>S<\/strong>icherung und \u2013<strong>E<\/strong>ntwicklung \u2013 kurz QSE \u2013 versuchen wir das St\u00e4dt. Thomas-Mann-Gymnasium im Sinne des M\u00fcnchener Weges stetig weiter zu entwickeln und zu optimieren. Daf\u00fcr engagieren sich viele Mitglieder der gesamten Schulfamilie mit Zeit und M\u00fche in verschiedenen tempor\u00e4ren oder festen Arbeitskreisen. Es ist uns ein Anliegen, unsere Schule sowohl f\u00fcr unsere unseren Sch\u00fcler*innen und Sch\u00fclern zu einem sicheren, angenehmen Ort zu machen, an dem sie motiviert und gut lernen d\u00fcrfen, aber selbstverst\u00e4ndlich auch zu einem Arbeitsplatz, an dem unsere Lehrkr\u00e4fte ihr ganzes Potential entfalten k\u00f6nnen.<\/p>\n<p>Die QSE-Arbeit wird von einer Steuergruppe, bestehend aus drei Lehrkr\u00e4ften, die eine zweij\u00e4hrige Zusatzqualifikation zur QSE-Fachkraft durchlaufen haben, gelenkt. Die einzelnen Arbeitskreise sind offen f\u00fcr alle interessierten Lehrkr\u00e4fte.<\/p>\n<p><strong>IN ARBEIT\u2026<\/strong><\/p>\n<ul>\n<li>Visualisierung schuleigener Prozesse als Unterst\u00fctzung f\u00fcr Lehrkr\u00e4fte<\/li>\n<li>Erstellung eines TMG-Wikis<\/li>\n<li>Vorbereitung und Durchf\u00fchrung des j\u00e4hrlichen p\u00e4dagogischen Tags f\u00fcr die Lehrkr\u00e4fte<\/li>\n<\/ul>\n<p><strong>FERTIG\u2026<\/strong><\/p>\n<ul>\n<li>Onboarding f\u00fcr neue Lehrkr\u00e4fte<\/li>\n<li>QSE-Board zur Information der Lehrkr\u00e4fte<\/li>\n<li>Leitbild<\/li>\n<li>Schulentwicklungsprogramm (wird jedes Jahr aktualisiert)<\/li>\n<\/ul>\n<p>&nbsp;<\/p>\n","protected":false},"excerpt":{"rendered":"<p>Im Rahmen der\u00a0Qualit\u00e4tsSicherung und \u2013Entwicklung \u2013 kurz QSE \u2013 versuchen wir das St\u00e4dt. Thomas-Mann-Gymnasium im Sinne des M\u00fcnchener Weges stetig weiter zu entwickeln und zu optimieren. Daf\u00fcr engagieren sich viele Mitglieder der gesamten Schulfamilie mit Zeit und M\u00fche in verschiedenen &hellip; <a href=\"https:\/\/tmg.m-bildung.de\/?page_id=3750\">Weiterlesen <span class=\"meta-nav\">&rarr;<\/span><\/a><\/p>\n","protected":false},"author":1,"featured_media":0,"parent":0,"menu_order":0,"comment_status":"closed","ping_status":"closed","template":"sidebar-page.php","meta":{"footnotes":""},"class_list":["post-3750","page","type-page","status-publish","hentry"],"_links":{"self":[{"href":"https:\/\/tmg.m-bildung.de\/index.php?rest_route=\/wp\/v2\/pages\/3750","targetHints":{"allow":["GET"]}}],"collection":[{"href":"https:\/\/tmg.m-bildung.de\/index.php?rest_route=\/wp\/v2\/pages"}],"about":[{"href":"https:\/\/tmg.m-bildung.de\/index.php?rest_route=\/wp\/v2\/types\/page"}],"author":[{"embeddable":true,"href":"https:\/\/tmg.m-bildung.de\/index.php?rest_route=\/wp\/v2\/users\/1"}],"replies":[{"embeddable":true,"href":"https:\/\/tmg.m-bildung.de\/index.php?rest_route=%2Fwp%2Fv2%2Fcomments&post=3750"}],"version-history":[{"count":0,"href":"https:\/\/tmg.m-bildung.de\/index.php?rest_route=\/wp\/v2\/pages\/3750\/revisions"}],"wp:attachment":[{"href":"https:\/\/tmg.m-bildung.de\/index.php?rest_route=%2Fwp%2Fv2%2Fmedia&parent=3750"}],"curies":[{"name":"wp","href":"https:\/\/api.w.org\/{rel}","templated":true}]}}