{"id":3718,"date":"2023-01-12T15:08:00","date_gmt":"2023-01-12T14:08:00","guid":{"rendered":"https:\/\/tmg.musin.de\/?page_id=3718"},"modified":"2023-01-12T15:08:00","modified_gmt":"2023-01-12T14:08:00","slug":"begabtenfoerderung-2","status":"publish","type":"page","link":"https:\/\/tmg.m-bildung.de\/?page_id=3718","title":{"rendered":"Begabtenf\u00f6rderung"},"content":{"rendered":"<p><strong>Begabtenf\u00f6rderung<\/strong><\/p>\n<p>In den Klassenstufen 6, 7 und 8 werden jeweils zwei Begabtenf\u00f6rderungskurse angeboten, einer mit naturwissenschaftlichem Schwerpunkt und einer im sprachlichen Bereich. Die teilnehmenden Sch\u00fclerinnen und Sch\u00fcler werden im Vorjahr durch die Klassenkonferenzen vorgeschlagen und in den Sommerferien zu den Kursen des kommenden Schuljahres eingeladen. Die Teilnehmerzahl umfasst ca. f\u00fcnf bis f\u00fcnfzehn Sch\u00fclerinnen und Sch\u00fcler.<\/p>\n<table width=\"567\">\n<tbody>\n<tr>\n<td width=\"106\"><strong>Klassenstufe<\/strong><\/td>\n<td width=\"238\"><strong>Naturwissenschaftlicher Schwerpunkt<\/strong><\/td>\n<td width=\"215\"><strong>Sprachlicher Schwerpunkt<\/strong><\/td>\n<\/tr>\n<tr>\n<td width=\"106\"><strong>6<\/strong><\/td>\n<td width=\"238\">Roboterbau mit LEGO Mindstorms<\/td>\n<td width=\"215\">\u00a0English Reading Club<\/td>\n<\/tr>\n<tr>\n<td width=\"106\"><strong>7<\/strong><\/td>\n<td width=\"238\">MINT Kurs<\/td>\n<td width=\"215\">Sprachlicher Kurs<\/td>\n<\/tr>\n<\/tbody>\n<\/table>\n<p>Ab dem Schuljahr 2025-26 wird erstmals die, durch die Deutsche Telekomstiftung gef\u00f6rderte, Junior-Ingenieur-Akademie f\u00fcr 8. Kl\u00e4ssler angeboten, welche in der 9. Klasse weitergef\u00fchrt wird.<\/p>\n<p>Sch\u00fclerinnen und Sch\u00fcler der 9. und 10. Jahrgangsstufe haben die M\u00f6glichkeit an der individuellen Lernzeitverk\u00fcrzung (ILV) teilzunehmen und erhalten hier unter anderem zus\u00e4tzliche F\u00f6rderung.<\/p>\n<p>In der 11. Klassenstufe d\u00fcrfen die vorgeschlagenen Sch\u00fclerinnen und Sch\u00fcler einen Labortag sowie ein einw\u00f6chiges Praktikum bei unserem Kooperationsunternehmen Infineon am Campeon Neibiberg absolvieren.<\/p>\n<p>Ebenfalls darf eine Sch\u00fclerin oder ein Sch\u00fcler am Unitag der LMU M\u00fcnchen teilnehmen und verbringt die Freitage eines Semesters in der Uni statt bei uns in der Schule.<\/p>\n<p>Auch Seminare seitens des Landes zu unterschiedlichen Themengebieten d\u00fcrfen einzelne, besonders begabte Sch\u00fclerinnen und Sch\u00fcler besuchen.<\/p>\n<p>Neben all diesen F\u00f6rderangeboten motivieren wir unsere Sch\u00fclerinnen und Sch\u00fcler zur Teilnahme an Sch\u00fclerwettbewerbe, wie bspw. Jugend forscht, um ihr Potenzial voll auszusch\u00f6pfen und ihre Begabungen zu f\u00f6rdern.<\/p>\n","protected":false},"excerpt":{"rendered":"<p>Begabtenf\u00f6rderung In den Klassenstufen 6, 7 und 8 werden jeweils zwei Begabtenf\u00f6rderungskurse angeboten, einer mit naturwissenschaftlichem Schwerpunkt und einer im sprachlichen Bereich. Die teilnehmenden Sch\u00fclerinnen und Sch\u00fcler werden im Vorjahr durch die Klassenkonferenzen vorgeschlagen und in den Sommerferien zu den &hellip; <a href=\"https:\/\/tmg.m-bildung.de\/?page_id=3718\">Weiterlesen <span class=\"meta-nav\">&rarr;<\/span><\/a><\/p>\n","protected":false},"author":1,"featured_media":0,"parent":0,"menu_order":0,"comment_status":"closed","ping_status":"closed","template":"sidebar-page.php","meta":{"footnotes":""},"class_list":["post-3718","page","type-page","status-publish","hentry"],"_links":{"self":[{"href":"https:\/\/tmg.m-bildung.de\/index.php?rest_route=\/wp\/v2\/pages\/3718","targetHints":{"allow":["GET"]}}],"collection":[{"href":"https:\/\/tmg.m-bildung.de\/index.php?rest_route=\/wp\/v2\/pages"}],"about":[{"href":"https:\/\/tmg.m-bildung.de\/index.php?rest_route=\/wp\/v2\/types\/page"}],"author":[{"embeddable":true,"href":"https:\/\/tmg.m-bildung.de\/index.php?rest_route=\/wp\/v2\/users\/1"}],"replies":[{"embeddable":true,"href":"https:\/\/tmg.m-bildung.de\/index.php?rest_route=%2Fwp%2Fv2%2Fcomments&post=3718"}],"version-history":[{"count":0,"href":"https:\/\/tmg.m-bildung.de\/index.php?rest_route=\/wp\/v2\/pages\/3718\/revisions"}],"wp:attachment":[{"href":"https:\/\/tmg.m-bildung.de\/index.php?rest_route=%2Fwp%2Fv2%2Fmedia&parent=3718"}],"curies":[{"name":"wp","href":"https:\/\/api.w.org\/{rel}","templated":true}]}}