{"id":3667,"date":"2022-12-20T10:12:09","date_gmt":"2022-12-20T09:12:09","guid":{"rendered":"https:\/\/tmg.musin.de\/?page_id=3667"},"modified":"2022-12-20T10:12:09","modified_gmt":"2022-12-20T09:12:09","slug":"umweltschule-am-tmg","status":"publish","type":"page","link":"https:\/\/tmg.m-bildung.de\/?page_id=3667","title":{"rendered":"Umweltschule am TMG"},"content":{"rendered":"<p><a href=\"https:\/\/www.lbv.de\/umweltbildung\/fuer-schulen\/umweltschule-in-europa\/\"><img loading=\"lazy\" decoding=\"async\" class=\"alignnone wp-image-3767 size-large\" src=\"https:\/\/tmg.m-bildung.de\/wp-content\/uploads\/2023\/01\/1_1-1024x629.png\" alt=\"\" width=\"1024\" height=\"629\" \/><\/a><\/p>\n<p><strong>Das st\u00e4dt. Thomas-Mann-Gymnasium ist bereits seit 1999 Teil der Umweltschulen Europas und damit eine der \u00e4ltesten Umweltschulen Bayerns. Seit mehr als 10 Jahren und j\u00e4hrlich wiederkehrend ist das<br \/>\nSt\u00e4dt. Thomas-Mann-Gymnasium als 3-Sterne-Umweltschule, der h\u00f6chsten Ehrung innerhalb des Netzwerks, ausgezeichnet. <\/strong><\/p>\n<p>Den Leits\u00e4tzen der UNITED NATIONS und ihrer 17 Nachhaltigkeitszielen folgend, konzentriert sich die \u201eUmweltschule TMG\u201c darauf Sch\u00fclerinnen und Sch\u00fcler zur aktiven Gestaltung einer \u00f6kologisch vertr\u00e4glichen, wirtschaftlich leistungsf\u00e4higen und sozial gerechten Umwelt unter Ber\u00fccksichtigung globaler Aspekte zu bef\u00e4higen.<\/p>\n<p>Unsere Sch\u00fclerinnen und Sch\u00fcler wie auch unsere gesamte Schulfamilie verstehen nachhaltige Entwicklung als andauernden und gesamtgesellschaftlichen Wandlungs- und Gestaltungsprozess, der es erm\u00f6glicht, die Lebensqualit\u00e4t der gegenw\u00e4rtigen Generation zu sichern und gleichzeitig die Wahlm\u00f6glichkeiten zuk\u00fcnftiger Generationen zur Gestaltung ihres Lebens zu erhalten.<\/p>\n<p><strong>Als 3-Sterne-Umweltschule zeichnet sich das St\u00e4dt. Thomas-Mann-Gymnasium innerhalb des Netzwerks der Umweltschulen Europas wie folgt aus:<\/strong><\/p>\n<p><img loading=\"lazy\" decoding=\"async\" class=\"alignnone wp-image-3773 size-large\" src=\"https:\/\/tmg.m-bildung.de\/wp-content\/uploads\/2023\/01\/111-1024x489.png\" alt=\"\" width=\"1024\" height=\"489\" \/><\/p>\n<p><strong>Umweltschutzbeauftragter ist Herr Schunk.<br \/>\n<\/strong><\/p>\n<p>Koordination und Organisation aller Umweltschul-Aktivit\u00e4ten der Schule wie z. B.:<\/p>\n<ul>\n<li>allgemeine Fragen zu Umweltschulprojekten, schulweiten Konzepten und Vereinbarungen, Implementation von Projekten und Inhalten im Unterricht am TMG.<\/li>\n<li>Organisation umweltbezogener Symposien in Pr\u00e4senz wie auch im virtuellen Raum.<\/li>\n<li>Koordination au\u00dferschulischer Lernorte sowie der Mitwirkung Externer (z. B. Universit\u00e4ten, Akademien, Projektpartnern, \u00f6rtlichen Organisationen und Einrichtungen).<\/li>\n<li>Kommunikations- und Informationsaufgaben zu j\u00e4hrlichen Schwerpunkten, Entwicklungen, Ausstellungen, Bewerbungen und Akkreditierungen.<\/li>\n<li>J\u00e4hrliche Bewerbung als 3-Sterne-Umweltschule.<\/li>\n<\/ul>\n","protected":false},"excerpt":{"rendered":"<p>Das st\u00e4dt. Thomas-Mann-Gymnasium ist bereits seit 1999 Teil der Umweltschulen Europas und damit eine der \u00e4ltesten Umweltschulen Bayerns. Seit mehr als 10 Jahren und j\u00e4hrlich wiederkehrend ist das St\u00e4dt. Thomas-Mann-Gymnasium als 3-Sterne-Umweltschule, der h\u00f6chsten Ehrung innerhalb des Netzwerks, ausgezeichnet. Den &hellip; <a href=\"https:\/\/tmg.m-bildung.de\/?page_id=3667\">Weiterlesen <span class=\"meta-nav\">&rarr;<\/span><\/a><\/p>\n","protected":false},"author":1,"featured_media":0,"parent":0,"menu_order":0,"comment_status":"closed","ping_status":"closed","template":"sidebar-page.php","meta":{"footnotes":""},"class_list":["post-3667","page","type-page","status-publish","hentry"],"_links":{"self":[{"href":"https:\/\/tmg.m-bildung.de\/index.php?rest_route=\/wp\/v2\/pages\/3667","targetHints":{"allow":["GET"]}}],"collection":[{"href":"https:\/\/tmg.m-bildung.de\/index.php?rest_route=\/wp\/v2\/pages"}],"about":[{"href":"https:\/\/tmg.m-bildung.de\/index.php?rest_route=\/wp\/v2\/types\/page"}],"author":[{"embeddable":true,"href":"https:\/\/tmg.m-bildung.de\/index.php?rest_route=\/wp\/v2\/users\/1"}],"replies":[{"embeddable":true,"href":"https:\/\/tmg.m-bildung.de\/index.php?rest_route=%2Fwp%2Fv2%2Fcomments&post=3667"}],"version-history":[{"count":0,"href":"https:\/\/tmg.m-bildung.de\/index.php?rest_route=\/wp\/v2\/pages\/3667\/revisions"}],"wp:attachment":[{"href":"https:\/\/tmg.m-bildung.de\/index.php?rest_route=%2Fwp%2Fv2%2Fmedia&parent=3667"}],"curies":[{"name":"wp","href":"https:\/\/api.w.org\/{rel}","templated":true}]}}