{"id":3562,"date":"2022-12-16T18:13:41","date_gmt":"2022-12-16T17:13:41","guid":{"rendered":"https:\/\/tmg.musin.de\/?page_id=3562"},"modified":"2026-01-13T16:03:44","modified_gmt":"2026-01-13T16:03:44","slug":"mint","status":"publish","type":"page","link":"https:\/\/tmg.m-bildung.de\/?page_id=3562","title":{"rendered":"MINT"},"content":{"rendered":"<figure class=\"wp-block-image\"><img loading=\"lazy\" decoding=\"async\" class=\"alignnone size-full wp-image-5544\" src=\"http:\/\/tmg.m-bildung.de\/wp-content\/uploads\/2026\/01\/Mint-am-TMG.png\" alt=\"\" width=\"514\" height=\"348\" srcset=\"https:\/\/tmg.m-bildung.de\/wp-content\/uploads\/2026\/01\/Mint-am-TMG.png 514w, https:\/\/tmg.m-bildung.de\/wp-content\/uploads\/2026\/01\/Mint-am-TMG-300x203.png 300w, https:\/\/tmg.m-bildung.de\/wp-content\/uploads\/2026\/01\/Mint-am-TMG-443x300.png 443w\" sizes=\"auto, (max-width: 514px) 100vw, 514px\" \/><\/figure>\n<!-- \/wp:post-content -->\n\n<!-- wp:paragraph -->\n\n<strong>Um in modernen Berufen bestehen zu k\u00f6nnen und sich verantwortungsbewusst mit technischen Entwicklungen im derzeitigen Weltgeschehen auseinandersetzen zu k\u00f6nnen, sind fundierte Kenntnisse Im MINT-Bereich essentiell. Hierf\u00fcr muss im Rahmen der Schullaufbahn eine gute Grundlage geschaffen werden.<\/strong>","protected":false},"excerpt":{"rendered":"<p>Um in modernen Berufen bestehen zu k\u00f6nnen und sich verantwortungsbewusst mit technischen Entwicklungen im derzeitigen Weltgeschehen auseinandersetzen zu k\u00f6nnen, sind fundierte Kenntnisse Im MINT-Bereich essentiell. Hierf\u00fcr muss im Rahmen der Schullaufbahn eine gute Grundlage geschaffen werden.<\/p>\n","protected":false},"author":1,"featured_media":0,"parent":0,"menu_order":0,"comment_status":"closed","ping_status":"closed","template":"sidebar-page.php","meta":{"footnotes":""},"class_list":["post-3562","page","type-page","status-publish","hentry"],"_links":{"self":[{"href":"https:\/\/tmg.m-bildung.de\/index.php?rest_route=\/wp\/v2\/pages\/3562","targetHints":{"allow":["GET"]}}],"collection":[{"href":"https:\/\/tmg.m-bildung.de\/index.php?rest_route=\/wp\/v2\/pages"}],"about":[{"href":"https:\/\/tmg.m-bildung.de\/index.php?rest_route=\/wp\/v2\/types\/page"}],"author":[{"embeddable":true,"href":"https:\/\/tmg.m-bildung.de\/index.php?rest_route=\/wp\/v2\/users\/1"}],"replies":[{"embeddable":true,"href":"https:\/\/tmg.m-bildung.de\/index.php?rest_route=%2Fwp%2Fv2%2Fcomments&post=3562"}],"version-history":[{"count":1,"href":"https:\/\/tmg.m-bildung.de\/index.php?rest_route=\/wp\/v2\/pages\/3562\/revisions"}],"predecessor-version":[{"id":5545,"href":"https:\/\/tmg.m-bildung.de\/index.php?rest_route=\/wp\/v2\/pages\/3562\/revisions\/5545"}],"wp:attachment":[{"href":"https:\/\/tmg.m-bildung.de\/index.php?rest_route=%2Fwp%2Fv2%2Fmedia&parent=3562"}],"curies":[{"name":"wp","href":"https:\/\/api.w.org\/{rel}","templated":true}]}}