{"id":3540,"date":"2022-12-13T14:00:20","date_gmt":"2022-12-13T13:00:20","guid":{"rendered":"https:\/\/tmg.musin.de\/?page_id=3540"},"modified":"2022-12-13T14:00:20","modified_gmt":"2022-12-13T13:00:20","slug":"mint-ec-zertifikat","status":"publish","type":"page","link":"https:\/\/tmg.m-bildung.de\/?page_id=3540","title":{"rendered":"MINT EC Zertifikat"},"content":{"rendered":"<p>Das MINT-EC-Zertifikat wird von MINT-EC-Schulen zur Auszeichnung von Abiturientinnen und Abiturienten verliehen, die sich \u00fcber ihre gesamte Schullaufbahn hinweg und \u00fcber den Unterricht hinaus im MINT-Bereich engagiert haben.<\/p>\n<p>Sch\u00fclerinnen und Sch\u00fcler, die das MINT-EC-Zertifikat beantragen, m\u00fcssen Mindestanforderungen in den drei Anforderungsfeldern erf\u00fcllen:<\/p>\n<ul>\n<li><strong>I Fachliche Kompetenz<\/strong> (Sek II): zwei MINT-Abiturf\u00e4cher auf erh\u00f6htem Niveau oder drei MINT-Kurse, davon einer auf erh\u00f6htem Niveau<\/li>\n<li><strong>II Fachwissenschaftliches Arbeiten<\/strong> (Sek II): Fachwissenschaftliche Arbeit mit min. 10 Seiten, W-Seminar Arbeit oder Jugend forscht Teilnahme bzw. vergleichbarer Wettbewerb<\/li>\n<li><strong>III Zus\u00e4tzliche MINT-Aktivit\u00e4ten<\/strong>(Sek I und II): fachspezifische Praktika, Wettbewerbe, inner- und au\u00dferschulisches MINT-Engagement<\/li>\n<\/ul>\n<p>Das MINT-EC-Zertifikat kann, je nach individuell erreichter Gesamtpunktzahl, mit folgenden Pr\u00e4dikaten vergeben werden:<\/p>\n<ul>\n<li>&#8222;Mit Erfolg&#8220;,<\/li>\n<li>&#8222;Mit besonderem Erfolg&#8220;,<\/li>\n<li>&#8222;Mit Auszeichnung&#8220;.<\/li>\n<\/ul>\n<p>Hochschulen und Unternehmen bietet das MINT-EC-Zertifikat eine verl\u00e4ssliche, von den Schulsystemen der Bundesl\u00e4nder unabh\u00e4ngige Einordnung der Sch\u00fclerleistungen sowie der Anforderungsniveaus der zahlreichen MINT-Wettbewerbe, MINT-Camps und anderen MINT-Angeboten.<\/p>\n<p>Das MINT-EC-Zertifikat wurde mit Unterst\u00fctzung der Kultusministerkonferenz (KMK) zum Schuljahr 2014\/15 eingef\u00fchrt. Die Hochschulrektorenkonferenz (HRK), 4ING &#8211; die Fakult\u00e4tentage der Ingenieurwissenschaften und der Informatik an Universit\u00e4ten e. V. sowie die Bundesvereinigung der Deutschen Arbeitgeberverb\u00e4nde (BDA) und der Arbeitgeberverband Gesamtmetall erkennen das MINT-EC-Zertifikat an. Sie f\u00f6rdern damit die Akzeptanz und den Bekanntheitsgrad des MINT-EC-Zertifikats im Bildungsbereich, in der Wirtschaft sowie in Wissenschaft und Forschung.<\/p>\n<p>Die genauen Vergaberichtlinien finden sich auf folgender Webseite des MINT-EC Netzwerks unter <a href=\"https:\/\/www.mint-ec.de\/angebote\/schuelerinnen-und-schueler\/zertifikat\/\">https:\/\/www.mint-ec.de\/angebote\/schuelerinnen-und-schueler\/zertifikat\/<\/a><\/p>\n<p>Flyer: <a href=\"https:\/\/www.mint-ec.de\/fileadmin\/content\/dokumente_Zertifikat_oeffentlich\/Zertifikat-Flyer_Schu%CC%88lerInnen_2018_05.pdf\">https:\/\/www.mint-ec.de\/fileadmin\/content\/dokumente_Zertifikat_oeffentlich\/Zertifikat-Flyer_Schu%CC%88lerInnen_2018_05.pdf<\/a><\/p>\n<p>Formblatt zur Auflistung der Akivit\u00e4ten: <a href=\"https:\/\/www.mint-ec.de\/fileadmin\/certification\/archive\/Formblatt_Auflistung_Aktivit%C3%A4ten_08_2020.pdf\">https:\/\/www.mint-ec.de\/fileadmin\/certification\/archive\/Formblatt_Auflistung_Aktivit%C3%A4ten_08_2020.pdf<\/a><\/p>\n<p>Heft zur Dokumentation aller MINT Aktivit\u00e4ten: <a href=\"https:\/\/www.mint-ec.de\/fileadmin\/certification\/archive\/MINT-EC_Schu%CC%88lerheft_2020_A4.pdf\">https:\/\/www.mint-ec.de\/fileadmin\/certification\/archive\/MINT-EC_Schu%CC%88lerheft_2020_A4.pdf<\/a><\/p>\n","protected":false},"excerpt":{"rendered":"<p>Das MINT-EC-Zertifikat wird von MINT-EC-Schulen zur Auszeichnung von Abiturientinnen und Abiturienten verliehen, die sich \u00fcber ihre gesamte Schullaufbahn hinweg und \u00fcber den Unterricht hinaus im MINT-Bereich engagiert haben. Sch\u00fclerinnen und Sch\u00fcler, die das MINT-EC-Zertifikat beantragen, m\u00fcssen Mindestanforderungen in den drei &hellip; <a href=\"https:\/\/tmg.m-bildung.de\/?page_id=3540\">Weiterlesen <span class=\"meta-nav\">&rarr;<\/span><\/a><\/p>\n","protected":false},"author":1,"featured_media":0,"parent":0,"menu_order":0,"comment_status":"closed","ping_status":"closed","template":"sidebar-page.php","meta":{"footnotes":""},"class_list":["post-3540","page","type-page","status-publish","hentry"],"_links":{"self":[{"href":"https:\/\/tmg.m-bildung.de\/index.php?rest_route=\/wp\/v2\/pages\/3540","targetHints":{"allow":["GET"]}}],"collection":[{"href":"https:\/\/tmg.m-bildung.de\/index.php?rest_route=\/wp\/v2\/pages"}],"about":[{"href":"https:\/\/tmg.m-bildung.de\/index.php?rest_route=\/wp\/v2\/types\/page"}],"author":[{"embeddable":true,"href":"https:\/\/tmg.m-bildung.de\/index.php?rest_route=\/wp\/v2\/users\/1"}],"replies":[{"embeddable":true,"href":"https:\/\/tmg.m-bildung.de\/index.php?rest_route=%2Fwp%2Fv2%2Fcomments&post=3540"}],"version-history":[{"count":0,"href":"https:\/\/tmg.m-bildung.de\/index.php?rest_route=\/wp\/v2\/pages\/3540\/revisions"}],"wp:attachment":[{"href":"https:\/\/tmg.m-bildung.de\/index.php?rest_route=%2Fwp%2Fv2%2Fmedia&parent=3540"}],"curies":[{"name":"wp","href":"https:\/\/api.w.org\/{rel}","templated":true}]}}