{"id":3537,"date":"2022-12-13T13:59:06","date_gmt":"2022-12-13T12:59:06","guid":{"rendered":"https:\/\/tmg.musin.de\/?page_id=3537"},"modified":"2022-12-13T13:59:06","modified_gmt":"2022-12-13T12:59:06","slug":"mint-ec-angebote","status":"publish","type":"page","link":"https:\/\/tmg.m-bildung.de\/?page_id=3537","title":{"rendered":"MINT EC Angebote"},"content":{"rendered":"<div>\n<p class=\"Flietext\">Unseren Sch\u00fcler*innen stehen aufgrund unserer Mitgliedschaft im MINT EC Netzwerk verschiedene Veranstaltungsformate zur Verf\u00fcgung, die sie bei der Studien- und Berufsorientierung unterst\u00fctzen sollen. Dazu geh\u00f6ren<\/p>\n<p>&nbsp;<\/p>\n<\/div>\n<div>\n<p class=\"Flietext\"><b>MINT-EC Camps<\/b><\/p>\n<\/div>\n<div>\n<p class=\"Flietext\">Gemeinsam mit den MINT-EC-Schulen und Partnern wie Hochschulen, Unternehmen oder Verb\u00e4nden k\u00f6nnen mehr als 25 MINT-EC-Camps j\u00e4hrlich organisiert werden. W\u00e4hrend der mehrt\u00e4gigen Veranstaltungen entdecken die Sch\u00fclerinnen und Sch\u00fcler ein spezifisches MINT-Thema.<\/p>\n<\/div>\n<div>\n<p class=\"Flietext\"><b>MINT-EC Akademien<\/b><\/p>\n<\/div>\n<div>\n<p class=\"Flietext\">Eine Woche forschen Sch\u00fclerinnen und Sch\u00fcler intensiv mit Wissenschaftlerinnen und Wissenschaftlern zu einer aktuellen Fragestellung aus der Forschung. Dabei werden in Teams Problemstellungen bearbeitet, zu denen am Ende der Woche L\u00f6sungsvorschl\u00e4ge pr\u00e4sentiert werden.<\/p>\n<\/div>\n<div>\n<p class=\"Flietext\"><strong>MINT-EC-Forum<\/strong><\/p>\n<\/div>\n<div>\n<p class=\"Flietext\">Im zweit\u00e4gigen MINT-EC-Forum er\u00f6rtern Sch\u00fcler*innen Fragestellungen und Probleme eines MINT-Themas in einem seminar\u00e4hnlichen Rahmen. In Schnuppervorlesungen, Fachvortr\u00e4gen, Diskussionen mit Expert*innen und kleinen Workshop-Sessions betrachten sie die Forschungsfrage aus verschiedenen Blickwinkeln und setzen sich interaktiv mit ihr auseinander.<\/p>\n<\/div>\n<div>\n<p class=\"Flietext\"><strong>MINT100 \u2013 Das Regionalforum<\/strong><\/p>\n<\/div>\n<div>\n<p class=\"Flietext\">Eine MINT100 bietet &#8211; wie die MINT400 &#8211; Das Hauptstadtforum von MINT-EC &#8211; die Gelegenheit, auf einem Bildungsmarkt spannende Studien- und Berufsm\u00f6glichkeiten zu entdecken, sich in Workshops vertiefend mit einem selbst gew\u00e4hlten Thema auseinanderzusetzen und nat\u00fcrlich viele Gleichgesinnte kennenzulernen.<\/p>\n<\/div>\n<div>\n<p class=\"Flietext\"><strong>Das MINT-EC-Hauptstadtforum<\/strong><\/p>\n<\/div>\n<div>\n<p class=\"Flietext\">Einmal j\u00e4hrlich treffen sich 400 Sch\u00fclerinnen und Sch\u00fcler und 100 Lehrkr\u00e4fte von MINT-EC-Schulen zum gr\u00f6\u00dften Netzwerktreffen in Berlin. An zwei Tagen erwartet die Teilnehmenden ein inspirierendes MINT-Programm. Das Hauptstadtforum hat bisher als MINT400 oder als Digitalforum stattgefunden.<\/p>\n<\/div>\n<div>\n<p class=\"Flietext\"><strong>Organisation, Kosten und Versicherung<\/strong><\/p>\n<\/div>\n<div>\n<p class=\"Flietext\">Im Vorfeld \u00fcbernimmt MINT-EC die logistische Organisation (\u00dcbernachtung, Anmelde- und Teilnehmenden- Management) sowie die Bewerbung der Veranstaltung. Die Partner*innen \u00fcbernehmen die inhaltliche Ausgestaltung sowie die Kosten f\u00fcr die Durchf\u00fchrung, Unterbringung, Verpflegung und das Rahmenprogramm. Die Reisekosten f\u00fcr die Betreuung durch MINT-EC \u00fcbernehmen MINT-EC und die MINT-EC-Alumni selbst. F\u00fcr die Teilnehmer*innen wird keine Teilnahmegeb\u00fchr erhoben, sie tragen ausschlie\u00dflich die eigenen Reise-und \u00d6PNV-Kosten. Vor, w\u00e4hrend und nach der Veranstaltung sind die Teilnehmenden \u00fcber MINT-EC unfallversichert.<\/p>\n<\/div>\n<div>\n<p class=\"Flietext\">\n<\/div>\n<div>\n<p class=\"Flietext\">N\u00e4here Informationen zu Inhalten, Terminen sowie zur Anmeldung findet sich unter<\/p>\n<\/div>\n<div>\n<p class=\"Flietext\"><a href=\"https:\/\/www.mint-ec.de\/angebote\/schuelerinnen-und-schueler\/veranstaltungen\/\">https:\/\/www.mint-ec.de\/angebote\/schuelerinnen-und-schueler\/veranstaltungen\/<\/a><\/p>\n<\/div>\n<div>\n<p class=\"Flietext\">\n<\/div>\n<div>\n<p class=\"Flietext\">\n<\/div>\n","protected":false},"excerpt":{"rendered":"<p>Unseren Sch\u00fcler*innen stehen aufgrund unserer Mitgliedschaft im MINT EC Netzwerk verschiedene Veranstaltungsformate zur Verf\u00fcgung, die sie bei der Studien- und Berufsorientierung unterst\u00fctzen sollen. Dazu geh\u00f6ren &nbsp; MINT-EC Camps Gemeinsam mit den MINT-EC-Schulen und Partnern wie Hochschulen, Unternehmen oder Verb\u00e4nden k\u00f6nnen &hellip; <a href=\"https:\/\/tmg.m-bildung.de\/?page_id=3537\">Weiterlesen <span class=\"meta-nav\">&rarr;<\/span><\/a><\/p>\n","protected":false},"author":1,"featured_media":0,"parent":0,"menu_order":0,"comment_status":"closed","ping_status":"closed","template":"sidebar-page.php","meta":{"footnotes":""},"class_list":["post-3537","page","type-page","status-publish","hentry"],"_links":{"self":[{"href":"https:\/\/tmg.m-bildung.de\/index.php?rest_route=\/wp\/v2\/pages\/3537","targetHints":{"allow":["GET"]}}],"collection":[{"href":"https:\/\/tmg.m-bildung.de\/index.php?rest_route=\/wp\/v2\/pages"}],"about":[{"href":"https:\/\/tmg.m-bildung.de\/index.php?rest_route=\/wp\/v2\/types\/page"}],"author":[{"embeddable":true,"href":"https:\/\/tmg.m-bildung.de\/index.php?rest_route=\/wp\/v2\/users\/1"}],"replies":[{"embeddable":true,"href":"https:\/\/tmg.m-bildung.de\/index.php?rest_route=%2Fwp%2Fv2%2Fcomments&post=3537"}],"version-history":[{"count":0,"href":"https:\/\/tmg.m-bildung.de\/index.php?rest_route=\/wp\/v2\/pages\/3537\/revisions"}],"wp:attachment":[{"href":"https:\/\/tmg.m-bildung.de\/index.php?rest_route=%2Fwp%2Fv2%2Fmedia&parent=3537"}],"curies":[{"name":"wp","href":"https:\/\/api.w.org\/{rel}","templated":true}]}}