{"id":3532,"date":"2022-12-13T13:57:49","date_gmt":"2022-12-13T12:57:49","guid":{"rendered":"https:\/\/tmg.musin.de\/?page_id=3532"},"modified":"2022-12-13T13:57:49","modified_gmt":"2022-12-13T12:57:49","slug":"mint-kooperationen","status":"publish","type":"page","link":"https:\/\/tmg.m-bildung.de\/?page_id=3532","title":{"rendered":"MINT Kooperationen"},"content":{"rendered":"<p>Das TMG kooperiert im Rahmen seiner MINT Projekte und Angebote mit vielen Partnern. Dar\u00fcber sind wir sehr dankbar.<\/p>\n<p>Eine vollst\u00e4ndige Auflistung unserer Kooperationspartner folgt in K\u00fcrze.<\/p>\n<table>\n<tbody>\n<tr>\n<td colspan=\"2\" width=\"614\"><strong>Sch\u00fclerwettbewerb Junior ING<\/strong><\/td>\n<\/tr>\n<tr>\n<td width=\"324\"><img loading=\"lazy\" decoding=\"async\" class=\"alignnone size-full wp-image-3535\" src=\"https:\/\/tmg.m-bildung.de\/wp-content\/uploads\/2022\/12\/1.png\" alt=\"\" width=\"222\" height=\"116\" \/><\/td>\n<td width=\"290\">TU M\u00fcnchen \u2013 Lehrstuhl f\u00fcr Holzbau (Herr Thomas Engel)<\/p>\n<p>Webseite: <a href=\"https:\/\/www.cee.ed.tum.de\/hbb\/team\/engel-thomas\/\">https:\/\/www.cee.ed.tum.de\/hbb\/team\/engel-thomas\/<\/a><\/td>\n<\/tr>\n<tr>\n<td width=\"324\"><img loading=\"lazy\" decoding=\"async\" class=\"alignnone size-medium wp-image-3534\" src=\"https:\/\/tmg.m-bildung.de\/wp-content\/uploads\/2022\/12\/2-300x90.png\" alt=\"\" width=\"300\" height=\"90\" \/><\/td>\n<td width=\"290\">Dautermann Ingenieure GmbH<\/p>\n<p>Webseite: <a href=\"http:\/\/dautermann-ingenieure.de\/\">http:\/\/dautermann-ingenieure.de\/<\/a><\/td>\n<\/tr>\n<tr>\n<td colspan=\"2\" width=\"614\"><strong>Sicherheitstag<\/strong><\/td>\n<\/tr>\n<tr>\n<td width=\"324\"><img loading=\"lazy\" decoding=\"async\" class=\"alignnone size-full wp-image-3533\" src=\"https:\/\/tmg.m-bildung.de\/wp-content\/uploads\/2022\/12\/3.png\" alt=\"\" width=\"136\" height=\"178\" \/><\/td>\n<td width=\"290\">Freiwillige Feuerwehr M\u00fcnchen Abteilung Forstenried<\/td>\n<\/tr>\n<\/tbody>\n<\/table>\n","protected":false},"excerpt":{"rendered":"<p>Das TMG kooperiert im Rahmen seiner MINT Projekte und Angebote mit vielen Partnern. Dar\u00fcber sind wir sehr dankbar. Eine vollst\u00e4ndige Auflistung unserer Kooperationspartner folgt in K\u00fcrze. Sch\u00fclerwettbewerb Junior ING TU M\u00fcnchen \u2013 Lehrstuhl f\u00fcr Holzbau (Herr Thomas Engel) Webseite: https:\/\/www.cee.ed.tum.de\/hbb\/team\/engel-thomas\/ &hellip; <a href=\"https:\/\/tmg.m-bildung.de\/?page_id=3532\">Weiterlesen <span class=\"meta-nav\">&rarr;<\/span><\/a><\/p>\n","protected":false},"author":1,"featured_media":0,"parent":0,"menu_order":0,"comment_status":"closed","ping_status":"closed","template":"sidebar-page.php","meta":{"footnotes":""},"class_list":["post-3532","page","type-page","status-publish","hentry"],"_links":{"self":[{"href":"https:\/\/tmg.m-bildung.de\/index.php?rest_route=\/wp\/v2\/pages\/3532","targetHints":{"allow":["GET"]}}],"collection":[{"href":"https:\/\/tmg.m-bildung.de\/index.php?rest_route=\/wp\/v2\/pages"}],"about":[{"href":"https:\/\/tmg.m-bildung.de\/index.php?rest_route=\/wp\/v2\/types\/page"}],"author":[{"embeddable":true,"href":"https:\/\/tmg.m-bildung.de\/index.php?rest_route=\/wp\/v2\/users\/1"}],"replies":[{"embeddable":true,"href":"https:\/\/tmg.m-bildung.de\/index.php?rest_route=%2Fwp%2Fv2%2Fcomments&post=3532"}],"version-history":[{"count":0,"href":"https:\/\/tmg.m-bildung.de\/index.php?rest_route=\/wp\/v2\/pages\/3532\/revisions"}],"wp:attachment":[{"href":"https:\/\/tmg.m-bildung.de\/index.php?rest_route=%2Fwp%2Fv2%2Fmedia&parent=3532"}],"curies":[{"name":"wp","href":"https:\/\/api.w.org\/{rel}","templated":true}]}}