{"id":3511,"date":"2022-12-13T14:14:16","date_gmt":"2022-12-13T13:14:16","guid":{"rendered":"https:\/\/tmg.musin.de\/?page_id=3511"},"modified":"2022-12-13T14:14:16","modified_gmt":"2022-12-13T13:14:16","slug":"mint-auszeichnungen","status":"publish","type":"page","link":"https:\/\/tmg.m-bildung.de\/?page_id=3511","title":{"rendered":"MINT Auszeichnungen"},"content":{"rendered":"<p>&nbsp;<\/p>\n<table>\n<tbody>\n<tr>\n<td width=\"264\"><img loading=\"lazy\" decoding=\"async\" class=\"alignnone size-full wp-image-3513\" src=\"https:\/\/tmg.m-bildung.de\/wp-content\/uploads\/2022\/12\/Unbenannt.jpg\" alt=\"\" width=\"278\" height=\"140\" \/><\/p>\n<p><a href=\"https:\/\/www.mint-ec.de\/\">https:\/\/www.mint-ec.de\/<\/a><\/p>\n<p>Erstzertifizierung des st\u00e4dtischen Thomas-Mann-Gymnasiums im Jahr 2022<\/td>\n<td width=\"350\">\n<p style=\"text-align: left;\">Der Verein MINT-EC existiert weit \u00fcber 20 Jahren und <strong>nur 339 Schulen in ganz Deutschland<\/strong> haben bisher die Aufnahme in diesen <strong>Verein mathematisch-naturwissenschaftlicher Excellence-Center<\/strong> an Schulen geschafft. Ziel des Vereins MINT-EC ist es, Sch\u00fcler der Sekundarstufe II f\u00fcr die MINT-F\u00e4cher Mathematik, Informatik, Naturwissenschaften und Technik zu begeistern und sie darin zu f\u00f6rdern und das sowohl auf breitem als auch auf hohem Niveau. Durch ein anspruchsvolles und <strong>strenges Auswahlverfahren <\/strong>k\u00f6nnen Schulen Teil dieses Vereins werden und sich dann als Netzwerkschule des Vereins MINT-EC bezeichnen. Regelm\u00e4\u00dfig wird der Stand der Schule von einer externen Kommission \u00fcberpr\u00fcft, damit weiterhin nur hochklassige MINT-Schulen Teil des Netzwerks sind. Allen Sch\u00fcler*innen von Mitgliedsschulen wird im MINT-EC-Verein ein breites, exklusives Zusatzprogramm angeboten, das T\u00fcren in Wissenschaft und Unternehmen \u00f6ffnet.<\/p>\n<\/td>\n<\/tr>\n<tr>\n<td width=\"264\"><img loading=\"lazy\" decoding=\"async\" class=\"alignnone size-medium wp-image-3514\" src=\"https:\/\/tmg.m-bildung.de\/wp-content\/uploads\/2022\/12\/Unbenannt-300x148.png\" alt=\"\" width=\"300\" height=\"148\" \/><\/p>\n<p><a href=\"https:\/\/mintzukunftschaffen.de\/mint-freundliche-schule-2\/\">https:\/\/mintzukunftschaffen.de\/mint-freundliche-schule-2\/<\/a><\/p>\n<p>&nbsp;<\/p>\n<p>Erstzertifizierung des st\u00e4dtischen Thomas-Mann-Gymnasiums im Jahr 2019<\/p>\n<p>Wiederzertifizierung des st\u00e4dtischen Thomas-Mann-Gymnasiums im Jahr 2022<\/td>\n<td width=\"350\">Seit 2008 vergibt die Initiative \u201eMINT Zukunft schaffen\u201c das Label MINT-freundliche Schule\u201c. Mehr als 2000 Schulen (von der Grundschule bis zur beruflichen Schule) tragen mittlerweile deutschlandweit diese Label. MINT-freundliche Schulen m\u00fcssen einen \u201eerkennbaren, grundlegenden MINT-Schwerpunkt\u201c zeigen und es soll durch sie eine in der Breite angelegte F\u00f6rderung der MINT-Bildung erfolgen.<\/p>\n<p>&nbsp;<\/td>\n<\/tr>\n<tr>\n<td width=\"264\"><img loading=\"lazy\" decoding=\"async\" class=\"alignnone size-medium wp-image-3512\" src=\"https:\/\/tmg.m-bildung.de\/wp-content\/uploads\/2022\/12\/Unbenannt1-300x159.jpg\" alt=\"\" width=\"300\" height=\"159\" \/><\/p>\n<p><a href=\"https:\/\/mintzukunftschaffen.de\/digitale-schule-2\/\">https:\/\/mintzukunftschaffen.de\/digitale-schule-2\/<\/a><\/p>\n<p>&nbsp;<\/p>\n<p>Erstzertifizierung des st\u00e4dtischen Thomas-Mann-Gymnasiums im Jahr 2022<\/td>\n<td width=\"350\">Im Jahr 2017 wurde von \u201eMINT Zukunft schaffen\u201c gemeinsam mit deren Partnern Gesellschaft f\u00fcr Informatik GI, Dienstleistungsgesellschaft f\u00fcr Informatik DLGI, Verband Deutscher Ingenieure VDI, Fraunhofer IAIS, Wissensfabrik f\u00fcr Deutschland und eco Verband der Internetwirtschaft ein Kriterienkatalog zum Thema Digitalisierung und Bildung entwickelt, der f\u00fcr alle Schulformen eingesetzt werden kann. Das Projekt Digitale Schule ist aus der Auszeichnung \u201eMINT-freundliche Schule\u201c hervorgegangen \u2013 auch auf Wunsch und Anregung vieler Schulen, doch ist es keine Erweiterung oder \u201eBonusauszeichnung\u201c, sondern vielmehr ein eigenst\u00e4ndiges Qualit\u00e4ts-Signet \u201eDigitale Schule\u201c f\u00fcr die Breite der deutschen Schullandschaft.<\/td>\n<\/tr>\n<\/tbody>\n<\/table>\n<p>&nbsp;<\/p>\n","protected":false},"excerpt":{"rendered":"<p>&nbsp; https:\/\/www.mint-ec.de\/ Erstzertifizierung des st\u00e4dtischen Thomas-Mann-Gymnasiums im Jahr 2022 Der Verein MINT-EC existiert weit \u00fcber 20 Jahren und nur 339 Schulen in ganz Deutschland haben bisher die Aufnahme in diesen Verein mathematisch-naturwissenschaftlicher Excellence-Center an Schulen geschafft. Ziel des Vereins MINT-EC &hellip; <a href=\"https:\/\/tmg.m-bildung.de\/?page_id=3511\">Weiterlesen <span class=\"meta-nav\">&rarr;<\/span><\/a><\/p>\n","protected":false},"author":1,"featured_media":0,"parent":0,"menu_order":0,"comment_status":"closed","ping_status":"closed","template":"sidebar-page.php","meta":{"footnotes":""},"class_list":["post-3511","page","type-page","status-publish","hentry"],"_links":{"self":[{"href":"https:\/\/tmg.m-bildung.de\/index.php?rest_route=\/wp\/v2\/pages\/3511","targetHints":{"allow":["GET"]}}],"collection":[{"href":"https:\/\/tmg.m-bildung.de\/index.php?rest_route=\/wp\/v2\/pages"}],"about":[{"href":"https:\/\/tmg.m-bildung.de\/index.php?rest_route=\/wp\/v2\/types\/page"}],"author":[{"embeddable":true,"href":"https:\/\/tmg.m-bildung.de\/index.php?rest_route=\/wp\/v2\/users\/1"}],"replies":[{"embeddable":true,"href":"https:\/\/tmg.m-bildung.de\/index.php?rest_route=%2Fwp%2Fv2%2Fcomments&post=3511"}],"version-history":[{"count":0,"href":"https:\/\/tmg.m-bildung.de\/index.php?rest_route=\/wp\/v2\/pages\/3511\/revisions"}],"wp:attachment":[{"href":"https:\/\/tmg.m-bildung.de\/index.php?rest_route=%2Fwp%2Fv2%2Fmedia&parent=3511"}],"curies":[{"name":"wp","href":"https:\/\/api.w.org\/{rel}","templated":true}]}}