{"id":3056,"date":"2022-02-28T14:26:44","date_gmt":"2022-02-28T13:26:44","guid":{"rendered":"https:\/\/tmg.musin.de\/?page_id=3056"},"modified":"2025-12-28T14:39:06","modified_gmt":"2025-12-28T14:39:06","slug":"individuelle-lernzeitverkuerzung-ilv","status":"publish","type":"page","link":"https:\/\/tmg.m-bildung.de\/?page_id=3056","title":{"rendered":"Individuelle Lernzeitverk\u00fcrzung (ILV)"},"content":{"rendered":"<p>Wir freuen uns, dass wir leistungsstarken und interessierten Sch\u00fclerinnen und Sch\u00fcler die \u201eIndividuelle Lernzeitverk\u00fcrzung\u201c (ILV) anbieten k\u00f6nnen. Innerhalb des neunj\u00e4hrigen Gymnasiums besteht mit diesem Angebot die M\u00f6glichkeit, nach einem erfolgreichem Besuch von Zusatzmodulen in den Jahrgangsstufen 9 und 10, die Jahrgangsstufe 11 auszulassen und das Abitur bereits nach acht Jahren abzulegen.<\/p>\n<p>Im ersten Jahrgang 2020\/2021 haben sich am St\u00e4dtischen Thomas-Mann-Gymnasium \u00fcber 20 Jugendliche f\u00fcr das Zusatzangebot entschieden und wir k\u00f6nnen somit drei kleine Kurse anbieten.<\/p>\n<p>Die ILV richtet sich an alle interessierten Sch\u00fclerinnen und Sch\u00fcler, die eine Verk\u00fcrzung der Lernzeit beabsichtigen oder in Jahrgangstufe 11 ein Auslandsschuljahr planen und sich fr\u00fchzeitig auf den Wiedereinstieg in das bayerische Gymnasium vorbereiten m\u00f6chten.<\/p>\n<p>Die engagierten und leistungsorientierten Jugendlichen belegen in der 9. und 10. Klasse deshalb w\u00f6chentlich zwei Stunden ein Zusatzmodul, das rollierend aus Mathematik, Deutsch, Englisch und ab der 10. Jahrgangsstufe einem weiteren Profilfach besteht.<\/p>\n<p>F\u00fcr einen erfolgreichen Besuch der ILV-Module sollten die Sch\u00fclerinnen und Sch\u00fcler selbstst\u00e4ndig arbeiten k\u00f6nnen und von sich aus motiviert sein, sich zus\u00e4tzlich mit Lerninhalten auseinanderzusetzen. Es handelt sich um ein Angebot f\u00fcr eher leistungsstarke Jugendliche und ist somit kein F\u00f6rderangebot f\u00fcr leistungsschwache Sch\u00fclerinnen und Sch\u00fcler.<\/p>\n<p>Jeweils im Januar\/Februar des Schuljahres wird die 8. Jahrgangsstufe \u00fcber die ILV informiert. Zus\u00e4tzlich findet ein Informationsabend f\u00fcr die Eltern im Februar statt.<\/p>\n<p>Das Angebot k\u00f6nnen die Jugendlichen nur nach einer vorangegangenen Beratung und einer verbindlichen Anmeldung (Anmeldetermin im April) besuchen.<\/p>\n<p>Weitere Informationen zum Programm der Individuellen Lernzeitverk\u00fcrzung finden Sie in der Brosch\u00fcre <a href=\"https:\/\/www.km.bayern.de\/download\/4-23-12\/Faltblatt-ILV.pdf\">Flyer ILV.<\/a><\/p>\n\n\n<p>Es ist sicherlich empfehlenswert, sich auch mit dem Selbsteinsch\u00e4tzungsbogen zu besch\u00e4ftigen:<\/p>\n\n\n\n<p><a href=\"http:\/\/tmg.m-bildung.de\/wp-content\/uploads\/2025\/12\/Selbsteinschaetzung_Schueler_innen.docx\">Selbsteinsch\u00e4tzungsbogen<\/a><\/p>\n\n\n\n<p>Detje Niehuis<\/p>\n\n\n\n<p>Ansprechpartnerin und Koordinatorin f\u00fcr die Individuelle Lernzeitverk\u00fcrzung<\/p>\n","protected":false},"excerpt":{"rendered":"<p>Wir freuen uns, dass wir leistungsstarken und interessierten Sch\u00fclerinnen und Sch\u00fcler die \u201eIndividuelle Lernzeitverk\u00fcrzung\u201c (ILV) anbieten k\u00f6nnen. Innerhalb des neunj\u00e4hrigen Gymnasiums besteht mit diesem Angebot die M\u00f6glichkeit, nach einem erfolgreichem Besuch von Zusatzmodulen in den Jahrgangsstufen 9 und 10, die &hellip; <a href=\"https:\/\/tmg.m-bildung.de\/?page_id=3056\">Weiterlesen <span class=\"meta-nav\">&rarr;<\/span><\/a><\/p>\n","protected":false},"author":1,"featured_media":0,"parent":0,"menu_order":0,"comment_status":"closed","ping_status":"closed","template":"sidebar-page.php","meta":{"footnotes":""},"class_list":["post-3056","page","type-page","status-publish","hentry"],"_links":{"self":[{"href":"https:\/\/tmg.m-bildung.de\/index.php?rest_route=\/wp\/v2\/pages\/3056","targetHints":{"allow":["GET"]}}],"collection":[{"href":"https:\/\/tmg.m-bildung.de\/index.php?rest_route=\/wp\/v2\/pages"}],"about":[{"href":"https:\/\/tmg.m-bildung.de\/index.php?rest_route=\/wp\/v2\/types\/page"}],"author":[{"embeddable":true,"href":"https:\/\/tmg.m-bildung.de\/index.php?rest_route=\/wp\/v2\/users\/1"}],"replies":[{"embeddable":true,"href":"https:\/\/tmg.m-bildung.de\/index.php?rest_route=%2Fwp%2Fv2%2Fcomments&post=3056"}],"version-history":[{"count":4,"href":"https:\/\/tmg.m-bildung.de\/index.php?rest_route=\/wp\/v2\/pages\/3056\/revisions"}],"predecessor-version":[{"id":5445,"href":"https:\/\/tmg.m-bildung.de\/index.php?rest_route=\/wp\/v2\/pages\/3056\/revisions\/5445"}],"wp:attachment":[{"href":"https:\/\/tmg.m-bildung.de\/index.php?rest_route=%2Fwp%2Fv2%2Fmedia&parent=3056"}],"curies":[{"name":"wp","href":"https:\/\/api.w.org\/{rel}","templated":true}]}}