{"id":302,"date":"2018-03-30T17:25:56","date_gmt":"2018-03-30T15:25:56","guid":{"rendered":"http:\/\/schule.prinzessin-auf-abenteuerurlaub.de\/?page_id=302"},"modified":"2018-03-30T17:25:56","modified_gmt":"2018-03-30T15:25:56","slug":"schliessfaecher","status":"publish","type":"page","link":"https:\/\/tmg.m-bildung.de\/?page_id=302","title":{"rendered":"Schlie\u00dff\u00e4cher"},"content":{"rendered":"\n<h3 class=\"wp-block-heading\">Schlie\u00dffach anmieten und online verwalten<\/h3>\n\n\n\n<p>Sehr geehrte Eltern,<\/p>\n\n\n\n<p>die Schlie\u00dff\u00e4cher in unserem Schulgeb\u00e4ude sind \u00fcber die Firma\u00a0<em>HESS Schlie\u00dff\u00e4cher<\/em>\u00a0anmietbar.<\/p>\n\n\n\n<p>Ansprechpartner f\u00fcr die Schlie\u00dff\u00e4cher ist entsprechend ausschlie\u00dflich<em>\u00a0HESS Schlie\u00dff\u00e4cher<\/em>, die Sie\u00a0<a href=\"https:\/\/hess-schliessfach.de\/\">hier\u00a0<\/a>auf deren Website erreichen k\u00f6nnen.<\/p>\n\n\n\n<ul class=\"wp-block-list\">\n<li>Wenn Sie ein Schlie\u00dffach mieten m\u00f6chten, einfach den folgenden \u00a0Link aufrufen:<\/li>\n<\/ul>\n\n\n\n<p><a href=\"http:\/\/www.hess-schliessfach.de\/service\/vertrag\/TMGMUENCHEN\">Ein Fach bei HESS Schlie\u00dff\u00e4cher mieten<\/a><\/p>\n\n\n\n<ul class=\"wp-block-list\">\n<li>Sie k\u00f6nnen das Schlie\u00dffach Ihres Kindes auch<a href=\"http:\/\/www.hess-schliessfach.de\/schueler-eltern\/online-service\/\">\u00a0online selbst verwalten<\/a>.<\/li>\n<\/ul>\n","protected":false},"excerpt":{"rendered":"<p>Schlie\u00dffach anmieten und online verwalten Sehr geehrte Eltern, die Schlie\u00dff\u00e4cher in unserem Schulgeb\u00e4ude sind \u00fcber die Firma\u00a0HESS Schlie\u00dff\u00e4cher\u00a0anmietbar. Ansprechpartner f\u00fcr die Schlie\u00dff\u00e4cher ist entsprechend ausschlie\u00dflich\u00a0HESS Schlie\u00dff\u00e4cher, die Sie\u00a0hier\u00a0auf deren Website erreichen k\u00f6nnen. Wenn Sie ein Schlie\u00dffach mieten m\u00f6chten, einfach den &hellip; <a href=\"https:\/\/tmg.m-bildung.de\/?page_id=302\">Weiterlesen <span class=\"meta-nav\">&rarr;<\/span><\/a><\/p>\n","protected":false},"author":1,"featured_media":0,"parent":0,"menu_order":0,"comment_status":"closed","ping_status":"closed","template":"sidebar-page.php","meta":{"footnotes":""},"class_list":["post-302","page","type-page","status-publish","hentry"],"_links":{"self":[{"href":"https:\/\/tmg.m-bildung.de\/index.php?rest_route=\/wp\/v2\/pages\/302","targetHints":{"allow":["GET"]}}],"collection":[{"href":"https:\/\/tmg.m-bildung.de\/index.php?rest_route=\/wp\/v2\/pages"}],"about":[{"href":"https:\/\/tmg.m-bildung.de\/index.php?rest_route=\/wp\/v2\/types\/page"}],"author":[{"embeddable":true,"href":"https:\/\/tmg.m-bildung.de\/index.php?rest_route=\/wp\/v2\/users\/1"}],"replies":[{"embeddable":true,"href":"https:\/\/tmg.m-bildung.de\/index.php?rest_route=%2Fwp%2Fv2%2Fcomments&post=302"}],"version-history":[{"count":0,"href":"https:\/\/tmg.m-bildung.de\/index.php?rest_route=\/wp\/v2\/pages\/302\/revisions"}],"wp:attachment":[{"href":"https:\/\/tmg.m-bildung.de\/index.php?rest_route=%2Fwp%2Fv2%2Fmedia&parent=302"}],"curies":[{"name":"wp","href":"https:\/\/api.w.org\/{rel}","templated":true}]}}