{"id":284,"date":"2018-03-30T17:22:02","date_gmt":"2018-03-30T15:22:02","guid":{"rendered":"http:\/\/schule.prinzessin-auf-abenteuerurlaub.de\/?page_id=284"},"modified":"2018-03-30T17:22:02","modified_gmt":"2018-03-30T15:22:02","slug":"mittagsverpflegung","status":"publish","type":"page","link":"https:\/\/tmg.m-bildung.de\/?page_id=284","title":{"rendered":"Mittagsverpflegung"},"content":{"rendered":"<p>Diese Seite befindet sich noch im Aufbau.<\/p>\n<p>Bestellungen werden weiterhin \u00fcber <a href=\"https:\/\/www.mittagessensbestellung.de\/www_ssl\/index.php?action=user\">https:\/\/www.mittagessensbestellung.de\/ <\/a>durchgef\u00fchrt.<\/p>\n<p><a href=\"https:\/\/www.mittagessensbestellung.de\/www_ssl\/anmeldung.php?schule=160\">Hier<\/a> k\u00f6nnen Sie eine Anmeldung vornehmen!<\/p>\n<p>Alternativ k\u00f6nnen Sie sich auch mit<br \/>\nKundennummer 755000<br \/>\nPIN 755000<br \/>\nanmelden um einen Ausweis zu erhalten.<\/p>\n<p>&nbsp;<\/p>\n<p>&nbsp;<\/p>\n<p>&nbsp;<\/p>\n","protected":false},"excerpt":{"rendered":"<p>Diese Seite befindet sich noch im Aufbau. Bestellungen werden weiterhin \u00fcber https:\/\/www.mittagessensbestellung.de\/ durchgef\u00fchrt. Hier k\u00f6nnen Sie eine Anmeldung vornehmen! Alternativ k\u00f6nnen Sie sich auch mit Kundennummer 755000 PIN 755000 anmelden um einen Ausweis zu erhalten. &nbsp; &nbsp; &nbsp;<\/p>\n","protected":false},"author":1,"featured_media":0,"parent":0,"menu_order":0,"comment_status":"closed","ping_status":"closed","template":"sidebar-page.php","meta":{"footnotes":""},"class_list":["post-284","page","type-page","status-publish","hentry"],"_links":{"self":[{"href":"https:\/\/tmg.m-bildung.de\/index.php?rest_route=\/wp\/v2\/pages\/284","targetHints":{"allow":["GET"]}}],"collection":[{"href":"https:\/\/tmg.m-bildung.de\/index.php?rest_route=\/wp\/v2\/pages"}],"about":[{"href":"https:\/\/tmg.m-bildung.de\/index.php?rest_route=\/wp\/v2\/types\/page"}],"author":[{"embeddable":true,"href":"https:\/\/tmg.m-bildung.de\/index.php?rest_route=\/wp\/v2\/users\/1"}],"replies":[{"embeddable":true,"href":"https:\/\/tmg.m-bildung.de\/index.php?rest_route=%2Fwp%2Fv2%2Fcomments&post=284"}],"version-history":[{"count":0,"href":"https:\/\/tmg.m-bildung.de\/index.php?rest_route=\/wp\/v2\/pages\/284\/revisions"}],"wp:attachment":[{"href":"https:\/\/tmg.m-bildung.de\/index.php?rest_route=%2Fwp%2Fv2%2Fmedia&parent=284"}],"curies":[{"name":"wp","href":"https:\/\/api.w.org\/{rel}","templated":true}]}}