{"id":282,"date":"2018-03-30T17:21:44","date_gmt":"2018-03-30T15:21:44","guid":{"rendered":"http:\/\/schule.prinzessin-auf-abenteuerurlaub.de\/?page_id=282"},"modified":"2026-01-23T11:27:43","modified_gmt":"2026-01-23T11:27:43","slug":"impressum","status":"publish","type":"page","link":"https:\/\/tmg.m-bildung.de\/?page_id=282","title":{"rendered":"Impressum"},"content":{"rendered":"\n<p>Wenn Sie noch Fragen zum Datenschutz im Zusammenhang mit dieser Internetseite haben, k\u00f6nnen Sie sich auch an die Schulleitung wenden.<\/p>\n\n\n\n<p>St\u00e4dtisches Thomas-Mann-Gymnasium<br>Gmunder Str. 45<br>81379 M\u00fcnchen<br>Telefon: 089\/74503090<br>Telefax: 089\/745030949<\/p>\n\n\n\n<p>Internet:&nbsp;<a href=\"https:\/\/tmg.m-bildung.de\/\">https:\/\/tmg.m-bildung.de\/<\/a><br>E-Mail:&nbsp;<a href=\"mailto:thomas-mann-gymnasium@muenchen.de\">thomas-mann-gymnasium@muenchen.de<\/a><\/p>\n\n\n\n<p>Instagram: <a href=\"https:\/\/www.instagram.com\/tmg.muenchen\">https:\/\/www.instagram.com\/tmg.muenchen<\/a><\/p>\n\n\n\n<p>&nbsp;<\/p>\n\n\n\n<h4 class=\"wp-block-heading\"><strong><a href=\"https:\/\/tmg.m-bildung.de\/datenschutzerklaerung\/\" target=\"_blank\" rel=\"noreferrer noopener\" aria-label=\"Datenschutzerkl\u00e4rung bez\u00fcglich der Nutzung unserer Schulhomepage (\u00f6ffnet in neuem Tab)\">Datenschutzerkl\u00e4rung bez\u00fcglich der Nutzung unserer Schulhomepage<\/a><\/strong><\/h4>\n\n\n\n<h4 class=\"wp-block-heading\">Kurzer \u00dcberblick \u00fcber die Datenschutzerkl\u00e4rung:<\/h4>\n\n\n\n<p>Diese Datenschutzerkl\u00e4rung kl\u00e4rt Sie \u00fcber die Art, den Umfang und Zweck der Verarbeitung von personenbezogenen Daten (nachfolgend kurz \u201eDaten\u201c genannt) innerhalb unseres Onlineangebotes auf (nachfolgend gemeinsam bezeichnet als \u201eOnlineangebot\u201c). Im Hinblick auf die verwendeten Begrifflichkeiten, wie z.B. \u201eVerarbeitung\u201c oder \u201eVerantwortlicher\u201c verweisen wir auf die Definitionen im Art. 4 der Datenschutzgrundverordnung (DSGVO).<\/p>\n\n\n\n<h4 class=\"wp-block-heading\"><strong>Verantwortlicher<\/strong><\/h4>\n\n\n\n<p>Verantwortlich f\u00fcr die Verarbeitung ist: Frau OStDin Karin Moritz<\/p>\n\n\n\n<p><\/p>\n\n\n\n<p>Die Zust\u00e4ndigkeit f\u00fcr Pflege und Verwaltung der Homepage bei Herrn Sch\u00f6n.<\/p>\n\n\n\n<h4 class=\"wp-block-heading\"><strong>Kontaktdaten des Datenschutzbeauftragten<\/strong><\/h4>\n\n\n\n<p>Landeshauptstadt M\u00fcnchen<\/p>\n\n\n\n<p>Beh\u00f6rdlicher Datenschutzbeauftragter<\/p>\n\n\n\n<p>Burgstr. 4<\/p>\n\n\n\n<p>80331 M\u00fcnchen<\/p>\n\n\n\n<p>Telefon: 089\/233-28261<\/p>\n\n\n\n<p>E-Mail:&nbsp;<a href=\"mailto:datenschutz@muenchen.de\">datenschutz@muenchen.de<\/a><\/p>\n\n\n\n<h4 class=\"wp-block-heading\"><strong>Arten der verarbeiteten Daten:<\/strong><\/h4>\n\n\n\n<p>&#8211; Kontaktdaten (z.B. Name, Adresse, E-Mail, Telefonnummer)<\/p>\n\n\n\n<p>&#8211; Inhaltsdaten (z.B. Texteingaben)<\/p>\n\n\n\n<p>&#8211; Nutzungsdaten (z.B. besuchte Webseiten, Interesse an Inhalten, Zugriffszeiten)<\/p>\n\n\n\n<p>&#8211; Sonstige Kommunikationsdaten (z.B. IP-Adressen)<\/p>\n\n\n\n<h4 class=\"wp-block-heading\"><strong>Zwecke und Rechtegrundlagen der Datenverarbeitung<\/strong><\/h4>\n\n\n\n<p>Ihre Daten werden im Rahmen des Besuchs \/ der Nutzung unserer Schulhomepage erhoben und verarbeitet (z.B. Beantwortung von Kontaktanfragen und Kommunikation mit Nutzern).<\/p>\n\n\n\n<p>Rechtsgrundlagen sind Art. 6 Abs. 1 Buchstabe a und e Datenschutzgrundverordnung (DSGVO) in Verbindung mit Art. 4 Abs. 1 Bayerisches Datenschutzgesetz (BayDSG) und Art. 85 Bayerisches Gesetz \u00fcber das Erziehungs- und Unterrichtswesen (BayEUG).<\/p>\n\n\n\n<h4 class=\"wp-block-heading\"><strong>Empf\u00e4nger oder Kategorien von Empf\u00e4ngern der personenbezogenen Daten<\/strong><\/h4>\n\n\n\n<p>Personenbezogene Daten werden an das Rechenzentrum von&nbsp;<a href=\"mailto:IT@M\">IT@M<\/a>, welcher die technische Infrastruktur bereitstellt, weitergegeben. Bei&nbsp;<a href=\"mailto:IT@M\">IT@M<\/a>&nbsp;handelt es sich um einen Eigenbetrieb der Landeshauptstadt M\u00fcnchen; er ist der Zentrale IT-Dienstleister der Landeshauptstadt M\u00fcnchen (Auftragsverarbeiter).<\/p>\n\n\n\n<h4 class=\"wp-block-heading\"><strong>Dauer der Speicherung der personenbezogenen Daten<\/strong><\/h4>\n\n\n\n<p>Die Daten werden beim Verantwortlichen (Landeshauptstadt M\u00fcnchen) nach der Erhebung f\u00fcr die Dauer des laufenden Schuljahres gespeichert. Eine Neuanmeldung mit neuem Zugangscode f\u00fcr den internen Bereich ist j\u00e4hrlich neu durchzuf\u00fchren.<\/p>\n\n\n\n<h4 class=\"wp-block-heading\"><strong>Betroffenenrechte<\/strong><\/h4>\n\n\n\n<p>Nach der Datenschutz-Grundverordnung stehen Ihnen folgende Rechte zu:<\/p>\n\n\n\n<p>Werden Ihre personenbezogenen Daten verarbeitet, so haben Sie das Recht Auskunft \u00fcber die zu Ihrer Person gespeicherten Daten zu erhalten (Art. 15 DSGVO).<\/p>\n\n\n\n<p>Sollten unrichtige personenbezogene Daten verarbeitet werden, steht Ihnen ein Recht auf Berichtigung zu (Art. 16 DSGVO).<\/p>\n\n\n\n<p>Liegen die gesetzlichen Voraussetzungen vor, so k\u00f6nnen Sie die L\u00f6schung oder Einschr\u00e4nkung der Verarbeitung verlangen sowie Widerspruch gegen die Verarbeitung einlegen (Art. 17, 18 und 21 DSGVO).<\/p>\n\n\n\n<p>Wenn Sie in die Datenverarbeitung eingewilligt haben oder ein Vertrag zur Datenverarbeitung besteht und die Datenverarbeitung mithilfe automatisierter Verfahren durchgef\u00fchrt wird, steht Ihnen gegebenenfalls ein Recht auf Daten\u00fcbertragbarkeit zu (Art. 20 DSGVO).<\/p>\n\n\n\n<p>Sollten Sie von Ihren oben genannten Rechten Gebrauch machen, pr\u00fcft die \u00f6ffentliche Stelle, ob die gesetzlichen Voraussetzungen hierf\u00fcr erf\u00fcllt sind.<\/p>\n\n\n\n<p>Weiterhin besteht ein Beschwerderecht beim Bayerischen Landesbeauftragten f\u00fcr den Datenschutz.<\/p>\n\n\n\n<h4 class=\"wp-block-heading\"><strong>Widerrufsrecht bei Einwilligung<\/strong><\/h4>\n\n\n\n<p>Wenn Sie in die Verarbeitung durch die Landeshauptstadt M\u00fcnchen durch eine entsprechende Erkl\u00e4rung eingewilligt haben, k\u00f6nnen Sie diese Einwilligung jederzeit f\u00fcr die Zukunft widerrufen.&nbsp;Die Rechtm\u00e4\u00dfigkeit der aufgrund der Einwilligung bis zum Widerruf erfolgten Datenverarbeitung wird durch diesen nicht ber\u00fchrt.<\/p>\n\n\n\n<h4 class=\"wp-block-heading\"><strong>Sonstiges<\/strong><\/h4>\n\n\n\n<p>F\u00fcr die Landeshauptstadt M\u00fcnchen und das St\u00e4dtische Thomas-Mann-Gymnasium ist Datenschutz ein wichtiges Anliegen. Wir legen deshalb auch bei unseren Internetver\u00f6ffentlichungen Wert auf eine datensparsame, b\u00fcrgerfreundliche Datenverarbeitung.<\/p>\n\n\n\n<h4 class=\"wp-block-heading\">Haftungshinweis<\/h4>\n\n\n\n<p>Trotz sorgf\u00e4ltiger inhaltlicher Kontrolle \u00fcbernehmen wir keine Haftung f\u00fcr die Inhalte externer Links. F\u00fcr den Inhalt der verlinkten Seiten sind ausschlie\u00dflich deren Betreiber verantwortlich. F\u00fcr den Inhalt aller Texte und Kommentare sind deren Ersteller verantwortlich. F\u00fcr die Inhalte zum Elternbeirat ist der Elternbeirat des TMG verantwortlich. Illegale und nicht erlaubte Inhalte werden schnellst m\u00f6glich entfernt, wir \u00fcbernehmen daf\u00fcr aber keinerlei Garantie.<\/p>\n\n\n\n<p>Alle auf der Schulwebsite verwendeten Bilder und Texte sind urheberrechtlich gesch\u00fctzt!<\/p>\n","protected":false},"excerpt":{"rendered":"<p>Wenn Sie noch Fragen zum Datenschutz im Zusammenhang mit dieser Internetseite haben, k\u00f6nnen Sie sich auch an die Schulleitung wenden. St\u00e4dtisches Thomas-Mann-GymnasiumGmunder Str. 4581379 M\u00fcnchenTelefon: 089\/74503090Telefax: 089\/745030949 Internet:&nbsp;https:\/\/tmg.m-bildung.de\/E-Mail:&nbsp;thomas-mann-gymnasium@muenchen.de Instagram: https:\/\/www.instagram.com\/tmg.muenchen &nbsp; Datenschutzerkl\u00e4rung bez\u00fcglich der Nutzung unserer Schulhomepage Kurzer \u00dcberblick \u00fcber &hellip; <a href=\"https:\/\/tmg.m-bildung.de\/?page_id=282\">Weiterlesen <span class=\"meta-nav\">&rarr;<\/span><\/a><\/p>\n","protected":false},"author":1,"featured_media":0,"parent":0,"menu_order":0,"comment_status":"closed","ping_status":"closed","template":"sidebar-page.php","meta":{"footnotes":""},"class_list":["post-282","page","type-page","status-publish","hentry"],"_links":{"self":[{"href":"https:\/\/tmg.m-bildung.de\/index.php?rest_route=\/wp\/v2\/pages\/282","targetHints":{"allow":["GET"]}}],"collection":[{"href":"https:\/\/tmg.m-bildung.de\/index.php?rest_route=\/wp\/v2\/pages"}],"about":[{"href":"https:\/\/tmg.m-bildung.de\/index.php?rest_route=\/wp\/v2\/types\/page"}],"author":[{"embeddable":true,"href":"https:\/\/tmg.m-bildung.de\/index.php?rest_route=\/wp\/v2\/users\/1"}],"replies":[{"embeddable":true,"href":"https:\/\/tmg.m-bildung.de\/index.php?rest_route=%2Fwp%2Fv2%2Fcomments&post=282"}],"version-history":[{"count":5,"href":"https:\/\/tmg.m-bildung.de\/index.php?rest_route=\/wp\/v2\/pages\/282\/revisions"}],"predecessor-version":[{"id":5682,"href":"https:\/\/tmg.m-bildung.de\/index.php?rest_route=\/wp\/v2\/pages\/282\/revisions\/5682"}],"wp:attachment":[{"href":"https:\/\/tmg.m-bildung.de\/index.php?rest_route=%2Fwp%2Fv2%2Fmedia&parent=282"}],"curies":[{"name":"wp","href":"https:\/\/api.w.org\/{rel}","templated":true}]}}