{"id":2650,"date":"2021-05-18T10:28:47","date_gmt":"2021-05-18T08:28:47","guid":{"rendered":"https:\/\/tmg.musin.de\/?page_id=2650"},"modified":"2021-05-18T10:28:47","modified_gmt":"2021-05-18T08:28:47","slug":"wir-sind-der-leseclub","status":"publish","type":"page","link":"https:\/\/tmg.m-bildung.de\/?page_id=2650","title":{"rendered":"Wir sind der Leseclub"},"content":{"rendered":"<p>geleitet von Kerstin Dahnken<\/p>\n<p><img loading=\"lazy\" decoding=\"async\" class=\"alignnone wp-image-5160 size-large\" src=\"https:\/\/tmg.m-bildung.de\/wp-content\/uploads\/2025\/07\/Buechertaschen-scaled-e1753022094519-1024x768.jpg\" alt=\"\" width=\"584\" height=\"438\" \/><\/p>\n<p>Selbstgebastelte Schutztaschen f\u00fcr B\u00fccher<\/p>\n<p><a href=\"https:\/\/tmg.m-bildung.de\/wir-sind-der-leseclub\/unbenannt1-6\/\" rel=\"attachment wp-att-5095\"><img loading=\"lazy\" decoding=\"async\" class=\"alignnone size-full wp-image-5095\" src=\"https:\/\/tmg.m-bildung.de\/wp-content\/uploads\/2025\/06\/Unbenannt1-1.png\" alt=\"\" width=\"489\" height=\"265\" \/><\/a> <a href=\"https:\/\/tmg.m-bildung.de\/wir-sind-der-leseclub\/unbenannt-15\/\" rel=\"attachment wp-att-5096\"><img loading=\"lazy\" decoding=\"async\" class=\"alignnone size-large wp-image-5096\" src=\"https:\/\/tmg.m-bildung.de\/wp-content\/uploads\/2025\/06\/Unbenannt-1.png\" alt=\"\" width=\"465\" height=\"276\" \/><\/a><\/p>\n<p>Jeden Dienstag treffen wir uns um 13:45 Uhr in unserer Bibliothek, um gemeinsam oder auch mal jeder f\u00fcr sich zu lesen, \u00fcber neue B\u00fccher zu sprechen oder zu basteln, wie unsere praktischen Lesezeichen, die sich jeder umsonst aus der Bibliothek mitnehmen kann.<\/p>\n<p>Allerdings findet man uns nicht jeden Freitag in der Bibliothek, da wir auch immer wieder M\u00fcnchen unsicher machen und Orte besuchen, die mit dem Lesen zu tun haben, wie z.B. die Stadtbibliothek oder das Deutsche Museum, als dort die M\u00fcnchner B\u00fccherschau im Fr\u00fchling die neu erschienenen B\u00fccher ausstellte.<\/p>\n<p><u>Richtig toll am Leseclub ist:<\/u><\/p>\n<p><em>\u201eJede Stunde ist es lustig, es gibt keinen Zoff und alle verstehen sich, wir lesen nicht nur, sondern machen auch immer mal wieder B\u00fccher-Kino.\u201c (Aras 6E)<\/em><\/p>\n<p><em>\u201eBei den Filmen essen wir alles, was schmeckt wie Schokolade und Chips.\u201c (Timothy 6E)<\/em><\/p>\n<p><em>\u201eDu kannst hier neue Freunde finden.\u201c (Antonia 6D)<\/em><\/p>\n<p><em>\u201eEs gibt sehr viel Zeit f\u00fcrs Lesen!\u201c (Feli 6E)<\/em><\/p>\n<p><em>\u201eEs ist einfach immer cool.\u201c (Leonardo 6E)<\/em><\/p>\n<p><em>\u201eEs ist entspannend.\u201c (Aseel 7D)<\/em><\/p>\n<p><em>\u201eIch liebe das Lesen im Leseclub.\u201c (Aliyah 7D)<\/em><\/p>\n<p><em>\u201eWir freuen uns jeden Freitag auf den Leseclub\u201c (Alina 5C, Ella 5B)<\/em><\/p>\n<p><strong><u>Die Highlights im Schuljahr 2024\/25:<\/u><\/strong><\/p>\n<p><em>\u201eDie F\u00fchrung in der M\u00fcnchner Stadtbibliothek war toll.\u201c<\/em><\/p>\n<p><em>\u201eDass wir bei den Ausfl\u00fcgen lesen k\u00f6nnen, ist toll.\u201c<\/em><\/p>\n<p><em>\u00a0<\/em><em>\u201eUnsere Weihnachtsdeko aus alten B\u00fcchern war richtig sch\u00f6n und ein Bestseller. Am Ende des Adventsbasars war alles weg und wir hatten wieder Geld f\u00fcr neue B\u00fccher.\u201c<\/em><\/p>\n<p><strong>Eindr\u00fccke vom Leseclub<\/strong><\/p>\n<p><strong>Book faces<\/strong><\/p>\n<p><a href=\"https:\/\/tmg.m-bildung.de\/wir-sind-der-leseclub\/unbenannt5-3\/\" rel=\"attachment wp-att-5097\"><img loading=\"lazy\" decoding=\"async\" class=\"alignnone size-full wp-image-5097\" src=\"https:\/\/tmg.m-bildung.de\/wp-content\/uploads\/2025\/06\/Unbenannt5.png\" alt=\"\" width=\"223\" height=\"208\" \/><\/a> <a href=\"https:\/\/tmg.m-bildung.de\/wir-sind-der-leseclub\/unbenannt4-3\/\" rel=\"attachment wp-att-5098\"><img loading=\"lazy\" decoding=\"async\" class=\"alignnone size-large wp-image-5098\" src=\"https:\/\/tmg.m-bildung.de\/wp-content\/uploads\/2025\/06\/Unbenannt4.png\" alt=\"\" width=\"245\" height=\"293\" \/><\/a> <a href=\"https:\/\/tmg.m-bildung.de\/wir-sind-der-leseclub\/unbenannt3-3\/\" rel=\"attachment wp-att-5099\"><img loading=\"lazy\" decoding=\"async\" class=\"alignnone size-large wp-image-5099\" src=\"https:\/\/tmg.m-bildung.de\/wp-content\/uploads\/2025\/06\/Unbenannt3.png\" alt=\"\" width=\"232\" height=\"197\" \/><\/a> <a href=\"https:\/\/tmg.m-bildung.de\/wir-sind-der-leseclub\/unbenannt2-3\/\" rel=\"attachment wp-att-5100\"><img loading=\"lazy\" decoding=\"async\" class=\"alignnone size-large wp-image-5100\" src=\"https:\/\/tmg.m-bildung.de\/wp-content\/uploads\/2025\/06\/Unbenannt2.png\" alt=\"\" width=\"255\" height=\"187\" \/><\/a><\/p>\n<p><strong>Besuch der M\u00fcnchner Stadtbibliothek mit Informationen \u00fcber neue B\u00fccher und Berufen in der Bibliothek<\/strong><\/p>\n<p><a href=\"https:\/\/tmg.m-bildung.de\/wir-sind-der-leseclub\/unbenannt8-2\/\" rel=\"attachment wp-att-5101\"><img loading=\"lazy\" decoding=\"async\" class=\"alignnone size-full wp-image-5101\" src=\"https:\/\/tmg.m-bildung.de\/wp-content\/uploads\/2025\/06\/Unbenannt8.png\" alt=\"\" width=\"227\" height=\"143\" \/><\/a> <a href=\"https:\/\/tmg.m-bildung.de\/wir-sind-der-leseclub\/unbenannt7-3\/\" rel=\"attachment wp-att-5102\"><img loading=\"lazy\" decoding=\"async\" class=\"alignnone size-large wp-image-5102\" src=\"https:\/\/tmg.m-bildung.de\/wp-content\/uploads\/2025\/06\/Unbenannt7.png\" alt=\"\" width=\"211\" height=\"159\" \/><\/a><\/p>\n<p><strong>Auf der Suche nach neuen B\u00fcchern f\u00fcr die Bibliothek: M\u00fcnchner B\u00fccherschau im Deutschen Museum<\/strong><\/p>\n<p><a href=\"https:\/\/tmg.m-bildung.de\/wir-sind-der-leseclub\/unbenannt10\/\" rel=\"attachment wp-att-5103\"><img loading=\"lazy\" decoding=\"async\" class=\"alignnone size-full wp-image-5103\" src=\"https:\/\/tmg.m-bildung.de\/wp-content\/uploads\/2025\/06\/Unbenannt10.png\" alt=\"\" width=\"147\" height=\"110\" \/><\/a> <a href=\"https:\/\/tmg.m-bildung.de\/wir-sind-der-leseclub\/unbenannt9\/\" rel=\"attachment wp-att-5104\"><img loading=\"lazy\" decoding=\"async\" class=\"alignnone size-large wp-image-5104\" src=\"https:\/\/tmg.m-bildung.de\/wp-content\/uploads\/2025\/06\/Unbenannt9.png\" alt=\"\" width=\"584\" height=\"331\" \/><\/a><\/p>\n<p><strong>Die Schauspielerin vom Residenztheater war bei uns zu Besuch und hat uns am bundesweiten Vorlesetag vorgelesen. Das Buch empfehlen wir sehr:<\/strong><\/p>\n<p><a href=\"https:\/\/tmg.m-bildung.de\/wir-sind-der-leseclub\/1-8\/\" rel=\"attachment wp-att-5105\"><img loading=\"lazy\" decoding=\"async\" class=\"alignnone size-full wp-image-5105\" src=\"https:\/\/tmg.m-bildung.de\/wp-content\/uploads\/2025\/06\/1.jpg\" alt=\"\" width=\"320\" height=\"430\" \/><\/a><\/p>\n<p><strong>Wir haben f\u00fcr euch gelesen: Unsere Empfehlungen 2025<\/strong><\/p>\n<p><a href=\"https:\/\/tmg.m-bildung.de\/wir-sind-der-leseclub\/2-6\/\" rel=\"attachment wp-att-5106\"><img loading=\"lazy\" decoding=\"async\" class=\"alignnone size-full wp-image-5106\" src=\"https:\/\/tmg.m-bildung.de\/wp-content\/uploads\/2025\/06\/2.png\" alt=\"\" width=\"241\" height=\"304\" \/><\/a> <a href=\"https:\/\/tmg.m-bildung.de\/wir-sind-der-leseclub\/1-9\/\" rel=\"attachment wp-att-5107\"><img loading=\"lazy\" decoding=\"async\" class=\"alignnone size-large wp-image-5107\" src=\"https:\/\/tmg.m-bildung.de\/wp-content\/uploads\/2025\/06\/1-1.jpg\" alt=\"\" width=\"232\" height=\"338\" \/><\/a><\/p>\n<p>Diese zwei Buchtipps k\u00f6nnt ihr auch hier in unserem Podcast anh\u00f6ren! (link folgt).<\/p>\n<p><a href=\"https:\/\/tmg.m-bildung.de\/wir-sind-der-leseclub\/bildschirmfoto-2025-06-12-um-13-42-31\/\" rel=\"attachment wp-att-5108\"><img loading=\"lazy\" decoding=\"async\" class=\"alignnone size-large wp-image-5108\" src=\"https:\/\/tmg.m-bildung.de\/wp-content\/uploads\/2025\/06\/Bildschirmfoto-2025-06-12-um-13.42.31-995x1024.png\" alt=\"\" width=\"584\" height=\"601\" \/><\/a><\/p>\n","protected":false},"excerpt":{"rendered":"<p>geleitet von Kerstin Dahnken Selbstgebastelte Schutztaschen f\u00fcr B\u00fccher Jeden Dienstag treffen wir uns um 13:45 Uhr in unserer Bibliothek, um gemeinsam oder auch mal jeder f\u00fcr sich zu lesen, \u00fcber neue B\u00fccher zu sprechen oder zu basteln, wie unsere praktischen &hellip; <a href=\"https:\/\/tmg.m-bildung.de\/?page_id=2650\">Weiterlesen <span class=\"meta-nav\">&rarr;<\/span><\/a><\/p>\n","protected":false},"author":1,"featured_media":0,"parent":0,"menu_order":0,"comment_status":"closed","ping_status":"closed","template":"sidebar-page.php","meta":{"footnotes":""},"class_list":["post-2650","page","type-page","status-publish","hentry"],"_links":{"self":[{"href":"https:\/\/tmg.m-bildung.de\/index.php?rest_route=\/wp\/v2\/pages\/2650","targetHints":{"allow":["GET"]}}],"collection":[{"href":"https:\/\/tmg.m-bildung.de\/index.php?rest_route=\/wp\/v2\/pages"}],"about":[{"href":"https:\/\/tmg.m-bildung.de\/index.php?rest_route=\/wp\/v2\/types\/page"}],"author":[{"embeddable":true,"href":"https:\/\/tmg.m-bildung.de\/index.php?rest_route=\/wp\/v2\/users\/1"}],"replies":[{"embeddable":true,"href":"https:\/\/tmg.m-bildung.de\/index.php?rest_route=%2Fwp%2Fv2%2Fcomments&post=2650"}],"version-history":[{"count":0,"href":"https:\/\/tmg.m-bildung.de\/index.php?rest_route=\/wp\/v2\/pages\/2650\/revisions"}],"wp:attachment":[{"href":"https:\/\/tmg.m-bildung.de\/index.php?rest_route=%2Fwp%2Fv2%2Fmedia&parent=2650"}],"curies":[{"name":"wp","href":"https:\/\/api.w.org\/{rel}","templated":true}]}}