{"id":264,"date":"2018-03-30T17:17:09","date_gmt":"2018-03-30T15:17:09","guid":{"rendered":"http:\/\/schule.prinzessin-auf-abenteuerurlaub.de\/?page_id=264"},"modified":"2018-03-30T17:17:09","modified_gmt":"2018-03-30T15:17:09","slug":"maedchenbeauftragte-und-jungenbeauftragter","status":"publish","type":"page","link":"https:\/\/tmg.m-bildung.de\/?page_id=264","title":{"rendered":"M\u00e4dchen, Jungen- und *-Beauftragte"},"content":{"rendered":"<h2>Was ist die Aufgabe von M\u00e4dchen-, Jungen- und *-Beauftragten<\/h2>\n<p>Die Hauptaufgabe von uns (Frau Gudowius, Frau Bauerfeind und Herr Schorer) ist es, eine Anlaufstelle zu sein, die dir\/euch weiterhelfen kann.<\/p>\n<p>Viele Situationen kann man durch Gespr\u00e4che l\u00f6sen. Deshalb ist es sinnvoll, Gespr\u00e4che zu beginnen und eventuell k\u00f6nnen wir eure Situation dadurch verbessern. Oftmals gibt es Anforderungen an euch, die ihr nicht erf\u00fcllen k\u00f6nnt oder wollt und als Heranwachsende seid ihr zwangsl\u00e4ufig mit den Problemen der Identit\u00e4tsfindung konfrontiert, da jeder irgendwann zu sich selbst finden muss. Manche schaffen das schnell und ohne Probleme und andere brauchen etwas mehr Zeit und k\u00f6nnten dabei etwas Unterst\u00fctzung gebrauchen. Hier k\u00f6nnen wir beratend zur Seite stehen und bei Bedarf auch professionelle Anlaufstellen vermitteln.<\/p>\n<p>&nbsp;<\/p>\n<p>Einige Aufgabenfelder f\u00fcr M\u00e4dchen-, Jungen- und *-Beauftragte findet ihr hier:<\/p>\n<ul>\n<li>Rollenvorstellungen und -erwartungen: Identit\u00e4tsfindung<\/li>\n<\/ul>\n<p>(Was hei\u00dft es M\u00e4dchen oder Junge zu sein? Passe ich \u00fcberhaupt in diese Rollenbilder?)<\/p>\n<ul>\n<li>Berufsorientierung und Lebensplanung<\/li>\n<\/ul>\n<p>(Was sind typische Berufe? Muss man diese ergreifen? Warum muss man diese nicht ergreifen? Wie sieht die Familie aus, die ich mir in Zukunft vorstellen kann?)<\/p>\n<ul>\n<li>(Gewaltfreie) Selbstbehauptung und Selbstverteidigung<\/li>\n<li>Diskriminierungen (Benachteiligungen) aufgrund deines Geschlechts* oder sexuellen Orientierung.<\/li>\n<li>Unterst\u00fctzung der Lehrkr\u00e4fte in Fragen von geschlechtergerechter P\u00e4dagogik<\/li>\n<li>Gleichberechtigung auf allen Ebenen<\/li>\n<\/ul>\n<p>&nbsp;<\/p>\n<p>Falls du mit deiner Rolle in der Klasse unzufrieden bist oder nicht wei\u00dft, wie du dich in bestimmten Situationen verhalten sollst, ohne dass es zu einem Konflikt kommt, kannst du uns gern ansprechen. Wenn ihr das Gef\u00fchl habt, dass ein Thema die gesamte Klasse betrifft, k\u00f6nnt ihr auch gerne auf uns zukommen, oft k\u00f6nnen wir Expert*innen einladen oder Workshops organisieren.<\/p>\n<p>Insbesondere bei Fragen bez\u00fcglich deiner eigenen Identit\u00e4t k\u00f6nnen wir als Ansprechpartner am TMG f\u00fcr euch da sein.<\/p>\n<p>Die M\u00e4dchenbeauftragte ist Frau <strong>Gudowius<\/strong>, der Jungenbeauftragte ist Herr <strong>Schorer<\/strong>. Falls euer Anliegen weder in die Kategorie M\u00e4dchen noch Junge passt, k\u00f6nnt ihr Frau <strong>Bauerfeind<\/strong> ansprechen.<\/p>\n<p>&nbsp;<\/p>\n<p>In der Schulbibliothek verstecken sich zudem einige B\u00fccher, die sich mit den Themen Diversit\u00e4t und LGBTQ+\u00a0auseinandersetzen:<\/p>\n<table width=\"567\">\n<tbody>\n<tr>\n<td width=\"108\"><strong>ALTERSSTUFE:<\/strong><\/td>\n<td width=\"844\"><strong>TITEL\u00a0 <\/strong><\/td>\n<td width=\"456\"><strong>AUTOR*IN, ERSCHEINUNGSJAHR<\/strong><\/td>\n<\/tr>\n<tr>\n<td width=\"108\">&#8211;\u00a0\u00a0\u00a0\u00a0\u00a0\u00a0 10<\/td>\n<td width=\"844\">Das Liebesleben der Tiere<\/p>\n<p>&nbsp;<\/p>\n<p>&nbsp;<\/td>\n<td width=\"456\">Katharina von der Gathen<\/p>\n<p>&nbsp;<\/p>\n<p>2020<\/td>\n<\/tr>\n<tr>\n<td width=\"108\">11+<\/td>\n<td width=\"844\">Warten auf Wind<\/p>\n<p>&nbsp;<\/p>\n<p>&nbsp;<\/td>\n<td width=\"456\">Oskar Kroon<\/p>\n<p>&nbsp;<\/p>\n<p>2021<\/td>\n<\/tr>\n<tr>\n<td width=\"108\"><\/td>\n<td width=\"844\">Blitzeinschlag im Territorium<\/p>\n<p>&nbsp;<\/p>\n<p>&nbsp;<\/td>\n<td width=\"456\">Christine Werner<\/p>\n<p>&nbsp;<\/p>\n<p>2021<\/td>\n<\/tr>\n<tr>\n<td width=\"108\"><\/td>\n<td width=\"844\"><\/td>\n<td width=\"456\"><\/td>\n<\/tr>\n<tr>\n<td width=\"108\">12+<\/td>\n<td width=\"844\">Unser Platz in der Welt<\/p>\n<p>&nbsp;<\/p>\n<p>&nbsp;<\/td>\n<td width=\"456\">Luisa Strunk<\/p>\n<p>&nbsp;<\/p>\n<p>2021<\/td>\n<\/tr>\n<tr>\n<td width=\"108\"><\/td>\n<td width=\"844\">Letztendlich sind wir dem Universum egal<\/p>\n<p>&nbsp;<\/p>\n<p>&nbsp;<\/td>\n<td width=\"456\">David Levithan<\/p>\n<p>&nbsp;<\/p>\n<p>2014<\/td>\n<\/tr>\n<tr>\n<td width=\"108\"><\/td>\n<td width=\"844\">Mein Bruder hei\u00dft Jessica<\/p>\n<p>&nbsp;<\/p>\n<p>&nbsp;<\/td>\n<td width=\"456\">John Boyne<\/p>\n<p>&nbsp;<\/p>\n<p>2020<\/td>\n<\/tr>\n<tr>\n<td width=\"108\">13 +<\/td>\n<td width=\"844\">Will &amp; Will<\/p>\n<p>&nbsp;<\/p>\n<p>&nbsp;<\/td>\n<td width=\"456\">John Greene, David Levithan<\/p>\n<p>&nbsp;<\/p>\n<p>2013<\/p>\n<p>&nbsp;<\/td>\n<\/tr>\n<tr>\n<td width=\"108\"><\/td>\n<td width=\"844\">Das Lied des Achill<\/p>\n<p>&nbsp;<\/p>\n<p>&nbsp;<\/td>\n<td width=\"456\">Madeline Miller<\/p>\n<p>&nbsp;<\/p>\n<p>2020<\/td>\n<\/tr>\n<tr>\n<td width=\"108\"><\/td>\n<td width=\"844\"><\/td>\n<td width=\"456\"><\/td>\n<\/tr>\n<tr>\n<td width=\"108\">14 +<\/td>\n<td width=\"844\">Zusammen werden wir leuchten<\/p>\n<p>&nbsp;<\/p>\n<p>&nbsp;<\/td>\n<td width=\"456\">Lisa Williamson<\/p>\n<p>&nbsp;<\/p>\n<p>2015<\/td>\n<\/tr>\n<tr>\n<td width=\"108\"><\/td>\n<td width=\"844\">It\u2019s ok not to be ok<\/td>\n<td width=\"456\">Scarlett Luis (Hrsg)<\/p>\n<p>&nbsp;<\/p>\n<p>&nbsp;<\/td>\n<\/tr>\n<tr>\n<td width=\"108\"><\/td>\n<td width=\"844\">Den Mund voll ungesagter Dinge<\/p>\n<p>&nbsp;<\/p>\n<p>&nbsp;<\/td>\n<td width=\"456\">Anne Freytag<\/p>\n<p>&nbsp;<\/p>\n<p>&nbsp;<\/td>\n<\/tr>\n<tr>\n<td width=\"108\"><\/td>\n<td width=\"844\">Ich gebe dir die Sonne<\/p>\n<p>&nbsp;<\/p>\n<p>&nbsp;<\/td>\n<td width=\"456\">Jandy Nelson<\/p>\n<p>&nbsp;<\/p>\n<p>&nbsp;<\/td>\n<\/tr>\n<tr>\n<td width=\"108\"><\/td>\n<td width=\"844\">Was ist mit uns?<\/p>\n<p>&nbsp;<\/p>\n<p>&nbsp;<\/td>\n<td width=\"456\">Becky Albertalli, Adam Silvera<\/p>\n<p>&nbsp;<\/p>\n<p>&nbsp;<\/td>\n<\/tr>\n<tr>\n<td width=\"108\"><\/td>\n<td width=\"844\">Royals<\/p>\n<p>&nbsp;<\/p>\n<p>&nbsp;<\/td>\n<td width=\"456\">Rachel Hawkins<\/p>\n<p>&nbsp;<\/p>\n<p>&nbsp;<\/td>\n<\/tr>\n<tr>\n<td width=\"108\"><\/td>\n<td width=\"844\">Royal Blue<\/p>\n<p>&nbsp;<\/p>\n<p>&nbsp;<\/td>\n<td width=\"456\">Casey McQuiston<\/p>\n<p>&nbsp;<\/p>\n<p>&nbsp;<\/td>\n<\/tr>\n<tr>\n<td width=\"108\"><\/td>\n<td width=\"844\">Am Ende sterben wir sowieso<\/p>\n<p>&nbsp;<\/p>\n<p>&nbsp;<\/td>\n<td width=\"456\">Adam Silvera<\/p>\n<p>&nbsp;<\/p>\n<p>&nbsp;<\/td>\n<\/tr>\n<\/tbody>\n<\/table>\n<p>&nbsp;<\/p>\n<p>&nbsp;<\/p>\n","protected":false},"excerpt":{"rendered":"<p>Was ist die Aufgabe von M\u00e4dchen-, Jungen- und *-Beauftragten Die Hauptaufgabe von uns (Frau Gudowius, Frau Bauerfeind und Herr Schorer) ist es, eine Anlaufstelle zu sein, die dir\/euch weiterhelfen kann. Viele Situationen kann man durch Gespr\u00e4che l\u00f6sen. Deshalb ist es &hellip; <a href=\"https:\/\/tmg.m-bildung.de\/?page_id=264\">Weiterlesen <span class=\"meta-nav\">&rarr;<\/span><\/a><\/p>\n","protected":false},"author":1,"featured_media":0,"parent":0,"menu_order":0,"comment_status":"closed","ping_status":"closed","template":"sidebar-page.php","meta":{"footnotes":""},"class_list":["post-264","page","type-page","status-publish","hentry"],"_links":{"self":[{"href":"https:\/\/tmg.m-bildung.de\/index.php?rest_route=\/wp\/v2\/pages\/264","targetHints":{"allow":["GET"]}}],"collection":[{"href":"https:\/\/tmg.m-bildung.de\/index.php?rest_route=\/wp\/v2\/pages"}],"about":[{"href":"https:\/\/tmg.m-bildung.de\/index.php?rest_route=\/wp\/v2\/types\/page"}],"author":[{"embeddable":true,"href":"https:\/\/tmg.m-bildung.de\/index.php?rest_route=\/wp\/v2\/users\/1"}],"replies":[{"embeddable":true,"href":"https:\/\/tmg.m-bildung.de\/index.php?rest_route=%2Fwp%2Fv2%2Fcomments&post=264"}],"version-history":[{"count":0,"href":"https:\/\/tmg.m-bildung.de\/index.php?rest_route=\/wp\/v2\/pages\/264\/revisions"}],"wp:attachment":[{"href":"https:\/\/tmg.m-bildung.de\/index.php?rest_route=%2Fwp%2Fv2%2Fmedia&parent=264"}],"curies":[{"name":"wp","href":"https:\/\/api.w.org\/{rel}","templated":true}]}}