{"id":2627,"date":"2021-05-18T09:54:22","date_gmt":"2021-05-18T07:54:22","guid":{"rendered":"https:\/\/tmg.musin.de\/?page_id=2627"},"modified":"2021-05-18T09:54:22","modified_gmt":"2021-05-18T07:54:22","slug":"uebungsmaterialliste-und-literaturtipps","status":"publish","type":"page","link":"https:\/\/tmg.m-bildung.de\/?page_id=2627","title":{"rendered":"\u00dcbungsmaterialliste und Literaturtipps"},"content":{"rendered":"\n<p><strong>5. Jahrgangsstufe<\/strong>&nbsp;<\/p>\n\n\n\n<table class=\"wp-block-table\"><tbody><tr><td><strong>Titel<\/strong>&nbsp;<\/td><td><strong>ISBN<\/strong>&nbsp;<\/td><td><strong>Kommentar<\/strong>&nbsp;<\/td><\/tr><tr><td><strong>Green Line 1<\/strong>, Trainingsbuch Schulaufgaben&nbsp;<\/td><td>978-3-12-803031-9&nbsp;<\/td><td>gezielte \u00dcbungen und Tipps zu jeder Unit, Training der Schulaufgabenformate, mit CD-ROM und L\u00f6sungen&nbsp;<\/td><\/tr><tr><td><strong>Green Line 1<\/strong>, 99 grammatische \u00dcbungen mit L\u00f6sungen&nbsp;<\/td><td>978-3-12-803092-0&nbsp;<\/td><td>schnelle \u00dcbungen zum Wiederholen und Festigen der Grammatik&nbsp;<\/td><\/tr><tr><td><strong>Green Line 1\/2<\/strong>, grammatisches Beiheft&nbsp;<\/td><td>978-3-12-803090-6&nbsp;<\/td><td>enth\u00e4lt die gesamte Grammatik aus Green Line Band 1 und 2, ideal zum Nachschlagen&nbsp;<\/td><\/tr><tr><td><strong>Green Line<\/strong>&nbsp;Vokabeltrainer App&nbsp;<\/td><td>&nbsp;&nbsp;<\/td><td>kostenlos, mobiles Vokabellernen auf dem Smartphone mit 5 verschiedenen Trainingstypen&nbsp;<\/td><\/tr><tr><td><strong>Green Line 1<\/strong>, Vokabellernheft&nbsp;<\/td><td>978-3-12-803076-0&nbsp;<\/td><td>Heft im Taschenformat auf das Schulbuch abgestimmter Wortschatz und Wortfelder, mit vielen Lerntipps&nbsp;<\/td><\/tr><tr><td><strong>LEKT\u00dcRE:<\/strong>&nbsp;<br><strong><\/strong>Baer-Engel, Jennifer:&nbsp;<strong><em>Stories&nbsp;for&nbsp;a ghost!<\/em><\/strong>&nbsp;<\/td><td>978-3-12-844389-8&nbsp;<\/td><td>Lekt\u00fcre mit Audio-CD, mit online \u00dcbungen, landeskundlichen Informationen etc.,&nbsp;&nbsp; abgestimmt auf Green Line 1&nbsp;<\/td><\/tr><tr><td><strong>LEKT\u00dcRE:<\/strong>&nbsp;<br><strong><\/strong>Ashworth, Pauline:&nbsp;<strong><em>Ships, pearls and a parrot<\/em><\/strong>&nbsp;<\/td><td>978-3-12-844391-1&nbsp;<\/td><td>Lekt\u00fcre mit Audio-CD, mit online \u00dcbungen, landeskundlichen Informationen etc.,&nbsp;&nbsp; abgestimmt auf Green Line 1&nbsp;<\/td><\/tr><tr><td><a href=\"http:\/\/www.englisch-hilfen.de\/\" target=\"_blank\" rel=\"noreferrer noopener\">www.englisch-hilfen.de<\/a>&nbsp;&nbsp;<\/td><td>&nbsp;&nbsp;<\/td><td>Englisch Lernen online; kostenlose \u00dcbungen und Tests zu Vokabeln und Grammatik&nbsp;<\/td><\/tr><\/tbody><\/table>\n\n\n\n<p><strong>&nbsp;6. Jahrgangsstufe<\/strong>&nbsp;<\/p>\n\n\n\n<table class=\"wp-block-table\"><tbody><tr><td><strong>Titel<\/strong>&nbsp;<\/td><td><strong>ISBN<\/strong>&nbsp;<\/td><td><strong>Kommentar<\/strong>&nbsp;<\/td><\/tr><tr><td><strong>Green Line 2<\/strong>, Trainingsbuch Schulaufgaben&nbsp;<\/td><td>978-3-12-803021-0&nbsp;<\/td><td>gezielte \u00dcbungen und Tipps zu jeder Unit, Training der Schulaufgabenformate, mit CD-ROM und L\u00f6sungen&nbsp;<\/td><\/tr><tr><td><strong>Green Line 2<\/strong>, 99 grammatische \u00dcbungen mit L\u00f6sungen&nbsp;<\/td><td>978-3-12-803093-7&nbsp;<\/td><td>schnelle \u00dcbungen zum Wiederholen und Festigen der Grammatik&nbsp;<\/td><\/tr><tr><td><strong>Green Line 1\/2<\/strong>, grammatisches Beiheft&nbsp;<\/td><td>978-3-12-803090-6&nbsp;<\/td><td>enth\u00e4lt die gesamte Grammatik aus Green Line Band 1 und 2, ideal zum Nachschlagen&nbsp;<\/td><\/tr><tr><td><strong>Green Line<\/strong>&nbsp;Vokabeltrainer App&nbsp;<\/td><td>&nbsp;&nbsp;<\/td><td>kostenlos, mobiles Vokabellernen auf dem Smartphone mit 5 verschiedenen Trainingstypen&nbsp;<\/td><\/tr><tr><td><strong>Green Line 2<\/strong>, Vokabellernheft&nbsp;<\/td><td>978-3-12-803076-0&nbsp;<\/td><td>Heft im Taschenformat auf das Schulbuch abgestimmter Wortschatz und Wortfelder, mit vielen Lerntipps&nbsp;<\/td><\/tr><tr><td><strong>LEKT\u00dcRE:<\/strong>&nbsp;<br><strong><\/strong>John Marks and Alison Wooder:&nbsp;<strong><em>The London Game<\/em><\/strong>&nbsp;<\/td><td>978-3-12-844392-8&nbsp;<\/td><td>Lekt\u00fcre mit Audio-CD, mit online \u00dcbungen, landeskundlichen Informationen etc.,&nbsp;&nbsp; abgestimmt auf Green Line 2&nbsp;<\/td><\/tr><tr><td><strong>LEKT\u00dcRE:<\/strong>&nbsp;<br><strong><\/strong>Stevens, Lucie:&nbsp;<strong><em>Treasures from the Thames<\/em><\/strong>&nbsp;<\/td><td>978-3-12-844393-5&nbsp;<\/td><td>Lekt\u00fcre mit Audio-CD, mit online \u00dcbungen, landeskundlichen Informationen etc.,&nbsp;&nbsp; abgestimmt auf Green Line 2&nbsp;<\/td><\/tr><tr><td><a href=\"http:\/\/www.englisch-hilfen.de\/\" target=\"_blank\" rel=\"noreferrer noopener\">www.englisch-hilfen.de<\/a>&nbsp;&nbsp;<\/td><td>&nbsp;&nbsp;<\/td><td>Englisch Lernen online; kostenlose \u00dcbungen und Tests zu Vokabeln und Grammatik&nbsp;<\/td><\/tr><\/tbody><\/table>\n\n\n\n<p><strong>&nbsp;7. Jahrgangsstufe<\/strong>&nbsp;<\/p>\n\n\n\n<table class=\"wp-block-table\"><tbody><tr><td><strong>Titel<\/strong>&nbsp;<\/td><td><strong>ISBN<\/strong>&nbsp;<\/td><td><strong>Kommentar<\/strong>&nbsp;<\/td><\/tr><tr><td><strong>Green Line 3<\/strong>, Trainingsbuch Schulaufgaben&nbsp;<\/td><td>978-3-12-803031-9&nbsp;<\/td><td>gezielte \u00dcbungen und Tipps zu jeder Unit, Training der Schulaufgabenformate, mit CD-ROM und L\u00f6sungen&nbsp;<\/td><\/tr><tr><td><strong>Green Line 3\/4<\/strong>, grammatisches Beiheft&nbsp;<\/td><td>978-3-12-803091-3&nbsp;<\/td><td>enth\u00e4lt die gesamte Grammatik aus Green Line Band 3 und 4, ideal zum Nachschlagen&nbsp;<\/td><\/tr><tr><td><strong>Green Line<\/strong>&nbsp;Vokabeltrainer App&nbsp;<\/td><td>&nbsp;&nbsp;<\/td><td>kostenlos, mobiles Vokabellernen auf dem Smartphone mit 5 verschiedenen Trainingstypen&nbsp;<\/td><\/tr><tr><td><strong>Green Line 3<\/strong>, Vokabellernheft&nbsp;<\/td><td>978-3-12-803078-4&nbsp;<\/td><td>Heft im Taschenformat auf das Schulbuch abgestimmter Wortschatz und Wortfelder, mit vielen Aufgaben zum \u00dcben&nbsp;<\/td><\/tr><tr><td><a href=\"http:\/\/www.englisch-hilfen.de\/\" target=\"_blank\" rel=\"noreferrer noopener\">www.englisch-hilfen.de<\/a>&nbsp;&nbsp;<\/td><td>&nbsp;&nbsp;<\/td><td>Englisch Lernen online; kostenlose \u00dcbungen und Tests zu Vokabeln und Grammatik&nbsp;<\/td><\/tr><\/tbody><\/table>\n\n\n\n<p><strong>8. Jahrgangsstufe<\/strong>&nbsp;<\/p>\n\n\n\n<table class=\"wp-block-table\"><tbody><tr><td><strong>Titel<\/strong>&nbsp;<\/td><td><strong>ISBN<\/strong>&nbsp;<\/td><td><strong>Kommentar<\/strong>&nbsp;<\/td><\/tr><tr><td><strong>English G<\/strong>, Band 4: Schulaufgabentrainer&nbsp;<\/td><td>978-3-46-435640-1&nbsp;<\/td><td>mit Musterl\u00f6sungen und H\u00f6r-CD&nbsp;<\/td><\/tr><tr><td><strong>English G<\/strong>, Grammatikheft Band 3\/4&nbsp;<\/td><td>978-3-06-031104-0&nbsp;<\/td><td>liefert einen Grammatik\u00fcberblick \u00fcber Band 3 und 4, ideal zum Nachschlagen&nbsp;<\/td><\/tr><tr><td>Cornelsen:<strong>&nbsp;Grammar&nbsp;no&nbsp;problem<\/strong>&nbsp;<\/td><td>978-3-06-121777-8&nbsp;<\/td><td>\u00dcbungsgrammatik Englisch mit L\u00f6sungsschl\u00fcssel und interaktiven \u00dcbungen auf&nbsp;www.scook.de&nbsp;<\/td><\/tr><tr><td><strong>Phase 6&nbsp;<\/strong>Vokabellernprogramm&nbsp;<\/td><td>&nbsp;&nbsp;<\/td><td>&nbsp;&nbsp;<\/td><\/tr><tr><td><a href=\"http:\/\/www.englisch-hilfen.de\/\" target=\"_blank\" rel=\"noreferrer noopener\">www.englisch-hilfen.de<\/a>&nbsp;&nbsp;<\/td><td>&nbsp;&nbsp;<\/td><td>Englisch Lernen online; kostenlose \u00dcbungen und Tests zu Vokabeln und Grammatik&nbsp;<\/td><\/tr><tr><td>Raymond Murphy&#8217;s &#8222;<strong>English Grammar in Use<\/strong>&#8220;&nbsp;&nbsp;&nbsp;&nbsp;<\/td><td>ISBN-10: 1108457657&nbsp;&nbsp;&nbsp;<\/td><td>sehr \u00fcbersichtlich (linke Seite grammatisches Ph\u00e4nomen erkl\u00e4rt, rechts \u00dcbungen dazu, hinten additional&nbsp;exercises&nbsp;mit&nbsp;key) und stellt die unterschiedlichen&nbsp;tenses&nbsp;ganz genau gegen\u00fcber&nbsp;<\/td><\/tr><\/tbody><\/table>\n\n\n\n<p><strong>8. Jahrgangsstufe (erst ab Schuljahr 2020\/21!)<\/strong>&nbsp;<\/p>\n\n\n\n<table class=\"wp-block-table\"><tbody><tr><td><strong>Titel<\/strong>&nbsp;<\/td><td><strong>ISBN<\/strong>&nbsp;<\/td><td><strong>Kommentar<\/strong>&nbsp;<\/td><\/tr><tr><td><strong>Green Line 4<\/strong>, Trainingsbuch Schulaufgaben&nbsp;<\/td><td>978-3-12-803078-4&nbsp;<\/td><td>gezielte \u00dcbungen und Tipps zu jeder Unit, Training der Schulaufgabenformate, mit CD-ROM und L\u00f6sungen&nbsp;<\/td><\/tr><tr><td><strong>Green Line 3\/4<\/strong>, grammatisches Beiheft&nbsp;<\/td><td>978-3-12-803091-3&nbsp;<\/td><td>enth\u00e4lt die gesamte Grammatik aus Green Line Band 3 und 4, ideal zum Nachschlagen&nbsp;<\/td><\/tr><tr><td><strong>Green Line<\/strong>&nbsp;Vokabeltrainer App&nbsp;<\/td><td>&nbsp;&nbsp;<\/td><td>kostenlos, mobiles Vokabellernen auf dem Handy mit 5 verschiedenen Trainingstypen&nbsp;<\/td><\/tr><tr><td><strong>Green Line 4<\/strong>, Vokabellernheft&nbsp;<\/td><td>978-3-12-803079-1&nbsp;&nbsp;&nbsp;<\/td><td>Heft im Taschenformat auf das Schulbuch abgestimmter Wortschatz und Wortfelder, mit vielen Aufgaben zum \u00dcben&nbsp;<\/td><\/tr><tr><td><strong>LEKT\u00dcRE:<\/strong>&nbsp;<br><strong><\/strong>John Marks and Alison Wooder:&nbsp;<strong><em>Screen enemies<\/em><\/strong>&nbsp;<\/td><td>978-3-12-844392-8&nbsp;<\/td><td>Lekt\u00fcre f\u00fcr das 3. Lernjahr&nbsp;<\/td><\/tr><tr><td><strong>LEKT\u00dcRE:<\/strong>&nbsp;<br><strong><\/strong>Baer-Engel, Jennifer:&nbsp;<strong><em>Through the hurricane<\/em><\/strong>&nbsp;<\/td><td>978-3-12-844403-1&nbsp;<\/td><td>Lekt\u00fcre f\u00fcr das 3. Lernjahr&nbsp;<\/td><\/tr><tr><td><a href=\"http:\/\/www.englisch-hilfen.de\/\" target=\"_blank\" rel=\"noreferrer noopener\">www.englisch-hilfen.de<\/a>&nbsp;&nbsp;<\/td><td>&nbsp;&nbsp;<\/td><td>Englisch Lernen online; kostenlose \u00dcbungen und Tests zu Vokabeln und Grammatik&nbsp;<\/td><\/tr><tr><td>Raymond Murphy&#8217;s &#8222;<strong>English Grammar in Use<\/strong>&#8220;&nbsp;&nbsp;&nbsp;&nbsp;<\/td><td>ISBN-10: 1108457657&nbsp;&nbsp;&nbsp;<\/td><td>sehr \u00fcbersichtlich (linke Seite grammatisches Ph\u00e4nomen erkl\u00e4rt, rechts \u00dcbungen dazu, hinten&nbsp;additional&nbsp;exercises&nbsp;mit&nbsp;key) und stellt die unterschiedlichen&nbsp;tenses&nbsp;ganz genau gegen\u00fcber&nbsp;<\/td><\/tr><\/tbody><\/table>\n\n\n\n<p><strong>9. Jahrgangsstufe<\/strong>&nbsp;<\/p>\n\n\n\n<table class=\"wp-block-table\"><tbody><tr><td><strong>Titel<\/strong>&nbsp;<\/td><td><strong>ISBN<\/strong>&nbsp;<\/td><td><strong>Kommentar<\/strong>&nbsp;<\/td><\/tr><tr><td><strong>English G<\/strong>, Band 5: Schulaufgabentrainer&nbsp;<\/td><td>978-3-06-031831-5&nbsp;<\/td><td>mit Musterl\u00f6sungen und H\u00f6r-CD&nbsp;<\/td><\/tr><tr><td>Cornelsen :&nbsp;<strong>Englische Grammatik f\u00fcr die Mittel- und Oberstufe<\/strong>&nbsp;<\/td><td>978-3-06-035284-5&nbsp;<\/td><td>\u00dcbersichtliches Grammatikbuch mit Erkl\u00e4rvideos online, am Ende des Kapitels \u00fcberpr\u00fcfen die Lernenden ihr Wissen auf Quick-Check-Seiten&nbsp;<\/td><\/tr><tr><td>Cornelsen :&nbsp;<strong>Englische Grammatik&nbsp;<\/strong>mit interaktiven \u00dcbungen f\u00fcr die Mittel- und Oberstufe&nbsp;<\/td><td>978-3-06-035870-0&nbsp;<\/td><td>Grammatik mit interaktiven \u00dcbungen auf&nbsp;www.scook.de&nbsp;<\/td><\/tr><tr><td><strong>Phase 6&nbsp;<\/strong>Vokabellernprogramm&nbsp;<\/td><td>&nbsp;&nbsp;<\/td><td>&nbsp;&nbsp;<\/td><\/tr><tr><td><a href=\"http:\/\/www.englisch-hilfen.de\/\" target=\"_blank\" rel=\"noreferrer noopener\">www.englisch-hilfen.de<\/a>&nbsp;&nbsp;<\/td><td>&nbsp;&nbsp;<\/td><td>Englisch Lernen online; kostenlose \u00dcbungen und Tests zu Vokabeln und Grammatik&nbsp;<\/td><\/tr><tr><td>Raymond Murphy&#8217;s &#8222;<strong>English Grammar in Use<\/strong>&#8220;&nbsp;&nbsp;&nbsp;&nbsp;<\/td><td>ISBN-10: 1108457657&nbsp;&nbsp;&nbsp;<\/td><td>sehr \u00fcbersichtlich (linke Seite grammatisches Ph\u00e4nomen erkl\u00e4rt, rechts \u00dcbungen dazu, hinten additional&nbsp;exercises&nbsp;mit&nbsp;key) und stellt die unterschiedlichen&nbsp;tenses&nbsp;ganz genau gegen\u00fcber&nbsp;<\/td><\/tr><\/tbody><\/table>\n\n\n\n<p><strong>10. Jahrgangsstufe<\/strong>&nbsp;<\/p>\n\n\n\n<table class=\"wp-block-table\"><tbody><tr><td><strong>Titel<\/strong>&nbsp;<\/td><td><strong>ISBN<\/strong>&nbsp;<\/td><td><strong>Kommentar<\/strong>&nbsp;<\/td><\/tr><tr><td><strong>English G<\/strong>, Band 6: Schulaufgabentrainer&nbsp;<\/td><td>978-3-06-031838-4&nbsp;<\/td><td>mit Musterl\u00f6sungen und H\u00f6r-CD&nbsp;<\/td><\/tr><tr><td>Cornelsen :&nbsp;<strong>Englische Grammatik f\u00fcr die Mittel- und Oberstufe<\/strong>&nbsp;<\/td><td>978-3-06-035284-5&nbsp;<\/td><td>\u00dcbersichtliches Grammatikbuch mit Erkl\u00e4rvideos online, am Ende des Kapitels \u00fcberpr\u00fcfen die Lernenden ihr Wissen auf Quick-Check-Seiten&nbsp;<\/td><\/tr><tr><td>Cornelsen :&nbsp;<strong>Englische Grammatik&nbsp;<\/strong>mit interaktiven \u00dcbungen f\u00fcr die Mittel- und Oberstufe&nbsp;<\/td><td>978-3-06-035870-0&nbsp;<\/td><td>Grammatik mit interaktiven \u00dcbungen auf&nbsp;www.scook.de&nbsp;<\/td><\/tr><tr><td><strong>Phase 6&nbsp;<\/strong>Vokabellernprogramm&nbsp;<\/td><td>&nbsp;&nbsp;<\/td><td>&nbsp;&nbsp;<\/td><\/tr><tr><td><a href=\"http:\/\/www.englisch-hilfen.de\/\" target=\"_blank\" rel=\"noreferrer noopener\">www.englisch-hilfen.de<\/a>&nbsp;&nbsp;<\/td><td>&nbsp;&nbsp;<\/td><td>Englisch Lernen online; kostenlose \u00dcbungen und Tests zu Vokabeln und Grammatik&nbsp;<\/td><\/tr><tr><td>Raymond Murphy&#8217;s &#8222;<strong>English Grammar in Use<\/strong>&#8220;&nbsp;&nbsp;&nbsp;&nbsp;<\/td><td>ISBN-10: 1108457657&nbsp;&nbsp;&nbsp;<\/td><td>sehr \u00fcbersichtlich (linke Seite grammatisches Ph\u00e4nomen erkl\u00e4rt, rechts \u00dcbungen dazu, hinten additional&nbsp;exercises&nbsp;mit&nbsp;key) und stellt die unterschiedlichen&nbsp;tenses&nbsp;ganz genau gegen\u00fcber&nbsp;<\/td><\/tr><\/tbody><\/table>\n\n\n\n<p><strong>&nbsp;Lekt\u00fcren f\u00fcr die 7., 8., 9. und 10. Jahrgangsstufe sind zu finden unter:&nbsp;<\/strong>&nbsp;<\/p>\n\n\n\n<p><a href=\"http:\/\/www.klett-sprachen.de\/\" target=\"_blank\" rel=\"noreferrer noopener\">www.klett-sprachen.de<\/a>&nbsp;<\/p>\n\n\n\n<p><a href=\"http:\/\/www.cornelsen.de\/\" target=\"_blank\" rel=\"noreferrer noopener\">www.cornelsen.de<\/a>&nbsp;<\/p>\n\n\n\n<p><a href=\"http:\/\/www.langenscheidt.de\" target=\"_blank\" rel=\"noreferrer noopener\" aria-label=\"www.langenscheidt.de\u00a0 (\u00f6ffnet in neuem Tab)\">www.langenscheidt.de\u00a0<\/a><\/p>\n","protected":false},"excerpt":{"rendered":"<p>5. Jahrgangsstufe&nbsp; Titel&nbsp; ISBN&nbsp; Kommentar&nbsp; Green Line 1, Trainingsbuch Schulaufgaben&nbsp; 978-3-12-803031-9&nbsp; gezielte \u00dcbungen und Tipps zu jeder Unit, Training der Schulaufgabenformate, mit CD-ROM und L\u00f6sungen&nbsp; Green Line 1, 99 grammatische \u00dcbungen mit L\u00f6sungen&nbsp; 978-3-12-803092-0&nbsp; schnelle \u00dcbungen zum Wiederholen und Festigen &hellip; <a href=\"https:\/\/tmg.m-bildung.de\/?page_id=2627\">Weiterlesen <span class=\"meta-nav\">&rarr;<\/span><\/a><\/p>\n","protected":false},"author":1,"featured_media":0,"parent":0,"menu_order":0,"comment_status":"closed","ping_status":"closed","template":"sidebar-page.php","meta":{"footnotes":""},"class_list":["post-2627","page","type-page","status-publish","hentry"],"_links":{"self":[{"href":"https:\/\/tmg.m-bildung.de\/index.php?rest_route=\/wp\/v2\/pages\/2627","targetHints":{"allow":["GET"]}}],"collection":[{"href":"https:\/\/tmg.m-bildung.de\/index.php?rest_route=\/wp\/v2\/pages"}],"about":[{"href":"https:\/\/tmg.m-bildung.de\/index.php?rest_route=\/wp\/v2\/types\/page"}],"author":[{"embeddable":true,"href":"https:\/\/tmg.m-bildung.de\/index.php?rest_route=\/wp\/v2\/users\/1"}],"replies":[{"embeddable":true,"href":"https:\/\/tmg.m-bildung.de\/index.php?rest_route=%2Fwp%2Fv2%2Fcomments&post=2627"}],"version-history":[{"count":0,"href":"https:\/\/tmg.m-bildung.de\/index.php?rest_route=\/wp\/v2\/pages\/2627\/revisions"}],"wp:attachment":[{"href":"https:\/\/tmg.m-bildung.de\/index.php?rest_route=%2Fwp%2Fv2%2Fmedia&parent=2627"}],"curies":[{"name":"wp","href":"https:\/\/api.w.org\/{rel}","templated":true}]}}