{"id":262,"date":"2018-03-30T17:16:51","date_gmt":"2018-03-30T15:16:51","guid":{"rendered":"http:\/\/schule.prinzessin-auf-abenteuerurlaub.de\/?page_id=262"},"modified":"2018-03-30T17:16:51","modified_gmt":"2018-03-30T15:16:51","slug":"auslandsaufenthalte","status":"publish","type":"page","link":"https:\/\/tmg.m-bildung.de\/?page_id=262","title":{"rendered":"Auslandsaufenthalte"},"content":{"rendered":"<strong>Homepage TMG<\/strong>\n\n<strong>Auslandsaufenthalte<\/strong>\n\nAuslandsaufenthalte \u00a720 GSO\n\nBitte beachten Sie, dass wir Auslandsaufenthalte nur in der 11. Jahrgangsstufe genehmigen k\u00f6nnen.\n\nFolgende Voraussetzungen f\u00fcr eine Genehmigung m\u00fcssen erf\u00fcllt sein:\n<ul>\n \t<li>Positiver Vorr\u00fcckungsentscheid f\u00fcr die 11. Jahrgangsstufe<\/li>\n \t<li>Nachweis \u00fcber den Besuch einer Schule im Ausland, welche der in Bayern besuchten Schulart entsprechen muss. Bei R\u00fcckkehr muss eine Best\u00e4tigung der Auslandsschule vorgelegt werden.<\/li>\n \t<li>Nachweis \u00fcber die Unterbringung im Ausland (Internat, Gastfamilie)<\/li>\n<\/ul>\nDes Weiteren gelten folgende Regelungen:\n<ul>\n \t<li>Eine Genehmigung f\u00fcr eine Beurlaubung wird nur einmal erteilt<\/li>\n \t<li>Zeitliche M\u00f6glichkeiten:\n<ul>\n \t<li>W\u00e4hrend der gesamten 11. Jahrgangsstufe: Der Sch\u00fcler \/ Die Sch\u00fclerin r\u00fcckt auf Probe in die 12. Jahrgangsstufe vor. Es gilt die GSO \u00a7 6 (5).\nBei R\u00fcckkehr vor Schuljahresende Es besteht Anwesenheitspflicht in der 11. Klasse ab dem Zeitpunkt der R\u00fcckkehr.<\/li>\n \t<li>Nur teilweise bzw. mehrere Monate: Der Sch\u00fcler \/ Die Sch\u00fclerin muss w\u00e4hrend der Anwesenheit am TMG vorr\u00fcckungsrelevante Leistungen erbringen. F\u00fcr die Zeit nach der R\u00fcckkehr gelten \u00dcbergangsregelungen f\u00fcr das Erbringen von Leistungsnachweisen.<\/li>\n<\/ul>\n<\/li>\n \t<li>Ein privat organisierter Sch\u00fcleraustausch kann genehmigt werden, wenn der Auslandsaufenthalt des Sch\u00fclers \/ der Sch\u00fclerin des TMG in der 11. Jahrgangsstufe stattfindet. Austauschsch\u00fcler*innen k\u00f6nnen in der 10. oder 11. Klasse eingeladen werden.<\/li>\n<\/ul>\nBei weiteren Fragen kontaktieren Sie bitte Frau Elli unter <a href=\"mailto:anneke.elei@muenchen.de\" target=\"_blank\" rel=\"noopener\">anneke.elei@muenchen.de<\/a>\n\n<!-- \/wp:post-content -->","protected":false},"excerpt":{"rendered":"<p>Homepage TMG Auslandsaufenthalte Auslandsaufenthalte \u00a720 GSO Bitte beachten Sie, dass wir Auslandsaufenthalte nur in der 11. Jahrgangsstufe genehmigen k\u00f6nnen. Folgende Voraussetzungen f\u00fcr eine Genehmigung m\u00fcssen erf\u00fcllt sein: Positiver Vorr\u00fcckungsentscheid f\u00fcr die 11. Jahrgangsstufe Nachweis \u00fcber den Besuch einer Schule im &hellip; <a href=\"https:\/\/tmg.m-bildung.de\/?page_id=262\">Weiterlesen <span class=\"meta-nav\">&rarr;<\/span><\/a><\/p>\n","protected":false},"author":1,"featured_media":0,"parent":0,"menu_order":0,"comment_status":"closed","ping_status":"closed","template":"sidebar-page.php","meta":{"footnotes":""},"class_list":["post-262","page","type-page","status-publish","hentry"],"_links":{"self":[{"href":"https:\/\/tmg.m-bildung.de\/index.php?rest_route=\/wp\/v2\/pages\/262","targetHints":{"allow":["GET"]}}],"collection":[{"href":"https:\/\/tmg.m-bildung.de\/index.php?rest_route=\/wp\/v2\/pages"}],"about":[{"href":"https:\/\/tmg.m-bildung.de\/index.php?rest_route=\/wp\/v2\/types\/page"}],"author":[{"embeddable":true,"href":"https:\/\/tmg.m-bildung.de\/index.php?rest_route=\/wp\/v2\/users\/1"}],"replies":[{"embeddable":true,"href":"https:\/\/tmg.m-bildung.de\/index.php?rest_route=%2Fwp%2Fv2%2Fcomments&post=262"}],"version-history":[{"count":0,"href":"https:\/\/tmg.m-bildung.de\/index.php?rest_route=\/wp\/v2\/pages\/262\/revisions"}],"wp:attachment":[{"href":"https:\/\/tmg.m-bildung.de\/index.php?rest_route=%2Fwp%2Fv2%2Fmedia&parent=262"}],"curies":[{"name":"wp","href":"https:\/\/api.w.org\/{rel}","templated":true}]}}