{"id":260,"date":"2018-03-30T17:16:32","date_gmt":"2018-03-30T15:16:32","guid":{"rendered":"http:\/\/schule.prinzessin-auf-abenteuerurlaub.de\/?page_id=260"},"modified":"2025-12-28T17:57:47","modified_gmt":"2025-12-28T17:57:47","slug":"stipendienprogramme","status":"publish","type":"page","link":"https:\/\/tmg.m-bildung.de\/?page_id=260","title":{"rendered":"Stipendienprogramme"},"content":{"rendered":"<p>Die Stipendienprogramme zur F\u00f6rderung bed\u00fcrftiger oder begabter Sch\u00fclerinnen und Sch\u00fcler finden Sie unter folgenden Links:<\/p>\n<ul>\n<li><a href=\"http:\/\/www.km.bayern.de\/ministerium\/schule-und-ausbildung\/foerderung\/foerderprogramme.html\">Sechs ausgew\u00e4hlte Stipendienprogramme<\/a><\/li>\n<li><a href=\"http:\/\/www.stmwfk.bayern.de\/Foerderung\/Bafoeg.aspx\">BAF\u00f6G und BayAF\u00f6G<\/a><\/li>\n<li>weitere Stipendien und Zusch\u00fcsse auch f\u00fcr Sch\u00fcler\/-innen bei\u00a0<a href=\"http:\/\/www.mystipendium.de\/\">www.mystipendium.de<\/a><\/li>\n<li>Wege ins\u00a0<a href=\"http:\/\/www.ausland.org\/de\/workcamps\/stipendium.html\">Ausland<\/a>\u00a0und Stipendien<\/li>\n<li>Zusch\u00fcsse zu Klassenfahrten gew\u00e4hrt auch der\u00a0<a href=\"https:\/\/tmg.m-bildung.de\/?page_id=2239\">Elternbeirat<\/a><\/li>\n<\/ul>\n","protected":false},"excerpt":{"rendered":"<p>Die Stipendienprogramme zur F\u00f6rderung bed\u00fcrftiger oder begabter Sch\u00fclerinnen und Sch\u00fcler finden Sie unter folgenden Links: Sechs ausgew\u00e4hlte Stipendienprogramme BAF\u00f6G und BayAF\u00f6G weitere Stipendien und Zusch\u00fcsse auch f\u00fcr Sch\u00fcler\/-innen bei\u00a0www.mystipendium.de Wege ins\u00a0Ausland\u00a0und Stipendien Zusch\u00fcsse zu Klassenfahrten gew\u00e4hrt auch der\u00a0Elternbeirat<\/p>\n","protected":false},"author":1,"featured_media":0,"parent":0,"menu_order":0,"comment_status":"closed","ping_status":"closed","template":"sidebar-page.php","meta":{"footnotes":""},"class_list":["post-260","page","type-page","status-publish","hentry"],"_links":{"self":[{"href":"https:\/\/tmg.m-bildung.de\/index.php?rest_route=\/wp\/v2\/pages\/260","targetHints":{"allow":["GET"]}}],"collection":[{"href":"https:\/\/tmg.m-bildung.de\/index.php?rest_route=\/wp\/v2\/pages"}],"about":[{"href":"https:\/\/tmg.m-bildung.de\/index.php?rest_route=\/wp\/v2\/types\/page"}],"author":[{"embeddable":true,"href":"https:\/\/tmg.m-bildung.de\/index.php?rest_route=\/wp\/v2\/users\/1"}],"replies":[{"embeddable":true,"href":"https:\/\/tmg.m-bildung.de\/index.php?rest_route=%2Fwp%2Fv2%2Fcomments&post=260"}],"version-history":[{"count":1,"href":"https:\/\/tmg.m-bildung.de\/index.php?rest_route=\/wp\/v2\/pages\/260\/revisions"}],"predecessor-version":[{"id":5484,"href":"https:\/\/tmg.m-bildung.de\/index.php?rest_route=\/wp\/v2\/pages\/260\/revisions\/5484"}],"wp:attachment":[{"href":"https:\/\/tmg.m-bildung.de\/index.php?rest_route=%2Fwp%2Fv2%2Fmedia&parent=260"}],"curies":[{"name":"wp","href":"https:\/\/api.w.org\/{rel}","templated":true}]}}