{"id":254,"date":"2018-03-30T17:15:26","date_gmt":"2018-03-30T15:15:26","guid":{"rendered":"http:\/\/schule.prinzessin-auf-abenteuerurlaub.de\/?page_id=254"},"modified":"2025-12-28T14:28:40","modified_gmt":"2025-12-28T14:28:40","slug":"schulpsychologie","status":"publish","type":"page","link":"https:\/\/tmg.m-bildung.de\/?page_id=254","title":{"rendered":"Schulpsychologie"},"content":{"rendered":"\n<p>Bitte wenden Sie sich an:<\/p>\n\n\n\n<figure class=\"wp-block-image size-full\"><img loading=\"lazy\" decoding=\"async\" width=\"150\" height=\"226\" src=\"http:\/\/tmg.m-bildung.de\/wp-content\/uploads\/2025\/12\/bell_klein-1.jpg\" alt=\"\" class=\"wp-image-5435\"\/><\/figure>\n\n\n\n<p>Frau StDin Monika Bell<\/p>\n\n\n\n<p>(Schulpsychologin)<\/p>\n\n\n\n<p>Raum: 106<\/p>\n\n\n\n<p>Tel.: 7450309-39<\/p>\n\n\n\n<figure class=\"wp-block-image size-full is-resized\"><img loading=\"lazy\" decoding=\"async\" width=\"600\" height=\"863\" src=\"http:\/\/tmg.m-bildung.de\/wp-content\/uploads\/2025\/12\/Michael-1.jpg\" alt=\"\" class=\"wp-image-5436\" style=\"aspect-ratio:0.7002315870092453;width:154px;height:auto\" srcset=\"https:\/\/tmg.m-bildung.de\/wp-content\/uploads\/2025\/12\/Michael-1.jpg 600w, https:\/\/tmg.m-bildung.de\/wp-content\/uploads\/2025\/12\/Michael-1-209x300.jpg 209w\" sizes=\"auto, (max-width: 600px) 100vw, 600px\" \/><\/figure>\n\n\n\n<p>Herr StD Michael Mestmacher<\/p>\n\n\n\n<p>(Schulpsychologe)<\/p>\n\n\n\n<p>Raum:107<\/p>\n\n\n\n<p>Tel.: 7450309-45<\/p>\n\n\n\n<p>Sch\u00fclerinnen und Sch\u00fcler unserer Schule und deren Eltern k\u00f6nnen sich bei Problemen im Schulalltag an uns wenden. Die&nbsp;<strong>schulpsychologische Beratung<\/strong>&nbsp;ist freiwillig, kostenfrei und vertraulich. Im Gespr\u00e4ch versuchen wir, die Probleme gemeinsam mit den Ratsuchenden zu kl\u00e4ren, Ver\u00e4nderungsoptionen zu erarbeiten und konkrete L\u00f6sungen zu finden. Bei Bedarf vermitteln wir auch Kontakte zu au\u00dferschulischen Beratungsfachkr\u00e4ften.<\/p>\n\n\n\n<p><strong>Themen der Einzelfallberatung<\/strong>&nbsp;sind u.a.:<\/p>\n\n\n\n<ul class=\"wp-block-list\">\n<li>Lern- und Leistungsschwierigkeiten<\/li>\n\n\n\n<li>Fragen zur Schullaufbahn<\/li>\n\n\n\n<li>Lese und Rechtschreibst\u00f6rung<\/li>\n\n\n\n<li>Fehlende Motivation<\/li>\n\n\n\n<li>Konzentrationsschwierigkeiten<\/li>\n\n\n\n<li>Schul- und Pr\u00fcfungsangst<\/li>\n\n\n\n<li>Verhaltensauff\u00e4lligkeiten<\/li>\n\n\n\n<li>Famili\u00e4re Probleme<\/li>\n\n\n\n<li>Schwierigkeiten in der Klasse<\/li>\n\n\n\n<li>Akute Krisensituationen<\/li>\n<\/ul>\n\n\n\n<p>Neben der Einzelfallberatung f\u00fchren wir auch&nbsp;<strong>vorbeugende Gruppentrainings<\/strong>&nbsp;durch, beispielsweise zur Gewaltpr\u00e4vention oder zum richtigen Umgang mit Pr\u00fcfungsangst. Treten innerhalb einer Klasse schwerwiegende Probleme auf (z.B. Mobbing), f\u00fchren wir auch&nbsp;<strong>Klasseninterventionen<\/strong>&nbsp;durch.<\/p>\n\n\n\n<p><strong>Termine f\u00fcr Beratungsgespr\u00e4che<\/strong>&nbsp;k\u00f6nnen Sie mit uns gerne individuell vereinbaren.<\/p>\n\n\n\n<p>Wenn Sie eine Nachricht auf unseren Anrufbeantwortern hinterlassen, rufen wir Sie baldm\u00f6glichst zur\u00fcck.<\/p>\n\n\n\n<p>Zu allen relevanten Beratungsbereichen finden Sie&nbsp;<strong>auch im Internet wertvolle Informationen<\/strong>:<\/p>\n\n\n\n<ul class=\"wp-block-list\">\n<li>Zentraler&nbsp;<a href=\"http:\/\/www.muenchen.de\/rathaus\/Stadtverwaltung\/Referat-fuer-Bildung-und-Sport\/Schulpsychologie.html\">Schulpsychologischer Dienst<\/a>&nbsp;der Landeshauptstadt M\u00fcnchen<\/li>\n\n\n\n<li>Staatliche&nbsp;<a href=\"http:\/\/www.schulberatung.bayern.de\/schulberatung\/muenchen\/index.asp\">Schulberatung<\/a>&nbsp;in M\u00fcnchen<\/li>\n\n\n\n<li><a href=\"http:\/\/www.muenchen.de\/rathaus\/Stadtverwaltung\/Referat-fuer-Bildung-und-Sport\/Bildungsberatung.html\">Bildungsberatung<\/a>&nbsp;M\u00fcnchen<\/li>\n<\/ul>\n","protected":false},"excerpt":{"rendered":"<p>Bitte wenden Sie sich an: Frau StDin Monika Bell (Schulpsychologin) Raum: 106 Tel.: 7450309-39 Herr StD Michael Mestmacher (Schulpsychologe) Raum:107 Tel.: 7450309-45 Sch\u00fclerinnen und Sch\u00fcler unserer Schule und deren Eltern k\u00f6nnen sich bei Problemen im Schulalltag an uns wenden. Die&nbsp;schulpsychologische &hellip; <a href=\"https:\/\/tmg.m-bildung.de\/?page_id=254\">Weiterlesen <span class=\"meta-nav\">&rarr;<\/span><\/a><\/p>\n","protected":false},"author":1,"featured_media":0,"parent":0,"menu_order":0,"comment_status":"closed","ping_status":"closed","template":"sidebar-page.php","meta":{"footnotes":""},"class_list":["post-254","page","type-page","status-publish","hentry"],"_links":{"self":[{"href":"https:\/\/tmg.m-bildung.de\/index.php?rest_route=\/wp\/v2\/pages\/254","targetHints":{"allow":["GET"]}}],"collection":[{"href":"https:\/\/tmg.m-bildung.de\/index.php?rest_route=\/wp\/v2\/pages"}],"about":[{"href":"https:\/\/tmg.m-bildung.de\/index.php?rest_route=\/wp\/v2\/types\/page"}],"author":[{"embeddable":true,"href":"https:\/\/tmg.m-bildung.de\/index.php?rest_route=\/wp\/v2\/users\/1"}],"replies":[{"embeddable":true,"href":"https:\/\/tmg.m-bildung.de\/index.php?rest_route=%2Fwp%2Fv2%2Fcomments&post=254"}],"version-history":[{"count":2,"href":"https:\/\/tmg.m-bildung.de\/index.php?rest_route=\/wp\/v2\/pages\/254\/revisions"}],"predecessor-version":[{"id":5438,"href":"https:\/\/tmg.m-bildung.de\/index.php?rest_route=\/wp\/v2\/pages\/254\/revisions\/5438"}],"wp:attachment":[{"href":"https:\/\/tmg.m-bildung.de\/index.php?rest_route=%2Fwp%2Fv2%2Fmedia&parent=254"}],"curies":[{"name":"wp","href":"https:\/\/api.w.org\/{rel}","templated":true}]}}