{"id":246,"date":"2018-03-30T17:14:14","date_gmt":"2018-03-30T15:14:14","guid":{"rendered":"http:\/\/schule.prinzessin-auf-abenteuerurlaub.de\/?page_id=246"},"modified":"2026-01-13T16:31:10","modified_gmt":"2026-01-13T16:31:10","slug":"bibliothek","status":"publish","type":"page","link":"https:\/\/tmg.m-bildung.de\/?page_id=246","title":{"rendered":"Bibliothek"},"content":{"rendered":"\n<p><strong>Schulbibliothek<\/strong><\/p>\n\n\n\n<p><strong>Angebot und Lage<\/strong><\/p>\n\n\n\n<p>Alle Mitglieder unserer Schulfamilie k\u00f6nnen unseren Bestand der Bibliothek, \u00fcber unseren Online \u2013 Katalog von Zuhause oder an Rechnern unserer Schule durchst\u00f6bern oder recherchieren. <a href=\"https:\/\/www.meine-schulbibliothek.de\/tmg\/\">HIER<\/a>&nbsp;<\/p>\n\n\n\n<p>Die Recherche im Bibliotheksbestand kann an OPAC-Rechner (\u201eOnline Public Access Catalogue\u201c (\u00f6ffentlich zug\u00e4nglicher Online-Katalog) durchgef\u00fchrt werden.<\/p>\n\n\n\n<figure class=\"wp-block-image size-full\"><img loading=\"lazy\" decoding=\"async\" width=\"465\" height=\"276\" src=\"https:\/\/tmg.m-bildung.de\/wp-content\/uploads\/2026\/01\/Unbenannt.png\" alt=\"\" class=\"wp-image-5565\" srcset=\"https:\/\/tmg.m-bildung.de\/wp-content\/uploads\/2026\/01\/Unbenannt.png 465w, https:\/\/tmg.m-bildung.de\/wp-content\/uploads\/2026\/01\/Unbenannt-300x178.png 300w\" sizes=\"auto, (max-width: 465px) 100vw, 465px\" \/><\/figure>\n\n\n\n<p>Nach dem Einzug in unser neues Schulgeb\u00e4ude ist die Schulbibliothek wieder zu einem beliebten Aufenthalts- und Wohlf\u00fchlort an unserer Schule geworden.<\/p>\n\n\n\n<p>Unsere Schulbibliothek befindet sich im 1. Stock des Aula-Bereiches in Raum 111 und ist ein beliebter Treffpunkt f\u00fcr alle Jahrgangsstufen und kann w\u00e4hrend den Pausen und Freistunden besucht werden.<\/p>\n\n\n\n<p><strong>Bestand<\/strong><\/p>\n\n\n\n<p>Der Bestand der Schulbibliothek umfasst momentan \u00fcber 9000 B\u00fccher.<\/p>\n\n\n\n<p>Die Bibliothek bietet neben lehrreichen Sachb\u00fcchern zu verschiedenen F\u00e4chern, Nachschlagewerke, Lexika, W\u00f6rterb\u00fccher, allgemeine Standardliteratur, Belletristik in verschiedenen Sprachen, Zeitschriften, Schullekt\u00fcren, Ratgeber und Unterrichtshilfen.<\/p>\n\n\n\n<p>Dar\u00fcber hinaus k\u00f6nnen unsere jungen Leserinnen und Leser ein gro\u00dfes Angebot an spannender Kinder- und Jugendliteratur und vieles mehr finden.<\/p>\n\n\n\n<p><strong>Lesen, Entspannen und Arbeiten<\/strong><\/p>\n\n\n\n<p>Die gem\u00fctlichen Sitzm\u00f6glichkeiten bieten eine ruhige, freundliche Atmosph\u00e4re, um die Pausen und Freistunden zum Lesen und Entspannen zu nutzen.<\/p>\n\n\n\n<p>Wir haben eine H\u00f6rstation in der Bibliothek eingerichtet, sodass die Sch\u00fclerinnen und Sch\u00fcler ihre Lieblingsh\u00f6rb\u00fccher anh\u00f6ren k\u00f6nnen.<\/p>\n\n\n\n<p><strong>&nbsp;<\/strong>Alle Mitglieder unserer Schulfamilie k\u00f6nnen unseren Bestand der Bibliothek, \u00fcber unseren Online \u2013 Katalog von Zuhause oder an Rechnern unserer Schule durchst\u00f6bern oder recherchieren.<\/p>\n\n\n\n<p>Die Recherche im Bibliotheksbestand kann an OPAC-Rechner (&#8222;Online Public Access Catalogue&#8220; (\u00f6ffentlich zug\u00e4nglicher Online-Katalog) durchgef\u00fchrt werden.<\/p>\n\n\n\n<p>Zudem stehen sieben Computerarbeitspl\u00e4tze zur Verf\u00fcgung. Diese dienen jedoch ausschlie\u00dflich zum Recherchieren f\u00fcr Referate, Facharbeiten oder sonstige Unterrichtsthemen.<\/p>\n\n\n\n<p><strong>Organisatorisches<\/strong><\/p>\n\n\n\n<p>Die Schulbibliothek f\u00fchrt einmal im Jahr eine Bibliotheksrallye f\u00fcr die 5. Jahrgangstufen durch, damit die Sch\u00fclerinnen und Sch\u00fcler unsere Bibliothek besser kennenlernen. Sie beantworten Fragen \u00fcber unsere Bibliothek und Neuerscheinungen oder \u00fcber Klassiker bei den Jugendb\u00fcchern und Sachb\u00fcchern.<\/p>\n\n\n\n<p><strong>Ausleihverfahren<\/strong><\/p>\n\n\n\n<p>Die Sch\u00fcler\/-innen k\u00f6nnen bis zu <strong>vier B\u00fccher<\/strong> f\u00fcr den Zeitraum von <strong>vier Wochen<\/strong> entleihen. Eine Verl\u00e4ngerung der Leihfrist ist um 14 Tage m\u00f6glich.<\/p>\n\n\n\n<p>F\u00fcr Facharbeiten und Referate sind individuelle Ausleihzeiten nach Absprache m\u00f6glich.<\/p>\n\n\n\n<p>Jede\/r Nutzer\/in unserer Schulbibliothek erkl\u00e4rt sich mit der Bibliotheksordnung einverstanden.<\/p>\n\n\n\n<p><strong>Unsere \u00d6ffnungszeiten:<\/strong><\/p>\n\n\n\n<div>\n<div><strong>Montag &nbsp; &nbsp; &nbsp; &nbsp; &nbsp; &nbsp; &nbsp; &nbsp; &nbsp; &nbsp; 8:00 \u2013 13:45 Uhr<\/strong><\/div>\n<div>&nbsp;<\/div>\n<div><strong>Dienstag &nbsp; &nbsp; &nbsp; &nbsp; &nbsp; &nbsp; &nbsp; &nbsp; &nbsp;8:00 \u2013 13:45&nbsp; Uhr<\/strong><\/div>\n<div>&nbsp;<\/div>\n<div><strong>Mittwoch &nbsp; &nbsp; &nbsp; &nbsp; &nbsp; &nbsp; &nbsp; &nbsp; &nbsp;8:00 \u2013 13:45&nbsp; Uhr<\/strong><\/div>\n<div>&nbsp;<\/div>\n<div><strong>Donnerstag &nbsp; &nbsp; &nbsp; &nbsp; &nbsp; &nbsp; 8:00 \u2013 13:45&nbsp; Uhr<\/strong><\/div>\n<div>&nbsp;<\/div>\n<div><strong>Freitag &nbsp; &nbsp; &nbsp; &nbsp; &nbsp; &nbsp; &nbsp; &nbsp; &nbsp; &nbsp;&nbsp; 8:00 \u2013 12:00 Uhr<\/strong><\/div>\n<div>&nbsp;<\/div>\n<\/div>\n\n\n\n<p>Bei Fragen k\u00f6nnen Sie sich gerne an das Bibliotheksteam wenden.<\/p>\n\n\n\n<p>Wir sind zu den \u00d6ffnungszeiten auch telefonisch unter 089 7450309 -40 erreichbar.<\/p>\n\n\n\n<p>In den Schulferien ist die Bibliothek geschlossen.<\/p>\n\n\n\n<p>Wir freuen uns auf euren Besuch!<\/p>\n","protected":false},"excerpt":{"rendered":"<p>Schulbibliothek Angebot und Lage Alle Mitglieder unserer Schulfamilie k\u00f6nnen unseren Bestand der Bibliothek, \u00fcber unseren Online \u2013 Katalog von Zuhause oder an Rechnern unserer Schule durchst\u00f6bern oder recherchieren. HIER&nbsp; Die Recherche im Bibliotheksbestand kann an OPAC-Rechner (\u201eOnline Public Access Catalogue\u201c &hellip; <a href=\"https:\/\/tmg.m-bildung.de\/?page_id=246\">Weiterlesen <span class=\"meta-nav\">&rarr;<\/span><\/a><\/p>\n","protected":false},"author":1,"featured_media":0,"parent":0,"menu_order":0,"comment_status":"closed","ping_status":"closed","template":"sidebar-page.php","meta":{"footnotes":""},"class_list":["post-246","page","type-page","status-publish","hentry"],"_links":{"self":[{"href":"https:\/\/tmg.m-bildung.de\/index.php?rest_route=\/wp\/v2\/pages\/246","targetHints":{"allow":["GET"]}}],"collection":[{"href":"https:\/\/tmg.m-bildung.de\/index.php?rest_route=\/wp\/v2\/pages"}],"about":[{"href":"https:\/\/tmg.m-bildung.de\/index.php?rest_route=\/wp\/v2\/types\/page"}],"author":[{"embeddable":true,"href":"https:\/\/tmg.m-bildung.de\/index.php?rest_route=\/wp\/v2\/users\/1"}],"replies":[{"embeddable":true,"href":"https:\/\/tmg.m-bildung.de\/index.php?rest_route=%2Fwp%2Fv2%2Fcomments&post=246"}],"version-history":[{"count":2,"href":"https:\/\/tmg.m-bildung.de\/index.php?rest_route=\/wp\/v2\/pages\/246\/revisions"}],"predecessor-version":[{"id":5567,"href":"https:\/\/tmg.m-bildung.de\/index.php?rest_route=\/wp\/v2\/pages\/246\/revisions\/5567"}],"wp:attachment":[{"href":"https:\/\/tmg.m-bildung.de\/index.php?rest_route=%2Fwp%2Fv2%2Fmedia&parent=246"}],"curies":[{"name":"wp","href":"https:\/\/api.w.org\/{rel}","templated":true}]}}