{"id":244,"date":"2018-03-30T17:13:51","date_gmt":"2018-03-30T15:13:51","guid":{"rendered":"http:\/\/schule.prinzessin-auf-abenteuerurlaub.de\/?page_id=244"},"modified":"2018-03-30T17:13:51","modified_gmt":"2018-03-30T15:13:51","slug":"schulsanitaetsdienst","status":"publish","type":"page","link":"https:\/\/tmg.m-bildung.de\/?page_id=244","title":{"rendered":"Schulsanit\u00e4tsdienst"},"content":{"rendered":"<p><b><span data-contrast=\"auto\">Schulsanit\u00e4tsdienst<\/span><\/b><span data-ccp-props=\"{&quot;201341983&quot;:0,&quot;335551550&quot;:6,&quot;335551620&quot;:6,&quot;335559739&quot;:160,&quot;335559740&quot;:259}\">\u00a0<\/span><\/p>\n<p><span data-contrast=\"auto\">Bereits seit einigen Jahren engagieren sich zahlreiche Sch\u00fclerinnen und Sch\u00fcler im Schulsanit\u00e4tsdienst des TMG. Dieser wird von Herrn Hierlmeier betreut und gemeinsam mit der Sanit\u00e4tsdienstleitung, bestehend aus bis zu vier besonders motivierten, interessierten und erfahrenen Kollegstufensch\u00fclerinnen und -sch\u00fclern organisiert. Zus\u00e4tzlich zu einem Erste-Hilfe-Kurs werden die Schulsanis in zahlreichen Fortbildungen und praktischen \u00dcbungen auf ihre vielf\u00e4ltigen Eins\u00e4tze im Schulleben vorbereitet.<\/span><span data-ccp-props=\"{&quot;201341983&quot;:0,&quot;335551550&quot;:6,&quot;335551620&quot;:6,&quot;335559739&quot;:160,&quot;335559740&quot;:259}\">\u00a0<\/span><\/p>\n<p><span data-contrast=\"auto\">Zu jeder Unterrichtsstunde ist ein Team aus vier Sanis sofort einsatzbereit, um bei kleinen und gro\u00dfen Notf\u00e4llen innerhalb k\u00fcrzester Zeit kompetent erste Hilfe zu leisten. Dabei zeigen die Schulsanit\u00e4terinnen und -sanit\u00e4ter nicht nur Fachwissen, sondern auch viel Einf\u00fchlungsverm\u00f6gen f\u00fcr ihre Mitsch\u00fclerinnen und Mitsch\u00fcler. Auch bei Sportfesten und sonstigen gro\u00dfen Schulveranstaltungen steht immer ein Team aus motivierten Schulsanis bereit, um im Notfall zu helfen.<\/span><span data-ccp-props=\"{&quot;201341983&quot;:0,&quot;335551550&quot;:6,&quot;335551620&quot;:6,&quot;335559739&quot;:160,&quot;335559740&quot;:259}\">\u00a0<\/span><\/p>\n<p><span data-contrast=\"auto\">Zudem engagieren sich die Schulsanit\u00e4ter bei der Organisation der Johanniter Weihnachtstrucker, bei der jede Klasse ein Packet f\u00fcr notleidende Menschen spendet.<\/span><span data-ccp-props=\"{&quot;201341983&quot;:0,&quot;335551550&quot;:6,&quot;335551620&quot;:6,&quot;335559739&quot;:160,&quot;335559740&quot;:259}\">\u00a0<\/span><\/p>\n<p><span data-contrast=\"auto\">Alle Sch\u00fclerinnen und Sch\u00fcler ab der 8. Jahrgangsstufe haben die M\u00f6glichkeit sich im Schulsanit\u00e4tsdienst einzubringen. Dabei erlernen sie wichtige Kompetenzen, um erste Hilfe zu leisten, in Notf\u00e4llen ruhig und besonnen zu reagieren und Verantwortung zu \u00fcbernehmen. Auch im Hinblick auf das sp\u00e4tere Berufsleben k\u00f6nnen die Sanis erste Erfahrungen im medizinischen Bereich sammeln.<\/span><span data-ccp-props=\"{&quot;201341983&quot;:0,&quot;335551550&quot;:6,&quot;335551620&quot;:6,&quot;335559739&quot;:160,&quot;335559740&quot;:259}\">\u00a0<\/span><\/p>\n<p><span data-contrast=\"auto\">Ich w\u00fcrde mich freuen, wenn sich noch viele motivierte Sch\u00fclerinnen und Sch\u00fcler f\u00fcr den Schulsanit\u00e4tsdienst bei mir melden.<\/span><span data-ccp-props=\"{&quot;201341983&quot;:0,&quot;335551550&quot;:6,&quot;335551620&quot;:6,&quot;335559739&quot;:160,&quot;335559740&quot;:259}\">\u00a0<\/span><\/p>\n<p><span data-contrast=\"auto\">Florian Hierlmeier<\/span><span data-ccp-props=\"{&quot;201341983&quot;:0,&quot;335551550&quot;:6,&quot;335551620&quot;:6,&quot;335559739&quot;:160,&quot;335559740&quot;:259}\">\u00a0<\/span><\/p>\n<p><span data-ccp-props=\"{&quot;201341983&quot;:0,&quot;335559739&quot;:160,&quot;335559740&quot;:259}\">\u00a0<\/span><\/p>\n","protected":false},"excerpt":{"rendered":"<p>Schulsanit\u00e4tsdienst\u00a0 Bereits seit einigen Jahren engagieren sich zahlreiche Sch\u00fclerinnen und Sch\u00fcler im Schulsanit\u00e4tsdienst des TMG. Dieser wird von Herrn Hierlmeier betreut und gemeinsam mit der Sanit\u00e4tsdienstleitung, bestehend aus bis zu vier besonders motivierten, interessierten und erfahrenen Kollegstufensch\u00fclerinnen und -sch\u00fclern organisiert. &hellip; <a href=\"https:\/\/tmg.m-bildung.de\/?page_id=244\">Weiterlesen <span class=\"meta-nav\">&rarr;<\/span><\/a><\/p>\n","protected":false},"author":1,"featured_media":0,"parent":0,"menu_order":0,"comment_status":"closed","ping_status":"closed","template":"sidebar-page.php","meta":{"footnotes":""},"class_list":["post-244","page","type-page","status-publish","hentry"],"_links":{"self":[{"href":"https:\/\/tmg.m-bildung.de\/index.php?rest_route=\/wp\/v2\/pages\/244","targetHints":{"allow":["GET"]}}],"collection":[{"href":"https:\/\/tmg.m-bildung.de\/index.php?rest_route=\/wp\/v2\/pages"}],"about":[{"href":"https:\/\/tmg.m-bildung.de\/index.php?rest_route=\/wp\/v2\/types\/page"}],"author":[{"embeddable":true,"href":"https:\/\/tmg.m-bildung.de\/index.php?rest_route=\/wp\/v2\/users\/1"}],"replies":[{"embeddable":true,"href":"https:\/\/tmg.m-bildung.de\/index.php?rest_route=%2Fwp%2Fv2%2Fcomments&post=244"}],"version-history":[{"count":0,"href":"https:\/\/tmg.m-bildung.de\/index.php?rest_route=\/wp\/v2\/pages\/244\/revisions"}],"wp:attachment":[{"href":"https:\/\/tmg.m-bildung.de\/index.php?rest_route=%2Fwp%2Fv2%2Fmedia&parent=244"}],"curies":[{"name":"wp","href":"https:\/\/api.w.org\/{rel}","templated":true}]}}