{"id":2414,"date":"2021-02-03T10:18:09","date_gmt":"2021-02-03T09:18:09","guid":{"rendered":"https:\/\/tmg.musin.de\/?page_id=2414"},"modified":"2021-02-03T10:18:09","modified_gmt":"2021-02-03T09:18:09","slug":"binnendifferenzierung-im-deutschunterricht-3","status":"publish","type":"page","link":"https:\/\/tmg.m-bildung.de\/?page_id=2414","title":{"rendered":"Binnendifferenzierung im Deutschunterricht"},"content":{"rendered":"\n<p><strong>Binnendifferenzierung im Deutschunterricht<\/strong><\/p>\n<p>Schon seit L\u00e4ngerem geh\u00f6ren binnendifferenzierende Elemente zum festen Repertoire unseres Deutschunterrichts. Das \u00e4u\u00dfert sich u.a. in den individuellen R\u00fcckmeldungen auf \u00dcbungsaufs\u00e4tze und Schulaufgaben oder immer h\u00e4ufiger auch in Aufgabenstellungen, die das Leistungsverm\u00f6gen und die Interessen der Sch\u00fcler\/-innen ber\u00fccksichtigen. Auch die von uns im Unterricht eingesetzten \u00a0<a href=\"https:\/\/tmg.m-bildung.de\/lehrwerke-unterrichtsmaterialien\/\">Lehrwerke<\/a> bieten M\u00f6glichkeiten zur Binnendifferenzierung.<\/p>\n\n\n\n<p>Auf den zunehmend heterogenen Lernstand unserer Sch\u00fclerschaft reagieren wir als Schule durch angepasste Rahmenbedingungen, die ein binnendifferenzierendes Arbeiten im Unterrichtsalltag beg\u00fcnstigen. So werden z.B. in den Jahrgangsstufen 5 und 6 unsere Deutschklassen entweder im <em>Teamteaching<\/em> (zwei Lehrkr\u00e4fte im Klassenzimmer) unterrichtet oder <em>geteilt<\/em>. Zus\u00e4tzlich gibt es in Jahrgangsstufe 11 noch zwei Kurse in Form freiwilliger Intensivierungsstunden um Leistungsr\u00fcckst\u00e4nde im Fach Deutsch noch vor dem Eintritt in die Oberstufe abfedern zu k\u00f6nnen oder leistungsst\u00e4rkere Sch\u00fcler\/-innen mithilfe anspruchsvollerer, interessensbezogener Aufgaben passgenau zu f\u00f6rdern.<\/p>\n<p>Ein weiterer Bestandteil einer Binnendifferenzierung nach Neigung stellt unsere <a href=\"https:\/\/tmg.m-bildung.de\/theater-theaterklassen-2\/\">Theaterklasse<\/a> dar: Sch\u00fcler-\/innen k\u00f6nnen sich beim \u00dcbertritt in Jahrgangsstufe 5 daf\u00fcr entscheiden, eine solche Theaterklasse zu besuchen, in der ihnen zwei Stunden pro Woche Unterricht im Fach Theater erteilt wird (s. auch <a href=\"https:\/\/tmg.m-bildung.de\/zusatzangebote-projekte\/\">Zusatzangebote\/Projekte<\/a>).<\/p>\n","protected":false},"excerpt":{"rendered":"<p>Binnendifferenzierung im Deutschunterricht Schon seit L\u00e4ngerem geh\u00f6ren binnendifferenzierende Elemente zum festen Repertoire unseres Deutschunterrichts. Das \u00e4u\u00dfert sich u.a. in den individuellen R\u00fcckmeldungen auf \u00dcbungsaufs\u00e4tze und Schulaufgaben oder immer h\u00e4ufiger auch in Aufgabenstellungen, die das Leistungsverm\u00f6gen und die Interessen der Sch\u00fcler\/-innen &hellip; <a href=\"https:\/\/tmg.m-bildung.de\/?page_id=2414\">Weiterlesen <span class=\"meta-nav\">&rarr;<\/span><\/a><\/p>\n","protected":false},"author":1,"featured_media":0,"parent":0,"menu_order":0,"comment_status":"closed","ping_status":"closed","template":"sidebar-page.php","meta":{"footnotes":""},"class_list":["post-2414","page","type-page","status-publish","hentry"],"_links":{"self":[{"href":"https:\/\/tmg.m-bildung.de\/index.php?rest_route=\/wp\/v2\/pages\/2414","targetHints":{"allow":["GET"]}}],"collection":[{"href":"https:\/\/tmg.m-bildung.de\/index.php?rest_route=\/wp\/v2\/pages"}],"about":[{"href":"https:\/\/tmg.m-bildung.de\/index.php?rest_route=\/wp\/v2\/types\/page"}],"author":[{"embeddable":true,"href":"https:\/\/tmg.m-bildung.de\/index.php?rest_route=\/wp\/v2\/users\/1"}],"replies":[{"embeddable":true,"href":"https:\/\/tmg.m-bildung.de\/index.php?rest_route=%2Fwp%2Fv2%2Fcomments&post=2414"}],"version-history":[{"count":0,"href":"https:\/\/tmg.m-bildung.de\/index.php?rest_route=\/wp\/v2\/pages\/2414\/revisions"}],"wp:attachment":[{"href":"https:\/\/tmg.m-bildung.de\/index.php?rest_route=%2Fwp%2Fv2%2Fmedia&parent=2414"}],"curies":[{"name":"wp","href":"https:\/\/api.w.org\/{rel}","templated":true}]}}