{"id":2410,"date":"2021-02-03T10:15:39","date_gmt":"2021-02-03T09:15:39","guid":{"rendered":"https:\/\/tmg.musin.de\/?page_id=2410"},"modified":"2026-01-13T16:48:26","modified_gmt":"2026-01-13T16:48:26","slug":"theater-theaterklassen-2","status":"publish","type":"page","link":"https:\/\/tmg.m-bildung.de\/?page_id=2410","title":{"rendered":"Theater\/Theaterklassen"},"content":{"rendered":"\n<p>In den Klassen 5 und 6 besteht die M\u00f6glichkeit, als Projektklasse die Theaterklasse zu w\u00e4hlen. Zwei Stunden pro Woche sind daf\u00fcr vorgesehen. Pers\u00f6nlichkeitsentfaltung, F\u00f6rderung des sozialen Beziehungsgeflechtes, Ausbildung der Stimme und Pr\u00e4sentieren vor Publikum sind Bereiche, die dabei besonders gef\u00f6rdert werden.<\/p>\n\n\n\n<p>Ferner\nbesteht f\u00fcr alle Sch\u00fclerinnen und Sch\u00fcler von Klasse 5-10 die\nM\u00f6glichkeit, am Wahlfach Schulspiel teilzunehmen. Das gemeinsame\nSpiel macht viel Freude und findet in einer Auff\u00fchrung am Ende des\nSchuljahres seinen H\u00f6hepunkt. Im Anschluss an die 10. Klasse gibt es\ndas Profilfach \u201eTheater und Film\u201c, das Sch\u00fcler und Sch\u00fclerinnen\nder Oberstufe belegen k\u00f6nnen.<\/p>\n\n\n\n<p>Besonders erfreulich ist die Zusammenarbeit mit den M\u00fcnchner Kammerspielen, die in diesem und im kommenden Schuljahr im Zusammenhang mit <a aria-label=\"TUSCH (\u00f6ffnet in neuem Tab)\" href=\"http:\/\/www.tusch-muenchen.de\/\" target=\"_blank\" rel=\"noreferrer noopener\">TUSCH<\/a> stattfindet und unser Schulleben f\u00fcr Lehrer, Sch\u00fcler und Eltern bereichert (s. auch <a href=\"https:\/\/tmg.m-bildung.de\/?page_id=2322\" data-type=\"page\" data-id=\"2322\">weiterf\u00fchrende Links<\/a>).<\/p>\n","protected":false},"excerpt":{"rendered":"<p>In den Klassen 5 und 6 besteht die M\u00f6glichkeit, als Projektklasse die Theaterklasse zu w\u00e4hlen. Zwei Stunden pro Woche sind daf\u00fcr vorgesehen. Pers\u00f6nlichkeitsentfaltung, F\u00f6rderung des sozialen Beziehungsgeflechtes, Ausbildung der Stimme und Pr\u00e4sentieren vor Publikum sind Bereiche, die dabei besonders gef\u00f6rdert &hellip; <a href=\"https:\/\/tmg.m-bildung.de\/?page_id=2410\">Weiterlesen <span class=\"meta-nav\">&rarr;<\/span><\/a><\/p>\n","protected":false},"author":1,"featured_media":0,"parent":0,"menu_order":0,"comment_status":"closed","ping_status":"closed","template":"sidebar-page.php","meta":{"footnotes":""},"class_list":["post-2410","page","type-page","status-publish","hentry"],"_links":{"self":[{"href":"https:\/\/tmg.m-bildung.de\/index.php?rest_route=\/wp\/v2\/pages\/2410","targetHints":{"allow":["GET"]}}],"collection":[{"href":"https:\/\/tmg.m-bildung.de\/index.php?rest_route=\/wp\/v2\/pages"}],"about":[{"href":"https:\/\/tmg.m-bildung.de\/index.php?rest_route=\/wp\/v2\/types\/page"}],"author":[{"embeddable":true,"href":"https:\/\/tmg.m-bildung.de\/index.php?rest_route=\/wp\/v2\/users\/1"}],"replies":[{"embeddable":true,"href":"https:\/\/tmg.m-bildung.de\/index.php?rest_route=%2Fwp%2Fv2%2Fcomments&post=2410"}],"version-history":[{"count":1,"href":"https:\/\/tmg.m-bildung.de\/index.php?rest_route=\/wp\/v2\/pages\/2410\/revisions"}],"predecessor-version":[{"id":5588,"href":"https:\/\/tmg.m-bildung.de\/index.php?rest_route=\/wp\/v2\/pages\/2410\/revisions\/5588"}],"wp:attachment":[{"href":"https:\/\/tmg.m-bildung.de\/index.php?rest_route=%2Fwp%2Fv2%2Fmedia&parent=2410"}],"curies":[{"name":"wp","href":"https:\/\/api.w.org\/{rel}","templated":true}]}}