{"id":2384,"date":"2021-02-03T09:46:58","date_gmt":"2021-02-03T08:46:58","guid":{"rendered":"https:\/\/tmg.musin.de\/?page_id=2384"},"modified":"2021-02-03T09:46:58","modified_gmt":"2021-02-03T08:46:58","slug":"kompetenzbereich-sprechen-und-zuhoeren","status":"publish","type":"page","link":"https:\/\/tmg.m-bildung.de\/?page_id=2384","title":{"rendered":"Kompetenzbereich \u201eSprechen und Zuh\u00f6ren\u201c"},"content":{"rendered":"\n<p>Am Thomas-Mann-Gymnasium legen wir im allt\u00e4glichen Unterrichtsgespr\u00e4ch gro\u00dfen Wert darauf, dass die Sch\u00fcler\/-innen sich verst\u00e4ndlich, pr\u00e4zise sowie situations- und sachgem\u00e4\u00df ausdr\u00fccken. Sie sollen grundlegende Darstellungsweisen wie informieren, erz\u00e4hlen, begr\u00fcnden, beschreiben oder appellieren wirkungsvoll anwenden k\u00f6nnen. Das bedeutet u.a. auch, dass sie sich bewusst werden m\u00fcssen, wie Lautst\u00e4rke, Sprechtempo, Stimmf\u00fchrung und K\u00f6rpersprache den m\u00fcndlichen Ausdruck unterst\u00fctzen. Immer wieder verlangen wir in Form von Referaten und Kurzbeitr\u00e4gen, dass die Sch\u00fcler\/-innen ihre F\u00e4higkeit, zu und vor anderen zu sprechen \u00fcben und verbessern. In Diskussionen und teamorientierten Sozialformen lernen sie, Gespr\u00e4chsregeln einzuhalten, anderen aktiv zuzuh\u00f6ren sowie ihren eigenen Standpunkt begr\u00fcndet und nachvollziehbar zu vertreten. In den <a href=\"https:\/\/tmg.m-bildung.de\/theater-theaterklassen-2\/\">Theaterklassen<\/a> werden den Sch\u00fcler\/-innen in besonders intensiver Weise Ausdrucksm\u00f6glichkeiten des szenischen Spiels nahegebracht.<\/p>\n","protected":false},"excerpt":{"rendered":"<p>Am Thomas-Mann-Gymnasium legen wir im allt\u00e4glichen Unterrichtsgespr\u00e4ch gro\u00dfen Wert darauf, dass die Sch\u00fcler\/-innen sich verst\u00e4ndlich, pr\u00e4zise sowie situations- und sachgem\u00e4\u00df ausdr\u00fccken. Sie sollen grundlegende Darstellungsweisen wie informieren, erz\u00e4hlen, begr\u00fcnden, beschreiben oder appellieren wirkungsvoll anwenden k\u00f6nnen. Das bedeutet u.a. auch, dass &hellip; <a href=\"https:\/\/tmg.m-bildung.de\/?page_id=2384\">Weiterlesen <span class=\"meta-nav\">&rarr;<\/span><\/a><\/p>\n","protected":false},"author":1,"featured_media":0,"parent":0,"menu_order":0,"comment_status":"closed","ping_status":"closed","template":"sidebar-page.php","meta":{"footnotes":""},"class_list":["post-2384","page","type-page","status-publish","hentry"],"_links":{"self":[{"href":"https:\/\/tmg.m-bildung.de\/index.php?rest_route=\/wp\/v2\/pages\/2384","targetHints":{"allow":["GET"]}}],"collection":[{"href":"https:\/\/tmg.m-bildung.de\/index.php?rest_route=\/wp\/v2\/pages"}],"about":[{"href":"https:\/\/tmg.m-bildung.de\/index.php?rest_route=\/wp\/v2\/types\/page"}],"author":[{"embeddable":true,"href":"https:\/\/tmg.m-bildung.de\/index.php?rest_route=\/wp\/v2\/users\/1"}],"replies":[{"embeddable":true,"href":"https:\/\/tmg.m-bildung.de\/index.php?rest_route=%2Fwp%2Fv2%2Fcomments&post=2384"}],"version-history":[{"count":0,"href":"https:\/\/tmg.m-bildung.de\/index.php?rest_route=\/wp\/v2\/pages\/2384\/revisions"}],"wp:attachment":[{"href":"https:\/\/tmg.m-bildung.de\/index.php?rest_route=%2Fwp%2Fv2%2Fmedia&parent=2384"}],"curies":[{"name":"wp","href":"https:\/\/api.w.org\/{rel}","templated":true}]}}