{"id":2360,"date":"2021-01-26T12:37:26","date_gmt":"2021-01-26T11:37:26","guid":{"rendered":"https:\/\/tmg.musin.de\/?page_id=2360"},"modified":"2021-01-26T12:37:26","modified_gmt":"2021-01-26T11:37:26","slug":"lehrwerke-unterrichtsmaterialien","status":"publish","type":"page","link":"https:\/\/tmg.m-bildung.de\/?page_id=2360","title":{"rendered":"Lehrwerke\/Unterrichtsmaterialien"},"content":{"rendered":"\n<p><strong>Lehrwerke\/Unterrichtsmaterialien<\/strong><\/p>\n<p>Folgende Lehrwerke werden unseren Sch\u00fcler\/-innen von der Schule zur Verf\u00fcgung gestellt:<\/p>\n<table>\n<tbody>\n<tr>\n<td width=\"124\">\n<p><strong>Jahrgangs-stufe<\/strong><\/p>\n<\/td>\n<td width=\"330\">\n<p><strong>Lehrwerk<\/strong><\/p>\n<\/td>\n<td width=\"151\">\n<p><strong>ISBN<\/strong><\/p>\n<\/td>\n<\/tr>\n<tr>\n<td width=\"124\">\n<p>5<\/p>\n<\/td>\n<td width=\"330\">\n<p>Deutschbuch 5. Gymnasium Bayern \u2013 Neu-bearbeitung Sprach- und Lesebuch (Cornelsen)<\/p>\n<\/td>\n<td width=\"151\">\n<p>978-3-06-062776-9<\/p>\n<\/td>\n<\/tr>\n<tr>\n<td width=\"124\">\n<p>6<\/p>\n<\/td>\n<td width=\"330\">\n<p>Deutschbuch 6. Gymnasium Bayern \u2013 Neu-bearbeitung Sprach- und Lesebuch (Cornelsen)<\/p>\n<\/td>\n<td width=\"151\">\n<p>978-3-06-062777-6<\/p>\n<\/td>\n<\/tr>\n<tr>\n<td width=\"124\">\n<p>7<\/p>\n<\/td>\n<td width=\"330\">\n<p>Deutschbuch 7. Gymnasium Bayern \u2013 Neu-bearbeitung Sprach- und Lesebuch (Cornelsen)<\/p>\n<\/td>\n<td width=\"151\">\n<p>978-3-06-062778-3<\/p>\n<\/td>\n<\/tr>\n<tr>\n<td width=\"124\">\n<p>8<\/p>\n<\/td>\n<td width=\"330\">\n<p>Deutschbuch 8. Gymnasium Bayern. \u2013 Neu-bearbeitung Sprach- und Lesebuch (Cornelsen)<\/p>\n<\/td>\n<td width=\"151\">\n<p>978-3-06-062779-0<\/p>\n<\/td>\n<\/tr>\n<tr>\n<td width=\"124\">\n<p>9<\/p>\n<\/td>\n<td width=\"330\">\n<p>Deutschbuch 9. Gymnasium Bayern. Neu-bearbeitung Sprach- und Lesebuch (Cornelsen)<\/p>\n<\/td>\n<td width=\"151\">\n<p>978-3-06-062780-6<\/p>\n<\/td>\n<\/tr>\n<tr>\n<td width=\"124\">\n<p>10<\/p>\n<\/td>\n<td width=\"330\">\n<p>Deutschbuch 10. Gymnasium Bayern. Neu-bearbeitung Sprach- und Lesebuch (Cornelsen)<\/p>\n<\/td>\n<td width=\"151\">\n<p>978-3-06-062781-3<\/p>\n<\/td>\n<\/tr>\n<tr>\n<td width=\"124\">\n<p>11<\/p>\n<\/td>\n<td width=\"330\">\n<p>Deutschbuch 11. Gymnasium Bayern. Oberstufe (Cornelsen)<\/p>\n<\/td>\n<td width=\"151\">\n<p>978-3-464-63000-6<\/p>\n<\/td>\n<\/tr>\n<tr>\n<td width=\"124\">\n<p>&nbsp;<\/p>\n<p>12\/13<\/p>\n<\/td>\n<td width=\"330\">\n<p>Deutschbuch 12\/13. Gymnasium Bayern. Oberstufe (Cornelsen)<\/p>\n<\/td>\n<td width=\"151\">\n<p>&nbsp;<\/p>\n<p>978-3-464-63006-8<\/p>\n<\/td>\n<\/tr>\n<\/tbody>\n<\/table>\n<p>&nbsp;<\/p>\n<p>Im Unterricht werden h\u00e4ufig auch weitere Unterrichtsmaterialien (z.B. Arbeitshefte) eingesetzt, die von den Eltern bzw. Erziehungsberechtigten auf eigene Kosten angeschafft werden m\u00fcssen. Weitere Informationen erhalten Sie ggf. rechtzeitig von der Deutschlehrkraft Ihres Kindes. F\u00fcr zus\u00e4tzliches \u00dcbungsmaterial s. auch <a href=\"https:\/\/tmg.m-bildung.de\/weiterfuehrende-links\/\">weiterf\u00fchrende Links<\/a>.<\/p>\n\n\n","protected":false},"excerpt":{"rendered":"<p>Lehrwerke\/Unterrichtsmaterialien Folgende Lehrwerke werden unseren Sch\u00fcler\/-innen von der Schule zur Verf\u00fcgung gestellt: Jahrgangs-stufe Lehrwerk ISBN 5 Deutschbuch 5. Gymnasium Bayern \u2013 Neu-bearbeitung Sprach- und Lesebuch (Cornelsen) 978-3-06-062776-9 6 Deutschbuch 6. Gymnasium Bayern \u2013 Neu-bearbeitung Sprach- und Lesebuch (Cornelsen) 978-3-06-062777-6 7 &hellip; <a href=\"https:\/\/tmg.m-bildung.de\/?page_id=2360\">Weiterlesen <span class=\"meta-nav\">&rarr;<\/span><\/a><\/p>\n","protected":false},"author":1,"featured_media":0,"parent":0,"menu_order":0,"comment_status":"closed","ping_status":"closed","template":"sidebar-page.php","meta":{"footnotes":""},"class_list":["post-2360","page","type-page","status-publish","hentry"],"_links":{"self":[{"href":"https:\/\/tmg.m-bildung.de\/index.php?rest_route=\/wp\/v2\/pages\/2360","targetHints":{"allow":["GET"]}}],"collection":[{"href":"https:\/\/tmg.m-bildung.de\/index.php?rest_route=\/wp\/v2\/pages"}],"about":[{"href":"https:\/\/tmg.m-bildung.de\/index.php?rest_route=\/wp\/v2\/types\/page"}],"author":[{"embeddable":true,"href":"https:\/\/tmg.m-bildung.de\/index.php?rest_route=\/wp\/v2\/users\/1"}],"replies":[{"embeddable":true,"href":"https:\/\/tmg.m-bildung.de\/index.php?rest_route=%2Fwp%2Fv2%2Fcomments&post=2360"}],"version-history":[{"count":0,"href":"https:\/\/tmg.m-bildung.de\/index.php?rest_route=\/wp\/v2\/pages\/2360\/revisions"}],"wp:attachment":[{"href":"https:\/\/tmg.m-bildung.de\/index.php?rest_route=%2Fwp%2Fv2%2Fmedia&parent=2360"}],"curies":[{"name":"wp","href":"https:\/\/api.w.org\/{rel}","templated":true}]}}