{"id":2352,"date":"2021-01-26T12:30:59","date_gmt":"2021-01-26T11:30:59","guid":{"rendered":"https:\/\/tmg.musin.de\/?page_id=2352"},"modified":"2026-01-18T13:14:25","modified_gmt":"2026-01-18T13:14:25","slug":"gymnasiale-oberstufe","status":"publish","type":"page","link":"https:\/\/tmg.m-bildung.de\/?page_id=2352","title":{"rendered":"Gymnasiale Oberstufe"},"content":{"rendered":"\n<p>Der Deutschunterricht der Oberstufe orientiert sich an den Bildungsstandards f\u00fcr die Allgemeine Hochschulreife und den dort definierten Kompetenzbereichen, die sich nahtlos an die Bildungsstandards f\u00fcr den Mittleren Schulabschluss anschlie\u00dfen. Neu im Vergleich zur Mittelstufe ist allerdings, dass \u201eSich mit Texten und Medien auseinandersetzen\u201c neben \u201eLesen\u201c einen eigenst\u00e4ndigen <a href=\"https:\/\/tmg.m-bildung.de\/?page_id=2386\" data-type=\"page\" data-id=\"2386\">Kompetenzbereich<\/a> darstellt, der zusammen mit dem Kompetenzbereich \u201eSprache und Sprachgebrauch reflektieren\u201c im Deutschunterricht der Oberstufe besonderes Gewicht hat. Genauere Informationen zu den Fachinhalten finden sich in den <a href=\"https:\/\/tmg.m-bildung.de\/?page_id=2357\" data-type=\"page\" data-id=\"2357\">Fachlehrpl\u00e4nen<\/a>.<\/p>\n\n\n\n<p>Am Thomas-Mann-Gymnasium k\u00f6nnen die Sch\u00fcler\/-innen regelm\u00e4\u00dfig <em>W- und P-Seminare<\/em> belegen, die dem Leitfach Deutsch zugeordnet sind. Weitere Informationen zur Oberstufe und zum <a href=\"https:\/\/tmg.m-bildung.de\/?page_id=2354\" data-type=\"page\" data-id=\"2354\">Abitur<\/a> sind \u00fcber die <em>Oberstufenkoordination<\/em> und auf der Homepage des Staatsinstituts f\u00fcr Schulqualit\u00e4t und Bildungsforschung (ISB) erh\u00e4ltlich (s. <a href=\"https:\/\/tmg.m-bildung.de\/?page_id=2322\" data-type=\"page\" data-id=\"2322\">weiterf\u00fchrende Links<\/a>).<\/p>\n\n\n\n<p><\/p>\n","protected":false},"excerpt":{"rendered":"<p>Der Deutschunterricht der Oberstufe orientiert sich an den Bildungsstandards f\u00fcr die Allgemeine Hochschulreife und den dort definierten Kompetenzbereichen, die sich nahtlos an die Bildungsstandards f\u00fcr den Mittleren Schulabschluss anschlie\u00dfen. Neu im Vergleich zur Mittelstufe ist allerdings, dass \u201eSich mit Texten &hellip; <a href=\"https:\/\/tmg.m-bildung.de\/?page_id=2352\">Weiterlesen <span class=\"meta-nav\">&rarr;<\/span><\/a><\/p>\n","protected":false},"author":1,"featured_media":0,"parent":0,"menu_order":0,"comment_status":"closed","ping_status":"closed","template":"sidebar-page.php","meta":{"footnotes":""},"class_list":["post-2352","page","type-page","status-publish","hentry"],"_links":{"self":[{"href":"https:\/\/tmg.m-bildung.de\/index.php?rest_route=\/wp\/v2\/pages\/2352","targetHints":{"allow":["GET"]}}],"collection":[{"href":"https:\/\/tmg.m-bildung.de\/index.php?rest_route=\/wp\/v2\/pages"}],"about":[{"href":"https:\/\/tmg.m-bildung.de\/index.php?rest_route=\/wp\/v2\/types\/page"}],"author":[{"embeddable":true,"href":"https:\/\/tmg.m-bildung.de\/index.php?rest_route=\/wp\/v2\/users\/1"}],"replies":[{"embeddable":true,"href":"https:\/\/tmg.m-bildung.de\/index.php?rest_route=%2Fwp%2Fv2%2Fcomments&post=2352"}],"version-history":[{"count":1,"href":"https:\/\/tmg.m-bildung.de\/index.php?rest_route=\/wp\/v2\/pages\/2352\/revisions"}],"predecessor-version":[{"id":5644,"href":"https:\/\/tmg.m-bildung.de\/index.php?rest_route=\/wp\/v2\/pages\/2352\/revisions\/5644"}],"wp:attachment":[{"href":"https:\/\/tmg.m-bildung.de\/index.php?rest_route=%2Fwp%2Fv2%2Fmedia&parent=2352"}],"curies":[{"name":"wp","href":"https:\/\/api.w.org\/{rel}","templated":true}]}}