{"id":2332,"date":"2021-01-26T12:24:47","date_gmt":"2021-01-26T11:24:47","guid":{"rendered":"https:\/\/tmg.musin.de\/?page_id=2332"},"modified":"2026-01-13T16:26:00","modified_gmt":"2026-01-13T16:26:00","slug":"anzahl-der-deutschstunden-stundentafel","status":"publish","type":"page","link":"https:\/\/tmg.m-bildung.de\/?page_id=2332","title":{"rendered":"Anzahl der Deutschstunden (Stundentafel)"},"content":{"rendered":"\n<p><p><strong>Anzahl der Deutschstunden (Stundentafel)<\/strong><\/p>\n<p><em>&nbsp;<\/em><em>Stundentafel f\u00fcr das Fach Deutsch + Anzahl der Schulaufgaben<\/em><\/p>\n<table>\n<tbody>\n<tr>\n<td width=\"123\">\n<p><strong><em>Jahrgangsstufe<\/em><\/strong><\/p>\n<\/td>\n<td width=\"151\">\n<p><strong><em>Wochenstundenzahl<\/em><\/strong><\/p>\n<\/td>\n<td width=\"198\">\n<p><strong><em>Anzahl Schulaufgaben\/Tests<\/em><\/strong><\/p>\n<\/td>\n<\/tr>\n<tr>\n<td width=\"123\">\n<p>5<\/p>\n<\/td>\n<td width=\"151\">\n<p>5<\/p>\n<\/td>\n<td width=\"198\">\n<p>4<\/p>\n<\/td>\n<\/tr>\n<tr>\n<td width=\"123\">\n<p>6<\/p>\n<\/td>\n<td width=\"151\">\n<p>4<\/p>\n<\/td>\n<td width=\"198\">\n<p>4<\/p>\n<\/td>\n<\/tr>\n<tr>\n<td width=\"123\">\n<p>7<\/p>\n<\/td>\n<td width=\"151\">\n<p>4<\/p>\n<\/td>\n<td width=\"198\">\n<p>4<\/p>\n<\/td>\n<\/tr>\n<tr>\n<td width=\"123\">\n<p>8<\/p>\n<\/td>\n<td width=\"151\">\n<p>4<\/p>\n<\/td>\n<td width=\"198\">\n<p>4<\/p>\n<\/td>\n<\/tr>\n<tr>\n<td width=\"123\">\n<p>9<\/p>\n<\/td>\n<td width=\"151\">\n<p>3<\/p>\n<\/td>\n<td width=\"198\">\n<p>3<\/p>\n<\/td>\n<\/tr>\n<tr>\n<td width=\"123\">\n<p>10<\/p>\n<\/td>\n<td width=\"151\">\n<p>3<\/p>\n<\/td>\n<td width=\"198\">\n<p>3 (2 schriftlich + Debatte)<\/p>\n<\/td>\n<\/tr>\n<tr>\n<td width=\"123\">\n<p>11<\/p>\n<\/td>\n<td width=\"151\">\n<p>3<\/p>\n<\/td>\n<td width=\"198\">\n<p>3<\/p>\n<\/td>\n<\/tr>\n<tr>\n<td width=\"123\">\n<p>12&nbsp;<\/p>\n<\/td>\n<td width=\"151\">\n<p>4 (+2)<sup>1<\/sup><\/p>\n<\/td>\n<td width=\"198\">\n<p>2 (+2)<sup>1<\/sup><\/p>\n<\/td>\n<\/tr>\n<tr>\n<td width=\"123\">\n<p>13 (ab 2025\/26)<\/p>\n<\/td>\n<td width=\"151\">\n<p>4<\/p>\n<\/td>\n<td width=\"198\">\n<p>2<\/p>\n<\/td>\n<\/tr>\n<\/tbody>\n<\/table>\n<p><sup>1<\/sup>In Jahrgangsstufe 12 k\u00f6nnen die SuS zus\u00e4tzlich einen Vertiefungskurs Deutsch w\u00e4hlen. Er umfasst 2 Wochenstunden und 2 Schulaufgaben. Dort werden aber keine Aufs\u00e4tze geschrieben, sondern sie sind eher vergleichbar mit schriftlichen Pr\u00fcfungen in Sachf\u00e4chern.<\/p><\/p>\n\n\n\n<p><\/p>\n","protected":false},"excerpt":{"rendered":"<p>Anzahl der Deutschstunden (Stundentafel) &nbsp;Stundentafel f\u00fcr das Fach Deutsch + Anzahl der Schulaufgaben Jahrgangsstufe Wochenstundenzahl Anzahl Schulaufgaben\/Tests 5 5 4 6 4 4 7 4 4 8 4 4 9 3 3 10 3 3 (2 schriftlich + Debatte) 11 &hellip; <a href=\"https:\/\/tmg.m-bildung.de\/?page_id=2332\">Weiterlesen <span class=\"meta-nav\">&rarr;<\/span><\/a><\/p>\n","protected":false},"author":1,"featured_media":0,"parent":0,"menu_order":0,"comment_status":"closed","ping_status":"closed","template":"sidebar-page.php","meta":{"footnotes":""},"class_list":["post-2332","page","type-page","status-publish","hentry"],"_links":{"self":[{"href":"https:\/\/tmg.m-bildung.de\/index.php?rest_route=\/wp\/v2\/pages\/2332","targetHints":{"allow":["GET"]}}],"collection":[{"href":"https:\/\/tmg.m-bildung.de\/index.php?rest_route=\/wp\/v2\/pages"}],"about":[{"href":"https:\/\/tmg.m-bildung.de\/index.php?rest_route=\/wp\/v2\/types\/page"}],"author":[{"embeddable":true,"href":"https:\/\/tmg.m-bildung.de\/index.php?rest_route=\/wp\/v2\/users\/1"}],"replies":[{"embeddable":true,"href":"https:\/\/tmg.m-bildung.de\/index.php?rest_route=%2Fwp%2Fv2%2Fcomments&post=2332"}],"version-history":[{"count":1,"href":"https:\/\/tmg.m-bildung.de\/index.php?rest_route=\/wp\/v2\/pages\/2332\/revisions"}],"predecessor-version":[{"id":5562,"href":"https:\/\/tmg.m-bildung.de\/index.php?rest_route=\/wp\/v2\/pages\/2332\/revisions\/5562"}],"wp:attachment":[{"href":"https:\/\/tmg.m-bildung.de\/index.php?rest_route=%2Fwp%2Fv2%2Fmedia&parent=2332"}],"curies":[{"name":"wp","href":"https:\/\/api.w.org\/{rel}","templated":true}]}}