{"id":233,"date":"2018-03-30T17:12:08","date_gmt":"2018-03-30T15:12:08","guid":{"rendered":"http:\/\/schule.prinzessin-auf-abenteuerurlaub.de\/?page_id=233"},"modified":"2018-03-30T17:12:08","modified_gmt":"2018-03-30T15:12:08","slug":"info-kontakte-links","status":"publish","type":"page","link":"https:\/\/tmg.m-bildung.de\/?page_id=233","title":{"rendered":"Linkempfehlungen"},"content":{"rendered":"<h3 class=\"subHeadline\">Info Kontakte Links<\/h3>\n<ul>\n<li><a href=\"http:\/\/www.km.bayern.de\" target=\"_blank\" rel=\"noreferrer noopener\" aria-label=\"Bayerisches Staatsministerium f\u00fcr Unterricht und Kultus (\u00f6ffnet in neuem Tab)\">Bayerisches Staatsministerium f\u00fcr Unterricht und Kultus<\/a><\/li>\n<\/ul>\n<!-- \/wp:post-content -->\n\n<!-- wp:paragraph {\"align\":\"left\"} \/-->\n\n<!-- wp:list -->\n<ul>\n<li><a href=\"http:\/\/www.isb.bayern.de\/gymnasium\/faecher\/sprachen\/deutsch\/\" target=\"_blank\" rel=\"noreferrer noopener\" aria-label=\"ISB (Staatsinstitut f\u00fcr Schulqualit\u00e4t und Bildungs-forschung)  (\u00f6ffnet in neuem Tab)\">ISB (Staatsinstitut f\u00fcr Schulqualit\u00e4t und Bildungsforschung) <\/a><\/li>\n<\/ul>\n<!-- \/wp:list -->\n\n<!-- wp:paragraph \/-->\n\n<!-- wp:list -->\n<ul>\n<li><a href=\"http:\/\/www.muenchen.de\/rathaus\/Stadtverwaltung\/Referat-fuer-Bildung-und-Sport.html\" target=\"_blank\" rel=\"noreferrer noopener\" aria-label=\"Referat f\u00fcr Bildung und Sport  (\u00f6ffnet in neuem Tab)\">Referat f\u00fcr Bildung und Sport <\/a><\/li>\n<li><a href=\"http:\/\/www.bayerischer-elternverband.de\/index.php?id=3\">Bayrischer ElternVerband e.V.<\/a><\/li>\n<li><a href=\"http:\/\/www.lev-gym-bayern.de\/\">Landes-Eltern-Vereinigung<em> der Gymnasien in Bayern<\/em><\/a><\/li>\n<li><a href=\"http:\/\/www.bildungspakt-bayern.de\/\">Stiftung Bildungspakt Bayern<\/a><\/li>\n<li><a href=\"http:\/\/www.schulberatung.bayern.de\/schulberatung\/muenchen\/index.asp\">Staatliche Schulberatungsstelle f\u00fcr M\u00fcnchen Stadt und Landkreis<\/a><\/li>\n<li><a href=\"http:\/\/www.kbs-bayern.de\/\">Koordinierungsstelle der bayerischen Suchthilfe<\/a><\/li>\n<\/ul>\n<p>&nbsp;<\/p>\n<p>&nbsp;<\/p>\n<h2>Biologie<\/h2>\n<p><!-- \/wp:list -->\n\n<!-- wp:paragraph --><\/p>\n<p><a href=\"https:\/\/www.zdf.de\/dokumentation\/terra-x\/evolution-des-menschen-animation-102.html\">modul.evolution.zdf.de<\/a><br \/>Die Webseiten des\u00a0<strong>ZDF<\/strong>\u00a0beinhalten computeranimierte Zeichentrickfilme zum Thema\u00a0<strong>Evolution des Menschen <\/strong>sowie Lernspiele, wie zum Beispiel ein Skelettpuzzle.<\/p>\n<p><!-- \/wp:paragraph -->\n\n<!-- wp:paragraph --><\/p>\n<p><a href=\"http:\/\/www.mallig.eduvinet.de\/\">www.mallig.eduvinet.de<\/a><br \/>Die\u00a0<strong>virtuelle Schule<\/strong>\u00a0bietet interaktive Selbstlernkurse und Unterrichtseinheiten aus diversen Teilrichtungen der Biologie.<\/p>\n<p><!-- \/wp:paragraph -->\n\n<!-- wp:paragraph \/-->\n\n<!-- wp:paragraph --><\/p>\n<p><a href=\"http:\/\/www.frustfrei-lernen.de\/biologie\/biologie-stichwortverzeichnis-a.html\">www.frustfrei-lernen.de\/biologie\/biologie-stichwortverzeichnis-a.html<\/a><br \/>Auf\u00a0<strong>frustfrei-lernen.de<\/strong>\u00a0finden Biologie-Interessierte ein Glossar mit Erkl\u00e4rungen zu Gebieten und Begriffen der Biologie mit Beispielen.<br \/>\u00a0<\/p>\n<p><!-- \/wp:paragraph -->\n\n<!-- wp:heading {\"level\":3} --><\/p>\n<h3><strong>\u00d6kologie<\/strong><\/h3>\n<p><!-- \/wp:heading -->\n\n<!-- wp:paragraph \/-->\n\n<!-- wp:paragraph --><\/p>\n<p><a href=\"http:\/\/www.wasserforscher.de\/\">www.wasserforscher.de<\/a><br \/>Projektunterricht zum Thema Wasser<\/p>\n<p><!-- \/wp:paragraph -->\n\n<!-- wp:paragraph --><\/p>\n<p><!-- \/wp:paragraph -->\n\n<!-- wp:paragraph --><\/p>\n<p><a href=\"http:\/\/www.waldwissen.net\/\">www.waldwissen.net<\/a><\/p>\n<p><!-- \/wp:paragraph -->\n\n<!-- wp:paragraph --><\/p>\n<p><!-- \/wp:paragraph -->\n\n<!-- wp:paragraph --><\/p>\n<p><!-- \/wp:paragraph -->\n\n<!-- wp:paragraph --><\/p>\n<p><strong>Schnecken:<\/strong><\/p>\n<p><!-- \/wp:paragraph -->\n\n<!-- wp:paragraph --><\/p>\n<p><a href=\"http:\/\/www.weichtiere.at\/Schnecken\/index.html\">www.weichtiere.at\/Schnecken\/index.html<\/a><\/p>\n<p><!-- \/wp:paragraph -->\n\n<!-- wp:paragraph --><\/p>\n<p><!-- \/wp:paragraph -->\n\n<!-- wp:paragraph --><\/p>\n<p><!-- \/wp:paragraph -->\n\n<!-- wp:paragraph --><\/p>\n<p><strong>Amphibien:<\/strong><\/p>\n<p><!-- \/wp:paragraph -->\n\n<!-- wp:paragraph --><\/p>\n<p><a href=\"http:\/\/www.erdkroete.de\/\">www.erdkroete.de<\/a><\/p>\n<p><!-- \/wp:paragraph -->\n\n<!-- wp:paragraph --><\/p>\n<p><a href=\"http:\/\/www.erdkroete.de\/bestimmungsschluessel.htm\">www.erdkroete.de\/bestimmungsschluessel.htm<\/a><\/p>\n<p><!-- \/wp:paragraph -->\n\n<!-- wp:paragraph --><\/p>\n<p><strong>Insekten:<\/strong><\/p>\n<p><!-- \/wp:paragraph -->\n\n<!-- wp:paragraph --><\/p>\n<p><a href=\"http:\/\/www.insektenbox.de\/\">www.insektenbox.de<\/a><\/p>\n<p><!-- \/wp:paragraph -->\n\n<!-- wp:paragraph --><\/p>\n<p>&nbsp;<\/p>\n<p><!-- \/wp:paragraph -->\n\n<!-- wp:heading {\"level\":3} --><\/p>\n<h3><strong>Oberstufe<\/strong><\/h3>\n<p><!-- \/wp:heading -->\n\n<!-- wp:paragraph --><\/p>\n<p><!-- \/wp:paragraph -->\n\n<!-- wp:paragraph --><\/p>\n<p><strong>Neurophysiologie &#8211; Grundkurs<\/strong><\/p>\n<p><!-- \/wp:paragraph -->\n\n<!-- wp:paragraph --><\/p>\n<p><a href=\"https:\/\/sauti.de\/\">www.sauti.de\/index.html<\/a><br \/>Zeugen der Evolution<\/p>\n<p><!-- \/wp:paragraph -->\n\n<!-- wp:paragraph --><\/p>\n<p><strong>Experimente zur Mikrobiologie:<\/strong><\/p>\n<p><!-- \/wp:paragraph -->\n\n<!-- wp:paragraph --><\/p>\n<p><a href=\"http:\/\/www.phs.unisg.ch\/fachinfos\/biologie\">www.phs.unisg.ch\/fachinfos\/biologie<\/a><\/p>\n<p><!-- \/wp:paragraph -->\n\n<!-- wp:paragraph --><\/p>\n<p><strong>Zelle:<\/strong><\/p>\n<p><!-- \/wp:paragraph -->\n\n<!-- wp:paragraph --><\/p>\n<p><a href=\"http:\/\/www.eduvinet.de\/mallig\/bio\/5mikro\/zellepL1.htm\">www.eduvinet.de\/mallig\/bio\/5mikro\/zellepL1.htm<\/a><\/p>\n<p><!-- \/wp:paragraph -->\n\n<!-- wp:paragraph --><\/p>\n<p><a href=\"http:\/\/www.gene-abc.ch\/\">www.gene-abc.ch<\/a><\/p>\n<p><!-- \/wp:paragraph -->\n\n<!-- wp:heading --><\/p>\n<h2>\u00a0<\/h2>\n<h2>Chemie<\/h2>\n<p><!-- \/wp:heading -->\n\n<!-- wp:paragraph --><\/p>\n<p><a href=\"http:\/\/www.chemieonline.de\/forum\">www.chemieonline.de\/forum<\/a><\/p>\n<p><!-- \/wp:paragraph -->\n\n<!-- wp:paragraph --><\/p>\n<p><a href=\"http:\/\/www.chf.de\/eduthek\/PSE-Quiz\/\">http:\/\/www.chf.de\/eduthek\/PSE-Quiz\/<\/a><\/p>\n<p><!-- \/wp:paragraph -->\n\n<!-- wp:paragraph --><\/p>\n<p><a href=\"http:\/\/www.chik.de\/\">www.chik.de<\/a><br \/>Chemie im Kontext \u2013 Lehrwerk vom Cornelsen-Verlag<\/p>\n<p><!-- \/wp:paragraph -->\n\n<!-- wp:paragraph --><\/p>\n<p><a href=\"http:\/\/www.stellwerk-chek.ch\/\">www.stellwerk-chek.ch<\/a><br \/>Interaktive Chemie\u00fcbungen, Schwierigkeitsgrad abh\u00e4ngig von der Antwort<br \/>\u00a0<\/p>\n<p><!-- \/wp:paragraph -->\n\n<!-- wp:heading {\"level\":3} --><\/p>\n<h3><strong>Allgemeines<\/strong><\/h3>\n<p><!-- \/wp:heading -->\n\n<!-- wp:paragraph --><\/p>\n<p><a href=\"http:\/\/www.seilnacht.com\/\">www.seilnacht.com<\/a><\/p>\n<p><!-- \/wp:paragraph -->\n\n<!-- wp:paragraph --><\/p>\n<p><a href=\"http:\/\/www.chemie.de\/\">www.chemie.de<\/a><\/p>\n<p><!-- \/wp:paragraph -->\n\n<!-- wp:paragraph --><\/p>\n<p><a href=\"http:\/\/www.biologie.uni-duesseldorf.de\/\">www.biologie.uni-duesseldorf.de<\/a><\/p>\n<p><!-- \/wp:paragraph -->\n\n<!-- wp:paragraph --><\/p>\n<p><a href=\"http:\/\/www.chemie.uni-duesseldorf.de\/\">www.chemie.uni-duesseldorf.de<\/a><\/p>\n<p><!-- \/wp:paragraph -->\n\n<!-- wp:paragraph --><\/p>\n<p><a href=\"http:\/\/www.educ.ethz.ch\/lehrpersonen\/chemie\/index\">www.educ.ethz.ch\/lehrpersonen\/chemie\/index<\/a><\/p>\n<p><!-- \/wp:paragraph -->\n\n<!-- wp:paragraph --><\/p>\n<p><a href=\"http:\/\/jchemed.chem.wisc.edu\/\">jchemed.chem.wisc.edu<\/a><\/p>\n<p><!-- \/wp:paragraph -->\n\n<!-- wp:paragraph --><\/p>\n<p><a href=\"http:\/\/www.vs-c.de\/\">www.vs-c.de<\/a><\/p>\n<p><!-- \/wp:paragraph -->\n\n<!-- wp:paragraph --><\/p>\n<p><strong>Vernetztes Studium-Chemie<\/strong><\/p>\n<p><!-- \/wp:paragraph -->\n\n<!-- wp:paragraph --><\/p>\n<p><a href=\"http:\/\/www.gymnasiumwaldkraiburg.de\/\">www.gymnasiumwaldkraiburg.de<\/a><br \/>interaktive Chemie\u00fcbungen- Grundwissenskataloge<\/p>\n<p><!-- \/wp:paragraph -->\n\n<!-- wp:paragraph --><\/p>\n<p><strong>Chemie\u00fcbungen mit Zeichenprogrammen<\/strong><\/p>\n<p><!-- \/wp:paragraph -->\n\n<!-- wp:paragraph --><\/p>\n<p><a href=\"http:\/\/www.acdlabs.com\/\">www.acdlabs.com<\/a><\/p>\n<p><!-- \/wp:paragraph -->\n\n<!-- wp:paragraph --><\/p>\n<p><a href=\"http:\/\/www.lehrer-online.de\/\">www.lehrer-online.de<\/a><\/p>\n<p><!-- \/wp:paragraph -->\n\n<!-- wp:paragraph --><\/p>\n<p><a href=\"http:\/\/www.chemgapedia.de\/vsengine\/topics\/de\/vlu\/index.html\">www.chemgapedia.de\/vsengine\/topics\/de\/vlu\/index.html<\/a><\/p>\n<p><!-- \/wp:paragraph -->\n\n<!-- wp:paragraph --><\/p>\n<p><a href=\"http:\/\/chemie.uni-paderborn.de\/index.php?id=514\">chemie.uni-paderborn.de\/index.php?id=514<\/a><\/p>\n<p><!-- \/wp:paragraph -->\n\n<!-- wp:paragraph --><\/p>\n<p><a href=\"http:\/\/www.chemgapedia.de\/vsengine\/topics\/de\/vlu\/index.html\">www.chemgapedia.de\/vsengine\/topics\/de\/vlu\/index.html<\/a><\/p>\n<p><!-- \/wp:paragraph -->\n\n<!-- wp:heading --><\/p>\n<h2>Deutsch<\/h2>\n<p><!-- \/wp:heading -->\n\n<!-- wp:paragraph --><\/p>\n<p><a href=\"http:\/\/suz.digitaleschulebayern.de\/deutsch\/rechtschreibung\/index.php\">suz.digitaleschulebayern.de\/deutsch\/rechtschreibung\/index.php<\/a><\/p>\n<p><!-- \/wp:paragraph -->\n\n<!-- wp:paragraph --><\/p>\n<p><a href=\"http:\/\/www.bnv-bamberg.de\/home\/ba4613\/flg\/deutsch-interaktiv\">www.bnv-bamberg.de\/home\/ba4613\/flg\/deutsch-interaktiv<\/a><\/p>\n<p><!-- \/wp:paragraph -->\n\n<!-- wp:paragraph --><\/p>\n<p><a href=\"http:\/\/online-lernen.levrai.de\/deutsch_rechtschreibung_uebungen_5-7.htm\">online-lernen.levrai.de\/deutsch_rechtschreibung_uebungen_5-7.htm<\/a><\/p>\n<p><!-- \/wp:paragraph -->\n\n<!-- wp:paragraph --><\/p>\n<p><a href=\"http:\/\/www.zum.de\/Faecher\/D\/BW\/gym\/hotpots\/\">www.zum.de\/Faecher\/D\/BW\/gym\/hotpots<\/a><\/p>\n<p><!-- \/wp:paragraph -->\n\n<!-- wp:paragraph --><\/p>\n<p><a href=\"http:\/\/www.deutschunddeutlich.de\/index.php\">www.deutschunddeutlich.de\/index.php<\/a><\/p>\n<p><!-- \/wp:paragraph -->\n\n<!-- wp:paragraph --><\/p>\n<p><a href=\"http:\/\/www.homepage.bnv-bamberg.de\/deutsch-interaktiv\/\">www.homepage.bnv-bamberg.de\/deutsch-interaktiv\/<\/a><br \/>Unterstufe: Grammatik\/Wortschatz\/Aufsatztraining<\/p>\n<p><!-- \/wp:paragraph -->\n\n<!-- wp:paragraph --><\/p>\n<p><a href=\"http:\/\/www.pauktrainer.de\/html\/arbeitsblatter.html\">www.pauktrainer.de\/html\/arbeitsblatter.html<\/a><br \/>Arbeitsbl\u00e4tter mit reichlich \u00dcbungsmaterial f\u00fcr alle sprachlichen Bereiche: Grammatik, Rechtschreibung, Kommasetzung usw.<\/p>\n<p><!-- \/wp:paragraph -->\n\n<!-- wp:paragraph --><\/p>\n<p><a href=\"http:\/\/www.keepschool.de\/unterrichtsmaterial\/Deutsch\/uebersicht.html\">www.keepschool.de\/unterrichtsmaterial\/Deutsch\/uebersicht.html<\/a><br \/>Arbeitsbl\u00e4tter und Unterrichtsmaterial f\u00fcr alle Jahrgangsstufen \u2013 auch f\u00fcr Mathe, Englisch und Franz\u00f6sisch!<\/p>\n<p><!-- \/wp:paragraph -->\n\n<!-- wp:paragraph --><\/p>\n<p><a href=\"http:\/\/www.schule-bw.de\/unterricht\/faecher\/deutsch\/sprache\/rechtschreibung\/abc\">www.schule-bw.de\/unterricht\/faecher\/deutsch\/sprache\/rechtschreibung\/abc<\/a><br \/>\u00dcbungen f\u00fcr Rechtschreibschwache Sch\u00fclerinnen und Sch\u00fcler in der Unterstufe.<br \/>Das Spiel hat drei Levels: Memospiel, Suchspiel, Aufbauspiel, die durch das ganzeAlphabet durchgespielt werden k\u00f6nnen.<\/p>\n<p><!-- \/wp:paragraph -->\n\n<!-- wp:paragraph --><\/p>\n<p><a href=\"http:\/\/www.fanhelden.de\/gute_internetseiten_fuer_kinder\/\">www.fanhelden.de\/gute_internetseiten_fuer_kinder\/<\/a><br \/>Ein Schreibwettbewerb mit Unterst\u00fctzung von Philipp Lahm l\u00e4uft bis Mai 2012 unter<\/p>\n<p><!-- \/wp:paragraph -->\n\n<!-- wp:paragraph --><\/p>\n<p><a href=\"http:\/\/www.dlc.fi\/~michi\/uebungen\/gra.htm\">www.dlc.fi\/~michi\/uebungen\/gra.htm<\/a><br \/><strong>Michael M\u00f6bius<\/strong>\u00a0hat mit dem Programm HotPotatoes eine Menge\u00a0<strong>Grammatik\u00fcbungen<\/strong>\u00a0erstellt. Diese f\u00fcr ausl\u00e4ndische Deutschsch\u00fcler gemachten \u00dcbungen helfen auch unseren Sch\u00fclern bei der Bew\u00e4ltigung ihrer Probleme. Diese, sich selbst erkl\u00e4renden, \u00dcbungen k\u00f6nnen direkt im Internet bearbeitet werden.<\/p>\n<p><!-- \/wp:paragraph -->\n\n<!-- wp:heading --><\/p>\n<h2>Englisch<\/h2>\n<p><!-- \/wp:heading -->\n\n<!-- wp:paragraph --><\/p>\n<p><a href=\"http:\/\/www.englisch-hilfen.de\/exercises_list\/alle_grammar.htm\">www.englisch-hilfen.de\/exercises_list\/alle_grammar.htm<\/a><\/p>\n<p><!-- \/wp:paragraph -->\n\n<!-- wp:paragraph --><\/p>\n<p><a href=\"http:\/\/www.ego4u.de\/de\/cram-up\/exam-preparation\/abitur?grammar\">www.ego4u.de\/de\/cram-up\/exam-preparation\/abitur?grammar<\/a><\/p>\n<p><!-- \/wp:paragraph -->\n\n<!-- wp:paragraph --><\/p>\n<p><a href=\"http:\/\/homepage.bnv-bamberg.de\/englischinteraktiv\/index.htm\">homepage.bnv-bamberg.de\/englischinteraktiv\/index.htm<\/a><\/p>\n<p><!-- \/wp:paragraph -->\n\n<!-- wp:paragraph --><\/p>\n<p><a href=\"http:\/\/www.englishpage.com\/\">Englishpage.com<\/a><br \/>Free online English lessons &amp; ESL \/ EFL resources, bietet \u00dcbungen zu zentralen Gebieten von Grammatik und Vokabular. Daneben gibt es auch lexikalische Funktionen.<\/p>\n<p><!-- \/wp:paragraph -->\n\n<!-- wp:paragraph --><\/p>\n<p><a href=\"http:\/\/www.vocabulix.com\/\">Vocabulix-Vokaltrainer<\/a><\/p>\n<p><!-- \/wp:paragraph -->\n\n<!-- wp:paragraph --><\/p>\n<p><a href=\"http:\/\/www.englishclub.com\/learn-english.htm\">EnglishClub.com<\/a><br \/>for ESL Learners is where you&#8217;ll find lessons and resources to help you learn English. If you&#8217;re an ESL or EFL student, you&#8217;ll find the online English lessons here useful to learn or revise all aspects of English.<\/p>\n<p><!-- \/wp:paragraph -->\n\n<!-- wp:paragraph --><\/p>\n<p><a href=\"http:\/\/www.langmaster.com\/lmcom\/com\/web\/de-de\/pages\/englisch-lernen-online-kostenlos.aspx\">Langmaster<\/a><br \/>bietet ca. 1500 kostenfreie \u00dcbungen f\u00fcr 5 verschiedene Niveaus (Anf\u00e4nger, fortgeschrittene Anf\u00e4nger, fortgeschrittene Grundstufe, Mittelstufe, Oberstufe). Ein Teil der \u00dcbungen ist audio-unterst\u00fctzt. Zur Durchf\u00fchrung muss das Microsoft-Programm Silverlight downgeloaded werden (automatische Download-Aufforderung bei Start der \u00dcbungen).<\/p>\n<p><!-- \/wp:paragraph -->\n\n<!-- wp:heading --><\/p>\n<h2>Franz\u00f6sisch<\/h2>\n<p><!-- \/wp:heading -->\n\n<!-- wp:paragraph --><\/p>\n<p><a href=\"http:\/\/www.phase-6.de\/klett\">www.phase-6.de\/klett<\/a><\/p>\n<p><!-- \/wp:paragraph -->\n\n<!-- wp:paragraph --><\/p>\n<p><a href=\"http:\/\/fog.ccsf.edu\/~creitan\/grammar.htm\">fog.ccsf.edu\/~creitan\/grammar.htm<\/a><\/p>\n<p><!-- \/wp:paragraph -->\n\n<!-- wp:paragraph --><\/p>\n<p><a href=\"http:\/\/fle-sitographie.pagesperso-orange.fr\/dictionnaires.htm?mid=5079699\">fle-sitographie.pagesperso-orange.fr\/dictionnaires.htm?mid=5079699<\/a><\/p>\n<p><!-- \/wp:paragraph -->\n\n<!-- wp:paragraph --><\/p>\n<p><a href=\"http:\/\/www.bescherelle.com\/index_pra.php\">www.bescherelle.com\/index_pra.php<\/a><\/p>\n<p><!-- \/wp:paragraph -->\n\n<!-- wp:paragraph --><\/p>\n<p><a href=\"http:\/\/peinturefle.ovh.org\/\">peinturefle.ovh.org<\/a><br \/>\u00dcbungen zur Bildbeschreibung<\/p>\n<p><!-- \/wp:paragraph -->\n\n<!-- wp:paragraph --><\/p>\n<p><a href=\"http:\/\/www.ccdmd.qc.ca\/\">www.ccdmd.qc.ca<\/a><br \/>Die Seite des Centre Coll\u00e9gial de D\u00e9veloppement de Mat\u00e9riel Didactique (CCDMD) ist ein Portal, das spielerische M\u00f6glichkeiten zur Verbesserung der Franz\u00f6sisch-Kenntnisse anbietet.<\/p>\n<p><!-- \/wp:paragraph -->\n\n<!-- wp:paragraph --><\/p>\n<p><a href=\"http:\/\/lexiquefle.free.fr\/\">lexiquefle.free.fr<\/a><br \/>Auf Lexique Fle finden Sch\u00fcler \u00dcbungen zu Vokabeln und kleine Lerngeschichten. Die \u00dcbungen gibt es zum Download oder online. Es lohnt sich, auch auf LIENS zu klicken, um zu weiteren \u00dcbungsm\u00f6glichkeiten zu kommen.<\/p>\n<p><!-- \/wp:paragraph -->\n\n<!-- wp:paragraph --><\/p>\n<p><a href=\"http:\/\/www.lepointdufle.net\/\">www.lepointdufle.net<\/a><br \/>Le Point du FLE ist ein sehr praktisches Angebot von H\u00e9l\u00e8ne Weinachter. Es versammelt und ordnet viele interaktive \u00dcbungen, die im WWW verstreut zu finden sind.<\/p>\n<p><!-- \/wp:paragraph -->\n\n<!-- wp:paragraph --><\/p>\n<p><a href=\"http:\/\/www.bonjourdefrance.com\/\">www.gfk3.muc.kobis.de\/lernwerkstatt\/faecher\/franz\/bonjour-de-france.gif<\/a><br \/>Bonjour de France wurde von der Sprachenschule Azurlingua entwickelt und stellt vielf\u00e4ltige \u00dcbungen zur Verf\u00fcgung.<\/p>\n<p><!-- \/wp:paragraph -->\n\n<!-- wp:paragraph --><\/p>\n<p><a href=\"http:\/\/orthonet.sdv.fr\/\">orthonet.sdv.fr<\/a><br \/>Orthonet, ein Angebot des Conseil International de la Langue Fran\u00e7aise, bietet u.a. ein interaktives Lexikon zur Orthographie, darunter\u00a0auch Spiele zum Pauken bestimmter Probleme.<\/p>\n<p><!-- \/wp:paragraph -->\n\n<!-- wp:heading --><\/p>\n<h2>Mathematik<\/h2>\n<p><!-- \/wp:heading -->\n\n<!-- wp:paragraph --><\/p>\n<p><a href=\"http:\/\/www.realmath.de\/\">www.realmath.de<\/a><br \/>Die Themen decken fast den gesamten Inhalt des Mathematikunterrichts der Sekundarstufe I ab. Das Themenspektrum reicht von der Bruchrechnung in der 6. Klasse bis zur Trigonometrie in der 10. Klasse. Die Einf\u00fchrungen und \u00dcbungen sind allesamt unterrichtserprobt und eignen sich gut f\u00fcr eine individualisierte, gezielte F\u00f6rderung st\u00e4rkerer und schw\u00e4cherer Sch\u00fcler und Sch\u00fclerinnen.<\/p>\n<p><!-- \/wp:paragraph -->\n\n<!-- wp:paragraph --><\/p>\n<p><a href=\"http:\/\/www.arndt-bruenner.de\/mathe\/mathekurse.htm\">www.arndt-bruenner.de\/mathe\/mathekurse.htm<\/a><br \/>Auf\u00a0<strong>Arndt Br\u00fcnners Mathematikseiten<\/strong>\u00a0finden Sie allerhand zur Mathematik in der Schule f\u00fcr die Sekundarstufen und auch dar\u00fcber hinaus. Informationen, Erl\u00e4uterungen und Programme zum Berechnen, Ausprobieren und Lernen erg\u00e4nzen sich. Die Ziele dieser Seiten sind es, Interesse zu wecken, Verst\u00e4ndnis zu f\u00f6rdern sowie selbstst\u00e4ndiges Lernen und \u00dcben zu erm\u00f6glichen.<\/p>\n<p><!-- \/wp:paragraph -->\n\n<!-- wp:paragraph --><\/p>\n<p><a href=\"http:\/\/www.matheprisma.uni-wuppertal.de\/\">www.matheprisma.uni-wuppertal.de<\/a><br \/><strong>MathePrisma<\/strong>\u00a0ist eine wachsende Modulsammlung zur Mathematik mit interaktiven Inhalten f\u00fcr die Sekundarstufe 1und 2. Die einzelnen Beitr\u00e4ge k\u00f6nnen entweder direkt im Web ausgef\u00fchrt oder auch herunterladen werden.<\/p>\n<p><!-- \/wp:paragraph -->\n\n<!-- wp:paragraph --><\/p>\n<p><a href=\"http:\/\/www.mathe-hilfen.de\/\">www.mathe-hilfen.de<\/a><br \/>Die Webseite\u00a0<strong>mathe-hilfen.de<\/strong>\u00a0bietet \u00dcbungen und Anleitungen nach Jahrgangsstufen und nach Themen geordnet an. Au\u00dferdem finden sich auf mathe-hilfen.de Pr\u00fcfungsaufgaben und Lernspiele.<\/p>\n<p><!-- \/wp:paragraph -->\n\n<!-- wp:heading {\"level\":4} --><\/p>\n<h4>Allgemeine Unterrichtsmaterialien:<\/h4>\n<p><!-- \/wp:heading -->\n\n<!-- wp:paragraph --><\/p>\n<p><a href=\"https:\/\/www.schule-bw.de\/faecher-und-schularten\/mathematisch-naturwissenschaftliche-faecher\/mathematik\/\">www.schule-bw.de\/unterricht\/faecher\/franz\/umat\/<\/a><\/p>\n<p><!-- \/wp:paragraph -->\n\n<!-- wp:heading --><\/p>\n<h2>Physik<\/h2>\n<p><!-- \/wp:heading -->\n\n<!-- wp:paragraph --><\/p>\n<p><a href=\"http:\/\/www.leifiphysik.de\/\">www.leifiphysik.de<\/a><\/p>\n<p><!-- \/wp:paragraph -->\n\n<!-- wp:paragraph --><\/p>\n<p><a href=\"http:\/\/phet.colorado.edu\/\">phet.colorado.edu<\/a><\/p>\n<p><!-- \/wp:paragraph -->\n\n<!-- wp:paragraph --><\/p>\n<p><a href=\"http:\/\/www.kids-and-science.de\/\">www.kids-and-science.de<\/a><\/p>","protected":false},"excerpt":{"rendered":"<p>Info Kontakte Links Bayerisches Staatsministerium f\u00fcr Unterricht und Kultus ISB (Staatsinstitut f\u00fcr Schulqualit\u00e4t und Bildungsforschung) Referat f\u00fcr Bildung und Sport Bayrischer ElternVerband e.V. Landes-Eltern-Vereinigung der Gymnasien in Bayern Stiftung Bildungspakt Bayern Staatliche Schulberatungsstelle f\u00fcr M\u00fcnchen Stadt und Landkreis Koordinierungsstelle der &hellip; <a href=\"https:\/\/tmg.m-bildung.de\/?page_id=233\">Weiterlesen <span class=\"meta-nav\">&rarr;<\/span><\/a><\/p>\n","protected":false},"author":1,"featured_media":0,"parent":0,"menu_order":0,"comment_status":"closed","ping_status":"closed","template":"sidebar-page.php","meta":{"footnotes":""},"class_list":["post-233","page","type-page","status-publish","hentry"],"_links":{"self":[{"href":"https:\/\/tmg.m-bildung.de\/index.php?rest_route=\/wp\/v2\/pages\/233","targetHints":{"allow":["GET"]}}],"collection":[{"href":"https:\/\/tmg.m-bildung.de\/index.php?rest_route=\/wp\/v2\/pages"}],"about":[{"href":"https:\/\/tmg.m-bildung.de\/index.php?rest_route=\/wp\/v2\/types\/page"}],"author":[{"embeddable":true,"href":"https:\/\/tmg.m-bildung.de\/index.php?rest_route=\/wp\/v2\/users\/1"}],"replies":[{"embeddable":true,"href":"https:\/\/tmg.m-bildung.de\/index.php?rest_route=%2Fwp%2Fv2%2Fcomments&post=233"}],"version-history":[{"count":0,"href":"https:\/\/tmg.m-bildung.de\/index.php?rest_route=\/wp\/v2\/pages\/233\/revisions"}],"wp:attachment":[{"href":"https:\/\/tmg.m-bildung.de\/index.php?rest_route=%2Fwp%2Fv2%2Fmedia&parent=233"}],"curies":[{"name":"wp","href":"https:\/\/api.w.org\/{rel}","templated":true}]}}