{"id":2322,"date":"2021-01-26T11:58:24","date_gmt":"2021-01-26T10:58:24","guid":{"rendered":"https:\/\/tmg.musin.de\/?page_id=2322"},"modified":"2021-01-26T11:58:24","modified_gmt":"2021-01-26T10:58:24","slug":"weiterfuehrende-links","status":"publish","type":"page","link":"https:\/\/tmg.m-bildung.de\/?page_id=2322","title":{"rendered":"Weiterf\u00fchrende Links"},"content":{"rendered":"\n\n\n\n\n<h4 class=\"wp-block-heading\"><strong>Lesef\u00f6rderung<\/strong><\/h4>\n\n\n\n<ul class=\"wp-block-list\">\n<li><a href=\"http:\/\/www.lesen.bayern.de\" target=\"_blank\" rel=\"noreferrer noopener\" aria-label=\"Initiative #lesen.bayern   (\u00f6ffnet in neuem Tab)\">Initiative #lesen.bayern <\/a><\/li>\n<\/ul>\n\n\n\n<p>Onlineportal des ISB (Staatsinstituts f\u00fcr Schulqualit\u00e4t und Bildungsforschung, das vielf\u00e4ltige Anregungen zur Lesef\u00f6rderung bietet, z.B. Materialien, Buchempfehlungen bzw. Rezensionen, Tipps f\u00fcr Eltern)<\/p>\n\n\n\n<ul class=\"wp-block-list\">\n<li><a href=\"http:\/\/www.lesen.bayern.de\/besten\/\" target=\"_blank\" rel=\"noreferrer noopener\" aria-label=\"Unsere Besten (\u00f6ffnet in neuem Tab)\">Unsere Besten<\/a><\/li>\n<\/ul>\n\n\n\n<p>Buchempfehlungen des ISB f\u00fcr Kinder und Jugendliche zwischen 6 und 18 Jahren<\/p>\n\n\n\n<ul class=\"wp-block-list\">\n<li><a href=\"https:\/\/www.jugendliteratur.org\" target=\"_blank\" rel=\"noreferrer noopener\" aria-label=\"Arbeitskreis Jugendliteratur  (\u00f6ffnet in neuem Tab)\">Arbeitskreis Jugendliteratur<\/a><\/li>\n<\/ul>\n\n\n\n<p>Verein, der sich der Lesef\u00f6rderung verschrieben hat. Eine wichtige Aufgabe ist die j\u00e4hrliche Organisation und Verleihung des Deutschen Jugendliteraturpreises. Die Listen der nominierten B\u00fccher finden sich ebenfalls hier.<\/p>\n\n\n\n<ul class=\"wp-block-list\">\n<li><a href=\"http:\/\/www.stiftunglesen.de\" target=\"_blank\" rel=\"noreferrer noopener\" aria-label=\"Stiftung Lesen   (\u00f6ffnet in neuem Tab)\">Stiftung Lesen<\/a><\/li>\n<\/ul>\n\n\n\n<p>Neben Medien- und Literaturempfehlungen finden sich hier auch Informationen zu Leseinitiativen (z.B. den Vorlesetag).<\/p>\n\n\n\n<ul class=\"wp-block-list\">\n<li><a href=\"http:\/\/www.boersenverein-bayern.de\" target=\"_blank\" rel=\"noreferrer noopener\" aria-label=\"B\u00f6rsenverein des Deutschen Buchhandels, Landesverband Bayern (\u00f6ffnet in neuem Tab)\">B\u00f6rsenverein des Deutschen Buchhandels, Landesverband Bayern<\/a><\/li>\n<\/ul>\n\n\n\n<p>Hier sind Informationen zur M\u00fcnchner B\u00fccherschau sowie der M\u00fcnchner B\u00fccherschau junior erh\u00e4ltlich.<\/p>\n\n\n\n<ul class=\"wp-block-list\">\n<li><a href=\"https:\/\/tmg.m-bildung.de\/weiterfuehrende-links\/\" target=\"_blank\" rel=\"noreferrer noopener\" aria-label=\"Goethe-Institut   (\u00f6ffnet in neuem Tab)\">Goethe-Institut<\/a><\/li>\n<\/ul>\n\n\n\n<p>Vorstellung von Neuerscheinungen aus der Kinder- und Jugendliteratur<\/p>\n\n\n\n<ul class=\"wp-block-list\">\n<li><a href=\"http:\/\/www.muenchner-stadtbibliothek.de\" target=\"_blank\" rel=\"noreferrer noopener\" aria-label=\"M\u00fcnchner Stadtbibliothek  (\u00f6ffnet in neuem Tab)\">M\u00fcnchner Stadtbibliothek<\/a><\/li>\n<\/ul>\n\n\n\n<p>G\u00fcnstige Ausleihe von B\u00fcchern und anderen Medien am Gasteig, \u00fcber die Stadtteilbibliotheken im gesamten Stadtgebiet leicht erreichbar.<\/p>\n\n\n\n<ul class=\"wp-block-list\">\n<li><a href=\"http:\/\/www.ijb.de\/home.html\" target=\"_blank\" rel=\"noreferrer noopener\" aria-label=\"Internationale Jugendbibliothek (\u00f6ffnet in neuem Tab)\">Internationale Jugendbibliothek<\/a><\/li>\n<\/ul>\n\n\n\n<p>Weltweit gr\u00f6\u00dfte Bibliothek f\u00fcr internationale Kinder- und Jugendliteratur<\/p>\n\n\n\n<ul class=\"wp-block-list\">\n<li><a href=\"http:\/\/www.oebib.de\/start\/\" target=\"_blank\" rel=\"noreferrer noopener\" aria-label=\"\u00d6BiB (\u00d6ffentliche Bibliotheken in Bayern) (\u00f6ffnet in neuem Tab)\">\u00d6BiB (\u00d6ffentliche Bibliotheken in Bayern)<\/a><\/li>\n<\/ul>\n\n\n\n<p>Hier finden sich etliche Informationen zu Aktivit\u00e4ten, Initiativen und Angeboten rund um das Thema \u201eLesen\u201c.<\/p>\n\n\n\n<h4 class=\"wp-block-heading\"><strong>Theater<\/strong><\/h4>\n\n\n\n<ul class=\"wp-block-list\">\n<li><a href=\"http:\/\/www.tusch-muenchen.de\/\" target=\"_blank\" rel=\"noreferrer noopener\" aria-label=\"TUSCH (\u00f6ffnet in neuem Tab)\">TUSCH<\/a><\/li>\n<\/ul>\n\n\n\n<p>Informationen rund um die Kooperation von Theatern und Schulen<\/p>\n\n\n\n<ul class=\"wp-block-list\">\n<li><a href=\"http:\/\/theaterjugendring.de\" target=\"_blank\" rel=\"noreferrer noopener\" aria-label=\"Theaterjugendring  (\u00f6ffnet in neuem Tab)\">Theaterjugendring <\/a><\/li>\n<\/ul>\n\n\n\n<p>Erm\u00f6glicht Sch\u00fcler\/-innen g\u00fcnstige Theaterbesuche.<\/p>\n\n\n\n<ul class=\"wp-block-list\">\n<li><a href=\"http:\/\/www.schauburg.net\" target=\"_blank\" rel=\"noreferrer noopener\" aria-label=\"Schauburg  (\u00f6ffnet in neuem Tab)\">Schauburg <\/a><\/li>\n<\/ul>\n\n\n\n<p>Kinder- und Jugendtheater der Stadt M\u00fcnchen<\/p>\n\n\n\n<ul class=\"wp-block-list\">\n<li><a href=\"http:\/\/www.muenchner-kammerspiele.de\" target=\"_blank\" rel=\"noreferrer noopener\" aria-label=\"M\u00fcnchner Kammerspiele  (\u00f6ffnet in neuem Tab)\">M\u00fcnchner Kammerspiele<\/a><\/li>\n<\/ul>\n\n\n\n<p>Theater der Stadt M\u00fcnchen bzw. des Freistaats Bayern mit zahlreichen Angeboten f\u00fcr Schulklassen<\/p>\n\n\n\n<ul class=\"wp-block-list\">\n<li><a href=\"http:\/\/www.muenchner-volkstheater.de\" target=\"_blank\" rel=\"noreferrer noopener\" aria-label=\"M\u00fcnchner Volkstheater (\u00f6ffnet in neuem Tab)\">M\u00fcnchner Volkstheater<\/a><\/li>\n<li><a href=\"http:\/\/www.residenztheater.de\" target=\"_blank\" rel=\"noreferrer noopener\" aria-label=\"Bayerisches Staatsschauspiel   (\u00f6ffnet in neuem Tab)\">Bayerisches Staatsschauspiel<\/a><\/li>\n<\/ul>\n\n\n\n<h4 class=\"wp-block-heading\"><strong>\u00dcbungsmaterialien<\/strong><\/h4>\n\n\n\n<ul class=\"wp-block-list\">\n<li><a href=\"http:\/\/www.deutschunddeutlich.de\" target=\"_blank\" rel=\"noreferrer noopener\" aria-label=\"Deutsch und deutlich  (\u00f6ffnet in neuem Tab)\">Deutsch und deutlich<\/a><\/li>\n<\/ul>\n\n\n\n<p>1200 kostenlose Arbeitsbl\u00e4tter zu allen wichtigen Sprachbereichen<\/p>\n\n\n\n<ul class=\"wp-block-list\">\n<li><a href=\"http:\/\/www.lernserver.de\" target=\"_blank\" rel=\"noreferrer noopener\" aria-label=\"M\u00fcnsteraner Lernserver (\u00f6ffnet in neuem Tab)\">M\u00fcnsteraner Lernserver<\/a><\/li>\n<\/ul>\n\n\n\n<p>Portal zur individuellen Rechtschreibf\u00f6rderung, das Angebot ist kostenpflichtig<\/p>\n\n\n\n<ul class=\"wp-block-list\">\n<li><a href=\"http:\/\/www.dw.com\/de\/deutsch-lernen\/top-thema\/s-8031\" target=\"_blank\" rel=\"noreferrer noopener\" aria-label=\"Deutsche Welle Topthema mit Vokabeln  (\u00f6ffnet in neuem Tab)\">Deutsche Welle Topthema mit Vokabeln <\/a><\/li>\n<\/ul>\n\n\n\n<p>H\u00f6rtexte mit anschlie\u00dfenden Aufgaben zum Aufbau von Wortschatz<\/p>\n\n\n\n<ul class=\"wp-block-list\">\n<li><a href=\"http:\/\/www.unterrichtsmaterial-schule.de\/unterrichtsmaterial1.shtml\" target=\"_blank\" rel=\"noreferrer noopener\" aria-label=\"Unterrichtsmaterial Schule, Deutsch (\u00f6ffnet in neuem Tab)\">Unterrichtsmaterial Schule, Deutsch<\/a><\/li>\n<\/ul>\n\n\n\n<p>Kostenlose Arbeitsbl\u00e4tter f\u00fcr den DaF-Unterricht, die teilweise auch am Gymnasium sehr hilfreich sind.<\/p>\n\n\n\n<ul class=\"wp-block-list\">\n<li><a href=\"http:\/\/de.islcollective.com\" target=\"_blank\" rel=\"noreferrer noopener\" aria-label=\"ISL Collective (\u00f6ffnet in neuem Tab)\">ISL Collective<\/a><\/li>\n<li><a href=\"http:\/\/www.schule.at\/portale\/deutsch\/\" target=\"_blank\" rel=\"noreferrer noopener\" aria-label=\"\u00d6sterreichischer Bildungsserver (\u00f6ffnet in neuem Tab)\">\u00d6sterreichischer Bildungsserver<\/a><\/li>\n<\/ul>\n\n\n\n<p>Digitales Schulportal mit interessanten Lernpaketen vor allem zur Grammatik<\/p>\n\n\n\n<ul class=\"wp-block-list\">\n<li><a href=\"http:\/\/www.mebis.bayern.de\" target=\"_blank\" rel=\"noreferrer noopener\" aria-label=\"Landesmedienzentrum Bayern (\u00f6ffnet in neuem Tab)\">Landesmedienzentrum Bayern<\/a><\/li>\n<\/ul>\n\n\n\n<p>Plattform zum Austausch mit den Lehrkr\u00e4ften; man kann aber auch auf viele f\u00fcr den Unterricht relevante Inhalte und Medien zugreifen<\/p>\n\n\n\n<ul class=\"wp-block-list\">\n<li><a href=\"https:\/\/learningapps.org\" data-type=\"URL\" data-id=\"https:\/\/learningapps.org\">Deutsch \u00fcben. Learning App<\/a><\/li>\n<\/ul>\n\n\n\n<p>Kostenlose \u00dcbungen f\u00fcr viele Lernbereiche<\/p>\n\n\n\n<ul class=\"wp-block-list\">\n<li><a href=\"https:\/\/onlineuebung.de\/deutsch\" data-type=\"URL\" data-id=\"https:\/\/onlineuebung.de\/deutsch\">Online\u00fcbung<\/a><\/li>\n<\/ul>\n\n\n\n<ul class=\"wp-block-list\">\n<li><a href=\"http:\/\/medienbildung-muenchen.de\/beitrag\/die-neue-medienbildung-muenchen-ehemals-muc-kobis-de\" target=\"_blank\" rel=\"noreferrer noopener\" aria-label=\"M\u00fcnchner Kommunaler Bildungsserver (\u00f6ffnet in neuem Tab)\">M\u00fcnchner Kommunaler Bildungsserver<\/a><\/li>\n<\/ul>\n\n\n\n<p>Zahlreiche Materialien und Links f\u00fcr das Fach Deutsch<\/p>\n","protected":false},"excerpt":{"rendered":"<p>Lesef\u00f6rderung Initiative #lesen.bayern Onlineportal des ISB (Staatsinstituts f\u00fcr Schulqualit\u00e4t und Bildungsforschung, das vielf\u00e4ltige Anregungen zur Lesef\u00f6rderung bietet, z.B. Materialien, Buchempfehlungen bzw. Rezensionen, Tipps f\u00fcr Eltern) Unsere Besten Buchempfehlungen des ISB f\u00fcr Kinder und Jugendliche zwischen 6 und 18 Jahren Arbeitskreis &hellip; <a href=\"https:\/\/tmg.m-bildung.de\/?page_id=2322\">Weiterlesen <span class=\"meta-nav\">&rarr;<\/span><\/a><\/p>\n","protected":false},"author":1,"featured_media":0,"parent":0,"menu_order":0,"comment_status":"closed","ping_status":"closed","template":"sidebar-page.php","meta":{"footnotes":""},"class_list":["post-2322","page","type-page","status-publish","hentry"],"_links":{"self":[{"href":"https:\/\/tmg.m-bildung.de\/index.php?rest_route=\/wp\/v2\/pages\/2322","targetHints":{"allow":["GET"]}}],"collection":[{"href":"https:\/\/tmg.m-bildung.de\/index.php?rest_route=\/wp\/v2\/pages"}],"about":[{"href":"https:\/\/tmg.m-bildung.de\/index.php?rest_route=\/wp\/v2\/types\/page"}],"author":[{"embeddable":true,"href":"https:\/\/tmg.m-bildung.de\/index.php?rest_route=\/wp\/v2\/users\/1"}],"replies":[{"embeddable":true,"href":"https:\/\/tmg.m-bildung.de\/index.php?rest_route=%2Fwp%2Fv2%2Fcomments&post=2322"}],"version-history":[{"count":0,"href":"https:\/\/tmg.m-bildung.de\/index.php?rest_route=\/wp\/v2\/pages\/2322\/revisions"}],"wp:attachment":[{"href":"https:\/\/tmg.m-bildung.de\/index.php?rest_route=%2Fwp%2Fv2%2Fmedia&parent=2322"}],"curies":[{"name":"wp","href":"https:\/\/api.w.org\/{rel}","templated":true}]}}