{"id":2320,"date":"2021-01-26T11:51:56","date_gmt":"2021-01-26T10:51:56","guid":{"rendered":"https:\/\/tmg.musin.de\/?page_id=2320"},"modified":"2026-01-13T16:34:54","modified_gmt":"2026-01-13T16:34:54","slug":"zusatzangebote-projekte","status":"publish","type":"page","link":"https:\/\/tmg.m-bildung.de\/?page_id=2320","title":{"rendered":"Zusatzangebote\/Projekte"},"content":{"rendered":"\n<p>Wir sind stolz, dass wir am Thomas-Mann-Gymnasium neben dem Pflichtunterricht noch eine breite Palette weiterer Angebote machen k\u00f6nnen, die die Interessen und Bed\u00fcrfnisse unserer Sch\u00fcler\/-innen aufgreifen. Diese Zusatzangebote sind ein wichtiger Baustein innerhalb unseres Konzepts einer <em>binnendifferenzierenden Deutschf\u00f6rderung<\/em>, die darauf zielt, die Entwicklung von Kompetenzen in der deutschen Sprache sowie den gymnasialen Bildungsauftrag zu unterst\u00fctzen. Neben Begabtenf\u00f6rderung (<em>Enrichment-Projekten<\/em>) und F\u00f6rderma\u00dfnahmen, um Leistungsnachteilen zu begegnen, geh\u00f6ren auch Elemente dazu, die dem Aufbau einer lese- und lernf\u00f6rderlichen Umgebung dienen. Dar\u00fcber hinaus f\u00fchlen wir uns auch unserem Namenspatron verpflichtet und versuchen, unseren Sch\u00fcler\/-innen sein Leben und Wirken nahezubringen.<\/p>\n\n\n\n<ul class=\"wp-block-list\">\n<li><a href=\"https:\/\/tmg.m-bildung.de\/?page_id=2404\" data-type=\"page\" data-id=\"2404\">Lesef\u00f6rderung<\/a><\/li>\n\n\n\n<li><a href=\"https:\/\/tmg.m-bildung.de\/?page_id=246\" data-type=\"page\" data-id=\"2368\">Bibliothek<\/a><\/li>\n\n\n\n<li><a href=\"https:\/\/tmg.m-bildung.de\/?page_id=2410\" data-type=\"page\" data-id=\"2410\">Theater\/Theaterklasse<\/a><\/li>\n\n\n\n<li><a href=\"https:\/\/tmg.m-bildung.de\/?page_id=2516\" data-type=\"page\" data-id=\"2516\">Deutschf\u00f6rderkurse<\/a><\/li>\n\n\n\n<li><a href=\"https:\/\/tmg.m-bildung.de\/?page_id=3718\" data-type=\"page\" data-id=\"3718\">Begabtenf\u00f6rderung<\/a><\/li>\n\n\n\n<li><a href=\"https:\/\/tmg.m-bildung.de\/?page_id=415\" data-type=\"page\" data-id=\"415\">Thomas-Mann-Museum <\/a><\/li>\n<\/ul>\n\n\n\n<p><\/p>\n","protected":false},"excerpt":{"rendered":"<p>Wir sind stolz, dass wir am Thomas-Mann-Gymnasium neben dem Pflichtunterricht noch eine breite Palette weiterer Angebote machen k\u00f6nnen, die die Interessen und Bed\u00fcrfnisse unserer Sch\u00fcler\/-innen aufgreifen. Diese Zusatzangebote sind ein wichtiger Baustein innerhalb unseres Konzepts einer binnendifferenzierenden Deutschf\u00f6rderung, die darauf &hellip; <a href=\"https:\/\/tmg.m-bildung.de\/?page_id=2320\">Weiterlesen <span class=\"meta-nav\">&rarr;<\/span><\/a><\/p>\n","protected":false},"author":1,"featured_media":0,"parent":0,"menu_order":0,"comment_status":"closed","ping_status":"closed","template":"sidebar-page.php","meta":{"footnotes":""},"class_list":["post-2320","page","type-page","status-publish","hentry"],"_links":{"self":[{"href":"https:\/\/tmg.m-bildung.de\/index.php?rest_route=\/wp\/v2\/pages\/2320","targetHints":{"allow":["GET"]}}],"collection":[{"href":"https:\/\/tmg.m-bildung.de\/index.php?rest_route=\/wp\/v2\/pages"}],"about":[{"href":"https:\/\/tmg.m-bildung.de\/index.php?rest_route=\/wp\/v2\/types\/page"}],"author":[{"embeddable":true,"href":"https:\/\/tmg.m-bildung.de\/index.php?rest_route=\/wp\/v2\/users\/1"}],"replies":[{"embeddable":true,"href":"https:\/\/tmg.m-bildung.de\/index.php?rest_route=%2Fwp%2Fv2%2Fcomments&post=2320"}],"version-history":[{"count":4,"href":"https:\/\/tmg.m-bildung.de\/index.php?rest_route=\/wp\/v2\/pages\/2320\/revisions"}],"predecessor-version":[{"id":5574,"href":"https:\/\/tmg.m-bildung.de\/index.php?rest_route=\/wp\/v2\/pages\/2320\/revisions\/5574"}],"wp:attachment":[{"href":"https:\/\/tmg.m-bildung.de\/index.php?rest_route=%2Fwp%2Fv2%2Fmedia&parent=2320"}],"curies":[{"name":"wp","href":"https:\/\/api.w.org\/{rel}","templated":true}]}}