{"id":2318,"date":"2021-01-26T11:51:06","date_gmt":"2021-01-26T10:51:06","guid":{"rendered":"https:\/\/tmg.musin.de\/?page_id=2318"},"modified":"2026-01-18T13:13:10","modified_gmt":"2026-01-18T13:13:10","slug":"deutschunterricht","status":"publish","type":"page","link":"https:\/\/tmg.m-bildung.de\/?page_id=2318","title":{"rendered":"Deutschunterricht"},"content":{"rendered":"\n<p>Die wesentliche Aufgabe des Deutschunterrichts ist die grundlegende F\u00f6rderung des m\u00fcndlichen und schriftlichen Sprachgebrauchs. Besondere Bedeutung hat dabei der Aufbau schriftsprachlicher Kompetenzen in der <em>Bildungssprache<\/em>, die f\u00fcr das Unterrichtsgeschehen in allen F\u00e4chern charakteristisch ist und sich mitunter deutlich von der gewohnten Alltagssprache unterscheidet. Dem Deutschunterricht kommt innerhalb der schulischen Bildung eine <em>f\u00e4cher\u00fcbergreifende Schl\u00fcsselrolle<\/em> zu, denn Deutschkenntnisse auf hohem Niveau sind f\u00fcr alle anderen deutschsprachigen F\u00e4cher relevant, um dem Unterricht folgen zu k\u00f6nnen. Er schafft somit also wichtige Voraussetzungen f\u00fcr den schulischen Erfolg und die Studierf\u00e4higkeit, wie sie mit der allgemeinen Hochschulreife attestiert wird.<\/p>\n<p>Grundlage f\u00fcr den Deutschunterricht sind die <em>Fachlehrpl\u00e4ne<\/em> f\u00fcr die jeweilige Jahrgangsstufe, die sich ihrerseits an den bundesweit g\u00fcltigen Bildungsstandards f\u00fcr den Mittleren Schulabschluss bzw. die Allgemeine Hochschulreife und den dort definierten <em>Kompetenzbereichen<\/em> orientieren.<\/p><\/p>\n\n\n\n<ul class=\"wp-block-list\">\n<li><a href=\"https:\/\/tmg.m-bildung.de\/?page_id=2332\">Stundentafel und Schulaufgaben <\/a><\/li>\n\n\n\n<li><a href=\"https:\/\/tmg.m-bildung.de\/?page_id=2348\">Kompetenzbereiche (Mittlerer Schulabschluss)<\/a><\/li>\n\n\n\n<li><a href=\"https:\/\/tmg.m-bildung.de\/?page_id=2352\" data-type=\"page\" data-id=\"2352\">Gymnasiale Oberstufe<\/a><a href=\"https:\/\/tmg.m-bildung.de\/gymnasiale-oberstufe\/\"><\/a><\/li>\n\n\n\n<li><a href=\"https:\/\/tmg.m-bildung.de\/?page_id=2354\">Abitur <\/a><\/li>\n\n\n\n<li><a href=\"https:\/\/tmg.m-bildung.de\/?page_id=2357\">Fachlehrpl\u00e4ne <\/a><\/li>\n\n\n\n<li><a href=\"https:\/\/tmg.m-bildung.de\/?page_id=2360\">Lehrwerke\/Unterrichtsmaterialien<\/a><\/li>\n\n\n\n<li><a href=\"https:\/\/tmg.m-bildung.de\/?page_id=2414\" data-type=\"page\" data-id=\"2414\">Binnendifferenzierung im Deutschunterricht<\/a><\/li>\n<\/ul>\n\n\n\n<p><\/p>\n","protected":false},"excerpt":{"rendered":"<p>Die wesentliche Aufgabe des Deutschunterrichts ist die grundlegende F\u00f6rderung des m\u00fcndlichen und schriftlichen Sprachgebrauchs. Besondere Bedeutung hat dabei der Aufbau schriftsprachlicher Kompetenzen in der Bildungssprache, die f\u00fcr das Unterrichtsgeschehen in allen F\u00e4chern charakteristisch ist und sich mitunter deutlich von der &hellip; <a href=\"https:\/\/tmg.m-bildung.de\/?page_id=2318\">Weiterlesen <span class=\"meta-nav\">&rarr;<\/span><\/a><\/p>\n","protected":false},"author":1,"featured_media":0,"parent":0,"menu_order":0,"comment_status":"closed","ping_status":"closed","template":"sidebar-page.php","meta":{"footnotes":""},"class_list":["post-2318","page","type-page","status-publish","hentry"],"_links":{"self":[{"href":"https:\/\/tmg.m-bildung.de\/index.php?rest_route=\/wp\/v2\/pages\/2318","targetHints":{"allow":["GET"]}}],"collection":[{"href":"https:\/\/tmg.m-bildung.de\/index.php?rest_route=\/wp\/v2\/pages"}],"about":[{"href":"https:\/\/tmg.m-bildung.de\/index.php?rest_route=\/wp\/v2\/types\/page"}],"author":[{"embeddable":true,"href":"https:\/\/tmg.m-bildung.de\/index.php?rest_route=\/wp\/v2\/users\/1"}],"replies":[{"embeddable":true,"href":"https:\/\/tmg.m-bildung.de\/index.php?rest_route=%2Fwp%2Fv2%2Fcomments&post=2318"}],"version-history":[{"count":4,"href":"https:\/\/tmg.m-bildung.de\/index.php?rest_route=\/wp\/v2\/pages\/2318\/revisions"}],"predecessor-version":[{"id":5643,"href":"https:\/\/tmg.m-bildung.de\/index.php?rest_route=\/wp\/v2\/pages\/2318\/revisions\/5643"}],"wp:attachment":[{"href":"https:\/\/tmg.m-bildung.de\/index.php?rest_route=%2Fwp%2Fv2%2Fmedia&parent=2318"}],"curies":[{"name":"wp","href":"https:\/\/api.w.org\/{rel}","templated":true}]}}