{"id":231,"date":"2018-03-30T17:11:49","date_gmt":"2018-03-30T15:11:49","guid":{"rendered":"http:\/\/schule.prinzessin-auf-abenteuerurlaub.de\/?page_id=231"},"modified":"2026-01-22T12:38:12","modified_gmt":"2026-01-22T12:38:12","slug":"smv","status":"publish","type":"page","link":"https:\/\/tmg.m-bildung.de\/?page_id=231","title":{"rendered":"SMV"},"content":{"rendered":"<h3 class=\"subHeadline\">Die Vertreterinnen und Vertreter der SMV im Schuljahr 2023\/24<\/h3>\n<div>\n<div class=\"border borderMarginRemove\">\n<table class=\"tableList\">\n<thead>\n<tr class=\"tableHead\">\n<th>\n<div><span class=\"emptyHead\">Name<\/span><\/div>\n<\/th>\n<th>\n<div><span class=\"emptyHead\">Klasse<\/span><\/div>\n<\/th>\n<\/tr>\n<\/thead>\n<tbody>\n<tr class=\"container-1\">\n<td>Sch\u00fclersprecherin<\/td>\n<td>Sarah Richter, Q12<\/td>\n<\/tr>\n<tr class=\"container-2\">\n<td>Sch\u00fclersprecherin<\/td>\n<td>Melody Panagiotou, 9. Jahrgangsstufe<\/td>\n<\/tr>\n<tr class=\"container-1\">\n<td>Sch\u00fclersprecher<\/td>\n<td>Maximilian Seidenspinner, 11. Jahrgangsstufe<\/td>\n<\/tr>\n<tr class=\"container-1\">\n<td><img loading=\"lazy\" decoding=\"async\" class=\"alignnone size-full wp-image-5679\" src=\"http:\/\/tmg.m-bildung.de\/wp-content\/uploads\/2026\/01\/Ohne-Titel.jpg\" alt=\"\" width=\"2151\" height=\"2512\" srcset=\"https:\/\/tmg.m-bildung.de\/wp-content\/uploads\/2026\/01\/Ohne-Titel.jpg 2151w, https:\/\/tmg.m-bildung.de\/wp-content\/uploads\/2026\/01\/Ohne-Titel-257x300.jpg 257w, https:\/\/tmg.m-bildung.de\/wp-content\/uploads\/2026\/01\/Ohne-Titel-877x1024.jpg 877w, https:\/\/tmg.m-bildung.de\/wp-content\/uploads\/2026\/01\/Ohne-Titel-768x897.jpg 768w, https:\/\/tmg.m-bildung.de\/wp-content\/uploads\/2026\/01\/Ohne-Titel-1315x1536.jpg 1315w, https:\/\/tmg.m-bildung.de\/wp-content\/uploads\/2026\/01\/Ohne-Titel-1754x2048.jpg 1754w\" sizes=\"auto, (max-width: 2151px) 100vw, 2151px\" \/><\/td>\n<td>\u00a0<\/td>\n<\/tr>\n<\/tbody>\n<\/table>\n<\/div>\n<\/div>\n<div class=\"border titleBarPanel\">\n<div class=\"containerHead\">\n<h4>Verbindungslehrkr\u00e4fte:<\/h4>\n<ul>\n<li>Andreas King<\/li>\n<li>Julia Hofmann<\/li>\n<li>Christian Sch\u00f6n<\/li>\n<\/ul>\n<\/div>\n<\/div>\n<p><!--EndFragment--><\/p>\n\n\n<figure class=\"wp-block-image size-large\"><img loading=\"lazy\" decoding=\"async\" width=\"1024\" height=\"576\" src=\"https:\/\/tmg.m-bildung.de\/wp-content\/uploads\/2026\/01\/IMG_307-2-1024x576.jpg\" alt=\"\" class=\"wp-image-5669\" srcset=\"https:\/\/tmg.m-bildung.de\/wp-content\/uploads\/2026\/01\/IMG_307-2-1024x576.jpg 1024w, https:\/\/tmg.m-bildung.de\/wp-content\/uploads\/2026\/01\/IMG_307-2-300x169.jpg 300w, https:\/\/tmg.m-bildung.de\/wp-content\/uploads\/2026\/01\/IMG_307-2-768x432.jpg 768w, https:\/\/tmg.m-bildung.de\/wp-content\/uploads\/2026\/01\/IMG_307-2-1536x864.jpg 1536w, https:\/\/tmg.m-bildung.de\/wp-content\/uploads\/2026\/01\/IMG_307-2-2048x1152.jpg 2048w, https:\/\/tmg.m-bildung.de\/wp-content\/uploads\/2026\/01\/IMG_307-2-500x281.jpg 500w\" sizes=\"auto, (max-width: 1024px) 100vw, 1024px\" \/><\/figure>\n","protected":false},"excerpt":{"rendered":"<p>Die Vertreterinnen und Vertreter der SMV im Schuljahr 2023\/24 Name Klasse Sch\u00fclersprecherin Sarah Richter, Q12 Sch\u00fclersprecherin Melody Panagiotou, 9. Jahrgangsstufe Sch\u00fclersprecher Maximilian Seidenspinner, 11. Jahrgangsstufe \u00a0 Verbindungslehrkr\u00e4fte: Andreas King Julia Hofmann Christian Sch\u00f6n<\/p>\n","protected":false},"author":1,"featured_media":0,"parent":0,"menu_order":0,"comment_status":"closed","ping_status":"closed","template":"sidebar-page.php","meta":{"footnotes":""},"class_list":["post-231","page","type-page","status-publish","hentry"],"_links":{"self":[{"href":"https:\/\/tmg.m-bildung.de\/index.php?rest_route=\/wp\/v2\/pages\/231","targetHints":{"allow":["GET"]}}],"collection":[{"href":"https:\/\/tmg.m-bildung.de\/index.php?rest_route=\/wp\/v2\/pages"}],"about":[{"href":"https:\/\/tmg.m-bildung.de\/index.php?rest_route=\/wp\/v2\/types\/page"}],"author":[{"embeddable":true,"href":"https:\/\/tmg.m-bildung.de\/index.php?rest_route=\/wp\/v2\/users\/1"}],"replies":[{"embeddable":true,"href":"https:\/\/tmg.m-bildung.de\/index.php?rest_route=%2Fwp%2Fv2%2Fcomments&post=231"}],"version-history":[{"count":3,"href":"https:\/\/tmg.m-bildung.de\/index.php?rest_route=\/wp\/v2\/pages\/231\/revisions"}],"predecessor-version":[{"id":5680,"href":"https:\/\/tmg.m-bildung.de\/index.php?rest_route=\/wp\/v2\/pages\/231\/revisions\/5680"}],"wp:attachment":[{"href":"https:\/\/tmg.m-bildung.de\/index.php?rest_route=%2Fwp%2Fv2%2Fmedia&parent=231"}],"curies":[{"name":"wp","href":"https:\/\/api.w.org\/{rel}","templated":true}]}}