{"id":2103,"date":"2020-05-05T22:54:35","date_gmt":"2020-05-05T20:54:35","guid":{"rendered":"https:\/\/tmg.musin.de\/?page_id=2103"},"modified":"2026-03-17T11:51:19","modified_gmt":"2026-03-17T11:51:19","slug":"einschreibung-2","status":"publish","type":"page","link":"https:\/\/tmg.m-bildung.de\/?page_id=2103","title":{"rendered":"Einschreibung"},"content":{"rendered":"<h2><strong>Liebe Eltern, liebe Sch\u00fclerinnen und Sch\u00fcler!<\/strong><\/h2>\n<p>wir freuen uns sehr, dass Sie sich f\u00fcr unsere Schule interessieren!<\/p>\n<p>Alle wichtigen Informationen erhalten Sie auf unserem <strong>Informationsabend am 26. Februar 2026 um 19 Uhr<\/strong>, der in unserem Schulgeb\u00e4ude in der Gmunder Stra\u00dfe 45 stattfinden wird. F\u00fcr Ihre Kinder gibt es ein buntes Rahmenprogramm mit der SMV, den Tutoren und einigen Lehrkr\u00e4ften.<strong><br \/><\/strong><\/p>\n<p><strong>Einschreibetag ist der 11. Mai 2026 von 8-12 Uhr und von 14-17 Uhr.<\/strong><\/p>\n<p>Auf der Seite <a href=\"https:\/\/tmg.m-bildung.de\/?page_id=2013\">&#8222;Einschreibung f\u00fcr 5. Jahrgangsstufe&#8220;<\/a> finden Sie weitere Informationen, unter anderem unsere Brosch\u00fcre zur Einschreibung!<\/p>\n<p>Weitere Informationen finden Sie auch auf unseren <a href=\"https:\/\/tmg.m-bildung.de\/?page_id=2446\">FAQ-Seiten<\/a>.<\/p>\n\n\n<p><\/p>\n","protected":false},"excerpt":{"rendered":"<p>Liebe Eltern, liebe Sch\u00fclerinnen und Sch\u00fcler! wir freuen uns sehr, dass Sie sich f\u00fcr unsere Schule interessieren! Alle wichtigen Informationen erhalten Sie auf unserem Informationsabend am 26. Februar 2026 um 19 Uhr, der in unserem Schulgeb\u00e4ude in der Gmunder Stra\u00dfe &hellip; <a href=\"https:\/\/tmg.m-bildung.de\/?page_id=2103\">Weiterlesen <span class=\"meta-nav\">&rarr;<\/span><\/a><\/p>\n","protected":false},"author":1,"featured_media":0,"parent":0,"menu_order":0,"comment_status":"closed","ping_status":"closed","template":"sidebar-page.php","meta":{"footnotes":""},"class_list":["post-2103","page","type-page","status-publish","hentry"],"_links":{"self":[{"href":"https:\/\/tmg.m-bildung.de\/index.php?rest_route=\/wp\/v2\/pages\/2103","targetHints":{"allow":["GET"]}}],"collection":[{"href":"https:\/\/tmg.m-bildung.de\/index.php?rest_route=\/wp\/v2\/pages"}],"about":[{"href":"https:\/\/tmg.m-bildung.de\/index.php?rest_route=\/wp\/v2\/types\/page"}],"author":[{"embeddable":true,"href":"https:\/\/tmg.m-bildung.de\/index.php?rest_route=\/wp\/v2\/users\/1"}],"replies":[{"embeddable":true,"href":"https:\/\/tmg.m-bildung.de\/index.php?rest_route=%2Fwp%2Fv2%2Fcomments&post=2103"}],"version-history":[{"count":2,"href":"https:\/\/tmg.m-bildung.de\/index.php?rest_route=\/wp\/v2\/pages\/2103\/revisions"}],"predecessor-version":[{"id":5708,"href":"https:\/\/tmg.m-bildung.de\/index.php?rest_route=\/wp\/v2\/pages\/2103\/revisions\/5708"}],"wp:attachment":[{"href":"https:\/\/tmg.m-bildung.de\/index.php?rest_route=%2Fwp%2Fv2%2Fmedia&parent=2103"}],"curies":[{"name":"wp","href":"https:\/\/api.w.org\/{rel}","templated":true}]}}