{"id":2035,"date":"2020-04-21T01:59:23","date_gmt":"2020-04-20T23:59:23","guid":{"rendered":"https:\/\/tmg.musin.de\/?page_id=2035"},"modified":"2020-04-21T01:59:23","modified_gmt":"2020-04-20T23:59:23","slug":"die-bewegte-klasse","status":"publish","type":"page","link":"https:\/\/tmg.m-bildung.de\/?page_id=2035","title":{"rendered":"Bewegte Klasse"},"content":{"rendered":"\n<p>Bedeutet Sport wirklich nur Fu\u00dfball, Handball oder Leichtathletik? Von wegen! In der \u201eBewegten Klasse\u201c lenken wir den Fokus weg vom Leistungsaspekt hin zum Entdecken neuer, sportlicher Dimensionen. Dabei gilt es, nicht nur eine Vielzahl grundlegender Kompetenzen zu f\u00f6rdern, sondern auch bisher unbekannte Handlungsfelder kennenzulernen.<\/p>\n\n\n\n<h2 class=\"wp-block-heading\"><strong>Welche Idee verbirgt sich hinter der Bewegten Klasse?<\/strong><\/h2>\n\n\n\n<p>Bewegungsmangel ist ein weit verbreitetes, gesundheitliches Problem in unserer Gesellschaft. Viele Kinder verbringen einen Gro\u00dfteil des Tages in einer unphysiologischen Sitzhaltung: Ob im Schulalltag oder bei der Freizeitgestaltung an PC bzw. Spielkonsolen r\u00fccken k\u00f6rperliche Aktivit\u00e4t in den Hintergrund. Dabei sind motorische Leistungsf\u00e4higkeit und k\u00f6rperlich-sportliches Handeln wichtige Aspekte einer gesunden Entwicklung im Kindes- und Jugendalter.\u00a0<\/p>\n\n\n\n<p>Ein gro\u00dfes Problem ist, dass der Anteil an Sportt\u00e4tigkeit in Vereinen vom sozio\u00f6konomischen Status abh\u00e4ngt. Und selbst bei vereinszugeh\u00f6rigen Sch\u00fclerinnen und Sch\u00fclern ist das Sporttreiben meist einseitig, auf eine Sportart begrenzt und stellt haupts\u00e4chlich die sportliche Leistungsf\u00e4higkeit in den Mittelpunkt.\u00a0<\/p>\n\n\n\n<p>Um diesen Problemen entgegenzuwirken, bietet die Fachschaft Sport die Bewegte Klasse an. Es handelt sich dabei um eine Projektklasse, die den Schwerpunkt auf die Erweiterung des Bewegungsschatzes legt, den Leistungsgedanken in den Hintergrund stellt und weitere Dimensionen des Sporttreibens, wie das Gestalten, das Miteinander und die Gesundheit, betont.\u00a0<\/p>\n\n\n\n<h2 class=\"wp-block-heading\"><strong>Wer ist f\u00fcr die Bewegte Klasse geeignet?<\/strong><\/h2>\n\n\n\n<p>Die Bewegungsklasse spricht alle Kinder der f\u00fcnften Jahrgangsstufe an, die Interesse am Sporttreiben haben. Sportliche Vorerfahrungen sind nicht erforderlich. Grundvoraussetzung f\u00fcr das Gelingen ist, dass in der Projektstunde keine Erwartungshaltung an die Durchf\u00fchrung klassischer Sportarten besteht und es sich hierbei nicht um eine Leistungssportklasse handelt. Vielmehr ben\u00f6tigen die Sch\u00fclerinnen und Sch\u00fcler Offenheit f\u00fcr kooperative Spielformen und Bewegungsaufgaben sowie Neugier f\u00fcr bisher f\u00fcr sie unbekannte Sportarten.\u00a0<\/p>\n\n\n\n<h2 class=\"wp-block-heading\"><strong>Welche Ziele werden in der Bewegungsstunde verfolgt?\u00a0<\/strong><\/h2>\n\n\n\n<ul class=\"wp-block-list\">\n<li>Bewegungszeit im Schulalltag der Kinder erh\u00f6hen<\/li>\n<li>Freude an der Bewegung f\u00f6rdern<\/li>\n<li>langfristige Bindung an sportlicher Aktivit\u00e4t<\/li>\n<li>Erziehungschancen zur ganzheitlichen Pers\u00f6nlichkeitsbildung nutzen<\/li>\n<li>Gesundheitsaspekt den Sch\u00fclern verdeutlichen<\/li>\n<li>Hilfsbereitschaft und Kooperation f\u00f6rdern<\/li>\n<li>Team- und Kommunikationsf\u00e4higkeit verbessern<\/li>\n<li>Wichtigkeit der Einhaltung von Regeln und deren Anpassungen darlegen<\/li>\n<li>neue M\u00f6glichkeiten der Bewegung aufzeigen<\/li>\n<li>Vermeidung des st\u00e4ndigen Leistungsvergleichs<\/li>\n<\/ul>\n\n\n\n<h2 class=\"wp-block-heading\"><strong>Was erwartet die Kinder in der Bewegten Stunde?<\/strong><\/h2>\n\n\n\n<p>Die \u201eBewegungsstunde\u201c ist koedukativ und findet in der 5. Klasse im w\u00f6chentlichen Rhythmus in einer Doppelstunde voraussichtlich am Nachmittag statt. Sie ist zus\u00e4tzlich zu den regul\u00e4ren Sportstunden, in denen wie gewohnt Spiele als auch die bekannten Sportarten unterrichtet werden.<\/p>\n\n\n\n<p>Nach M\u00f6glichkeit soll die Stunde im Team-Teaching mit einer weiblichen und m\u00e4nnlichen Lehrkraft gehalten werden, sodass Differenzierung sowie ein intensives \u00dcben garantiert sind.\u00a0<\/p>\n\n\n\n<h4 class=\"wp-block-heading\">Der zu vermittelnde Lehrstoff gliedert sich in Klasse 5 in vier Phasen:<\/h4>\n\n\n\n<ul class=\"wp-block-list\">\n<li>In Phase 1 sollen sich die Kinder kennen lernen und gegenseitiges Vertrauen und kooperieren erlernen.<\/li>\n<li>Phase 2 dient dem Erwerb, der Verinnerlichung und der Entwicklung passender Verhaltens- und Umgangsregeln.<\/li>\n<li>In der dritten Phase erweitern die Kinder ihren Bewegungsschatz und erlernen den Umgang mit und die Bewegung an Turn- und Gymnastikger\u00e4ten.<\/li>\n<li>Abschlie\u00dfend soll eine Choreografie aus den erlernten Inhalten erstellt werden, die die Sch\u00fcler am Sommerfest auff\u00fchren werden.<\/li>\n<\/ul>\n\n\n\n<p>In der 6. Klasse wird die Bewegungsstunde ebenfalls am Nachmittag stattfinden. Der Unterricht soll hier teils als Blockveranstaltung von vier Unterrichtsstunden am Nachmittag oder, wie in Klasse 5, im zweiw\u00f6chigen Turnus stattfinden. Neben der Erweiterung und Vertiefung der Aspekte und Schwerpunkte aus Klasse 5 \u2013 v.a. aus dem Gegenstandsbereich \u201eFreizeit und Umwelt\u201c \u2013 steht das Kennenlernen von Rand- und Trendsportarten im Vordergrund und damit Anreize zur Freizeitgestaltung liefern. Die Kooperation mit externen Partnern erlaubt es uns, das Angebot auf Sportarten und Sportst\u00e4tten \u00fcber die M\u00f6glichkeiten des regul\u00e4ren Sportunterrichts hinaus zu erweitern.<\/p>\n\n\n\n<h2 class=\"wp-block-heading\"><strong>Welche Inhalte werden vermittelt?<\/strong><\/h2>\n\n\n\n<h4 class=\"wp-block-heading\"><em>Klasse 5<\/em><\/h4>\n\n\n\n<p>Turnen:<\/p>\n\n\n\n<ul class=\"wp-block-list\">\n<li>Kennenlernen der unterschiedlichen Turnger\u00e4te<\/li>\n<li>Vertraut machen mit dem Aufbau und sorgsamen Umgang mit den Ger\u00e4ten<\/li>\n<li>Erlernen einfacher turnerischer Elemente (auch am Trampolin)<\/li>\n<li>normfreies Bewegen an den Ger\u00e4ten<\/li>\n<\/ul>\n\n\n\n<p>Akrobatik<\/p>\n\n\n\n<ul class=\"wp-block-list\">\n<li>Vertrauen in Mitsch\u00fcler entwickeln durch kooperativen Spielformen<\/li>\n<li>Erlernen von Haltegriffen und geeigneten St\u00fctzpunkten\u00a0<\/li>\n<li>Erarbeiten und Entwickeln von Partner- und Gruppenakrobatischen Elementen<\/li>\n<\/ul>\n\n\n\n<p>Tanz:<\/p>\n\n\n\n<ul class=\"wp-block-list\">\n<li>Entwicklung von Takt- und Rhythmusgef\u00fchl<\/li>\n<li>Spielerisches Kennenlernen verschiedener Tanzstile<\/li>\n<li>Erlernen einzelner, moderner Tanzschritte\u00a0<\/li>\n<li>Zusammensetzen verschiedener Schrittkombinationen zu einem Tanz\u00a0<\/li>\n<\/ul>\n\n\n\n<p>Gruppenchoreografie entwickeln:<\/p>\n\n\n\n<ul class=\"wp-block-list\">\n<li>Arbeit in Kleingruppen und im Klassenplenum<\/li>\n<li>Kombination von Akrobatik, Turnen, Tanz und Ger\u00e4teaufbauten\u00a0<\/li>\n<li>Entwicklung einer Gruppenchoreografie auf Basis von Sch\u00fclerideen<\/li>\n<\/ul>\n\n\n\n<h4 class=\"wp-block-heading\"><em>Klasse 6:\u00a0<\/em><\/h4>\n\n\n\n<ul class=\"wp-block-list\">\n<li>Kennenlernen von Randsportarten im schulischen Umfeld\n<ul>\n<li>z.B.: Frisbee, Bouldern, Flag-Football,\u2026\u00a0<\/li>\n<\/ul>\n<\/li>\n<li>Besuch externer Sportst\u00e4tten\n<ul>\n<li>z.B.: Klettern, Eislauf, Kanu,\u2026\u00a0<\/li>\n<\/ul>\n<\/li>\n<li>Kooperation mit externen Partnern\n<ul>\n<li>z.B.: Thai Chi, Tanz, Hockey,\u2026<\/li>\n<\/ul>\n<\/li>\n<li>M\u00f6glicher Ausflug zu einer Sportveranstaltung<\/li>\n<\/ul>\n\n\n\n\n\n<h2 class=\"wp-block-heading\"><strong>Wie geht es nach der 6. Klasse weiter?<\/strong><\/h2>\n\n\n\n<p>Sollte gro\u00dfes Interesse bei mehreren Sch\u00fclerinnen und Sch\u00fclern bez\u00fcglich eines oder mehrerer Inhalte bestehen, ist die Einrichtung eines Wahlfachs denkbar.\u00a0<\/p>\n","protected":false},"excerpt":{"rendered":"<p>Bedeutet Sport wirklich nur Fu\u00dfball, Handball oder Leichtathletik? Von wegen! In der \u201eBewegten Klasse\u201c lenken wir den Fokus weg vom Leistungsaspekt hin zum Entdecken neuer, sportlicher Dimensionen. Dabei gilt es, nicht nur eine Vielzahl grundlegender Kompetenzen zu f\u00f6rdern, sondern auch &hellip; <a href=\"https:\/\/tmg.m-bildung.de\/?page_id=2035\">Weiterlesen <span class=\"meta-nav\">&rarr;<\/span><\/a><\/p>\n","protected":false},"author":1,"featured_media":0,"parent":0,"menu_order":0,"comment_status":"closed","ping_status":"closed","template":"sidebar-page.php","meta":{"footnotes":""},"class_list":["post-2035","page","type-page","status-publish","hentry"],"_links":{"self":[{"href":"https:\/\/tmg.m-bildung.de\/index.php?rest_route=\/wp\/v2\/pages\/2035","targetHints":{"allow":["GET"]}}],"collection":[{"href":"https:\/\/tmg.m-bildung.de\/index.php?rest_route=\/wp\/v2\/pages"}],"about":[{"href":"https:\/\/tmg.m-bildung.de\/index.php?rest_route=\/wp\/v2\/types\/page"}],"author":[{"embeddable":true,"href":"https:\/\/tmg.m-bildung.de\/index.php?rest_route=\/wp\/v2\/users\/1"}],"replies":[{"embeddable":true,"href":"https:\/\/tmg.m-bildung.de\/index.php?rest_route=%2Fwp%2Fv2%2Fcomments&post=2035"}],"version-history":[{"count":0,"href":"https:\/\/tmg.m-bildung.de\/index.php?rest_route=\/wp\/v2\/pages\/2035\/revisions"}],"wp:attachment":[{"href":"https:\/\/tmg.m-bildung.de\/index.php?rest_route=%2Fwp%2Fv2%2Fmedia&parent=2035"}],"curies":[{"name":"wp","href":"https:\/\/api.w.org\/{rel}","templated":true}]}}