{"id":190,"date":"2018-03-30T17:02:03","date_gmt":"2018-03-30T15:02:03","guid":{"rendered":"http:\/\/schule.prinzessin-auf-abenteuerurlaub.de\/?page_id=190"},"modified":"2026-01-24T13:46:05","modified_gmt":"2026-01-24T13:46:05","slug":"projektklassen-2","status":"publish","type":"page","link":"https:\/\/tmg.m-bildung.de\/?page_id=190","title":{"rendered":"Projektklassen"},"content":{"rendered":"\n<h4 class=\"wp-block-heading\">In der 5. und 6. Jgst. k\u00f6nnen die Sch\u00fclerinnen und Sch\u00fcler eine unserer Projektklassen besuchen.\u00a0<\/h4>\n<p>Informationen dazu finden Sie hier:<\/p>\n\n\n\n<ul class=\"wp-block-list\">\n<li><a href=\"https:\/\/tmg.m-bildung.de\/?page_id=959\" data-type=\"page\" data-id=\"959\" target=\"_blank\" rel=\"noreferrer noopener\">Bl\u00e4serklasse<\/a><\/li>\n\n\n\n<li><a href=\"https:\/\/tmg.m-bildung.de\/?page_id=2546\" data-type=\"page\" data-id=\"2546\" target=\"_blank\" rel=\"noreferrer noopener\">Chorklasse<\/a><\/li>\n\n\n\n<li><a href=\"https:\/\/tmg.m-bildung.de\/?page_id=2541\" data-type=\"page\" data-id=\"2541\" target=\"_blank\" rel=\"noreferrer noopener\">Theaterklasse<\/a><\/li>\n\n\n\n<li><a href=\"https:\/\/tmg.m-bildung.de\/?page_id=2035\" data-type=\"page\" data-id=\"2035\">Bewegte Klasse<\/a><\/li>\n\n\n\n<li><a href=\"https:\/\/tmg.m-bildung.de\/?page_id=1692\" data-type=\"page\" data-id=\"1692\">Forschung und Umwelt\/Gesundheit<\/a><\/li>\n\n\n\n<li><a href=\"https:\/\/tmg.m-bildung.de\/?page_id=4880\" data-type=\"page\" data-id=\"4880\">Kunstklasse<\/a><\/li>\n<\/ul>\n\n\n\n<h3 class=\"wp-block-heading\">&nbsp;<\/h3>\n\n\n\n<p><\/p>\n","protected":false},"excerpt":{"rendered":"<p>In der 5. und 6. Jgst. k\u00f6nnen die Sch\u00fclerinnen und Sch\u00fcler eine unserer Projektklassen besuchen.\u00a0 Informationen dazu finden Sie hier: &nbsp;<\/p>\n","protected":false},"author":1,"featured_media":0,"parent":0,"menu_order":0,"comment_status":"closed","ping_status":"closed","template":"sidebar-page.php","meta":{"footnotes":""},"class_list":["post-190","page","type-page","status-publish","hentry"],"_links":{"self":[{"href":"https:\/\/tmg.m-bildung.de\/index.php?rest_route=\/wp\/v2\/pages\/190","targetHints":{"allow":["GET"]}}],"collection":[{"href":"https:\/\/tmg.m-bildung.de\/index.php?rest_route=\/wp\/v2\/pages"}],"about":[{"href":"https:\/\/tmg.m-bildung.de\/index.php?rest_route=\/wp\/v2\/types\/page"}],"author":[{"embeddable":true,"href":"https:\/\/tmg.m-bildung.de\/index.php?rest_route=\/wp\/v2\/users\/1"}],"replies":[{"embeddable":true,"href":"https:\/\/tmg.m-bildung.de\/index.php?rest_route=%2Fwp%2Fv2%2Fcomments&post=190"}],"version-history":[{"count":2,"href":"https:\/\/tmg.m-bildung.de\/index.php?rest_route=\/wp\/v2\/pages\/190\/revisions"}],"predecessor-version":[{"id":5685,"href":"https:\/\/tmg.m-bildung.de\/index.php?rest_route=\/wp\/v2\/pages\/190\/revisions\/5685"}],"wp:attachment":[{"href":"https:\/\/tmg.m-bildung.de\/index.php?rest_route=%2Fwp%2Fv2%2Fmedia&parent=190"}],"curies":[{"name":"wp","href":"https:\/\/api.w.org\/{rel}","templated":true}]}}